{"id":28853,"date":"2025-08-15T05:02:23","date_gmt":"2025-08-15T02:02:23","guid":{"rendered":"https:\/\/vinilozona.lt\/?post_type=product&#038;p=28853"},"modified":"2025-08-15T13:01:30","modified_gmt":"2025-08-15T10:01:30","slug":"coldplay-viva-la-vida-or-death-and-all-his-friends","status":"publish","type":"product","link":"https:\/\/vinilozona.lt\/en\/parduotuve\/naujos-lp\/coldplay-viva-la-vida-or-death-and-all-his-friends\/","title":{"rendered":"Coldplay \u2013 Viva La Vida Or Death And All His Friends"},"content":{"rendered":"<p>Life In Technicolor\t2:29<br \/>\nCemeteries Of London\t3:21<br \/>\nLost!\t3:55<br \/>\n42\t3:57<br \/>\nLovers In Japan \/ Reign Of Love\t6:51<br \/>\nYes\t4:04<br \/>\nChinese Sleep Chant\t3:01<br \/>\nViva La Vida\t4:04<br \/>\nViolet Hill\t3:50<br \/>\nStrawberry Swing\t4:08<br \/>\nDeath And All His Friends\t3:30<br \/>\nThe Escapist<\/p>","protected":false},"excerpt":{"rendered":"<p>EcoRecord 5021732546623<br \/>\n140 gr clear vinyl<br \/>\nGermany<br \/>\n2025<\/p>","protected":false},"featured_media":28854,"template":"","meta":[],"product_cat":[23],"product_tag":[74],"yoast_head":"<!-- This site is optimized with the Yoast SEO plugin v23.5 - https:\/\/yoast.com\/wordpress\/plugins\/seo\/ -->\n<title>Coldplay \u2013 Viva La Vida Or Death And All His Friends Vinilin\u0117 Plok\u0161tel\u0117 | Vinilozona.lt<\/title>\n<meta name=\"robots\" content=\"index, follow, max-snippet:-1, max-image-preview:large, max-video-preview:-1\" \/>\n<link rel=\"canonical\" href=\"https:\/\/vinilozona.lt\/en\/parduotuve\/naujos-lp\/coldplay-viva-la-vida-or-death-and-all-his-friends\/\" \/>\n<meta property=\"og:locale\" content=\"en_GB\" \/>\n<meta property=\"og:type\" content=\"article\" \/>\n<meta property=\"og:title\" content=\"Coldplay \u2013 Viva La Vida Or Death And All His Friends Vinilin\u0117 Plok\u0161tel\u0117 | Vinilozona.lt\" \/>\n<meta property=\"og:description\" content=\"EcoRecord 5021732546623 140 gr clear vinyl Germany 2025\" \/>\n<meta property=\"og:url\" content=\"https:\/\/vinilozona.lt\/en\/parduotuve\/naujos-lp\/coldplay-viva-la-vida-or-death-and-all-his-friends\/\" \/>\n<meta property=\"og:site_name\" content=\"Vinilo Zona\" \/>\n<meta property=\"article:modified_time\" content=\"2025-08-15T10:01:30+00:00\" \/>\n<meta property=\"og:image\" content=\"https:\/\/vinilozona.lt\/wp-content\/uploads\/2025\/08\/R-1369232-1459320208-6030.jpg\" \/>\n\t<meta property=\"og:image:width\" content=\"600\" \/>\n\t<meta property=\"og:image:height\" content=\"600\" \/>\n\t<meta property=\"og:image:type\" content=\"image\/jpeg\" \/>\n<meta name=\"twitter:card\" content=\"summary_large_image\" \/>\n<meta name=\"twitter:label1\" content=\"Estimated reading time\" \/>\n\t<meta name=\"twitter:data1\" content=\"1 minute\" \/>\n<script type=\"application\/ld+json\" class=\"yoast-schema-graph\">{\"@context\":\"https:\/\/schema.org\",\"@graph\":[{\"@type\":\"WebPage\",\"@id\":\"https:\/\/vinilozona.lt\/parduotuve\/naujos-lp\/coldplay-viva-la-vida-or-death-and-all-his-friends\/\",\"url\":\"https:\/\/vinilozona.lt\/parduotuve\/naujos-lp\/coldplay-viva-la-vida-or-death-and-all-his-friends\/\",\"name\":\"Coldplay \u2013 Viva La Vida Or Death And All His Friends Vinilin\u0117 Plok\u0161tel\u0117 | Vinilozona.lt\",\"isPartOf\":{\"@id\":\"https:\/\/vinilozona.lt\/#website\"},\"primaryImageOfPage\":{\"@id\":\"https:\/\/vinilozona.lt\/parduotuve\/naujos-lp\/coldplay-viva-la-vida-or-death-and-all-his-friends\/#primaryimage\"},\"image\":{\"@id\":\"https:\/\/vinilozona.lt\/parduotuve\/naujos-lp\/coldplay-viva-la-vida-or-death-and-all-his-friends\/#primaryimage\"},\"thumbnailUrl\":\"https:\/\/vinilozona.lt\/wp-content\/uploads\/2025\/08\/R-1369232-1459320208-6030.jpg\",\"datePublished\":\"2025-08-15T02:02:23+00:00\",\"dateModified\":\"2025-08-15T10:01:30+00:00\",\"breadcrumb\":{\"@id\":\"https:\/\/vinilozona.lt\/parduotuve\/naujos-lp\/coldplay-viva-la-vida-or-death-and-all-his-friends\/#breadcrumb\"},\"inLanguage\":\"en-GB\",\"potentialAction\":[{\"@type\":\"ReadAction\",\"target\":[\"https:\/\/vinilozona.lt\/parduotuve\/naujos-lp\/coldplay-viva-la-vida-or-death-and-all-his-friends\/\"]}]},{\"@type\":\"ImageObject\",\"inLanguage\":\"en-GB\",\"@id\":\"https:\/\/vinilozona.lt\/parduotuve\/naujos-lp\/coldplay-viva-la-vida-or-death-and-all-his-friends\/#primaryimage\",\"url\":\"https:\/\/vinilozona.lt\/wp-content\/uploads\/2025\/08\/R-1369232-1459320208-6030.jpg\",\"contentUrl\":\"https:\/\/vinilozona.lt\/wp-content\/uploads\/2025\/08\/R-1369232-1459320208-6030.jpg\",\"width\":600,\"height\":600},{\"@type\":\"BreadcrumbList\",\"@id\":\"https:\/\/vinilozona.lt\/parduotuve\/naujos-lp\/coldplay-viva-la-vida-or-death-and-all-his-friends\/#breadcrumb\",\"itemListElement\":[{\"@type\":\"ListItem\",\"position\":1,\"name\":\"Home\",\"item\":\"https:\/\/vinilozona.lt\/\"},{\"@type\":\"ListItem\",\"position\":2,\"name\":\"Parduotuv\u0117\",\"item\":\"https:\/\/vinilozona.lt\/parduotuve\/\"},{\"@type\":\"ListItem\",\"position\":3,\"name\":\"Coldplay \u2013 Viva La Vida Or Death And All His Friends\"}]},{\"@type\":\"WebSite\",\"@id\":\"https:\/\/vinilozona.lt\/#website\",\"url\":\"https:\/\/vinilozona.lt\/\",\"name\":\"Vinilo Zona\",\"description\":\"Nup\u016bsk dulkes ir klausyk LP\",\"potentialAction\":[{\"@type\":\"SearchAction\",\"target\":{\"@type\":\"EntryPoint\",\"urlTemplate\":\"https:\/\/vinilozona.lt\/?s={search_term_string}\"},\"query-input\":{\"@type\":\"PropertyValueSpecification\",\"valueRequired\":true,\"valueName\":\"search_term_string\"}}],\"inLanguage\":\"en-GB\"}]}<\/script>\n<!-- \/ Yoast SEO plugin. -->","yoast_head_json":{"title":"Coldplay \u2013 Viva La Vida Or Death And All His Friends Vinilin\u0117 Plok\u0161tel\u0117 | Vinilozona.lt","robots":{"index":"index","follow":"follow","max-snippet":"max-snippet:-1","max-image-preview":"max-image-preview:large","max-video-preview":"max-video-preview:-1"},"canonical":"https:\/\/vinilozona.lt\/en\/parduotuve\/naujos-lp\/coldplay-viva-la-vida-or-death-and-all-his-friends\/","og_locale":"en_GB","og_type":"article","og_title":"Coldplay \u2013 Viva La Vida Or Death And All His Friends Vinilin\u0117 Plok\u0161tel\u0117 | Vinilozona.lt","og_description":"EcoRecord 5021732546623 140 gr clear vinyl Germany 2025","og_url":"https:\/\/vinilozona.lt\/en\/parduotuve\/naujos-lp\/coldplay-viva-la-vida-or-death-and-all-his-friends\/","og_site_name":"Vinilo Zona","article_modified_time":"2025-08-15T10:01:30+00:00","og_image":[{"width":600,"height":600,"url":"https:\/\/vinilozona.lt\/wp-content\/uploads\/2025\/08\/R-1369232-1459320208-6030.jpg","type":"image\/jpeg"}],"twitter_card":"summary_large_image","twitter_misc":{"Estimated reading time":"1 minute"},"schema":{"@context":"https:\/\/schema.org","@graph":[{"@type":"WebPage","@id":"https:\/\/vinilozona.lt\/parduotuve\/naujos-lp\/coldplay-viva-la-vida-or-death-and-all-his-friends\/","url":"https:\/\/vinilozona.lt\/parduotuve\/naujos-lp\/coldplay-viva-la-vida-or-death-and-all-his-friends\/","name":"Coldplay \u2013 Viva La Vida Or Death And All His Friends Vinilin\u0117 Plok\u0161tel\u0117 | Vinilozona.lt","isPartOf":{"@id":"https:\/\/vinilozona.lt\/#website"},"primaryImageOfPage":{"@id":"https:\/\/vinilozona.lt\/parduotuve\/naujos-lp\/coldplay-viva-la-vida-or-death-and-all-his-friends\/#primaryimage"},"image":{"@id":"https:\/\/vinilozona.lt\/parduotuve\/naujos-lp\/coldplay-viva-la-vida-or-death-and-all-his-friends\/#primaryimage"},"thumbnailUrl":"https:\/\/vinilozona.lt\/wp-content\/uploads\/2025\/08\/R-1369232-1459320208-6030.jpg","datePublished":"2025-08-15T02:02:23+00:00","dateModified":"2025-08-15T10:01:30+00:00","breadcrumb":{"@id":"https:\/\/vinilozona.lt\/parduotuve\/naujos-lp\/coldplay-viva-la-vida-or-death-and-all-his-friends\/#breadcrumb"},"inLanguage":"en-GB","potentialAction":[{"@type":"ReadAction","target":["https:\/\/vinilozona.lt\/parduotuve\/naujos-lp\/coldplay-viva-la-vida-or-death-and-all-his-friends\/"]}]},{"@type":"ImageObject","inLanguage":"en-GB","@id":"https:\/\/vinilozona.lt\/parduotuve\/naujos-lp\/coldplay-viva-la-vida-or-death-and-all-his-friends\/#primaryimage","url":"https:\/\/vinilozona.lt\/wp-content\/uploads\/2025\/08\/R-1369232-1459320208-6030.jpg","contentUrl":"https:\/\/vinilozona.lt\/wp-content\/uploads\/2025\/08\/R-1369232-1459320208-6030.jpg","width":600,"height":600},{"@type":"BreadcrumbList","@id":"https:\/\/vinilozona.lt\/parduotuve\/naujos-lp\/coldplay-viva-la-vida-or-death-and-all-his-friends\/#breadcrumb","itemListElement":[{"@type":"ListItem","position":1,"name":"Home","item":"https:\/\/vinilozona.lt\/"},{"@type":"ListItem","position":2,"name":"Parduotuv\u0117","item":"https:\/\/vinilozona.lt\/parduotuve\/"},{"@type":"ListItem","position":3,"name":"Coldplay \u2013 Viva La Vida Or Death And All His Friends"}]},{"@type":"WebSite","@id":"https:\/\/vinilozona.lt\/#website","url":"https:\/\/vinilozona.lt\/","name":"Vinilo Zona","description":"Nup\u016bsk dulkes ir klausyk LP","potentialAction":[{"@type":"SearchAction","target":{"@type":"EntryPoint","urlTemplate":"https:\/\/vinilozona.lt\/?s={search_term_string}"},"query-input":{"@type":"PropertyValueSpecification","valueRequired":true,"valueName":"search_term_string"}}],"inLanguage":"en-GB"}]}},"_links":{"self":[{"href":"https:\/\/vinilozona.lt\/en\/wp-json\/wp\/v2\/product\/28853"}],"collection":[{"href":"https:\/\/vinilozona.lt\/en\/wp-json\/wp\/v2\/product"}],"about":[{"href":"https:\/\/vinilozona.lt\/en\/wp-json\/wp\/v2\/types\/product"}],"wp:featuredmedia":[{"embeddable":true,"href":"https:\/\/vinilozona.lt\/en\/wp-json\/wp\/v2\/media\/28854"}],"wp:attachment":[{"href":"https:\/\/vinilozona.lt\/en\/wp-json\/wp\/v2\/media?parent=28853"}],"wp:term":[{"taxonomy":"product_cat","embeddable":true,"href":"https:\/\/vinilozona.lt\/en\/wp-json\/wp\/v2\/product_cat?post=28853"},{"taxonomy":"product_tag","embeddable":true,"href":"https:\/\/vinilozona.lt\/en\/wp-json\/wp\/v2\/product_tag?post=28853"}],"curies":[{"name":"wp","href":"https:\/\/api.w.org\/{rel}","templated":true}]}}