{"id":28848,"date":"2025-10-08T09:30:29","date_gmt":"2025-10-08T06:30:29","guid":{"rendered":"https:\/\/vinilozona.lt\/?post_type=product&#038;p=28848"},"modified":"2025-10-08T21:06:22","modified_gmt":"2025-10-08T18:06:22","slug":"tracy-chapman-oakland-1989-concert-against-aids","status":"publish","type":"product","link":"https:\/\/vinilozona.lt\/en\/parduotuve\/naujos-lp\/tracy-chapman-oakland-1989-concert-against-aids\/","title":{"rendered":"Tracy Chapman &#8211; Oakland 1989 &#8211; Concert Against Aids"},"content":{"rendered":"<p>1. Introduction<br \/>\n2. Why?<br \/>\n3. She&#8217;s Got Her Ticket<br \/>\n4. For My Lover<br \/>\n5. Tracy Speaks<br \/>\n6. Subcity<br \/>\n7. For You<br \/>\n8. Mountains O Things<br \/>\n9. Fast Car<br \/>\n10. Tracy Dedicates&#8230;.<br \/>\n11. All That You Have Is Your Soul<br \/>\n12. Talkin&#8217; Bout A Revolution<\/p>","protected":false},"excerpt":{"rendered":"<p>Splattervin \u2013 4785291<br \/>\nFormat: Vinyl,Album<br \/>\nCountry:<br \/>\nEU<br \/>\nReleased:<br \/>\nJul 25, 202<\/p>","protected":false},"featured_media":28850,"template":"","meta":[],"product_cat":[23],"product_tag":[74],"yoast_head":"<!-- This site is optimized with the Yoast SEO plugin v23.5 - https:\/\/yoast.com\/wordpress\/plugins\/seo\/ -->\n<title>Tracy Chapman - Oakland 1989 - Concert Against Aids Vinilin\u0117 Plok\u0161tel\u0117 | Vinilozona.lt<\/title>\n<meta name=\"robots\" content=\"index, follow, max-snippet:-1, max-image-preview:large, max-video-preview:-1\" \/>\n<link rel=\"canonical\" href=\"https:\/\/vinilozona.lt\/en\/parduotuve\/naujos-lp\/tracy-chapman-oakland-1989-concert-against-aids\/\" \/>\n<meta property=\"og:locale\" content=\"en_GB\" \/>\n<meta property=\"og:type\" content=\"article\" \/>\n<meta property=\"og:title\" content=\"Tracy Chapman - Oakland 1989 - Concert Against Aids Vinilin\u0117 Plok\u0161tel\u0117 | Vinilozona.lt\" \/>\n<meta property=\"og:description\" content=\"Splattervin \u2013 4785291 Format: Vinyl,Album Country: EU Released: Jul 25, 202\" \/>\n<meta property=\"og:url\" content=\"https:\/\/vinilozona.lt\/en\/parduotuve\/naujos-lp\/tracy-chapman-oakland-1989-concert-against-aids\/\" \/>\n<meta property=\"og:site_name\" content=\"Vinilo Zona\" \/>\n<meta property=\"article:modified_time\" content=\"2025-10-08T18:06:22+00:00\" \/>\n<meta property=\"og:image\" content=\"https:\/\/vinilozona.lt\/wp-content\/uploads\/2025\/08\/20250813_095253-scaled.jpg\" \/>\n\t<meta property=\"og:image:width\" content=\"1920\" \/>\n\t<meta property=\"og:image:height\" content=\"2560\" \/>\n\t<meta property=\"og:image:type\" content=\"image\/jpeg\" \/>\n<meta name=\"twitter:card\" content=\"summary_large_image\" \/>\n<meta name=\"twitter:label1\" content=\"Estimated reading time\" \/>\n\t<meta name=\"twitter:data1\" content=\"1 minute\" \/>\n<script type=\"application\/ld+json\" class=\"yoast-schema-graph\">{\"@context\":\"https:\/\/schema.org\",\"@graph\":[{\"@type\":\"WebPage\",\"@id\":\"https:\/\/vinilozona.lt\/parduotuve\/naujos-lp\/tracy-chapman-oakland-1989-concert-against-aids\/\",\"url\":\"https:\/\/vinilozona.lt\/parduotuve\/naujos-lp\/tracy-chapman-oakland-1989-concert-against-aids\/\",\"name\":\"Tracy Chapman - Oakland 1989 - Concert Against Aids Vinilin\u0117 Plok\u0161tel\u0117 | Vinilozona.lt\",\"isPartOf\":{\"@id\":\"https:\/\/vinilozona.lt\/#website\"},\"primaryImageOfPage\":{\"@id\":\"https:\/\/vinilozona.lt\/parduotuve\/naujos-lp\/tracy-chapman-oakland-1989-concert-against-aids\/#primaryimage\"},\"image\":{\"@id\":\"https:\/\/vinilozona.lt\/parduotuve\/naujos-lp\/tracy-chapman-oakland-1989-concert-against-aids\/#primaryimage\"},\"thumbnailUrl\":\"https:\/\/vinilozona.lt\/wp-content\/uploads\/2025\/08\/20250813_095253-scaled.jpg\",\"datePublished\":\"2025-10-08T06:30:29+00:00\",\"dateModified\":\"2025-10-08T18:06:22+00:00\",\"breadcrumb\":{\"@id\":\"https:\/\/vinilozona.lt\/parduotuve\/naujos-lp\/tracy-chapman-oakland-1989-concert-against-aids\/#breadcrumb\"},\"inLanguage\":\"en-GB\",\"potentialAction\":[{\"@type\":\"ReadAction\",\"target\":[\"https:\/\/vinilozona.lt\/parduotuve\/naujos-lp\/tracy-chapman-oakland-1989-concert-against-aids\/\"]}]},{\"@type\":\"ImageObject\",\"inLanguage\":\"en-GB\",\"@id\":\"https:\/\/vinilozona.lt\/parduotuve\/naujos-lp\/tracy-chapman-oakland-1989-concert-against-aids\/#primaryimage\",\"url\":\"https:\/\/vinilozona.lt\/wp-content\/uploads\/2025\/08\/20250813_095253-scaled.jpg\",\"contentUrl\":\"https:\/\/vinilozona.lt\/wp-content\/uploads\/2025\/08\/20250813_095253-scaled.jpg\",\"width\":1920,\"height\":2560},{\"@type\":\"BreadcrumbList\",\"@id\":\"https:\/\/vinilozona.lt\/parduotuve\/naujos-lp\/tracy-chapman-oakland-1989-concert-against-aids\/#breadcrumb\",\"itemListElement\":[{\"@type\":\"ListItem\",\"position\":1,\"name\":\"Home\",\"item\":\"https:\/\/vinilozona.lt\/\"},{\"@type\":\"ListItem\",\"position\":2,\"name\":\"Parduotuv\u0117\",\"item\":\"https:\/\/vinilozona.lt\/parduotuve\/\"},{\"@type\":\"ListItem\",\"position\":3,\"name\":\"Tracy Chapman &#8211; Oakland 1989 &#8211; Concert Against Aids\"}]},{\"@type\":\"WebSite\",\"@id\":\"https:\/\/vinilozona.lt\/#website\",\"url\":\"https:\/\/vinilozona.lt\/\",\"name\":\"Vinilo Zona\",\"description\":\"Nup\u016bsk dulkes ir klausyk LP\",\"potentialAction\":[{\"@type\":\"SearchAction\",\"target\":{\"@type\":\"EntryPoint\",\"urlTemplate\":\"https:\/\/vinilozona.lt\/?s={search_term_string}\"},\"query-input\":{\"@type\":\"PropertyValueSpecification\",\"valueRequired\":true,\"valueName\":\"search_term_string\"}}],\"inLanguage\":\"en-GB\"}]}<\/script>\n<!-- \/ Yoast SEO plugin. -->","yoast_head_json":{"title":"Tracy Chapman - Oakland 1989 - Concert Against Aids Vinilin\u0117 Plok\u0161tel\u0117 | Vinilozona.lt","robots":{"index":"index","follow":"follow","max-snippet":"max-snippet:-1","max-image-preview":"max-image-preview:large","max-video-preview":"max-video-preview:-1"},"canonical":"https:\/\/vinilozona.lt\/en\/parduotuve\/naujos-lp\/tracy-chapman-oakland-1989-concert-against-aids\/","og_locale":"en_GB","og_type":"article","og_title":"Tracy Chapman - Oakland 1989 - Concert Against Aids Vinilin\u0117 Plok\u0161tel\u0117 | Vinilozona.lt","og_description":"Splattervin \u2013 4785291 Format: Vinyl,Album Country: EU Released: Jul 25, 202","og_url":"https:\/\/vinilozona.lt\/en\/parduotuve\/naujos-lp\/tracy-chapman-oakland-1989-concert-against-aids\/","og_site_name":"Vinilo Zona","article_modified_time":"2025-10-08T18:06:22+00:00","og_image":[{"width":1920,"height":2560,"url":"https:\/\/vinilozona.lt\/wp-content\/uploads\/2025\/08\/20250813_095253-scaled.jpg","type":"image\/jpeg"}],"twitter_card":"summary_large_image","twitter_misc":{"Estimated reading time":"1 minute"},"schema":{"@context":"https:\/\/schema.org","@graph":[{"@type":"WebPage","@id":"https:\/\/vinilozona.lt\/parduotuve\/naujos-lp\/tracy-chapman-oakland-1989-concert-against-aids\/","url":"https:\/\/vinilozona.lt\/parduotuve\/naujos-lp\/tracy-chapman-oakland-1989-concert-against-aids\/","name":"Tracy Chapman - Oakland 1989 - Concert Against Aids Vinilin\u0117 Plok\u0161tel\u0117 | Vinilozona.lt","isPartOf":{"@id":"https:\/\/vinilozona.lt\/#website"},"primaryImageOfPage":{"@id":"https:\/\/vinilozona.lt\/parduotuve\/naujos-lp\/tracy-chapman-oakland-1989-concert-against-aids\/#primaryimage"},"image":{"@id":"https:\/\/vinilozona.lt\/parduotuve\/naujos-lp\/tracy-chapman-oakland-1989-concert-against-aids\/#primaryimage"},"thumbnailUrl":"https:\/\/vinilozona.lt\/wp-content\/uploads\/2025\/08\/20250813_095253-scaled.jpg","datePublished":"2025-10-08T06:30:29+00:00","dateModified":"2025-10-08T18:06:22+00:00","breadcrumb":{"@id":"https:\/\/vinilozona.lt\/parduotuve\/naujos-lp\/tracy-chapman-oakland-1989-concert-against-aids\/#breadcrumb"},"inLanguage":"en-GB","potentialAction":[{"@type":"ReadAction","target":["https:\/\/vinilozona.lt\/parduotuve\/naujos-lp\/tracy-chapman-oakland-1989-concert-against-aids\/"]}]},{"@type":"ImageObject","inLanguage":"en-GB","@id":"https:\/\/vinilozona.lt\/parduotuve\/naujos-lp\/tracy-chapman-oakland-1989-concert-against-aids\/#primaryimage","url":"https:\/\/vinilozona.lt\/wp-content\/uploads\/2025\/08\/20250813_095253-scaled.jpg","contentUrl":"https:\/\/vinilozona.lt\/wp-content\/uploads\/2025\/08\/20250813_095253-scaled.jpg","width":1920,"height":2560},{"@type":"BreadcrumbList","@id":"https:\/\/vinilozona.lt\/parduotuve\/naujos-lp\/tracy-chapman-oakland-1989-concert-against-aids\/#breadcrumb","itemListElement":[{"@type":"ListItem","position":1,"name":"Home","item":"https:\/\/vinilozona.lt\/"},{"@type":"ListItem","position":2,"name":"Parduotuv\u0117","item":"https:\/\/vinilozona.lt\/parduotuve\/"},{"@type":"ListItem","position":3,"name":"Tracy Chapman &#8211; Oakland 1989 &#8211; Concert Against Aids"}]},{"@type":"WebSite","@id":"https:\/\/vinilozona.lt\/#website","url":"https:\/\/vinilozona.lt\/","name":"Vinilo Zona","description":"Nup\u016bsk dulkes ir klausyk LP","potentialAction":[{"@type":"SearchAction","target":{"@type":"EntryPoint","urlTemplate":"https:\/\/vinilozona.lt\/?s={search_term_string}"},"query-input":{"@type":"PropertyValueSpecification","valueRequired":true,"valueName":"search_term_string"}}],"inLanguage":"en-GB"}]}},"_links":{"self":[{"href":"https:\/\/vinilozona.lt\/en\/wp-json\/wp\/v2\/product\/28848"}],"collection":[{"href":"https:\/\/vinilozona.lt\/en\/wp-json\/wp\/v2\/product"}],"about":[{"href":"https:\/\/vinilozona.lt\/en\/wp-json\/wp\/v2\/types\/product"}],"wp:featuredmedia":[{"embeddable":true,"href":"https:\/\/vinilozona.lt\/en\/wp-json\/wp\/v2\/media\/28850"}],"wp:attachment":[{"href":"https:\/\/vinilozona.lt\/en\/wp-json\/wp\/v2\/media?parent=28848"}],"wp:term":[{"taxonomy":"product_cat","embeddable":true,"href":"https:\/\/vinilozona.lt\/en\/wp-json\/wp\/v2\/product_cat?post=28848"},{"taxonomy":"product_tag","embeddable":true,"href":"https:\/\/vinilozona.lt\/en\/wp-json\/wp\/v2\/product_tag?post=28848"}],"curies":[{"name":"wp","href":"https:\/\/api.w.org\/{rel}","templated":true}]}}