{"id":2880,"date":"2026-04-18T05:14:56","date_gmt":"2026-04-18T02:14:56","guid":{"rendered":"https:\/\/vinylhome.lt\/?post_type=product&#038;p=2880"},"modified":"2026-04-18T07:40:49","modified_gmt":"2026-04-18T04:40:49","slug":"endless-roar-%e2%80%8e-rush-hush","status":"publish","type":"product","link":"https:\/\/vinilozona.lt\/en\/parduotuve\/jazz\/endless-roar-%e2%80%8e-rush-hush\/","title":{"rendered":"Nina Simone \u2013 Jazz Monuments   4lp BOX"},"content":{"rendered":"<p>Nina Simone Essential<br \/>\nA1\t\tWild Is The Wind\t3:28<br \/>\nA2\t\tBlue Prelude\t3:22<br \/>\nA3\t\tMy Baby Just Cares For Me\t3:37<br \/>\nA4\t\tWillow Weep For Me\t3:13<br \/>\nA5\t\tI Don&#8217;t Want Him\t5:49<br \/>\nLittle Girl Blue (Bethlehem)<br \/>\nB1\t\tLove Me Or Leave Me\t3:21<br \/>\nB2\t\tI Loves You Porgy\t4:09<br \/>\nB3\t\tLittle Girl Blue\t4:18<br \/>\nB4\t\tMood Indigo\t4:01<br \/>\nB5\t\tAfrican Mailman\t3:08<br \/>\nLittle Girl Blue (Bethlehem)<br \/>\nC1\t\tHe Needs Me\t2:29<br \/>\nC2\t\tPlain Gold Ring\t3:53<br \/>\nC3\t\tYou&#8217;ll Never Walk Alone\t3:45<br \/>\nC4\t\tCentral Park Blues\t3:05<br \/>\nC5\t\tHe&#8217;s Got The Whole World In His Hands\t3:10<br \/>\nC6\t\tFor All We Know\t3:59<br \/>\nThe Amazing Nina Simone<br \/>\nD1\t\tChildren Go Where I Send You\t2:52<br \/>\nD2\t\tStomping At The Savoy\t2:10<br \/>\nD3\t\tIt Might As Well Be Spring\t3:55<br \/>\nD4\t\tYou&#8217;ve Been Gone Too Long\t2:12<br \/>\nD5\t\tThat&#8217;s Him Over There\t2:31<br \/>\nD6\t\tCan&#8217;t Get Out Of This Mood\t2:33<br \/>\nD7\t\tSolitaire\t3:27<br \/>\nNina Simone At Town Hall<br \/>\nE1\t\tThe Other Woman\t3:01<br \/>\nE2\t\tBlack Is The Color Of My True Love&#8217;s Hair\t3:31<br \/>\nE3\t\tExactly Like You\t3:14<br \/>\nE4\t\tSummertime (vocal)\t2:49<br \/>\nE5\t\tReturn Home\t5:26<br \/>\nE6\t\tFine And Mellow\t3:32<br \/>\nNina Simone ~ Forbidden Fruit<br \/>\nF1\t\tJust Say I Love Him\t6:38<br \/>\nF2\t\tRags And Old Iron\t4:07<br \/>\nF3\t\tI&#8217;ll Look Around\t5:06<br \/>\nF4\t\tWork Song\t2:36<br \/>\nF5\t\tMemphis In June\t2:38<br \/>\nNina Simone At Newport<br \/>\nG1\t\tTrouble In Mind\t5:40<br \/>\nG2\t\tLittle Liza Jane\t4:31<br \/>\nG3\t\tFlo Me La\t7:10<br \/>\nNina Simone Sings Duke Ellington<br \/>\nH1\t\tDo Nothin&#8217; Till You Hear From Me\t2:49<br \/>\nH2\t\tHey, Buddy Bolden\t2:26<br \/>\nH3\t\tSomething To Live For\t2:55<br \/>\nH4\t\tThe Gal From Joe&#8217;s\t2:06<br \/>\nH5\t\tSolitude\t3:44<br \/>\nH6\t\tSatin Doll\t3:37<br \/>\nH7\t\tIt Don&#8217;t Mean A Thing\t2:30<\/p>","protected":false},"excerpt":{"rendered":"<p>Diggers Factory \u2013 none<br \/>\nFormat:<br \/>\n4 x Vinyl, LP, Compilation, Limited Edition, Numbered, Remastered, Box<br \/>\nCountry:<br \/>\nFrance<br \/>\nReleased:<br \/>\n2022<\/p>","protected":false},"featured_media":30829,"template":"","meta":[],"product_cat":[20,23,54],"product_tag":[74],"yoast_head":"<!-- This site is optimized with the Yoast SEO plugin v23.5 - https:\/\/yoast.com\/wordpress\/plugins\/seo\/ -->\n<title>Nina Simone \u2013 Jazz Monuments  4lp BOX Vinilin\u0117 Plok\u0161tel\u0117 | Vinilozona.lt<\/title>\n<meta name=\"robots\" content=\"index, follow, max-snippet:-1, max-image-preview:large, max-video-preview:-1\" \/>\n<link rel=\"canonical\" href=\"https:\/\/vinilozona.lt\/en\/parduotuve\/jazz\/endless-roar-\u200e-rush-hush\/\" \/>\n<meta property=\"og:locale\" content=\"en_GB\" \/>\n<meta property=\"og:type\" content=\"article\" \/>\n<meta property=\"og:title\" content=\"Nina Simone \u2013 Jazz Monuments  4lp BOX Vinilin\u0117 Plok\u0161tel\u0117 | Vinilozona.lt\" \/>\n<meta property=\"og:description\" content=\"Diggers Factory \u2013 none Format: 4 x Vinyl, LP, Compilation, Limited Edition, Numbered, Remastered, Box Country: France Released: 2022\" \/>\n<meta property=\"og:url\" content=\"https:\/\/vinilozona.lt\/en\/parduotuve\/jazz\/endless-roar-\u200e-rush-hush\/\" \/>\n<meta property=\"og:site_name\" content=\"Vinilo Zona\" \/>\n<meta property=\"article:modified_time\" content=\"2026-04-18T04:40:49+00:00\" \/>\n<meta property=\"og:image\" content=\"https:\/\/vinilozona.lt\/wp-content\/uploads\/2024\/03\/R-25294270-1669532236-8215.jpg\" \/>\n\t<meta property=\"og:image:width\" content=\"600\" \/>\n\t<meta property=\"og:image:height\" content=\"575\" \/>\n\t<meta property=\"og:image:type\" content=\"image\/jpeg\" \/>\n<meta name=\"twitter:card\" content=\"summary_large_image\" \/>\n<meta name=\"twitter:label1\" content=\"Estimated reading time\" \/>\n\t<meta name=\"twitter:data1\" content=\"1 minute\" \/>\n<script type=\"application\/ld+json\" class=\"yoast-schema-graph\">{\"@context\":\"https:\/\/schema.org\",\"@graph\":[{\"@type\":\"WebPage\",\"@id\":\"https:\/\/vinilozona.lt\/parduotuve\/jazz\/endless-roar-%e2%80%8e-rush-hush\/\",\"url\":\"https:\/\/vinilozona.lt\/parduotuve\/jazz\/endless-roar-%e2%80%8e-rush-hush\/\",\"name\":\"Nina Simone \u2013 Jazz Monuments 4lp BOX Vinilin\u0117 Plok\u0161tel\u0117 | Vinilozona.lt\",\"isPartOf\":{\"@id\":\"https:\/\/vinilozona.lt\/#website\"},\"primaryImageOfPage\":{\"@id\":\"https:\/\/vinilozona.lt\/parduotuve\/jazz\/endless-roar-%e2%80%8e-rush-hush\/#primaryimage\"},\"image\":{\"@id\":\"https:\/\/vinilozona.lt\/parduotuve\/jazz\/endless-roar-%e2%80%8e-rush-hush\/#primaryimage\"},\"thumbnailUrl\":\"https:\/\/vinilozona.lt\/wp-content\/uploads\/2024\/03\/R-25294270-1669532236-8215.jpg\",\"datePublished\":\"2026-04-18T02:14:56+00:00\",\"dateModified\":\"2026-04-18T04:40:49+00:00\",\"breadcrumb\":{\"@id\":\"https:\/\/vinilozona.lt\/parduotuve\/jazz\/endless-roar-%e2%80%8e-rush-hush\/#breadcrumb\"},\"inLanguage\":\"en-GB\",\"potentialAction\":[{\"@type\":\"ReadAction\",\"target\":[\"https:\/\/vinilozona.lt\/parduotuve\/jazz\/endless-roar-%e2%80%8e-rush-hush\/\"]}]},{\"@type\":\"ImageObject\",\"inLanguage\":\"en-GB\",\"@id\":\"https:\/\/vinilozona.lt\/parduotuve\/jazz\/endless-roar-%e2%80%8e-rush-hush\/#primaryimage\",\"url\":\"https:\/\/vinilozona.lt\/wp-content\/uploads\/2024\/03\/R-25294270-1669532236-8215.jpg\",\"contentUrl\":\"https:\/\/vinilozona.lt\/wp-content\/uploads\/2024\/03\/R-25294270-1669532236-8215.jpg\",\"width\":600,\"height\":575},{\"@type\":\"BreadcrumbList\",\"@id\":\"https:\/\/vinilozona.lt\/parduotuve\/jazz\/endless-roar-%e2%80%8e-rush-hush\/#breadcrumb\",\"itemListElement\":[{\"@type\":\"ListItem\",\"position\":1,\"name\":\"Home\",\"item\":\"https:\/\/vinilozona.lt\/\"},{\"@type\":\"ListItem\",\"position\":2,\"name\":\"Parduotuv\u0117\",\"item\":\"https:\/\/vinilozona.lt\/parduotuve\/\"},{\"@type\":\"ListItem\",\"position\":3,\"name\":\"Nina Simone \u2013 Jazz Monuments 4lp BOX\"}]},{\"@type\":\"WebSite\",\"@id\":\"https:\/\/vinilozona.lt\/#website\",\"url\":\"https:\/\/vinilozona.lt\/\",\"name\":\"Vinilo Zona\",\"description\":\"Nup\u016bsk dulkes ir klausyk LP\",\"potentialAction\":[{\"@type\":\"SearchAction\",\"target\":{\"@type\":\"EntryPoint\",\"urlTemplate\":\"https:\/\/vinilozona.lt\/?s={search_term_string}\"},\"query-input\":{\"@type\":\"PropertyValueSpecification\",\"valueRequired\":true,\"valueName\":\"search_term_string\"}}],\"inLanguage\":\"en-GB\"}]}<\/script>\n<!-- \/ Yoast SEO plugin. -->","yoast_head_json":{"title":"Nina Simone \u2013 Jazz Monuments  4lp BOX Vinilin\u0117 Plok\u0161tel\u0117 | Vinilozona.lt","robots":{"index":"index","follow":"follow","max-snippet":"max-snippet:-1","max-image-preview":"max-image-preview:large","max-video-preview":"max-video-preview:-1"},"canonical":"https:\/\/vinilozona.lt\/en\/parduotuve\/jazz\/endless-roar-\u200e-rush-hush\/","og_locale":"en_GB","og_type":"article","og_title":"Nina Simone \u2013 Jazz Monuments  4lp BOX Vinilin\u0117 Plok\u0161tel\u0117 | Vinilozona.lt","og_description":"Diggers Factory \u2013 none Format: 4 x Vinyl, LP, Compilation, Limited Edition, Numbered, Remastered, Box Country: France Released: 2022","og_url":"https:\/\/vinilozona.lt\/en\/parduotuve\/jazz\/endless-roar-\u200e-rush-hush\/","og_site_name":"Vinilo Zona","article_modified_time":"2026-04-18T04:40:49+00:00","og_image":[{"width":600,"height":575,"url":"https:\/\/vinilozona.lt\/wp-content\/uploads\/2024\/03\/R-25294270-1669532236-8215.jpg","type":"image\/jpeg"}],"twitter_card":"summary_large_image","twitter_misc":{"Estimated reading time":"1 minute"},"schema":{"@context":"https:\/\/schema.org","@graph":[{"@type":"WebPage","@id":"https:\/\/vinilozona.lt\/parduotuve\/jazz\/endless-roar-%e2%80%8e-rush-hush\/","url":"https:\/\/vinilozona.lt\/parduotuve\/jazz\/endless-roar-%e2%80%8e-rush-hush\/","name":"Nina Simone \u2013 Jazz Monuments 4lp BOX Vinilin\u0117 Plok\u0161tel\u0117 | Vinilozona.lt","isPartOf":{"@id":"https:\/\/vinilozona.lt\/#website"},"primaryImageOfPage":{"@id":"https:\/\/vinilozona.lt\/parduotuve\/jazz\/endless-roar-%e2%80%8e-rush-hush\/#primaryimage"},"image":{"@id":"https:\/\/vinilozona.lt\/parduotuve\/jazz\/endless-roar-%e2%80%8e-rush-hush\/#primaryimage"},"thumbnailUrl":"https:\/\/vinilozona.lt\/wp-content\/uploads\/2024\/03\/R-25294270-1669532236-8215.jpg","datePublished":"2026-04-18T02:14:56+00:00","dateModified":"2026-04-18T04:40:49+00:00","breadcrumb":{"@id":"https:\/\/vinilozona.lt\/parduotuve\/jazz\/endless-roar-%e2%80%8e-rush-hush\/#breadcrumb"},"inLanguage":"en-GB","potentialAction":[{"@type":"ReadAction","target":["https:\/\/vinilozona.lt\/parduotuve\/jazz\/endless-roar-%e2%80%8e-rush-hush\/"]}]},{"@type":"ImageObject","inLanguage":"en-GB","@id":"https:\/\/vinilozona.lt\/parduotuve\/jazz\/endless-roar-%e2%80%8e-rush-hush\/#primaryimage","url":"https:\/\/vinilozona.lt\/wp-content\/uploads\/2024\/03\/R-25294270-1669532236-8215.jpg","contentUrl":"https:\/\/vinilozona.lt\/wp-content\/uploads\/2024\/03\/R-25294270-1669532236-8215.jpg","width":600,"height":575},{"@type":"BreadcrumbList","@id":"https:\/\/vinilozona.lt\/parduotuve\/jazz\/endless-roar-%e2%80%8e-rush-hush\/#breadcrumb","itemListElement":[{"@type":"ListItem","position":1,"name":"Home","item":"https:\/\/vinilozona.lt\/"},{"@type":"ListItem","position":2,"name":"Parduotuv\u0117","item":"https:\/\/vinilozona.lt\/parduotuve\/"},{"@type":"ListItem","position":3,"name":"Nina Simone \u2013 Jazz Monuments 4lp BOX"}]},{"@type":"WebSite","@id":"https:\/\/vinilozona.lt\/#website","url":"https:\/\/vinilozona.lt\/","name":"Vinilo Zona","description":"Nup\u016bsk dulkes ir klausyk LP","potentialAction":[{"@type":"SearchAction","target":{"@type":"EntryPoint","urlTemplate":"https:\/\/vinilozona.lt\/?s={search_term_string}"},"query-input":{"@type":"PropertyValueSpecification","valueRequired":true,"valueName":"search_term_string"}}],"inLanguage":"en-GB"}]}},"_links":{"self":[{"href":"https:\/\/vinilozona.lt\/en\/wp-json\/wp\/v2\/product\/2880"}],"collection":[{"href":"https:\/\/vinilozona.lt\/en\/wp-json\/wp\/v2\/product"}],"about":[{"href":"https:\/\/vinilozona.lt\/en\/wp-json\/wp\/v2\/types\/product"}],"wp:featuredmedia":[{"embeddable":true,"href":"https:\/\/vinilozona.lt\/en\/wp-json\/wp\/v2\/media\/30829"}],"wp:attachment":[{"href":"https:\/\/vinilozona.lt\/en\/wp-json\/wp\/v2\/media?parent=2880"}],"wp:term":[{"taxonomy":"product_cat","embeddable":true,"href":"https:\/\/vinilozona.lt\/en\/wp-json\/wp\/v2\/product_cat?post=2880"},{"taxonomy":"product_tag","embeddable":true,"href":"https:\/\/vinilozona.lt\/en\/wp-json\/wp\/v2\/product_tag?post=2880"}],"curies":[{"name":"wp","href":"https:\/\/api.w.org\/{rel}","templated":true}]}}