{"id":28793,"date":"2025-08-07T16:25:28","date_gmt":"2025-08-07T13:25:28","guid":{"rendered":"https:\/\/vinilozona.lt\/?post_type=product&#038;p=28793"},"modified":"2025-08-07T16:31:07","modified_gmt":"2025-08-07T13:31:07","slug":"odyssey-the-magic-touch-of-odyssey","status":"publish","type":"product","link":"https:\/\/vinilozona.lt\/en\/parduotuve\/rock-pop\/odyssey-the-magic-touch-of-odyssey\/","title":{"rendered":"Odyssey \u2013 The Magic Touch Of Odyssey (Their Greatest Hits)"},"content":{"rendered":"<p>Going Back To My Roots<br \/>\nUse It Up, Wear It Out<br \/>\nEasy Come, Easy Go \/ Hold De Mota Down<br \/>\nMagic Touch<br \/>\nLucky Star<br \/>\nIt Will Be Alright<br \/>\nFollow Me (Play Follow The Leader)<br \/>\nDon&#8217;t Tell Me, Tell Her<br \/>\nInside Out<br \/>\nNative New Yorker<br \/>\nWhen You Love Somebody<br \/>\nIf You&#8217;re Lookin&#8217; For A Way Out<br \/>\nI Got The Melody<br \/>\nEver Lovin&#8217; Sam<br \/>\nDown Boy<br \/>\nHang Together<\/p>","protected":false},"excerpt":{"rendered":"<p>Label:<br \/>\nTelstar \u2013 STAR 2223<br \/>\nFormat:<br \/>\nVinyl, LP, Album, Compilation, Stereo,<br \/>\nUK<br \/>\nReleased:<br \/>\n1982<br \/>\nGenre:<br \/>\nFunk \/ Soul<br \/>\nStyle:<br \/>\nSoul, Disco<\/p>","protected":false},"featured_media":28794,"template":"","meta":[],"product_cat":[15],"product_tag":[55],"yoast_head":"<!-- This site is optimized with the Yoast SEO plugin v23.5 - https:\/\/yoast.com\/wordpress\/plugins\/seo\/ -->\n<title>Odyssey \u2013 The Magic Touch Of Odyssey (Their Greatest Hits) Vinilin\u0117 Plok\u0161tel\u0117 | Vinilozona.lt<\/title>\n<meta name=\"robots\" content=\"index, follow, max-snippet:-1, max-image-preview:large, max-video-preview:-1\" \/>\n<link rel=\"canonical\" href=\"https:\/\/vinilozona.lt\/en\/parduotuve\/rock-pop\/odyssey-the-magic-touch-of-odyssey\/\" \/>\n<meta property=\"og:locale\" content=\"en_GB\" \/>\n<meta property=\"og:type\" content=\"article\" \/>\n<meta property=\"og:title\" content=\"Odyssey \u2013 The Magic Touch Of Odyssey (Their Greatest Hits) Vinilin\u0117 Plok\u0161tel\u0117 | Vinilozona.lt\" \/>\n<meta property=\"og:description\" content=\"Label: Telstar \u2013 STAR 2223 Format: Vinyl, LP, Album, Compilation, Stereo,  UK Released: 1982 Genre: Funk \/ Soul Style: Soul, Disco\" \/>\n<meta property=\"og:url\" content=\"https:\/\/vinilozona.lt\/en\/parduotuve\/rock-pop\/odyssey-the-magic-touch-of-odyssey\/\" \/>\n<meta property=\"og:site_name\" content=\"Vinilo Zona\" \/>\n<meta property=\"article:modified_time\" content=\"2025-08-07T13:31:07+00:00\" \/>\n<meta property=\"og:image\" content=\"https:\/\/vinilozona.lt\/wp-content\/uploads\/2025\/08\/R-1249262-1286750283.jpg\" \/>\n\t<meta property=\"og:image:width\" content=\"500\" \/>\n\t<meta property=\"og:image:height\" content=\"500\" \/>\n\t<meta property=\"og:image:type\" content=\"image\/jpeg\" \/>\n<meta name=\"twitter:card\" content=\"summary_large_image\" \/>\n<meta name=\"twitter:label1\" content=\"Estimated reading time\" \/>\n\t<meta name=\"twitter:data1\" content=\"1 minute\" \/>\n<script type=\"application\/ld+json\" class=\"yoast-schema-graph\">{\"@context\":\"https:\/\/schema.org\",\"@graph\":[{\"@type\":\"WebPage\",\"@id\":\"https:\/\/vinilozona.lt\/parduotuve\/rock-pop\/odyssey-the-magic-touch-of-odyssey\/\",\"url\":\"https:\/\/vinilozona.lt\/parduotuve\/rock-pop\/odyssey-the-magic-touch-of-odyssey\/\",\"name\":\"Odyssey \u2013 The Magic Touch Of Odyssey (Their Greatest Hits) Vinilin\u0117 Plok\u0161tel\u0117 | Vinilozona.lt\",\"isPartOf\":{\"@id\":\"https:\/\/vinilozona.lt\/#website\"},\"primaryImageOfPage\":{\"@id\":\"https:\/\/vinilozona.lt\/parduotuve\/rock-pop\/odyssey-the-magic-touch-of-odyssey\/#primaryimage\"},\"image\":{\"@id\":\"https:\/\/vinilozona.lt\/parduotuve\/rock-pop\/odyssey-the-magic-touch-of-odyssey\/#primaryimage\"},\"thumbnailUrl\":\"https:\/\/vinilozona.lt\/wp-content\/uploads\/2025\/08\/R-1249262-1286750283.jpg\",\"datePublished\":\"2025-08-07T13:25:28+00:00\",\"dateModified\":\"2025-08-07T13:31:07+00:00\",\"breadcrumb\":{\"@id\":\"https:\/\/vinilozona.lt\/parduotuve\/rock-pop\/odyssey-the-magic-touch-of-odyssey\/#breadcrumb\"},\"inLanguage\":\"en-GB\",\"potentialAction\":[{\"@type\":\"ReadAction\",\"target\":[\"https:\/\/vinilozona.lt\/parduotuve\/rock-pop\/odyssey-the-magic-touch-of-odyssey\/\"]}]},{\"@type\":\"ImageObject\",\"inLanguage\":\"en-GB\",\"@id\":\"https:\/\/vinilozona.lt\/parduotuve\/rock-pop\/odyssey-the-magic-touch-of-odyssey\/#primaryimage\",\"url\":\"https:\/\/vinilozona.lt\/wp-content\/uploads\/2025\/08\/R-1249262-1286750283.jpg\",\"contentUrl\":\"https:\/\/vinilozona.lt\/wp-content\/uploads\/2025\/08\/R-1249262-1286750283.jpg\",\"width\":500,\"height\":500},{\"@type\":\"BreadcrumbList\",\"@id\":\"https:\/\/vinilozona.lt\/parduotuve\/rock-pop\/odyssey-the-magic-touch-of-odyssey\/#breadcrumb\",\"itemListElement\":[{\"@type\":\"ListItem\",\"position\":1,\"name\":\"Home\",\"item\":\"https:\/\/vinilozona.lt\/\"},{\"@type\":\"ListItem\",\"position\":2,\"name\":\"Parduotuv\u0117\",\"item\":\"https:\/\/vinilozona.lt\/parduotuve\/\"},{\"@type\":\"ListItem\",\"position\":3,\"name\":\"Odyssey \u2013 The Magic Touch Of Odyssey (Their Greatest Hits)\"}]},{\"@type\":\"WebSite\",\"@id\":\"https:\/\/vinilozona.lt\/#website\",\"url\":\"https:\/\/vinilozona.lt\/\",\"name\":\"Vinilo Zona\",\"description\":\"Nup\u016bsk dulkes ir klausyk LP\",\"potentialAction\":[{\"@type\":\"SearchAction\",\"target\":{\"@type\":\"EntryPoint\",\"urlTemplate\":\"https:\/\/vinilozona.lt\/?s={search_term_string}\"},\"query-input\":{\"@type\":\"PropertyValueSpecification\",\"valueRequired\":true,\"valueName\":\"search_term_string\"}}],\"inLanguage\":\"en-GB\"}]}<\/script>\n<!-- \/ Yoast SEO plugin. -->","yoast_head_json":{"title":"Odyssey \u2013 The Magic Touch Of Odyssey (Their Greatest Hits) Vinilin\u0117 Plok\u0161tel\u0117 | Vinilozona.lt","robots":{"index":"index","follow":"follow","max-snippet":"max-snippet:-1","max-image-preview":"max-image-preview:large","max-video-preview":"max-video-preview:-1"},"canonical":"https:\/\/vinilozona.lt\/en\/parduotuve\/rock-pop\/odyssey-the-magic-touch-of-odyssey\/","og_locale":"en_GB","og_type":"article","og_title":"Odyssey \u2013 The Magic Touch Of Odyssey (Their Greatest Hits) Vinilin\u0117 Plok\u0161tel\u0117 | Vinilozona.lt","og_description":"Label: Telstar \u2013 STAR 2223 Format: Vinyl, LP, Album, Compilation, Stereo,  UK Released: 1982 Genre: Funk \/ Soul Style: Soul, Disco","og_url":"https:\/\/vinilozona.lt\/en\/parduotuve\/rock-pop\/odyssey-the-magic-touch-of-odyssey\/","og_site_name":"Vinilo Zona","article_modified_time":"2025-08-07T13:31:07+00:00","og_image":[{"width":500,"height":500,"url":"https:\/\/vinilozona.lt\/wp-content\/uploads\/2025\/08\/R-1249262-1286750283.jpg","type":"image\/jpeg"}],"twitter_card":"summary_large_image","twitter_misc":{"Estimated reading time":"1 minute"},"schema":{"@context":"https:\/\/schema.org","@graph":[{"@type":"WebPage","@id":"https:\/\/vinilozona.lt\/parduotuve\/rock-pop\/odyssey-the-magic-touch-of-odyssey\/","url":"https:\/\/vinilozona.lt\/parduotuve\/rock-pop\/odyssey-the-magic-touch-of-odyssey\/","name":"Odyssey \u2013 The Magic Touch Of Odyssey (Their Greatest Hits) Vinilin\u0117 Plok\u0161tel\u0117 | Vinilozona.lt","isPartOf":{"@id":"https:\/\/vinilozona.lt\/#website"},"primaryImageOfPage":{"@id":"https:\/\/vinilozona.lt\/parduotuve\/rock-pop\/odyssey-the-magic-touch-of-odyssey\/#primaryimage"},"image":{"@id":"https:\/\/vinilozona.lt\/parduotuve\/rock-pop\/odyssey-the-magic-touch-of-odyssey\/#primaryimage"},"thumbnailUrl":"https:\/\/vinilozona.lt\/wp-content\/uploads\/2025\/08\/R-1249262-1286750283.jpg","datePublished":"2025-08-07T13:25:28+00:00","dateModified":"2025-08-07T13:31:07+00:00","breadcrumb":{"@id":"https:\/\/vinilozona.lt\/parduotuve\/rock-pop\/odyssey-the-magic-touch-of-odyssey\/#breadcrumb"},"inLanguage":"en-GB","potentialAction":[{"@type":"ReadAction","target":["https:\/\/vinilozona.lt\/parduotuve\/rock-pop\/odyssey-the-magic-touch-of-odyssey\/"]}]},{"@type":"ImageObject","inLanguage":"en-GB","@id":"https:\/\/vinilozona.lt\/parduotuve\/rock-pop\/odyssey-the-magic-touch-of-odyssey\/#primaryimage","url":"https:\/\/vinilozona.lt\/wp-content\/uploads\/2025\/08\/R-1249262-1286750283.jpg","contentUrl":"https:\/\/vinilozona.lt\/wp-content\/uploads\/2025\/08\/R-1249262-1286750283.jpg","width":500,"height":500},{"@type":"BreadcrumbList","@id":"https:\/\/vinilozona.lt\/parduotuve\/rock-pop\/odyssey-the-magic-touch-of-odyssey\/#breadcrumb","itemListElement":[{"@type":"ListItem","position":1,"name":"Home","item":"https:\/\/vinilozona.lt\/"},{"@type":"ListItem","position":2,"name":"Parduotuv\u0117","item":"https:\/\/vinilozona.lt\/parduotuve\/"},{"@type":"ListItem","position":3,"name":"Odyssey \u2013 The Magic Touch Of Odyssey (Their Greatest Hits)"}]},{"@type":"WebSite","@id":"https:\/\/vinilozona.lt\/#website","url":"https:\/\/vinilozona.lt\/","name":"Vinilo Zona","description":"Nup\u016bsk dulkes ir klausyk LP","potentialAction":[{"@type":"SearchAction","target":{"@type":"EntryPoint","urlTemplate":"https:\/\/vinilozona.lt\/?s={search_term_string}"},"query-input":{"@type":"PropertyValueSpecification","valueRequired":true,"valueName":"search_term_string"}}],"inLanguage":"en-GB"}]}},"_links":{"self":[{"href":"https:\/\/vinilozona.lt\/en\/wp-json\/wp\/v2\/product\/28793"}],"collection":[{"href":"https:\/\/vinilozona.lt\/en\/wp-json\/wp\/v2\/product"}],"about":[{"href":"https:\/\/vinilozona.lt\/en\/wp-json\/wp\/v2\/types\/product"}],"wp:featuredmedia":[{"embeddable":true,"href":"https:\/\/vinilozona.lt\/en\/wp-json\/wp\/v2\/media\/28794"}],"wp:attachment":[{"href":"https:\/\/vinilozona.lt\/en\/wp-json\/wp\/v2\/media?parent=28793"}],"wp:term":[{"taxonomy":"product_cat","embeddable":true,"href":"https:\/\/vinilozona.lt\/en\/wp-json\/wp\/v2\/product_cat?post=28793"},{"taxonomy":"product_tag","embeddable":true,"href":"https:\/\/vinilozona.lt\/en\/wp-json\/wp\/v2\/product_tag?post=28793"}],"curies":[{"name":"wp","href":"https:\/\/api.w.org\/{rel}","templated":true}]}}