{"id":2878,"date":"2020-01-06T21:24:19","date_gmt":"2020-01-06T19:24:19","guid":{"rendered":"https:\/\/vinylhome.lt\/?post_type=product&#038;p=2878"},"modified":"2020-01-06T21:26:29","modified_gmt":"2020-01-06T19:26:29","slug":"ella-fitzgerald-%e2%80%8e-the-best-of-ella-fitzgerald-2","status":"publish","type":"product","link":"https:\/\/vinilozona.lt\/en\/parduotuve\/jazz\/ella-fitzgerald-%e2%80%8e-the-best-of-ella-fitzgerald-2\/","title":{"rendered":"Ella Fitzgerald \u200e\u2013 The Best Of Ella Fitzgerald"},"content":{"rendered":"","protected":false},"excerpt":{"rendered":"<p>5C 054-80276<\/p>","protected":false},"featured_media":2879,"template":"","meta":[],"product_cat":[20],"product_tag":[55],"yoast_head":"<!-- This site is optimized with the Yoast SEO plugin v23.5 - https:\/\/yoast.com\/wordpress\/plugins\/seo\/ -->\n<title>Ella Fitzgerald \u200e\u2013 The Best Of Ella Fitzgerald Vinilin\u0117 Plok\u0161tel\u0117 | Vinilozona.lt<\/title>\n<meta name=\"robots\" content=\"index, follow, max-snippet:-1, max-image-preview:large, max-video-preview:-1\" \/>\n<link rel=\"canonical\" href=\"https:\/\/vinilozona.lt\/en\/parduotuve\/jazz\/ella-fitzgerald-\u200e-the-best-of-ella-fitzgerald-2\/\" \/>\n<meta property=\"og:locale\" content=\"en_GB\" \/>\n<meta property=\"og:type\" content=\"article\" \/>\n<meta property=\"og:title\" content=\"Ella Fitzgerald \u200e\u2013 The Best Of Ella Fitzgerald Vinilin\u0117 Plok\u0161tel\u0117 | Vinilozona.lt\" \/>\n<meta property=\"og:description\" content=\"5C 054-80276\" \/>\n<meta property=\"og:url\" content=\"https:\/\/vinilozona.lt\/en\/parduotuve\/jazz\/ella-fitzgerald-\u200e-the-best-of-ella-fitzgerald-2\/\" \/>\n<meta property=\"og:site_name\" content=\"Vinilo Zona\" \/>\n<meta property=\"article:modified_time\" content=\"2020-01-06T19:26:29+00:00\" \/>\n<meta property=\"og:image\" content=\"https:\/\/vinilozona.lt\/wp-content\/uploads\/2020\/01\/ella-fitzgerald-the-best-of-ella-fitzgerald-1-1.jpg\" \/>\n\t<meta property=\"og:image:width\" content=\"388\" \/>\n\t<meta property=\"og:image:height\" content=\"291\" \/>\n\t<meta property=\"og:image:type\" content=\"image\/jpeg\" \/>\n<meta name=\"twitter:card\" content=\"summary_large_image\" \/>\n<script type=\"application\/ld+json\" class=\"yoast-schema-graph\">{\"@context\":\"https:\/\/schema.org\",\"@graph\":[{\"@type\":\"WebPage\",\"@id\":\"https:\/\/vinilozona.lt\/parduotuve\/jazz\/ella-fitzgerald-%e2%80%8e-the-best-of-ella-fitzgerald-2\/\",\"url\":\"https:\/\/vinilozona.lt\/parduotuve\/jazz\/ella-fitzgerald-%e2%80%8e-the-best-of-ella-fitzgerald-2\/\",\"name\":\"Ella Fitzgerald \u200e\u2013 The Best Of Ella Fitzgerald Vinilin\u0117 Plok\u0161tel\u0117 | Vinilozona.lt\",\"isPartOf\":{\"@id\":\"https:\/\/vinilozona.lt\/#website\"},\"primaryImageOfPage\":{\"@id\":\"https:\/\/vinilozona.lt\/parduotuve\/jazz\/ella-fitzgerald-%e2%80%8e-the-best-of-ella-fitzgerald-2\/#primaryimage\"},\"image\":{\"@id\":\"https:\/\/vinilozona.lt\/parduotuve\/jazz\/ella-fitzgerald-%e2%80%8e-the-best-of-ella-fitzgerald-2\/#primaryimage\"},\"thumbnailUrl\":\"https:\/\/vinilozona.lt\/wp-content\/uploads\/2020\/01\/ella-fitzgerald-the-best-of-ella-fitzgerald-1-1.jpg\",\"datePublished\":\"2020-01-06T19:24:19+00:00\",\"dateModified\":\"2020-01-06T19:26:29+00:00\",\"breadcrumb\":{\"@id\":\"https:\/\/vinilozona.lt\/parduotuve\/jazz\/ella-fitzgerald-%e2%80%8e-the-best-of-ella-fitzgerald-2\/#breadcrumb\"},\"inLanguage\":\"en-GB\",\"potentialAction\":[{\"@type\":\"ReadAction\",\"target\":[\"https:\/\/vinilozona.lt\/parduotuve\/jazz\/ella-fitzgerald-%e2%80%8e-the-best-of-ella-fitzgerald-2\/\"]}]},{\"@type\":\"ImageObject\",\"inLanguage\":\"en-GB\",\"@id\":\"https:\/\/vinilozona.lt\/parduotuve\/jazz\/ella-fitzgerald-%e2%80%8e-the-best-of-ella-fitzgerald-2\/#primaryimage\",\"url\":\"https:\/\/vinilozona.lt\/wp-content\/uploads\/2020\/01\/ella-fitzgerald-the-best-of-ella-fitzgerald-1-1.jpg\",\"contentUrl\":\"https:\/\/vinilozona.lt\/wp-content\/uploads\/2020\/01\/ella-fitzgerald-the-best-of-ella-fitzgerald-1-1.jpg\",\"width\":388,\"height\":291},{\"@type\":\"BreadcrumbList\",\"@id\":\"https:\/\/vinilozona.lt\/parduotuve\/jazz\/ella-fitzgerald-%e2%80%8e-the-best-of-ella-fitzgerald-2\/#breadcrumb\",\"itemListElement\":[{\"@type\":\"ListItem\",\"position\":1,\"name\":\"Home\",\"item\":\"https:\/\/vinilozona.lt\/\"},{\"@type\":\"ListItem\",\"position\":2,\"name\":\"Parduotuv\u0117\",\"item\":\"https:\/\/vinilozona.lt\/parduotuve\/\"},{\"@type\":\"ListItem\",\"position\":3,\"name\":\"Ella Fitzgerald \u200e\u2013 The Best Of Ella Fitzgerald\"}]},{\"@type\":\"WebSite\",\"@id\":\"https:\/\/vinilozona.lt\/#website\",\"url\":\"https:\/\/vinilozona.lt\/\",\"name\":\"Vinilo Zona\",\"description\":\"Nup\u016bsk dulkes ir klausyk LP\",\"potentialAction\":[{\"@type\":\"SearchAction\",\"target\":{\"@type\":\"EntryPoint\",\"urlTemplate\":\"https:\/\/vinilozona.lt\/?s={search_term_string}\"},\"query-input\":{\"@type\":\"PropertyValueSpecification\",\"valueRequired\":true,\"valueName\":\"search_term_string\"}}],\"inLanguage\":\"en-GB\"}]}<\/script>\n<!-- \/ Yoast SEO plugin. -->","yoast_head_json":{"title":"Ella Fitzgerald \u200e\u2013 The Best Of Ella Fitzgerald Vinilin\u0117 Plok\u0161tel\u0117 | Vinilozona.lt","robots":{"index":"index","follow":"follow","max-snippet":"max-snippet:-1","max-image-preview":"max-image-preview:large","max-video-preview":"max-video-preview:-1"},"canonical":"https:\/\/vinilozona.lt\/en\/parduotuve\/jazz\/ella-fitzgerald-\u200e-the-best-of-ella-fitzgerald-2\/","og_locale":"en_GB","og_type":"article","og_title":"Ella Fitzgerald \u200e\u2013 The Best Of Ella Fitzgerald Vinilin\u0117 Plok\u0161tel\u0117 | Vinilozona.lt","og_description":"5C 054-80276","og_url":"https:\/\/vinilozona.lt\/en\/parduotuve\/jazz\/ella-fitzgerald-\u200e-the-best-of-ella-fitzgerald-2\/","og_site_name":"Vinilo Zona","article_modified_time":"2020-01-06T19:26:29+00:00","og_image":[{"width":388,"height":291,"url":"https:\/\/vinilozona.lt\/wp-content\/uploads\/2020\/01\/ella-fitzgerald-the-best-of-ella-fitzgerald-1-1.jpg","type":"image\/jpeg"}],"twitter_card":"summary_large_image","schema":{"@context":"https:\/\/schema.org","@graph":[{"@type":"WebPage","@id":"https:\/\/vinilozona.lt\/parduotuve\/jazz\/ella-fitzgerald-%e2%80%8e-the-best-of-ella-fitzgerald-2\/","url":"https:\/\/vinilozona.lt\/parduotuve\/jazz\/ella-fitzgerald-%e2%80%8e-the-best-of-ella-fitzgerald-2\/","name":"Ella Fitzgerald \u200e\u2013 The Best Of Ella Fitzgerald Vinilin\u0117 Plok\u0161tel\u0117 | Vinilozona.lt","isPartOf":{"@id":"https:\/\/vinilozona.lt\/#website"},"primaryImageOfPage":{"@id":"https:\/\/vinilozona.lt\/parduotuve\/jazz\/ella-fitzgerald-%e2%80%8e-the-best-of-ella-fitzgerald-2\/#primaryimage"},"image":{"@id":"https:\/\/vinilozona.lt\/parduotuve\/jazz\/ella-fitzgerald-%e2%80%8e-the-best-of-ella-fitzgerald-2\/#primaryimage"},"thumbnailUrl":"https:\/\/vinilozona.lt\/wp-content\/uploads\/2020\/01\/ella-fitzgerald-the-best-of-ella-fitzgerald-1-1.jpg","datePublished":"2020-01-06T19:24:19+00:00","dateModified":"2020-01-06T19:26:29+00:00","breadcrumb":{"@id":"https:\/\/vinilozona.lt\/parduotuve\/jazz\/ella-fitzgerald-%e2%80%8e-the-best-of-ella-fitzgerald-2\/#breadcrumb"},"inLanguage":"en-GB","potentialAction":[{"@type":"ReadAction","target":["https:\/\/vinilozona.lt\/parduotuve\/jazz\/ella-fitzgerald-%e2%80%8e-the-best-of-ella-fitzgerald-2\/"]}]},{"@type":"ImageObject","inLanguage":"en-GB","@id":"https:\/\/vinilozona.lt\/parduotuve\/jazz\/ella-fitzgerald-%e2%80%8e-the-best-of-ella-fitzgerald-2\/#primaryimage","url":"https:\/\/vinilozona.lt\/wp-content\/uploads\/2020\/01\/ella-fitzgerald-the-best-of-ella-fitzgerald-1-1.jpg","contentUrl":"https:\/\/vinilozona.lt\/wp-content\/uploads\/2020\/01\/ella-fitzgerald-the-best-of-ella-fitzgerald-1-1.jpg","width":388,"height":291},{"@type":"BreadcrumbList","@id":"https:\/\/vinilozona.lt\/parduotuve\/jazz\/ella-fitzgerald-%e2%80%8e-the-best-of-ella-fitzgerald-2\/#breadcrumb","itemListElement":[{"@type":"ListItem","position":1,"name":"Home","item":"https:\/\/vinilozona.lt\/"},{"@type":"ListItem","position":2,"name":"Parduotuv\u0117","item":"https:\/\/vinilozona.lt\/parduotuve\/"},{"@type":"ListItem","position":3,"name":"Ella Fitzgerald \u200e\u2013 The Best Of Ella Fitzgerald"}]},{"@type":"WebSite","@id":"https:\/\/vinilozona.lt\/#website","url":"https:\/\/vinilozona.lt\/","name":"Vinilo Zona","description":"Nup\u016bsk dulkes ir klausyk LP","potentialAction":[{"@type":"SearchAction","target":{"@type":"EntryPoint","urlTemplate":"https:\/\/vinilozona.lt\/?s={search_term_string}"},"query-input":{"@type":"PropertyValueSpecification","valueRequired":true,"valueName":"search_term_string"}}],"inLanguage":"en-GB"}]}},"_links":{"self":[{"href":"https:\/\/vinilozona.lt\/en\/wp-json\/wp\/v2\/product\/2878"}],"collection":[{"href":"https:\/\/vinilozona.lt\/en\/wp-json\/wp\/v2\/product"}],"about":[{"href":"https:\/\/vinilozona.lt\/en\/wp-json\/wp\/v2\/types\/product"}],"wp:featuredmedia":[{"embeddable":true,"href":"https:\/\/vinilozona.lt\/en\/wp-json\/wp\/v2\/media\/2879"}],"wp:attachment":[{"href":"https:\/\/vinilozona.lt\/en\/wp-json\/wp\/v2\/media?parent=2878"}],"wp:term":[{"taxonomy":"product_cat","embeddable":true,"href":"https:\/\/vinilozona.lt\/en\/wp-json\/wp\/v2\/product_cat?post=2878"},{"taxonomy":"product_tag","embeddable":true,"href":"https:\/\/vinilozona.lt\/en\/wp-json\/wp\/v2\/product_tag?post=2878"}],"curies":[{"name":"wp","href":"https:\/\/api.w.org\/{rel}","templated":true}]}}