{"id":28735,"date":"2025-07-26T05:05:00","date_gmt":"2025-07-26T02:05:00","guid":{"rendered":"https:\/\/vinilozona.lt\/?post_type=product&#038;p=28735"},"modified":"2025-07-26T06:19:05","modified_gmt":"2025-07-26T03:19:05","slug":"electric-light-orchestra-live-1972-live-radio-broadcast","status":"publish","type":"product","link":"https:\/\/vinilozona.lt\/en\/parduotuve\/naujos-lp\/electric-light-orchestra-live-1972-live-radio-broadcast\/","title":{"rendered":"Electric Light Orchestra \u2013 Live 1972 &#8211; Live Radio Broadcast"},"content":{"rendered":"<p>A1\t\tNellie Takes Her Bow\t4:55<br \/>\nA2\t\tBattle Of Marston Moor (July 2ND, 1644)\t6:00<br \/>\nA3\t\tRoll Over Beethoven\t5:19<br \/>\nA4\t\tKuiama (Part 1)\t8:52<br \/>\nB1\t\tKuiama (Cont.)\t2:14<br \/>\nB2\t\tQueen Of The Hours\t3:34<br \/>\nB3\t\tJeff&#8217;s Boogie N0.2 (Aka In Old England Town &#8211; Boogie No.2)\t6:29<br \/>\nB4\t\tWhisper In The Night\t4:53<br \/>\nB5\t\tGreat Balls Of Fire\t5:29<br \/>\nB6\t\t10538 Overture\t2:25<\/p>","protected":false},"excerpt":{"rendered":"<p>Cult Legends \u2013 CL 98227<br \/>\nFormat:<br \/>\nVinyl, LP, Unofficial Release<br \/>\nCountry:  EU<br \/>\nReleased:<br \/>\n2025<\/p>","protected":false},"featured_media":28737,"template":"","meta":[],"product_cat":[23],"product_tag":[74],"yoast_head":"<!-- This site is optimized with the Yoast SEO plugin v23.5 - https:\/\/yoast.com\/wordpress\/plugins\/seo\/ -->\n<title>Electric Light Orchestra \u2013 Live 1972 - Live Radio Broadcast Vinilin\u0117 Plok\u0161tel\u0117 | Vinilozona.lt<\/title>\n<meta name=\"robots\" content=\"index, follow, max-snippet:-1, max-image-preview:large, max-video-preview:-1\" \/>\n<link rel=\"canonical\" href=\"https:\/\/vinilozona.lt\/en\/parduotuve\/naujos-lp\/electric-light-orchestra-live-1972-live-radio-broadcast\/\" \/>\n<meta property=\"og:locale\" content=\"en_GB\" \/>\n<meta property=\"og:type\" content=\"article\" \/>\n<meta property=\"og:title\" content=\"Electric Light Orchestra \u2013 Live 1972 - Live Radio Broadcast Vinilin\u0117 Plok\u0161tel\u0117 | Vinilozona.lt\" \/>\n<meta property=\"og:description\" content=\"Cult Legends \u2013 CL 98227 Format: Vinyl, LP, Unofficial Release Country: EU Released: 2025\" \/>\n<meta property=\"og:url\" content=\"https:\/\/vinilozona.lt\/en\/parduotuve\/naujos-lp\/electric-light-orchestra-live-1972-live-radio-broadcast\/\" \/>\n<meta property=\"og:site_name\" content=\"Vinilo Zona\" \/>\n<meta property=\"article:modified_time\" content=\"2025-07-26T03:19:05+00:00\" \/>\n<meta property=\"og:image\" content=\"https:\/\/vinilozona.lt\/wp-content\/uploads\/2025\/07\/R-34397785-1751130831-2843-1.jpg\" \/>\n\t<meta property=\"og:image:width\" content=\"592\" \/>\n\t<meta property=\"og:image:height\" content=\"599\" \/>\n\t<meta property=\"og:image:type\" content=\"image\/jpeg\" \/>\n<meta name=\"twitter:card\" content=\"summary_large_image\" \/>\n<meta name=\"twitter:label1\" content=\"Estimated reading time\" \/>\n\t<meta name=\"twitter:data1\" content=\"1 minute\" \/>\n<script type=\"application\/ld+json\" class=\"yoast-schema-graph\">{\"@context\":\"https:\/\/schema.org\",\"@graph\":[{\"@type\":\"WebPage\",\"@id\":\"https:\/\/vinilozona.lt\/parduotuve\/naujos-lp\/electric-light-orchestra-live-1972-live-radio-broadcast\/\",\"url\":\"https:\/\/vinilozona.lt\/parduotuve\/naujos-lp\/electric-light-orchestra-live-1972-live-radio-broadcast\/\",\"name\":\"Electric Light Orchestra \u2013 Live 1972 - Live Radio Broadcast Vinilin\u0117 Plok\u0161tel\u0117 | Vinilozona.lt\",\"isPartOf\":{\"@id\":\"https:\/\/vinilozona.lt\/#website\"},\"primaryImageOfPage\":{\"@id\":\"https:\/\/vinilozona.lt\/parduotuve\/naujos-lp\/electric-light-orchestra-live-1972-live-radio-broadcast\/#primaryimage\"},\"image\":{\"@id\":\"https:\/\/vinilozona.lt\/parduotuve\/naujos-lp\/electric-light-orchestra-live-1972-live-radio-broadcast\/#primaryimage\"},\"thumbnailUrl\":\"https:\/\/vinilozona.lt\/wp-content\/uploads\/2025\/07\/R-34397785-1751130831-2843-1.jpg\",\"datePublished\":\"2025-07-26T02:05:00+00:00\",\"dateModified\":\"2025-07-26T03:19:05+00:00\",\"breadcrumb\":{\"@id\":\"https:\/\/vinilozona.lt\/parduotuve\/naujos-lp\/electric-light-orchestra-live-1972-live-radio-broadcast\/#breadcrumb\"},\"inLanguage\":\"en-GB\",\"potentialAction\":[{\"@type\":\"ReadAction\",\"target\":[\"https:\/\/vinilozona.lt\/parduotuve\/naujos-lp\/electric-light-orchestra-live-1972-live-radio-broadcast\/\"]}]},{\"@type\":\"ImageObject\",\"inLanguage\":\"en-GB\",\"@id\":\"https:\/\/vinilozona.lt\/parduotuve\/naujos-lp\/electric-light-orchestra-live-1972-live-radio-broadcast\/#primaryimage\",\"url\":\"https:\/\/vinilozona.lt\/wp-content\/uploads\/2025\/07\/R-34397785-1751130831-2843-1.jpg\",\"contentUrl\":\"https:\/\/vinilozona.lt\/wp-content\/uploads\/2025\/07\/R-34397785-1751130831-2843-1.jpg\",\"width\":592,\"height\":599},{\"@type\":\"BreadcrumbList\",\"@id\":\"https:\/\/vinilozona.lt\/parduotuve\/naujos-lp\/electric-light-orchestra-live-1972-live-radio-broadcast\/#breadcrumb\",\"itemListElement\":[{\"@type\":\"ListItem\",\"position\":1,\"name\":\"Home\",\"item\":\"https:\/\/vinilozona.lt\/\"},{\"@type\":\"ListItem\",\"position\":2,\"name\":\"Parduotuv\u0117\",\"item\":\"https:\/\/vinilozona.lt\/parduotuve\/\"},{\"@type\":\"ListItem\",\"position\":3,\"name\":\"Electric Light Orchestra \u2013 Live 1972 &#8211; Live Radio Broadcast\"}]},{\"@type\":\"WebSite\",\"@id\":\"https:\/\/vinilozona.lt\/#website\",\"url\":\"https:\/\/vinilozona.lt\/\",\"name\":\"Vinilo Zona\",\"description\":\"Nup\u016bsk dulkes ir klausyk LP\",\"potentialAction\":[{\"@type\":\"SearchAction\",\"target\":{\"@type\":\"EntryPoint\",\"urlTemplate\":\"https:\/\/vinilozona.lt\/?s={search_term_string}\"},\"query-input\":{\"@type\":\"PropertyValueSpecification\",\"valueRequired\":true,\"valueName\":\"search_term_string\"}}],\"inLanguage\":\"en-GB\"}]}<\/script>\n<!-- \/ Yoast SEO plugin. -->","yoast_head_json":{"title":"Electric Light Orchestra \u2013 Live 1972 - Live Radio Broadcast Vinilin\u0117 Plok\u0161tel\u0117 | Vinilozona.lt","robots":{"index":"index","follow":"follow","max-snippet":"max-snippet:-1","max-image-preview":"max-image-preview:large","max-video-preview":"max-video-preview:-1"},"canonical":"https:\/\/vinilozona.lt\/en\/parduotuve\/naujos-lp\/electric-light-orchestra-live-1972-live-radio-broadcast\/","og_locale":"en_GB","og_type":"article","og_title":"Electric Light Orchestra \u2013 Live 1972 - Live Radio Broadcast Vinilin\u0117 Plok\u0161tel\u0117 | Vinilozona.lt","og_description":"Cult Legends \u2013 CL 98227 Format: Vinyl, LP, Unofficial Release Country: EU Released: 2025","og_url":"https:\/\/vinilozona.lt\/en\/parduotuve\/naujos-lp\/electric-light-orchestra-live-1972-live-radio-broadcast\/","og_site_name":"Vinilo Zona","article_modified_time":"2025-07-26T03:19:05+00:00","og_image":[{"width":592,"height":599,"url":"https:\/\/vinilozona.lt\/wp-content\/uploads\/2025\/07\/R-34397785-1751130831-2843-1.jpg","type":"image\/jpeg"}],"twitter_card":"summary_large_image","twitter_misc":{"Estimated reading time":"1 minute"},"schema":{"@context":"https:\/\/schema.org","@graph":[{"@type":"WebPage","@id":"https:\/\/vinilozona.lt\/parduotuve\/naujos-lp\/electric-light-orchestra-live-1972-live-radio-broadcast\/","url":"https:\/\/vinilozona.lt\/parduotuve\/naujos-lp\/electric-light-orchestra-live-1972-live-radio-broadcast\/","name":"Electric Light Orchestra \u2013 Live 1972 - Live Radio Broadcast Vinilin\u0117 Plok\u0161tel\u0117 | Vinilozona.lt","isPartOf":{"@id":"https:\/\/vinilozona.lt\/#website"},"primaryImageOfPage":{"@id":"https:\/\/vinilozona.lt\/parduotuve\/naujos-lp\/electric-light-orchestra-live-1972-live-radio-broadcast\/#primaryimage"},"image":{"@id":"https:\/\/vinilozona.lt\/parduotuve\/naujos-lp\/electric-light-orchestra-live-1972-live-radio-broadcast\/#primaryimage"},"thumbnailUrl":"https:\/\/vinilozona.lt\/wp-content\/uploads\/2025\/07\/R-34397785-1751130831-2843-1.jpg","datePublished":"2025-07-26T02:05:00+00:00","dateModified":"2025-07-26T03:19:05+00:00","breadcrumb":{"@id":"https:\/\/vinilozona.lt\/parduotuve\/naujos-lp\/electric-light-orchestra-live-1972-live-radio-broadcast\/#breadcrumb"},"inLanguage":"en-GB","potentialAction":[{"@type":"ReadAction","target":["https:\/\/vinilozona.lt\/parduotuve\/naujos-lp\/electric-light-orchestra-live-1972-live-radio-broadcast\/"]}]},{"@type":"ImageObject","inLanguage":"en-GB","@id":"https:\/\/vinilozona.lt\/parduotuve\/naujos-lp\/electric-light-orchestra-live-1972-live-radio-broadcast\/#primaryimage","url":"https:\/\/vinilozona.lt\/wp-content\/uploads\/2025\/07\/R-34397785-1751130831-2843-1.jpg","contentUrl":"https:\/\/vinilozona.lt\/wp-content\/uploads\/2025\/07\/R-34397785-1751130831-2843-1.jpg","width":592,"height":599},{"@type":"BreadcrumbList","@id":"https:\/\/vinilozona.lt\/parduotuve\/naujos-lp\/electric-light-orchestra-live-1972-live-radio-broadcast\/#breadcrumb","itemListElement":[{"@type":"ListItem","position":1,"name":"Home","item":"https:\/\/vinilozona.lt\/"},{"@type":"ListItem","position":2,"name":"Parduotuv\u0117","item":"https:\/\/vinilozona.lt\/parduotuve\/"},{"@type":"ListItem","position":3,"name":"Electric Light Orchestra \u2013 Live 1972 &#8211; Live Radio Broadcast"}]},{"@type":"WebSite","@id":"https:\/\/vinilozona.lt\/#website","url":"https:\/\/vinilozona.lt\/","name":"Vinilo Zona","description":"Nup\u016bsk dulkes ir klausyk LP","potentialAction":[{"@type":"SearchAction","target":{"@type":"EntryPoint","urlTemplate":"https:\/\/vinilozona.lt\/?s={search_term_string}"},"query-input":{"@type":"PropertyValueSpecification","valueRequired":true,"valueName":"search_term_string"}}],"inLanguage":"en-GB"}]}},"_links":{"self":[{"href":"https:\/\/vinilozona.lt\/en\/wp-json\/wp\/v2\/product\/28735"}],"collection":[{"href":"https:\/\/vinilozona.lt\/en\/wp-json\/wp\/v2\/product"}],"about":[{"href":"https:\/\/vinilozona.lt\/en\/wp-json\/wp\/v2\/types\/product"}],"wp:featuredmedia":[{"embeddable":true,"href":"https:\/\/vinilozona.lt\/en\/wp-json\/wp\/v2\/media\/28737"}],"wp:attachment":[{"href":"https:\/\/vinilozona.lt\/en\/wp-json\/wp\/v2\/media?parent=28735"}],"wp:term":[{"taxonomy":"product_cat","embeddable":true,"href":"https:\/\/vinilozona.lt\/en\/wp-json\/wp\/v2\/product_cat?post=28735"},{"taxonomy":"product_tag","embeddable":true,"href":"https:\/\/vinilozona.lt\/en\/wp-json\/wp\/v2\/product_tag?post=28735"}],"curies":[{"name":"wp","href":"https:\/\/api.w.org\/{rel}","templated":true}]}}