{"id":28695,"date":"2025-07-21T05:40:41","date_gmt":"2025-07-21T02:40:41","guid":{"rendered":"https:\/\/vinilozona.lt\/?post_type=product&#038;p=28695"},"modified":"2025-07-21T06:55:58","modified_gmt":"2025-07-21T03:55:58","slug":"pavarotti-friends-for-the-children-of-bosnia-cd","status":"publish","type":"product","link":"https:\/\/vinilozona.lt\/en\/parduotuve\/cd\/naudoti-cd\/pavarotti-friends-for-the-children-of-bosnia-cd\/","title":{"rendered":"Pavarotti &#038; Friends \u2013 For The Children Of Bosnia  CD"},"content":{"rendered":"<p>Zucchero\u2013\tPer Colpa Di Chi?\t3:54<br \/>\nLuciano Pavarotti \u2022 Jovanotti\u2013\tSerenta Rap\/Mattinata\t4:13<br \/>\nNenad Bach\u2013\tCan We Go Higher?\t4:18<br \/>\nLuciano Pavarotti \u2022 Simon Le Bon\u2013\tOrdinary World\t5:44<br \/>\nGam Gam\u2013\tClap Clap\t4:46<br \/>\nBrian Eno \u2022 Bono And The Edge \u2022 Luciano Pavarotti\u2013\tMiss Sarajevo\t6:07<br \/>\nLuciano Pavarotti \u2022 Zucchero\u2013\tCos\u00ec Celeste\t4:44<br \/>\nDolores O&#8217;Riordan \u2022 Simon Le Bon\u2013\tLinger\t4:36<br \/>\nLuciano Pavarotti \u2022 Meat Loaf\u2013\tCome Back To Sorrento\t3:08<br \/>\nJovanotti\u2013\tPenso Positivo\t6:00<br \/>\nLuciano Pavarotti \u2022 Michael Bolton\u2013\tVesti La Giubba\t3:17<br \/>\nMeat Loaf\u2013\tHeaven Can Wait\t5:09<br \/>\nLuciano Pavarotti \u2022 Dolores O&#8217;Riordan With The London Voices*\u2013\tAve Maria\t3:53<br \/>\nBrian Eno \u2022 Bono And The Edge\u2013\tOne\t4:55<br \/>\nThe Chieftains\u2013\tThe Long Black Veil (Medley)\t5:09<br \/>\nLuciano Pavarotti \u2022 The Chieftains\u2013\tFunicul\u00ec, Funicul\u00e0\t2:11<br \/>\nLuciano Pavarotti \u2022 Bono \u2022 The Edge \u2022 Brian Eno \u2022 Jovanotti \u2022 Dolores O&#8217;Riordan \u2022 Meat Loaf \u2022 Michael Bolton \u2022 Nenad Bach \u2022 Simon Le Bon \u2022 Zucchero\u2013\tN<\/p>","protected":false},"excerpt":{"rendered":"<p>Decca \u2013 452 100-2<br \/>\nSeries:<br \/>\nWar Child<br \/>\nFormat:<br \/>\nCD, Album<br \/>\nCountry:<br \/>\nEurope<br \/>\nReleased: 1996<\/p>","protected":false},"featured_media":28696,"template":"","meta":[],"product_cat":[24,946],"product_tag":[44],"yoast_head":"<!-- This site is optimized with the Yoast SEO plugin v23.5 - https:\/\/yoast.com\/wordpress\/plugins\/seo\/ -->\n<title>Pavarotti &amp; Friends \u2013 For The Children Of Bosnia CD Vinilin\u0117 Plok\u0161tel\u0117 | Vinilozona.lt<\/title>\n<meta name=\"robots\" content=\"index, follow, max-snippet:-1, max-image-preview:large, max-video-preview:-1\" \/>\n<link rel=\"canonical\" href=\"https:\/\/vinilozona.lt\/en\/parduotuve\/cd\/naudoti-cd\/pavarotti-friends-for-the-children-of-bosnia-cd\/\" \/>\n<meta property=\"og:locale\" content=\"en_GB\" \/>\n<meta property=\"og:type\" content=\"article\" \/>\n<meta property=\"og:title\" content=\"Pavarotti &amp; Friends \u2013 For The Children Of Bosnia CD Vinilin\u0117 Plok\u0161tel\u0117 | Vinilozona.lt\" \/>\n<meta property=\"og:description\" content=\"Decca \u2013 452 100-2 Series: War Child Format: CD, Album Country: Europe Released: 1996\" \/>\n<meta property=\"og:url\" content=\"https:\/\/vinilozona.lt\/en\/parduotuve\/cd\/naudoti-cd\/pavarotti-friends-for-the-children-of-bosnia-cd\/\" \/>\n<meta property=\"og:site_name\" content=\"Vinilo Zona\" \/>\n<meta property=\"article:modified_time\" content=\"2025-07-21T03:55:58+00:00\" \/>\n<meta property=\"og:image\" content=\"https:\/\/vinilozona.lt\/wp-content\/uploads\/2025\/07\/R-2873955-1629530828-5170.jpg\" \/>\n\t<meta property=\"og:image:width\" content=\"598\" \/>\n\t<meta property=\"og:image:height\" content=\"599\" \/>\n\t<meta property=\"og:image:type\" content=\"image\/jpeg\" \/>\n<meta name=\"twitter:card\" content=\"summary_large_image\" \/>\n<meta name=\"twitter:label1\" content=\"Estimated reading time\" \/>\n\t<meta name=\"twitter:data1\" content=\"1 minute\" \/>\n<script type=\"application\/ld+json\" class=\"yoast-schema-graph\">{\"@context\":\"https:\/\/schema.org\",\"@graph\":[{\"@type\":\"WebPage\",\"@id\":\"https:\/\/vinilozona.lt\/parduotuve\/cd\/naudoti-cd\/pavarotti-friends-for-the-children-of-bosnia-cd\/\",\"url\":\"https:\/\/vinilozona.lt\/parduotuve\/cd\/naudoti-cd\/pavarotti-friends-for-the-children-of-bosnia-cd\/\",\"name\":\"Pavarotti & Friends \u2013 For The Children Of Bosnia CD Vinilin\u0117 Plok\u0161tel\u0117 | Vinilozona.lt\",\"isPartOf\":{\"@id\":\"https:\/\/vinilozona.lt\/#website\"},\"primaryImageOfPage\":{\"@id\":\"https:\/\/vinilozona.lt\/parduotuve\/cd\/naudoti-cd\/pavarotti-friends-for-the-children-of-bosnia-cd\/#primaryimage\"},\"image\":{\"@id\":\"https:\/\/vinilozona.lt\/parduotuve\/cd\/naudoti-cd\/pavarotti-friends-for-the-children-of-bosnia-cd\/#primaryimage\"},\"thumbnailUrl\":\"https:\/\/vinilozona.lt\/wp-content\/uploads\/2025\/07\/R-2873955-1629530828-5170.jpg\",\"datePublished\":\"2025-07-21T02:40:41+00:00\",\"dateModified\":\"2025-07-21T03:55:58+00:00\",\"breadcrumb\":{\"@id\":\"https:\/\/vinilozona.lt\/parduotuve\/cd\/naudoti-cd\/pavarotti-friends-for-the-children-of-bosnia-cd\/#breadcrumb\"},\"inLanguage\":\"en-GB\",\"potentialAction\":[{\"@type\":\"ReadAction\",\"target\":[\"https:\/\/vinilozona.lt\/parduotuve\/cd\/naudoti-cd\/pavarotti-friends-for-the-children-of-bosnia-cd\/\"]}]},{\"@type\":\"ImageObject\",\"inLanguage\":\"en-GB\",\"@id\":\"https:\/\/vinilozona.lt\/parduotuve\/cd\/naudoti-cd\/pavarotti-friends-for-the-children-of-bosnia-cd\/#primaryimage\",\"url\":\"https:\/\/vinilozona.lt\/wp-content\/uploads\/2025\/07\/R-2873955-1629530828-5170.jpg\",\"contentUrl\":\"https:\/\/vinilozona.lt\/wp-content\/uploads\/2025\/07\/R-2873955-1629530828-5170.jpg\",\"width\":598,\"height\":599},{\"@type\":\"BreadcrumbList\",\"@id\":\"https:\/\/vinilozona.lt\/parduotuve\/cd\/naudoti-cd\/pavarotti-friends-for-the-children-of-bosnia-cd\/#breadcrumb\",\"itemListElement\":[{\"@type\":\"ListItem\",\"position\":1,\"name\":\"Home\",\"item\":\"https:\/\/vinilozona.lt\/\"},{\"@type\":\"ListItem\",\"position\":2,\"name\":\"Parduotuv\u0117\",\"item\":\"https:\/\/vinilozona.lt\/parduotuve\/\"},{\"@type\":\"ListItem\",\"position\":3,\"name\":\"Pavarotti &#038; Friends \u2013 For The Children Of Bosnia CD\"}]},{\"@type\":\"WebSite\",\"@id\":\"https:\/\/vinilozona.lt\/#website\",\"url\":\"https:\/\/vinilozona.lt\/\",\"name\":\"Vinilo Zona\",\"description\":\"Nup\u016bsk dulkes ir klausyk LP\",\"potentialAction\":[{\"@type\":\"SearchAction\",\"target\":{\"@type\":\"EntryPoint\",\"urlTemplate\":\"https:\/\/vinilozona.lt\/?s={search_term_string}\"},\"query-input\":{\"@type\":\"PropertyValueSpecification\",\"valueRequired\":true,\"valueName\":\"search_term_string\"}}],\"inLanguage\":\"en-GB\"}]}<\/script>\n<!-- \/ Yoast SEO plugin. -->","yoast_head_json":{"title":"Pavarotti & Friends \u2013 For The Children Of Bosnia CD Vinilin\u0117 Plok\u0161tel\u0117 | Vinilozona.lt","robots":{"index":"index","follow":"follow","max-snippet":"max-snippet:-1","max-image-preview":"max-image-preview:large","max-video-preview":"max-video-preview:-1"},"canonical":"https:\/\/vinilozona.lt\/en\/parduotuve\/cd\/naudoti-cd\/pavarotti-friends-for-the-children-of-bosnia-cd\/","og_locale":"en_GB","og_type":"article","og_title":"Pavarotti & Friends \u2013 For The Children Of Bosnia CD Vinilin\u0117 Plok\u0161tel\u0117 | Vinilozona.lt","og_description":"Decca \u2013 452 100-2 Series: War Child Format: CD, Album Country: Europe Released: 1996","og_url":"https:\/\/vinilozona.lt\/en\/parduotuve\/cd\/naudoti-cd\/pavarotti-friends-for-the-children-of-bosnia-cd\/","og_site_name":"Vinilo Zona","article_modified_time":"2025-07-21T03:55:58+00:00","og_image":[{"width":598,"height":599,"url":"https:\/\/vinilozona.lt\/wp-content\/uploads\/2025\/07\/R-2873955-1629530828-5170.jpg","type":"image\/jpeg"}],"twitter_card":"summary_large_image","twitter_misc":{"Estimated reading time":"1 minute"},"schema":{"@context":"https:\/\/schema.org","@graph":[{"@type":"WebPage","@id":"https:\/\/vinilozona.lt\/parduotuve\/cd\/naudoti-cd\/pavarotti-friends-for-the-children-of-bosnia-cd\/","url":"https:\/\/vinilozona.lt\/parduotuve\/cd\/naudoti-cd\/pavarotti-friends-for-the-children-of-bosnia-cd\/","name":"Pavarotti & Friends \u2013 For The Children Of Bosnia CD Vinilin\u0117 Plok\u0161tel\u0117 | Vinilozona.lt","isPartOf":{"@id":"https:\/\/vinilozona.lt\/#website"},"primaryImageOfPage":{"@id":"https:\/\/vinilozona.lt\/parduotuve\/cd\/naudoti-cd\/pavarotti-friends-for-the-children-of-bosnia-cd\/#primaryimage"},"image":{"@id":"https:\/\/vinilozona.lt\/parduotuve\/cd\/naudoti-cd\/pavarotti-friends-for-the-children-of-bosnia-cd\/#primaryimage"},"thumbnailUrl":"https:\/\/vinilozona.lt\/wp-content\/uploads\/2025\/07\/R-2873955-1629530828-5170.jpg","datePublished":"2025-07-21T02:40:41+00:00","dateModified":"2025-07-21T03:55:58+00:00","breadcrumb":{"@id":"https:\/\/vinilozona.lt\/parduotuve\/cd\/naudoti-cd\/pavarotti-friends-for-the-children-of-bosnia-cd\/#breadcrumb"},"inLanguage":"en-GB","potentialAction":[{"@type":"ReadAction","target":["https:\/\/vinilozona.lt\/parduotuve\/cd\/naudoti-cd\/pavarotti-friends-for-the-children-of-bosnia-cd\/"]}]},{"@type":"ImageObject","inLanguage":"en-GB","@id":"https:\/\/vinilozona.lt\/parduotuve\/cd\/naudoti-cd\/pavarotti-friends-for-the-children-of-bosnia-cd\/#primaryimage","url":"https:\/\/vinilozona.lt\/wp-content\/uploads\/2025\/07\/R-2873955-1629530828-5170.jpg","contentUrl":"https:\/\/vinilozona.lt\/wp-content\/uploads\/2025\/07\/R-2873955-1629530828-5170.jpg","width":598,"height":599},{"@type":"BreadcrumbList","@id":"https:\/\/vinilozona.lt\/parduotuve\/cd\/naudoti-cd\/pavarotti-friends-for-the-children-of-bosnia-cd\/#breadcrumb","itemListElement":[{"@type":"ListItem","position":1,"name":"Home","item":"https:\/\/vinilozona.lt\/"},{"@type":"ListItem","position":2,"name":"Parduotuv\u0117","item":"https:\/\/vinilozona.lt\/parduotuve\/"},{"@type":"ListItem","position":3,"name":"Pavarotti &#038; Friends \u2013 For The Children Of Bosnia CD"}]},{"@type":"WebSite","@id":"https:\/\/vinilozona.lt\/#website","url":"https:\/\/vinilozona.lt\/","name":"Vinilo Zona","description":"Nup\u016bsk dulkes ir klausyk LP","potentialAction":[{"@type":"SearchAction","target":{"@type":"EntryPoint","urlTemplate":"https:\/\/vinilozona.lt\/?s={search_term_string}"},"query-input":{"@type":"PropertyValueSpecification","valueRequired":true,"valueName":"search_term_string"}}],"inLanguage":"en-GB"}]}},"_links":{"self":[{"href":"https:\/\/vinilozona.lt\/en\/wp-json\/wp\/v2\/product\/28695"}],"collection":[{"href":"https:\/\/vinilozona.lt\/en\/wp-json\/wp\/v2\/product"}],"about":[{"href":"https:\/\/vinilozona.lt\/en\/wp-json\/wp\/v2\/types\/product"}],"wp:featuredmedia":[{"embeddable":true,"href":"https:\/\/vinilozona.lt\/en\/wp-json\/wp\/v2\/media\/28696"}],"wp:attachment":[{"href":"https:\/\/vinilozona.lt\/en\/wp-json\/wp\/v2\/media?parent=28695"}],"wp:term":[{"taxonomy":"product_cat","embeddable":true,"href":"https:\/\/vinilozona.lt\/en\/wp-json\/wp\/v2\/product_cat?post=28695"},{"taxonomy":"product_tag","embeddable":true,"href":"https:\/\/vinilozona.lt\/en\/wp-json\/wp\/v2\/product_tag?post=28695"}],"curies":[{"name":"wp","href":"https:\/\/api.w.org\/{rel}","templated":true}]}}