{"id":28691,"date":"2025-07-21T05:31:02","date_gmt":"2025-07-21T02:31:02","guid":{"rendered":"https:\/\/vinilozona.lt\/?post_type=product&#038;p=28691"},"modified":"2025-08-29T21:58:01","modified_gmt":"2025-08-29T18:58:01","slug":"john-lennon-the-john-lennon-collection-cd","status":"publish","type":"product","link":"https:\/\/vinilozona.lt\/en\/parduotuve\/cd\/naudoti-cd\/john-lennon-the-john-lennon-collection-cd\/","title":{"rendered":"John Lennon \u2013 The John Lennon Collection  CD"},"content":{"rendered":"<p>1\tJohn Lennon\u2013\tGive Peace A Chance  4:54<br \/>\n2\tJohn Lennon &#038; The Plastic Ono Band\u2013\tInstant Karma\t3:22<br \/>\n3\tJohn Lennon &#038; The Plastic Ono Band\u2013\tPower To The People\t3:18<br \/>\n4\tJohn Lennon\u2013\tWhatever Gets You Thru The Night\t3:20<br \/>\n5\tJohn Lennon\u2013\t#9 Dream\t4:48<br \/>\n6\tJohn Lennon\u2013\tMind Games\t4:14<br \/>\n7\tJohn Lennon &#038; The Plastic Ono Band\u2013\tLove\t3:24<br \/>\n8\tJohn Lennon &#038; The Plastic Ono Band\u2013\tHappy Xmas (War Is Over)\t3:35<br \/>\n9\tJohn Lennon\u2013\tImagine\t3:05<br \/>\n10\tJohn Lennon\u2013\tJealous Guy\t4:17<br \/>\n11\tJohn Lennon\u2013\tStand By Me\t3:27<br \/>\n12\tJohn Lennon &#038; Yoko Ono\u2013\t(Just Like) Starting Over\t3:57<br \/>\n13\tJohn Lennon &#038; Yoko Ono\u2013\tWoman\t3:28<br \/>\n14\tJohn Lennon &#038; Yoko Ono\u2013\tI&#8217;m Losing You\t4:00<br \/>\n15\tJohn Lennon &#038; Yoko Ono\u2013\tBeautiful Boy (Darling Boy)\t4:03<br \/>\n16\tJohn Lennon &#038; Yoko Ono\u2013\tWatching The Wheels\t3:33<br \/>\n17\tJohn Lennon &#038; Yoko Ono\u2013\tDear Yoko\t2:35<br \/>\n18\tJohn Lennon\u2013\tMove Over Ms. L.\t2:<\/p>","protected":false},"excerpt":{"rendered":"<p>Parlophone \u2013 0777 791516 2 2, Parlophone \u2013 7915162, Parlophone \u2013 CDEMTV 37<br \/>\nFormat:<br \/>\nCD, Compilation<br \/>\nCountry:<br \/>\nUK &#038; Europe<br \/>\nReleased:<br \/>\n1989<\/p>","protected":false},"featured_media":28692,"template":"","meta":[],"product_cat":[24,946],"product_tag":[44],"yoast_head":"<!-- This site is optimized with the Yoast SEO plugin v23.5 - https:\/\/yoast.com\/wordpress\/plugins\/seo\/ -->\n<title>John Lennon \u2013 The John Lennon Collection CD Vinilin\u0117 Plok\u0161tel\u0117 | Vinilozona.lt<\/title>\n<meta name=\"robots\" content=\"index, follow, max-snippet:-1, max-image-preview:large, max-video-preview:-1\" \/>\n<link rel=\"canonical\" href=\"https:\/\/vinilozona.lt\/en\/parduotuve\/cd\/naudoti-cd\/john-lennon-the-john-lennon-collection-cd\/\" \/>\n<meta property=\"og:locale\" content=\"en_GB\" \/>\n<meta property=\"og:type\" content=\"article\" \/>\n<meta property=\"og:title\" content=\"John Lennon \u2013 The John Lennon Collection CD Vinilin\u0117 Plok\u0161tel\u0117 | Vinilozona.lt\" \/>\n<meta property=\"og:description\" content=\"Parlophone \u2013 0777 791516 2 2, Parlophone \u2013 7915162, Parlophone \u2013 CDEMTV 37 Format: CD, Compilation Country: UK &amp; Europe Released: 1989\" \/>\n<meta property=\"og:url\" content=\"https:\/\/vinilozona.lt\/en\/parduotuve\/cd\/naudoti-cd\/john-lennon-the-john-lennon-collection-cd\/\" \/>\n<meta property=\"og:site_name\" content=\"Vinilo Zona\" \/>\n<meta property=\"article:modified_time\" content=\"2025-08-29T18:58:01+00:00\" \/>\n<meta property=\"og:image\" content=\"https:\/\/vinilozona.lt\/wp-content\/uploads\/2025\/07\/R-4110236-1355574106-1015.jpg\" \/>\n\t<meta property=\"og:image:width\" content=\"597\" \/>\n\t<meta property=\"og:image:height\" content=\"599\" \/>\n\t<meta property=\"og:image:type\" content=\"image\/jpeg\" \/>\n<meta name=\"twitter:card\" content=\"summary_large_image\" \/>\n<meta name=\"twitter:label1\" content=\"Estimated reading time\" \/>\n\t<meta name=\"twitter:data1\" content=\"1 minute\" \/>\n<script type=\"application\/ld+json\" class=\"yoast-schema-graph\">{\"@context\":\"https:\/\/schema.org\",\"@graph\":[{\"@type\":\"WebPage\",\"@id\":\"https:\/\/vinilozona.lt\/parduotuve\/cd\/naudoti-cd\/john-lennon-the-john-lennon-collection-cd\/\",\"url\":\"https:\/\/vinilozona.lt\/parduotuve\/cd\/naudoti-cd\/john-lennon-the-john-lennon-collection-cd\/\",\"name\":\"John Lennon \u2013 The John Lennon Collection CD Vinilin\u0117 Plok\u0161tel\u0117 | Vinilozona.lt\",\"isPartOf\":{\"@id\":\"https:\/\/vinilozona.lt\/#website\"},\"primaryImageOfPage\":{\"@id\":\"https:\/\/vinilozona.lt\/parduotuve\/cd\/naudoti-cd\/john-lennon-the-john-lennon-collection-cd\/#primaryimage\"},\"image\":{\"@id\":\"https:\/\/vinilozona.lt\/parduotuve\/cd\/naudoti-cd\/john-lennon-the-john-lennon-collection-cd\/#primaryimage\"},\"thumbnailUrl\":\"https:\/\/vinilozona.lt\/wp-content\/uploads\/2025\/07\/R-4110236-1355574106-1015.jpg\",\"datePublished\":\"2025-07-21T02:31:02+00:00\",\"dateModified\":\"2025-08-29T18:58:01+00:00\",\"breadcrumb\":{\"@id\":\"https:\/\/vinilozona.lt\/parduotuve\/cd\/naudoti-cd\/john-lennon-the-john-lennon-collection-cd\/#breadcrumb\"},\"inLanguage\":\"en-GB\",\"potentialAction\":[{\"@type\":\"ReadAction\",\"target\":[\"https:\/\/vinilozona.lt\/parduotuve\/cd\/naudoti-cd\/john-lennon-the-john-lennon-collection-cd\/\"]}]},{\"@type\":\"ImageObject\",\"inLanguage\":\"en-GB\",\"@id\":\"https:\/\/vinilozona.lt\/parduotuve\/cd\/naudoti-cd\/john-lennon-the-john-lennon-collection-cd\/#primaryimage\",\"url\":\"https:\/\/vinilozona.lt\/wp-content\/uploads\/2025\/07\/R-4110236-1355574106-1015.jpg\",\"contentUrl\":\"https:\/\/vinilozona.lt\/wp-content\/uploads\/2025\/07\/R-4110236-1355574106-1015.jpg\",\"width\":597,\"height\":599},{\"@type\":\"BreadcrumbList\",\"@id\":\"https:\/\/vinilozona.lt\/parduotuve\/cd\/naudoti-cd\/john-lennon-the-john-lennon-collection-cd\/#breadcrumb\",\"itemListElement\":[{\"@type\":\"ListItem\",\"position\":1,\"name\":\"Home\",\"item\":\"https:\/\/vinilozona.lt\/\"},{\"@type\":\"ListItem\",\"position\":2,\"name\":\"Parduotuv\u0117\",\"item\":\"https:\/\/vinilozona.lt\/parduotuve\/\"},{\"@type\":\"ListItem\",\"position\":3,\"name\":\"John Lennon \u2013 The John Lennon Collection CD\"}]},{\"@type\":\"WebSite\",\"@id\":\"https:\/\/vinilozona.lt\/#website\",\"url\":\"https:\/\/vinilozona.lt\/\",\"name\":\"Vinilo Zona\",\"description\":\"Nup\u016bsk dulkes ir klausyk LP\",\"potentialAction\":[{\"@type\":\"SearchAction\",\"target\":{\"@type\":\"EntryPoint\",\"urlTemplate\":\"https:\/\/vinilozona.lt\/?s={search_term_string}\"},\"query-input\":{\"@type\":\"PropertyValueSpecification\",\"valueRequired\":true,\"valueName\":\"search_term_string\"}}],\"inLanguage\":\"en-GB\"}]}<\/script>\n<!-- \/ Yoast SEO plugin. -->","yoast_head_json":{"title":"John Lennon \u2013 The John Lennon Collection CD Vinilin\u0117 Plok\u0161tel\u0117 | Vinilozona.lt","robots":{"index":"index","follow":"follow","max-snippet":"max-snippet:-1","max-image-preview":"max-image-preview:large","max-video-preview":"max-video-preview:-1"},"canonical":"https:\/\/vinilozona.lt\/en\/parduotuve\/cd\/naudoti-cd\/john-lennon-the-john-lennon-collection-cd\/","og_locale":"en_GB","og_type":"article","og_title":"John Lennon \u2013 The John Lennon Collection CD Vinilin\u0117 Plok\u0161tel\u0117 | Vinilozona.lt","og_description":"Parlophone \u2013 0777 791516 2 2, Parlophone \u2013 7915162, Parlophone \u2013 CDEMTV 37 Format: CD, Compilation Country: UK & Europe Released: 1989","og_url":"https:\/\/vinilozona.lt\/en\/parduotuve\/cd\/naudoti-cd\/john-lennon-the-john-lennon-collection-cd\/","og_site_name":"Vinilo Zona","article_modified_time":"2025-08-29T18:58:01+00:00","og_image":[{"width":597,"height":599,"url":"https:\/\/vinilozona.lt\/wp-content\/uploads\/2025\/07\/R-4110236-1355574106-1015.jpg","type":"image\/jpeg"}],"twitter_card":"summary_large_image","twitter_misc":{"Estimated reading time":"1 minute"},"schema":{"@context":"https:\/\/schema.org","@graph":[{"@type":"WebPage","@id":"https:\/\/vinilozona.lt\/parduotuve\/cd\/naudoti-cd\/john-lennon-the-john-lennon-collection-cd\/","url":"https:\/\/vinilozona.lt\/parduotuve\/cd\/naudoti-cd\/john-lennon-the-john-lennon-collection-cd\/","name":"John Lennon \u2013 The John Lennon Collection CD Vinilin\u0117 Plok\u0161tel\u0117 | Vinilozona.lt","isPartOf":{"@id":"https:\/\/vinilozona.lt\/#website"},"primaryImageOfPage":{"@id":"https:\/\/vinilozona.lt\/parduotuve\/cd\/naudoti-cd\/john-lennon-the-john-lennon-collection-cd\/#primaryimage"},"image":{"@id":"https:\/\/vinilozona.lt\/parduotuve\/cd\/naudoti-cd\/john-lennon-the-john-lennon-collection-cd\/#primaryimage"},"thumbnailUrl":"https:\/\/vinilozona.lt\/wp-content\/uploads\/2025\/07\/R-4110236-1355574106-1015.jpg","datePublished":"2025-07-21T02:31:02+00:00","dateModified":"2025-08-29T18:58:01+00:00","breadcrumb":{"@id":"https:\/\/vinilozona.lt\/parduotuve\/cd\/naudoti-cd\/john-lennon-the-john-lennon-collection-cd\/#breadcrumb"},"inLanguage":"en-GB","potentialAction":[{"@type":"ReadAction","target":["https:\/\/vinilozona.lt\/parduotuve\/cd\/naudoti-cd\/john-lennon-the-john-lennon-collection-cd\/"]}]},{"@type":"ImageObject","inLanguage":"en-GB","@id":"https:\/\/vinilozona.lt\/parduotuve\/cd\/naudoti-cd\/john-lennon-the-john-lennon-collection-cd\/#primaryimage","url":"https:\/\/vinilozona.lt\/wp-content\/uploads\/2025\/07\/R-4110236-1355574106-1015.jpg","contentUrl":"https:\/\/vinilozona.lt\/wp-content\/uploads\/2025\/07\/R-4110236-1355574106-1015.jpg","width":597,"height":599},{"@type":"BreadcrumbList","@id":"https:\/\/vinilozona.lt\/parduotuve\/cd\/naudoti-cd\/john-lennon-the-john-lennon-collection-cd\/#breadcrumb","itemListElement":[{"@type":"ListItem","position":1,"name":"Home","item":"https:\/\/vinilozona.lt\/"},{"@type":"ListItem","position":2,"name":"Parduotuv\u0117","item":"https:\/\/vinilozona.lt\/parduotuve\/"},{"@type":"ListItem","position":3,"name":"John Lennon \u2013 The John Lennon Collection CD"}]},{"@type":"WebSite","@id":"https:\/\/vinilozona.lt\/#website","url":"https:\/\/vinilozona.lt\/","name":"Vinilo Zona","description":"Nup\u016bsk dulkes ir klausyk LP","potentialAction":[{"@type":"SearchAction","target":{"@type":"EntryPoint","urlTemplate":"https:\/\/vinilozona.lt\/?s={search_term_string}"},"query-input":{"@type":"PropertyValueSpecification","valueRequired":true,"valueName":"search_term_string"}}],"inLanguage":"en-GB"}]}},"_links":{"self":[{"href":"https:\/\/vinilozona.lt\/en\/wp-json\/wp\/v2\/product\/28691"}],"collection":[{"href":"https:\/\/vinilozona.lt\/en\/wp-json\/wp\/v2\/product"}],"about":[{"href":"https:\/\/vinilozona.lt\/en\/wp-json\/wp\/v2\/types\/product"}],"wp:featuredmedia":[{"embeddable":true,"href":"https:\/\/vinilozona.lt\/en\/wp-json\/wp\/v2\/media\/28692"}],"wp:attachment":[{"href":"https:\/\/vinilozona.lt\/en\/wp-json\/wp\/v2\/media?parent=28691"}],"wp:term":[{"taxonomy":"product_cat","embeddable":true,"href":"https:\/\/vinilozona.lt\/en\/wp-json\/wp\/v2\/product_cat?post=28691"},{"taxonomy":"product_tag","embeddable":true,"href":"https:\/\/vinilozona.lt\/en\/wp-json\/wp\/v2\/product_tag?post=28691"}],"curies":[{"name":"wp","href":"https:\/\/api.w.org\/{rel}","templated":true}]}}