{"id":28672,"date":"2025-07-21T05:08:56","date_gmt":"2025-07-21T02:08:56","guid":{"rendered":"https:\/\/vinilozona.lt\/?post_type=product&#038;p=28672"},"modified":"2025-07-21T06:27:06","modified_gmt":"2025-07-21T03:27:06","slug":"lord-ragadozok","status":"publish","type":"product","link":"https:\/\/vinilozona.lt\/en\/parduotuve\/rock-pop\/lord-ragadozok\/","title":{"rendered":"Lord \u200e\u2013 Ragadoz\u00f3k"},"content":{"rendered":"<p>A1\t\tMi\u00e9rt J\u00f3, Ami Nem J\u00f3?\t3:30<br \/>\nA2\t\tRagadoz\u00f3k\t4:55<br \/>\nA3\t\tCsenddel \u00dczenek &#8211; Szemmel Mondott Vallom\u00e1s\t3:00<br \/>\nA4\t\tKisfi\u00fa\t2:50<br \/>\nA5\t\tSz\u00f3ljon A Rock!\t3:20<br \/>\nB1\t\tItthon, Vagy Otthon\t4:20<br \/>\nB2\t\t\u00c1lmaim Asszonya\t3:50<br \/>\nB3\t\tTe L\u00e9gy F\u00e9ny &#8211; Dal Az \u00c9desany\u00e1hoz\t3:15<br \/>\nB4\t\tZ\u00f6ld Szem\u0171 L\u00e1ny\t3:20<br \/>\nB5\t\tHajsza\t2:15<\/p>","protected":false},"excerpt":{"rendered":"<p>LLabel:<br \/>\nBravo \u2013 SLPM 37240<br \/>\nFormat:<br \/>\nVinyl, LP, Album, Stereo<br \/>\nCountry:<br \/>\nHungary<br \/>\nReleased:<br \/>\n1989<br \/>\nGenre:<br \/>\nRock<br \/>\nStyle:<br \/>\nHard Rock, Heavy Metal<\/p>","protected":false},"featured_media":28675,"template":"","meta":[],"product_cat":[15],"product_tag":[55],"yoast_head":"<!-- This site is optimized with the Yoast SEO plugin v23.5 - https:\/\/yoast.com\/wordpress\/plugins\/seo\/ -->\n<title>Lord \u200e\u2013 Ragadoz\u00f3k Vinilin\u0117 Plok\u0161tel\u0117 | Vinilozona.lt<\/title>\n<meta name=\"robots\" content=\"index, follow, max-snippet:-1, max-image-preview:large, max-video-preview:-1\" \/>\n<link rel=\"canonical\" href=\"https:\/\/vinilozona.lt\/en\/parduotuve\/rock-pop\/lord-ragadozok\/\" \/>\n<meta property=\"og:locale\" content=\"en_GB\" \/>\n<meta property=\"og:type\" content=\"article\" \/>\n<meta property=\"og:title\" content=\"Lord \u200e\u2013 Ragadoz\u00f3k Vinilin\u0117 Plok\u0161tel\u0117 | Vinilozona.lt\" \/>\n<meta property=\"og:description\" content=\"LLabel: Bravo \u2013 SLPM 37240 Format: Vinyl, LP, Album, Stereo Country: Hungary Released: 1989 Genre: Rock Style: Hard Rock, Heavy Metal\" \/>\n<meta property=\"og:url\" content=\"https:\/\/vinilozona.lt\/en\/parduotuve\/rock-pop\/lord-ragadozok\/\" \/>\n<meta property=\"og:site_name\" content=\"Vinilo Zona\" \/>\n<meta property=\"article:modified_time\" content=\"2025-07-21T03:27:06+00:00\" \/>\n<meta property=\"og:image\" content=\"https:\/\/vinilozona.lt\/wp-content\/uploads\/2025\/07\/R-3550843-1336480806.jpg\" \/>\n\t<meta property=\"og:image:width\" content=\"596\" \/>\n\t<meta property=\"og:image:height\" content=\"600\" \/>\n\t<meta property=\"og:image:type\" content=\"image\/jpeg\" \/>\n<meta name=\"twitter:card\" content=\"summary_large_image\" \/>\n<meta name=\"twitter:label1\" content=\"Estimated reading time\" \/>\n\t<meta name=\"twitter:data1\" content=\"1 minute\" \/>\n<script type=\"application\/ld+json\" class=\"yoast-schema-graph\">{\"@context\":\"https:\/\/schema.org\",\"@graph\":[{\"@type\":\"WebPage\",\"@id\":\"https:\/\/vinilozona.lt\/parduotuve\/rock-pop\/lord-ragadozok\/\",\"url\":\"https:\/\/vinilozona.lt\/parduotuve\/rock-pop\/lord-ragadozok\/\",\"name\":\"Lord \u200e\u2013 Ragadoz\u00f3k Vinilin\u0117 Plok\u0161tel\u0117 | Vinilozona.lt\",\"isPartOf\":{\"@id\":\"https:\/\/vinilozona.lt\/#website\"},\"primaryImageOfPage\":{\"@id\":\"https:\/\/vinilozona.lt\/parduotuve\/rock-pop\/lord-ragadozok\/#primaryimage\"},\"image\":{\"@id\":\"https:\/\/vinilozona.lt\/parduotuve\/rock-pop\/lord-ragadozok\/#primaryimage\"},\"thumbnailUrl\":\"https:\/\/vinilozona.lt\/wp-content\/uploads\/2025\/07\/R-3550843-1336480806.jpg\",\"datePublished\":\"2025-07-21T02:08:56+00:00\",\"dateModified\":\"2025-07-21T03:27:06+00:00\",\"breadcrumb\":{\"@id\":\"https:\/\/vinilozona.lt\/parduotuve\/rock-pop\/lord-ragadozok\/#breadcrumb\"},\"inLanguage\":\"en-GB\",\"potentialAction\":[{\"@type\":\"ReadAction\",\"target\":[\"https:\/\/vinilozona.lt\/parduotuve\/rock-pop\/lord-ragadozok\/\"]}]},{\"@type\":\"ImageObject\",\"inLanguage\":\"en-GB\",\"@id\":\"https:\/\/vinilozona.lt\/parduotuve\/rock-pop\/lord-ragadozok\/#primaryimage\",\"url\":\"https:\/\/vinilozona.lt\/wp-content\/uploads\/2025\/07\/R-3550843-1336480806.jpg\",\"contentUrl\":\"https:\/\/vinilozona.lt\/wp-content\/uploads\/2025\/07\/R-3550843-1336480806.jpg\",\"width\":596,\"height\":600},{\"@type\":\"BreadcrumbList\",\"@id\":\"https:\/\/vinilozona.lt\/parduotuve\/rock-pop\/lord-ragadozok\/#breadcrumb\",\"itemListElement\":[{\"@type\":\"ListItem\",\"position\":1,\"name\":\"Home\",\"item\":\"https:\/\/vinilozona.lt\/\"},{\"@type\":\"ListItem\",\"position\":2,\"name\":\"Parduotuv\u0117\",\"item\":\"https:\/\/vinilozona.lt\/parduotuve\/\"},{\"@type\":\"ListItem\",\"position\":3,\"name\":\"Lord \u200e\u2013 Ragadoz\u00f3k\"}]},{\"@type\":\"WebSite\",\"@id\":\"https:\/\/vinilozona.lt\/#website\",\"url\":\"https:\/\/vinilozona.lt\/\",\"name\":\"Vinilo Zona\",\"description\":\"Nup\u016bsk dulkes ir klausyk LP\",\"potentialAction\":[{\"@type\":\"SearchAction\",\"target\":{\"@type\":\"EntryPoint\",\"urlTemplate\":\"https:\/\/vinilozona.lt\/?s={search_term_string}\"},\"query-input\":{\"@type\":\"PropertyValueSpecification\",\"valueRequired\":true,\"valueName\":\"search_term_string\"}}],\"inLanguage\":\"en-GB\"}]}<\/script>\n<!-- \/ Yoast SEO plugin. -->","yoast_head_json":{"title":"Lord \u200e\u2013 Ragadoz\u00f3k Vinilin\u0117 Plok\u0161tel\u0117 | Vinilozona.lt","robots":{"index":"index","follow":"follow","max-snippet":"max-snippet:-1","max-image-preview":"max-image-preview:large","max-video-preview":"max-video-preview:-1"},"canonical":"https:\/\/vinilozona.lt\/en\/parduotuve\/rock-pop\/lord-ragadozok\/","og_locale":"en_GB","og_type":"article","og_title":"Lord \u200e\u2013 Ragadoz\u00f3k Vinilin\u0117 Plok\u0161tel\u0117 | Vinilozona.lt","og_description":"LLabel: Bravo \u2013 SLPM 37240 Format: Vinyl, LP, Album, Stereo Country: Hungary Released: 1989 Genre: Rock Style: Hard Rock, Heavy Metal","og_url":"https:\/\/vinilozona.lt\/en\/parduotuve\/rock-pop\/lord-ragadozok\/","og_site_name":"Vinilo Zona","article_modified_time":"2025-07-21T03:27:06+00:00","og_image":[{"width":596,"height":600,"url":"https:\/\/vinilozona.lt\/wp-content\/uploads\/2025\/07\/R-3550843-1336480806.jpg","type":"image\/jpeg"}],"twitter_card":"summary_large_image","twitter_misc":{"Estimated reading time":"1 minute"},"schema":{"@context":"https:\/\/schema.org","@graph":[{"@type":"WebPage","@id":"https:\/\/vinilozona.lt\/parduotuve\/rock-pop\/lord-ragadozok\/","url":"https:\/\/vinilozona.lt\/parduotuve\/rock-pop\/lord-ragadozok\/","name":"Lord \u200e\u2013 Ragadoz\u00f3k Vinilin\u0117 Plok\u0161tel\u0117 | Vinilozona.lt","isPartOf":{"@id":"https:\/\/vinilozona.lt\/#website"},"primaryImageOfPage":{"@id":"https:\/\/vinilozona.lt\/parduotuve\/rock-pop\/lord-ragadozok\/#primaryimage"},"image":{"@id":"https:\/\/vinilozona.lt\/parduotuve\/rock-pop\/lord-ragadozok\/#primaryimage"},"thumbnailUrl":"https:\/\/vinilozona.lt\/wp-content\/uploads\/2025\/07\/R-3550843-1336480806.jpg","datePublished":"2025-07-21T02:08:56+00:00","dateModified":"2025-07-21T03:27:06+00:00","breadcrumb":{"@id":"https:\/\/vinilozona.lt\/parduotuve\/rock-pop\/lord-ragadozok\/#breadcrumb"},"inLanguage":"en-GB","potentialAction":[{"@type":"ReadAction","target":["https:\/\/vinilozona.lt\/parduotuve\/rock-pop\/lord-ragadozok\/"]}]},{"@type":"ImageObject","inLanguage":"en-GB","@id":"https:\/\/vinilozona.lt\/parduotuve\/rock-pop\/lord-ragadozok\/#primaryimage","url":"https:\/\/vinilozona.lt\/wp-content\/uploads\/2025\/07\/R-3550843-1336480806.jpg","contentUrl":"https:\/\/vinilozona.lt\/wp-content\/uploads\/2025\/07\/R-3550843-1336480806.jpg","width":596,"height":600},{"@type":"BreadcrumbList","@id":"https:\/\/vinilozona.lt\/parduotuve\/rock-pop\/lord-ragadozok\/#breadcrumb","itemListElement":[{"@type":"ListItem","position":1,"name":"Home","item":"https:\/\/vinilozona.lt\/"},{"@type":"ListItem","position":2,"name":"Parduotuv\u0117","item":"https:\/\/vinilozona.lt\/parduotuve\/"},{"@type":"ListItem","position":3,"name":"Lord \u200e\u2013 Ragadoz\u00f3k"}]},{"@type":"WebSite","@id":"https:\/\/vinilozona.lt\/#website","url":"https:\/\/vinilozona.lt\/","name":"Vinilo Zona","description":"Nup\u016bsk dulkes ir klausyk LP","potentialAction":[{"@type":"SearchAction","target":{"@type":"EntryPoint","urlTemplate":"https:\/\/vinilozona.lt\/?s={search_term_string}"},"query-input":{"@type":"PropertyValueSpecification","valueRequired":true,"valueName":"search_term_string"}}],"inLanguage":"en-GB"}]}},"_links":{"self":[{"href":"https:\/\/vinilozona.lt\/en\/wp-json\/wp\/v2\/product\/28672"}],"collection":[{"href":"https:\/\/vinilozona.lt\/en\/wp-json\/wp\/v2\/product"}],"about":[{"href":"https:\/\/vinilozona.lt\/en\/wp-json\/wp\/v2\/types\/product"}],"wp:featuredmedia":[{"embeddable":true,"href":"https:\/\/vinilozona.lt\/en\/wp-json\/wp\/v2\/media\/28675"}],"wp:attachment":[{"href":"https:\/\/vinilozona.lt\/en\/wp-json\/wp\/v2\/media?parent=28672"}],"wp:term":[{"taxonomy":"product_cat","embeddable":true,"href":"https:\/\/vinilozona.lt\/en\/wp-json\/wp\/v2\/product_cat?post=28672"},{"taxonomy":"product_tag","embeddable":true,"href":"https:\/\/vinilozona.lt\/en\/wp-json\/wp\/v2\/product_tag?post=28672"}],"curies":[{"name":"wp","href":"https:\/\/api.w.org\/{rel}","templated":true}]}}