{"id":28649,"date":"2025-07-14T05:31:25","date_gmt":"2025-07-14T02:31:25","guid":{"rendered":"https:\/\/vinilozona.lt\/?post_type=product&#038;p=28649"},"modified":"2025-07-14T06:42:39","modified_gmt":"2025-07-14T03:42:39","slug":"creedence-clearwater-revival-at-the-royal-albert-hall-april-14-1970","status":"publish","type":"product","link":"https:\/\/vinilozona.lt\/en\/parduotuve\/naujos-lp\/creedence-clearwater-revival-at-the-royal-albert-hall-april-14-1970\/","title":{"rendered":"Creedence Clearwater Revival \u2013 At The Royal Albert Hall (April 14, 1970)"},"content":{"rendered":"<p>A1\t\tBorn On The Bayou\t5:12<br \/>\nA2\t\tGreen River\t2:58<br \/>\nA3\t\tTombstone Shadow\t3:41<br \/>\nA4\t\tTravelin&#8217; Band\t2:11<br \/>\nA5\t\tFortunate Son\t2:16<br \/>\nA6\t\tCommotion\t2:45<br \/>\nA7\t\tMidnight Special\t3:42<br \/>\nB1\t\tBad Moon Rising\t2:25<br \/>\nB2\t\tProud Mary\t3:01<br \/>\nB3\t\tThe Night Time Is The Right Time\t3:15<br \/>\nB4\t\tGood Golly Miss Molly\t2:58<br \/>\nB5\t\tKeep On Chooglin&#8217;\t8:30<\/p>","protected":false},"excerpt":{"rendered":"<p>Fantasy \u2013 CR04753, Fantasy \u2013 888072437265<br \/>\nFormat:<br \/>\nVinyl, LP, Album, Limited Edition, Translucent Green With Black Marble, 180 g<br \/>\nCountry: US<br \/>\nReleased:<br \/>\nSep 16, 2022<\/p>","protected":false},"featured_media":28650,"template":"","meta":[],"product_cat":[23],"product_tag":[74],"yoast_head":"<!-- This site is optimized with the Yoast SEO plugin v23.5 - https:\/\/yoast.com\/wordpress\/plugins\/seo\/ -->\n<title>Creedence Clearwater Revival \u2013 At The Royal Albert Hall (April 14, 1970) Vinilin\u0117 Plok\u0161tel\u0117 | Vinilozona.lt<\/title>\n<meta name=\"robots\" content=\"index, follow, max-snippet:-1, max-image-preview:large, max-video-preview:-1\" \/>\n<link rel=\"canonical\" href=\"https:\/\/vinilozona.lt\/en\/parduotuve\/naujos-lp\/creedence-clearwater-revival-at-the-royal-albert-hall-april-14-1970\/\" \/>\n<meta property=\"og:locale\" content=\"en_GB\" \/>\n<meta property=\"og:type\" content=\"article\" \/>\n<meta property=\"og:title\" content=\"Creedence Clearwater Revival \u2013 At The Royal Albert Hall (April 14, 1970) Vinilin\u0117 Plok\u0161tel\u0117 | Vinilozona.lt\" \/>\n<meta property=\"og:description\" content=\"Fantasy \u2013 CR04753, Fantasy \u2013 888072437265 Format: Vinyl, LP, Album, Limited Edition, Translucent Green With Black Marble, 180 g Country: US Released: Sep 16, 2022\" \/>\n<meta property=\"og:url\" content=\"https:\/\/vinilozona.lt\/en\/parduotuve\/naujos-lp\/creedence-clearwater-revival-at-the-royal-albert-hall-april-14-1970\/\" \/>\n<meta property=\"og:site_name\" content=\"Vinilo Zona\" \/>\n<meta property=\"article:modified_time\" content=\"2025-07-14T03:42:39+00:00\" \/>\n<meta property=\"og:image\" content=\"https:\/\/vinilozona.lt\/wp-content\/uploads\/2025\/07\/R-24526181-1733648935-7974.jpg\" \/>\n\t<meta property=\"og:image:width\" content=\"599\" \/>\n\t<meta property=\"og:image:height\" content=\"599\" \/>\n\t<meta property=\"og:image:type\" content=\"image\/jpeg\" \/>\n<meta name=\"twitter:card\" content=\"summary_large_image\" \/>\n<meta name=\"twitter:label1\" content=\"Estimated reading time\" \/>\n\t<meta name=\"twitter:data1\" content=\"1 minute\" \/>\n<script type=\"application\/ld+json\" class=\"yoast-schema-graph\">{\"@context\":\"https:\/\/schema.org\",\"@graph\":[{\"@type\":\"WebPage\",\"@id\":\"https:\/\/vinilozona.lt\/parduotuve\/naujos-lp\/creedence-clearwater-revival-at-the-royal-albert-hall-april-14-1970\/\",\"url\":\"https:\/\/vinilozona.lt\/parduotuve\/naujos-lp\/creedence-clearwater-revival-at-the-royal-albert-hall-april-14-1970\/\",\"name\":\"Creedence Clearwater Revival \u2013 At The Royal Albert Hall (April 14, 1970) Vinilin\u0117 Plok\u0161tel\u0117 | Vinilozona.lt\",\"isPartOf\":{\"@id\":\"https:\/\/vinilozona.lt\/#website\"},\"primaryImageOfPage\":{\"@id\":\"https:\/\/vinilozona.lt\/parduotuve\/naujos-lp\/creedence-clearwater-revival-at-the-royal-albert-hall-april-14-1970\/#primaryimage\"},\"image\":{\"@id\":\"https:\/\/vinilozona.lt\/parduotuve\/naujos-lp\/creedence-clearwater-revival-at-the-royal-albert-hall-april-14-1970\/#primaryimage\"},\"thumbnailUrl\":\"https:\/\/vinilozona.lt\/wp-content\/uploads\/2025\/07\/R-24526181-1733648935-7974.jpg\",\"datePublished\":\"2025-07-14T02:31:25+00:00\",\"dateModified\":\"2025-07-14T03:42:39+00:00\",\"breadcrumb\":{\"@id\":\"https:\/\/vinilozona.lt\/parduotuve\/naujos-lp\/creedence-clearwater-revival-at-the-royal-albert-hall-april-14-1970\/#breadcrumb\"},\"inLanguage\":\"en-GB\",\"potentialAction\":[{\"@type\":\"ReadAction\",\"target\":[\"https:\/\/vinilozona.lt\/parduotuve\/naujos-lp\/creedence-clearwater-revival-at-the-royal-albert-hall-april-14-1970\/\"]}]},{\"@type\":\"ImageObject\",\"inLanguage\":\"en-GB\",\"@id\":\"https:\/\/vinilozona.lt\/parduotuve\/naujos-lp\/creedence-clearwater-revival-at-the-royal-albert-hall-april-14-1970\/#primaryimage\",\"url\":\"https:\/\/vinilozona.lt\/wp-content\/uploads\/2025\/07\/R-24526181-1733648935-7974.jpg\",\"contentUrl\":\"https:\/\/vinilozona.lt\/wp-content\/uploads\/2025\/07\/R-24526181-1733648935-7974.jpg\",\"width\":599,\"height\":599},{\"@type\":\"BreadcrumbList\",\"@id\":\"https:\/\/vinilozona.lt\/parduotuve\/naujos-lp\/creedence-clearwater-revival-at-the-royal-albert-hall-april-14-1970\/#breadcrumb\",\"itemListElement\":[{\"@type\":\"ListItem\",\"position\":1,\"name\":\"Home\",\"item\":\"https:\/\/vinilozona.lt\/\"},{\"@type\":\"ListItem\",\"position\":2,\"name\":\"Parduotuv\u0117\",\"item\":\"https:\/\/vinilozona.lt\/parduotuve\/\"},{\"@type\":\"ListItem\",\"position\":3,\"name\":\"Creedence Clearwater Revival \u2013 At The Royal Albert Hall (April 14, 1970)\"}]},{\"@type\":\"WebSite\",\"@id\":\"https:\/\/vinilozona.lt\/#website\",\"url\":\"https:\/\/vinilozona.lt\/\",\"name\":\"Vinilo Zona\",\"description\":\"Nup\u016bsk dulkes ir klausyk LP\",\"potentialAction\":[{\"@type\":\"SearchAction\",\"target\":{\"@type\":\"EntryPoint\",\"urlTemplate\":\"https:\/\/vinilozona.lt\/?s={search_term_string}\"},\"query-input\":{\"@type\":\"PropertyValueSpecification\",\"valueRequired\":true,\"valueName\":\"search_term_string\"}}],\"inLanguage\":\"en-GB\"}]}<\/script>\n<!-- \/ Yoast SEO plugin. -->","yoast_head_json":{"title":"Creedence Clearwater Revival \u2013 At The Royal Albert Hall (April 14, 1970) Vinilin\u0117 Plok\u0161tel\u0117 | Vinilozona.lt","robots":{"index":"index","follow":"follow","max-snippet":"max-snippet:-1","max-image-preview":"max-image-preview:large","max-video-preview":"max-video-preview:-1"},"canonical":"https:\/\/vinilozona.lt\/en\/parduotuve\/naujos-lp\/creedence-clearwater-revival-at-the-royal-albert-hall-april-14-1970\/","og_locale":"en_GB","og_type":"article","og_title":"Creedence Clearwater Revival \u2013 At The Royal Albert Hall (April 14, 1970) Vinilin\u0117 Plok\u0161tel\u0117 | Vinilozona.lt","og_description":"Fantasy \u2013 CR04753, Fantasy \u2013 888072437265 Format: Vinyl, LP, Album, Limited Edition, Translucent Green With Black Marble, 180 g Country: US Released: Sep 16, 2022","og_url":"https:\/\/vinilozona.lt\/en\/parduotuve\/naujos-lp\/creedence-clearwater-revival-at-the-royal-albert-hall-april-14-1970\/","og_site_name":"Vinilo Zona","article_modified_time":"2025-07-14T03:42:39+00:00","og_image":[{"width":599,"height":599,"url":"https:\/\/vinilozona.lt\/wp-content\/uploads\/2025\/07\/R-24526181-1733648935-7974.jpg","type":"image\/jpeg"}],"twitter_card":"summary_large_image","twitter_misc":{"Estimated reading time":"1 minute"},"schema":{"@context":"https:\/\/schema.org","@graph":[{"@type":"WebPage","@id":"https:\/\/vinilozona.lt\/parduotuve\/naujos-lp\/creedence-clearwater-revival-at-the-royal-albert-hall-april-14-1970\/","url":"https:\/\/vinilozona.lt\/parduotuve\/naujos-lp\/creedence-clearwater-revival-at-the-royal-albert-hall-april-14-1970\/","name":"Creedence Clearwater Revival \u2013 At The Royal Albert Hall (April 14, 1970) Vinilin\u0117 Plok\u0161tel\u0117 | Vinilozona.lt","isPartOf":{"@id":"https:\/\/vinilozona.lt\/#website"},"primaryImageOfPage":{"@id":"https:\/\/vinilozona.lt\/parduotuve\/naujos-lp\/creedence-clearwater-revival-at-the-royal-albert-hall-april-14-1970\/#primaryimage"},"image":{"@id":"https:\/\/vinilozona.lt\/parduotuve\/naujos-lp\/creedence-clearwater-revival-at-the-royal-albert-hall-april-14-1970\/#primaryimage"},"thumbnailUrl":"https:\/\/vinilozona.lt\/wp-content\/uploads\/2025\/07\/R-24526181-1733648935-7974.jpg","datePublished":"2025-07-14T02:31:25+00:00","dateModified":"2025-07-14T03:42:39+00:00","breadcrumb":{"@id":"https:\/\/vinilozona.lt\/parduotuve\/naujos-lp\/creedence-clearwater-revival-at-the-royal-albert-hall-april-14-1970\/#breadcrumb"},"inLanguage":"en-GB","potentialAction":[{"@type":"ReadAction","target":["https:\/\/vinilozona.lt\/parduotuve\/naujos-lp\/creedence-clearwater-revival-at-the-royal-albert-hall-april-14-1970\/"]}]},{"@type":"ImageObject","inLanguage":"en-GB","@id":"https:\/\/vinilozona.lt\/parduotuve\/naujos-lp\/creedence-clearwater-revival-at-the-royal-albert-hall-april-14-1970\/#primaryimage","url":"https:\/\/vinilozona.lt\/wp-content\/uploads\/2025\/07\/R-24526181-1733648935-7974.jpg","contentUrl":"https:\/\/vinilozona.lt\/wp-content\/uploads\/2025\/07\/R-24526181-1733648935-7974.jpg","width":599,"height":599},{"@type":"BreadcrumbList","@id":"https:\/\/vinilozona.lt\/parduotuve\/naujos-lp\/creedence-clearwater-revival-at-the-royal-albert-hall-april-14-1970\/#breadcrumb","itemListElement":[{"@type":"ListItem","position":1,"name":"Home","item":"https:\/\/vinilozona.lt\/"},{"@type":"ListItem","position":2,"name":"Parduotuv\u0117","item":"https:\/\/vinilozona.lt\/parduotuve\/"},{"@type":"ListItem","position":3,"name":"Creedence Clearwater Revival \u2013 At The Royal Albert Hall (April 14, 1970)"}]},{"@type":"WebSite","@id":"https:\/\/vinilozona.lt\/#website","url":"https:\/\/vinilozona.lt\/","name":"Vinilo Zona","description":"Nup\u016bsk dulkes ir klausyk LP","potentialAction":[{"@type":"SearchAction","target":{"@type":"EntryPoint","urlTemplate":"https:\/\/vinilozona.lt\/?s={search_term_string}"},"query-input":{"@type":"PropertyValueSpecification","valueRequired":true,"valueName":"search_term_string"}}],"inLanguage":"en-GB"}]}},"_links":{"self":[{"href":"https:\/\/vinilozona.lt\/en\/wp-json\/wp\/v2\/product\/28649"}],"collection":[{"href":"https:\/\/vinilozona.lt\/en\/wp-json\/wp\/v2\/product"}],"about":[{"href":"https:\/\/vinilozona.lt\/en\/wp-json\/wp\/v2\/types\/product"}],"wp:featuredmedia":[{"embeddable":true,"href":"https:\/\/vinilozona.lt\/en\/wp-json\/wp\/v2\/media\/28650"}],"wp:attachment":[{"href":"https:\/\/vinilozona.lt\/en\/wp-json\/wp\/v2\/media?parent=28649"}],"wp:term":[{"taxonomy":"product_cat","embeddable":true,"href":"https:\/\/vinilozona.lt\/en\/wp-json\/wp\/v2\/product_cat?post=28649"},{"taxonomy":"product_tag","embeddable":true,"href":"https:\/\/vinilozona.lt\/en\/wp-json\/wp\/v2\/product_tag?post=28649"}],"curies":[{"name":"wp","href":"https:\/\/api.w.org\/{rel}","templated":true}]}}