{"id":28560,"date":"2025-06-26T05:06:40","date_gmt":"2025-06-26T02:06:40","guid":{"rendered":"https:\/\/vinilozona.lt\/?post_type=product&#038;p=28560"},"modified":"2025-06-26T06:43:35","modified_gmt":"2025-06-26T03:43:35","slug":"beach-boys-1962-1965","status":"publish","type":"product","link":"https:\/\/vinilozona.lt\/en\/parduotuve\/rock-pop\/beach-boys-1962-1965\/","title":{"rendered":"Beach Boys \u2013 1962-1965"},"content":{"rendered":"<p>Surfin&#8217; Safari\t2:05<br \/>\nLittle Girl (Miss America)\t2:05<br \/>\n409\t1:58<br \/>\nSummertime Blues\t2:15<br \/>\nMisirlou\t2:02<br \/>\nShut Down\t1:50<br \/>\nFinders Keepers\t1:43<br \/>\nCatch A Wave\t2:15<br \/>\nLittle Deuce Coupe\t1:50<br \/>\nYour Summer Dream\t2:31<br \/>\nCar Crazy Cutie\t2:40<br \/>\nCherry Cherry Coupe\t1:50<br \/>\nSpirit Of America\t2:40<br \/>\nA Young Man Is Gone\t2:15<br \/>\nFun Fun Fun\t2:16<br \/>\nDon&#8217;t Worry Baby\t2:45<br \/>\nWhy Do Fools Fall In Love\t2:05<br \/>\nLouie Louie\t2:21<br \/>\nI Get Around\t2:10<br \/>\nAll Summer Long\t2:05<br \/>\nDon&#8217;t Back Down\t1:50<br \/>\nDo You Wanna Dance\t2:17<br \/>\nHelp Me Rhonda\t3:07<br \/>\nShe Knows Me Too Well\t2:28<br \/>\nAmusement Park U.S.A.\t2:31<br \/>\nSalt Lake City\t2:00<br \/>\nGirl Don&#8217;t Tell Me\t2:17<br \/>\nBarbara Ann\t2:53<\/p>","protected":false},"excerpt":{"rendered":"<p>Capitol Records \u2013 134 EVC 85 804\/05, Crystal (5) \u2013 134 EVC 85 804\/05<br \/>\nFormat:<br \/>\n2 x Vinyl, LP, Compilation, Reissue, Rainbow Rim Labels<br \/>\nCountry:<br \/>\nGermany<\/p>","protected":false},"featured_media":28561,"template":"","meta":[],"product_cat":[15],"product_tag":[44],"yoast_head":"<!-- This site is optimized with the Yoast SEO plugin v23.5 - https:\/\/yoast.com\/wordpress\/plugins\/seo\/ -->\n<title>Beach Boys \u2013 1962-1965 Vinilin\u0117 Plok\u0161tel\u0117 | Vinilozona.lt<\/title>\n<meta name=\"robots\" content=\"index, follow, max-snippet:-1, max-image-preview:large, max-video-preview:-1\" \/>\n<link rel=\"canonical\" href=\"https:\/\/vinilozona.lt\/en\/parduotuve\/rock-pop\/beach-boys-1962-1965\/\" \/>\n<meta property=\"og:locale\" content=\"en_GB\" \/>\n<meta property=\"og:type\" content=\"article\" \/>\n<meta property=\"og:title\" content=\"Beach Boys \u2013 1962-1965 Vinilin\u0117 Plok\u0161tel\u0117 | Vinilozona.lt\" \/>\n<meta property=\"og:description\" content=\"Capitol Records \u2013 134 EVC 85 804\/05, Crystal (5) \u2013 134 EVC 85 804\/05 Format: 2 x Vinyl, LP, Compilation, Reissue, Rainbow Rim Labels Country: Germany\" \/>\n<meta property=\"og:url\" content=\"https:\/\/vinilozona.lt\/en\/parduotuve\/rock-pop\/beach-boys-1962-1965\/\" \/>\n<meta property=\"og:site_name\" content=\"Vinilo Zona\" \/>\n<meta property=\"article:modified_time\" content=\"2025-06-26T03:43:35+00:00\" \/>\n<meta property=\"og:image\" content=\"https:\/\/vinilozona.lt\/wp-content\/uploads\/2025\/06\/R-6171907-1731259083-7039.jpg\" \/>\n\t<meta property=\"og:image:width\" content=\"599\" \/>\n\t<meta property=\"og:image:height\" content=\"593\" \/>\n\t<meta property=\"og:image:type\" content=\"image\/jpeg\" \/>\n<meta name=\"twitter:card\" content=\"summary_large_image\" \/>\n<meta name=\"twitter:label1\" content=\"Estimated reading time\" \/>\n\t<meta name=\"twitter:data1\" content=\"1 minute\" \/>\n<script type=\"application\/ld+json\" class=\"yoast-schema-graph\">{\"@context\":\"https:\/\/schema.org\",\"@graph\":[{\"@type\":\"WebPage\",\"@id\":\"https:\/\/vinilozona.lt\/parduotuve\/rock-pop\/beach-boys-1962-1965\/\",\"url\":\"https:\/\/vinilozona.lt\/parduotuve\/rock-pop\/beach-boys-1962-1965\/\",\"name\":\"Beach Boys \u2013 1962-1965 Vinilin\u0117 Plok\u0161tel\u0117 | Vinilozona.lt\",\"isPartOf\":{\"@id\":\"https:\/\/vinilozona.lt\/#website\"},\"primaryImageOfPage\":{\"@id\":\"https:\/\/vinilozona.lt\/parduotuve\/rock-pop\/beach-boys-1962-1965\/#primaryimage\"},\"image\":{\"@id\":\"https:\/\/vinilozona.lt\/parduotuve\/rock-pop\/beach-boys-1962-1965\/#primaryimage\"},\"thumbnailUrl\":\"https:\/\/vinilozona.lt\/wp-content\/uploads\/2025\/06\/R-6171907-1731259083-7039.jpg\",\"datePublished\":\"2025-06-26T02:06:40+00:00\",\"dateModified\":\"2025-06-26T03:43:35+00:00\",\"breadcrumb\":{\"@id\":\"https:\/\/vinilozona.lt\/parduotuve\/rock-pop\/beach-boys-1962-1965\/#breadcrumb\"},\"inLanguage\":\"en-GB\",\"potentialAction\":[{\"@type\":\"ReadAction\",\"target\":[\"https:\/\/vinilozona.lt\/parduotuve\/rock-pop\/beach-boys-1962-1965\/\"]}]},{\"@type\":\"ImageObject\",\"inLanguage\":\"en-GB\",\"@id\":\"https:\/\/vinilozona.lt\/parduotuve\/rock-pop\/beach-boys-1962-1965\/#primaryimage\",\"url\":\"https:\/\/vinilozona.lt\/wp-content\/uploads\/2025\/06\/R-6171907-1731259083-7039.jpg\",\"contentUrl\":\"https:\/\/vinilozona.lt\/wp-content\/uploads\/2025\/06\/R-6171907-1731259083-7039.jpg\",\"width\":599,\"height\":593},{\"@type\":\"BreadcrumbList\",\"@id\":\"https:\/\/vinilozona.lt\/parduotuve\/rock-pop\/beach-boys-1962-1965\/#breadcrumb\",\"itemListElement\":[{\"@type\":\"ListItem\",\"position\":1,\"name\":\"Home\",\"item\":\"https:\/\/vinilozona.lt\/\"},{\"@type\":\"ListItem\",\"position\":2,\"name\":\"Parduotuv\u0117\",\"item\":\"https:\/\/vinilozona.lt\/parduotuve\/\"},{\"@type\":\"ListItem\",\"position\":3,\"name\":\"Beach Boys \u2013 1962-1965\"}]},{\"@type\":\"WebSite\",\"@id\":\"https:\/\/vinilozona.lt\/#website\",\"url\":\"https:\/\/vinilozona.lt\/\",\"name\":\"Vinilo Zona\",\"description\":\"Nup\u016bsk dulkes ir klausyk LP\",\"potentialAction\":[{\"@type\":\"SearchAction\",\"target\":{\"@type\":\"EntryPoint\",\"urlTemplate\":\"https:\/\/vinilozona.lt\/?s={search_term_string}\"},\"query-input\":{\"@type\":\"PropertyValueSpecification\",\"valueRequired\":true,\"valueName\":\"search_term_string\"}}],\"inLanguage\":\"en-GB\"}]}<\/script>\n<!-- \/ Yoast SEO plugin. -->","yoast_head_json":{"title":"Beach Boys \u2013 1962-1965 Vinilin\u0117 Plok\u0161tel\u0117 | Vinilozona.lt","robots":{"index":"index","follow":"follow","max-snippet":"max-snippet:-1","max-image-preview":"max-image-preview:large","max-video-preview":"max-video-preview:-1"},"canonical":"https:\/\/vinilozona.lt\/en\/parduotuve\/rock-pop\/beach-boys-1962-1965\/","og_locale":"en_GB","og_type":"article","og_title":"Beach Boys \u2013 1962-1965 Vinilin\u0117 Plok\u0161tel\u0117 | Vinilozona.lt","og_description":"Capitol Records \u2013 134 EVC 85 804\/05, Crystal (5) \u2013 134 EVC 85 804\/05 Format: 2 x Vinyl, LP, Compilation, Reissue, Rainbow Rim Labels Country: Germany","og_url":"https:\/\/vinilozona.lt\/en\/parduotuve\/rock-pop\/beach-boys-1962-1965\/","og_site_name":"Vinilo Zona","article_modified_time":"2025-06-26T03:43:35+00:00","og_image":[{"width":599,"height":593,"url":"https:\/\/vinilozona.lt\/wp-content\/uploads\/2025\/06\/R-6171907-1731259083-7039.jpg","type":"image\/jpeg"}],"twitter_card":"summary_large_image","twitter_misc":{"Estimated reading time":"1 minute"},"schema":{"@context":"https:\/\/schema.org","@graph":[{"@type":"WebPage","@id":"https:\/\/vinilozona.lt\/parduotuve\/rock-pop\/beach-boys-1962-1965\/","url":"https:\/\/vinilozona.lt\/parduotuve\/rock-pop\/beach-boys-1962-1965\/","name":"Beach Boys \u2013 1962-1965 Vinilin\u0117 Plok\u0161tel\u0117 | Vinilozona.lt","isPartOf":{"@id":"https:\/\/vinilozona.lt\/#website"},"primaryImageOfPage":{"@id":"https:\/\/vinilozona.lt\/parduotuve\/rock-pop\/beach-boys-1962-1965\/#primaryimage"},"image":{"@id":"https:\/\/vinilozona.lt\/parduotuve\/rock-pop\/beach-boys-1962-1965\/#primaryimage"},"thumbnailUrl":"https:\/\/vinilozona.lt\/wp-content\/uploads\/2025\/06\/R-6171907-1731259083-7039.jpg","datePublished":"2025-06-26T02:06:40+00:00","dateModified":"2025-06-26T03:43:35+00:00","breadcrumb":{"@id":"https:\/\/vinilozona.lt\/parduotuve\/rock-pop\/beach-boys-1962-1965\/#breadcrumb"},"inLanguage":"en-GB","potentialAction":[{"@type":"ReadAction","target":["https:\/\/vinilozona.lt\/parduotuve\/rock-pop\/beach-boys-1962-1965\/"]}]},{"@type":"ImageObject","inLanguage":"en-GB","@id":"https:\/\/vinilozona.lt\/parduotuve\/rock-pop\/beach-boys-1962-1965\/#primaryimage","url":"https:\/\/vinilozona.lt\/wp-content\/uploads\/2025\/06\/R-6171907-1731259083-7039.jpg","contentUrl":"https:\/\/vinilozona.lt\/wp-content\/uploads\/2025\/06\/R-6171907-1731259083-7039.jpg","width":599,"height":593},{"@type":"BreadcrumbList","@id":"https:\/\/vinilozona.lt\/parduotuve\/rock-pop\/beach-boys-1962-1965\/#breadcrumb","itemListElement":[{"@type":"ListItem","position":1,"name":"Home","item":"https:\/\/vinilozona.lt\/"},{"@type":"ListItem","position":2,"name":"Parduotuv\u0117","item":"https:\/\/vinilozona.lt\/parduotuve\/"},{"@type":"ListItem","position":3,"name":"Beach Boys \u2013 1962-1965"}]},{"@type":"WebSite","@id":"https:\/\/vinilozona.lt\/#website","url":"https:\/\/vinilozona.lt\/","name":"Vinilo Zona","description":"Nup\u016bsk dulkes ir klausyk LP","potentialAction":[{"@type":"SearchAction","target":{"@type":"EntryPoint","urlTemplate":"https:\/\/vinilozona.lt\/?s={search_term_string}"},"query-input":{"@type":"PropertyValueSpecification","valueRequired":true,"valueName":"search_term_string"}}],"inLanguage":"en-GB"}]}},"_links":{"self":[{"href":"https:\/\/vinilozona.lt\/en\/wp-json\/wp\/v2\/product\/28560"}],"collection":[{"href":"https:\/\/vinilozona.lt\/en\/wp-json\/wp\/v2\/product"}],"about":[{"href":"https:\/\/vinilozona.lt\/en\/wp-json\/wp\/v2\/types\/product"}],"wp:featuredmedia":[{"embeddable":true,"href":"https:\/\/vinilozona.lt\/en\/wp-json\/wp\/v2\/media\/28561"}],"wp:attachment":[{"href":"https:\/\/vinilozona.lt\/en\/wp-json\/wp\/v2\/media?parent=28560"}],"wp:term":[{"taxonomy":"product_cat","embeddable":true,"href":"https:\/\/vinilozona.lt\/en\/wp-json\/wp\/v2\/product_cat?post=28560"},{"taxonomy":"product_tag","embeddable":true,"href":"https:\/\/vinilozona.lt\/en\/wp-json\/wp\/v2\/product_tag?post=28560"}],"curies":[{"name":"wp","href":"https:\/\/api.w.org\/{rel}","templated":true}]}}