{"id":28538,"date":"2025-06-25T05:05:02","date_gmt":"2025-06-25T02:05:02","guid":{"rendered":"https:\/\/vinilozona.lt\/?post_type=product&#038;p=28538"},"modified":"2025-06-25T06:49:40","modified_gmt":"2025-06-25T03:49:40","slug":"motels-careful","status":"publish","type":"product","link":"https:\/\/vinilozona.lt\/en\/parduotuve\/rock-pop\/motels-careful\/","title":{"rendered":"Motels \u2013 Careful"},"content":{"rendered":"<p>Danger\t3:22<br \/>\nEnvy\t3:23<br \/>\nCareful\t3:26<br \/>\nBonjour Baby\t3:36<br \/>\nParty Professionals\t3:13<br \/>\nDays Are O.K. (But The Nights Were Made For Love)\t3:30<br \/>\nCry Baby\t3:24<br \/>\nWhose Problem?\t3:47<br \/>\nPeople, Places And Things\t2:42<br \/>\nSlow Town\t4:14<\/p>","protected":false},"excerpt":{"rendered":"<p>Capitol Records \u2013 1C 064-86 146, Capitol Records \u2013 1 C 064-86 146, EMI Electrola \u2013 1C 064-86 146, EMI Electrola \u2013 1 C 064-86 146<br \/>\nFormat:<br \/>\nVinyl, LP, Album<br \/>\nCountry:<br \/>\nGermany<br \/>\nReleased:<br \/>\n1980<\/p>","protected":false},"featured_media":28539,"template":"","meta":[],"product_cat":[15],"product_tag":[44],"yoast_head":"<!-- This site is optimized with the Yoast SEO plugin v23.5 - https:\/\/yoast.com\/wordpress\/plugins\/seo\/ -->\n<title>Motels \u2013 Careful Vinilin\u0117 Plok\u0161tel\u0117 | Vinilozona.lt<\/title>\n<meta name=\"robots\" content=\"index, follow, max-snippet:-1, max-image-preview:large, max-video-preview:-1\" \/>\n<link rel=\"canonical\" href=\"https:\/\/vinilozona.lt\/en\/parduotuve\/rock-pop\/motels-careful\/\" \/>\n<meta property=\"og:locale\" content=\"en_GB\" \/>\n<meta property=\"og:type\" content=\"article\" \/>\n<meta property=\"og:title\" content=\"Motels \u2013 Careful Vinilin\u0117 Plok\u0161tel\u0117 | Vinilozona.lt\" \/>\n<meta property=\"og:description\" content=\"Capitol Records \u2013 1C 064-86 146, Capitol Records \u2013 1 C 064-86 146, EMI Electrola \u2013 1C 064-86 146, EMI Electrola \u2013 1 C 064-86 146 Format: Vinyl, LP, Album Country: Germany Released: 1980\" \/>\n<meta property=\"og:url\" content=\"https:\/\/vinilozona.lt\/en\/parduotuve\/rock-pop\/motels-careful\/\" \/>\n<meta property=\"og:site_name\" content=\"Vinilo Zona\" \/>\n<meta property=\"article:modified_time\" content=\"2025-06-25T03:49:40+00:00\" \/>\n<meta property=\"og:image\" content=\"https:\/\/vinilozona.lt\/wp-content\/uploads\/2025\/06\/R-847489-1243431999.jpg\" \/>\n\t<meta property=\"og:image:width\" content=\"598\" \/>\n\t<meta property=\"og:image:height\" content=\"600\" \/>\n\t<meta property=\"og:image:type\" content=\"image\/jpeg\" \/>\n<meta name=\"twitter:card\" content=\"summary_large_image\" \/>\n<meta name=\"twitter:label1\" content=\"Estimated reading time\" \/>\n\t<meta name=\"twitter:data1\" content=\"1 minute\" \/>\n<script type=\"application\/ld+json\" class=\"yoast-schema-graph\">{\"@context\":\"https:\/\/schema.org\",\"@graph\":[{\"@type\":\"WebPage\",\"@id\":\"https:\/\/vinilozona.lt\/parduotuve\/rock-pop\/motels-careful\/\",\"url\":\"https:\/\/vinilozona.lt\/parduotuve\/rock-pop\/motels-careful\/\",\"name\":\"Motels \u2013 Careful Vinilin\u0117 Plok\u0161tel\u0117 | Vinilozona.lt\",\"isPartOf\":{\"@id\":\"https:\/\/vinilozona.lt\/#website\"},\"primaryImageOfPage\":{\"@id\":\"https:\/\/vinilozona.lt\/parduotuve\/rock-pop\/motels-careful\/#primaryimage\"},\"image\":{\"@id\":\"https:\/\/vinilozona.lt\/parduotuve\/rock-pop\/motels-careful\/#primaryimage\"},\"thumbnailUrl\":\"https:\/\/vinilozona.lt\/wp-content\/uploads\/2025\/06\/R-847489-1243431999.jpg\",\"datePublished\":\"2025-06-25T02:05:02+00:00\",\"dateModified\":\"2025-06-25T03:49:40+00:00\",\"breadcrumb\":{\"@id\":\"https:\/\/vinilozona.lt\/parduotuve\/rock-pop\/motels-careful\/#breadcrumb\"},\"inLanguage\":\"en-GB\",\"potentialAction\":[{\"@type\":\"ReadAction\",\"target\":[\"https:\/\/vinilozona.lt\/parduotuve\/rock-pop\/motels-careful\/\"]}]},{\"@type\":\"ImageObject\",\"inLanguage\":\"en-GB\",\"@id\":\"https:\/\/vinilozona.lt\/parduotuve\/rock-pop\/motels-careful\/#primaryimage\",\"url\":\"https:\/\/vinilozona.lt\/wp-content\/uploads\/2025\/06\/R-847489-1243431999.jpg\",\"contentUrl\":\"https:\/\/vinilozona.lt\/wp-content\/uploads\/2025\/06\/R-847489-1243431999.jpg\",\"width\":598,\"height\":600},{\"@type\":\"BreadcrumbList\",\"@id\":\"https:\/\/vinilozona.lt\/parduotuve\/rock-pop\/motels-careful\/#breadcrumb\",\"itemListElement\":[{\"@type\":\"ListItem\",\"position\":1,\"name\":\"Home\",\"item\":\"https:\/\/vinilozona.lt\/\"},{\"@type\":\"ListItem\",\"position\":2,\"name\":\"Parduotuv\u0117\",\"item\":\"https:\/\/vinilozona.lt\/parduotuve\/\"},{\"@type\":\"ListItem\",\"position\":3,\"name\":\"Motels \u2013 Careful\"}]},{\"@type\":\"WebSite\",\"@id\":\"https:\/\/vinilozona.lt\/#website\",\"url\":\"https:\/\/vinilozona.lt\/\",\"name\":\"Vinilo Zona\",\"description\":\"Nup\u016bsk dulkes ir klausyk LP\",\"potentialAction\":[{\"@type\":\"SearchAction\",\"target\":{\"@type\":\"EntryPoint\",\"urlTemplate\":\"https:\/\/vinilozona.lt\/?s={search_term_string}\"},\"query-input\":{\"@type\":\"PropertyValueSpecification\",\"valueRequired\":true,\"valueName\":\"search_term_string\"}}],\"inLanguage\":\"en-GB\"}]}<\/script>\n<!-- \/ Yoast SEO plugin. -->","yoast_head_json":{"title":"Motels \u2013 Careful Vinilin\u0117 Plok\u0161tel\u0117 | Vinilozona.lt","robots":{"index":"index","follow":"follow","max-snippet":"max-snippet:-1","max-image-preview":"max-image-preview:large","max-video-preview":"max-video-preview:-1"},"canonical":"https:\/\/vinilozona.lt\/en\/parduotuve\/rock-pop\/motels-careful\/","og_locale":"en_GB","og_type":"article","og_title":"Motels \u2013 Careful Vinilin\u0117 Plok\u0161tel\u0117 | Vinilozona.lt","og_description":"Capitol Records \u2013 1C 064-86 146, Capitol Records \u2013 1 C 064-86 146, EMI Electrola \u2013 1C 064-86 146, EMI Electrola \u2013 1 C 064-86 146 Format: Vinyl, LP, Album Country: Germany Released: 1980","og_url":"https:\/\/vinilozona.lt\/en\/parduotuve\/rock-pop\/motels-careful\/","og_site_name":"Vinilo Zona","article_modified_time":"2025-06-25T03:49:40+00:00","og_image":[{"width":598,"height":600,"url":"https:\/\/vinilozona.lt\/wp-content\/uploads\/2025\/06\/R-847489-1243431999.jpg","type":"image\/jpeg"}],"twitter_card":"summary_large_image","twitter_misc":{"Estimated reading time":"1 minute"},"schema":{"@context":"https:\/\/schema.org","@graph":[{"@type":"WebPage","@id":"https:\/\/vinilozona.lt\/parduotuve\/rock-pop\/motels-careful\/","url":"https:\/\/vinilozona.lt\/parduotuve\/rock-pop\/motels-careful\/","name":"Motels \u2013 Careful Vinilin\u0117 Plok\u0161tel\u0117 | Vinilozona.lt","isPartOf":{"@id":"https:\/\/vinilozona.lt\/#website"},"primaryImageOfPage":{"@id":"https:\/\/vinilozona.lt\/parduotuve\/rock-pop\/motels-careful\/#primaryimage"},"image":{"@id":"https:\/\/vinilozona.lt\/parduotuve\/rock-pop\/motels-careful\/#primaryimage"},"thumbnailUrl":"https:\/\/vinilozona.lt\/wp-content\/uploads\/2025\/06\/R-847489-1243431999.jpg","datePublished":"2025-06-25T02:05:02+00:00","dateModified":"2025-06-25T03:49:40+00:00","breadcrumb":{"@id":"https:\/\/vinilozona.lt\/parduotuve\/rock-pop\/motels-careful\/#breadcrumb"},"inLanguage":"en-GB","potentialAction":[{"@type":"ReadAction","target":["https:\/\/vinilozona.lt\/parduotuve\/rock-pop\/motels-careful\/"]}]},{"@type":"ImageObject","inLanguage":"en-GB","@id":"https:\/\/vinilozona.lt\/parduotuve\/rock-pop\/motels-careful\/#primaryimage","url":"https:\/\/vinilozona.lt\/wp-content\/uploads\/2025\/06\/R-847489-1243431999.jpg","contentUrl":"https:\/\/vinilozona.lt\/wp-content\/uploads\/2025\/06\/R-847489-1243431999.jpg","width":598,"height":600},{"@type":"BreadcrumbList","@id":"https:\/\/vinilozona.lt\/parduotuve\/rock-pop\/motels-careful\/#breadcrumb","itemListElement":[{"@type":"ListItem","position":1,"name":"Home","item":"https:\/\/vinilozona.lt\/"},{"@type":"ListItem","position":2,"name":"Parduotuv\u0117","item":"https:\/\/vinilozona.lt\/parduotuve\/"},{"@type":"ListItem","position":3,"name":"Motels \u2013 Careful"}]},{"@type":"WebSite","@id":"https:\/\/vinilozona.lt\/#website","url":"https:\/\/vinilozona.lt\/","name":"Vinilo Zona","description":"Nup\u016bsk dulkes ir klausyk LP","potentialAction":[{"@type":"SearchAction","target":{"@type":"EntryPoint","urlTemplate":"https:\/\/vinilozona.lt\/?s={search_term_string}"},"query-input":{"@type":"PropertyValueSpecification","valueRequired":true,"valueName":"search_term_string"}}],"inLanguage":"en-GB"}]}},"_links":{"self":[{"href":"https:\/\/vinilozona.lt\/en\/wp-json\/wp\/v2\/product\/28538"}],"collection":[{"href":"https:\/\/vinilozona.lt\/en\/wp-json\/wp\/v2\/product"}],"about":[{"href":"https:\/\/vinilozona.lt\/en\/wp-json\/wp\/v2\/types\/product"}],"wp:featuredmedia":[{"embeddable":true,"href":"https:\/\/vinilozona.lt\/en\/wp-json\/wp\/v2\/media\/28539"}],"wp:attachment":[{"href":"https:\/\/vinilozona.lt\/en\/wp-json\/wp\/v2\/media?parent=28538"}],"wp:term":[{"taxonomy":"product_cat","embeddable":true,"href":"https:\/\/vinilozona.lt\/en\/wp-json\/wp\/v2\/product_cat?post=28538"},{"taxonomy":"product_tag","embeddable":true,"href":"https:\/\/vinilozona.lt\/en\/wp-json\/wp\/v2\/product_tag?post=28538"}],"curies":[{"name":"wp","href":"https:\/\/api.w.org\/{rel}","templated":true}]}}