{"id":28500,"date":"2025-06-21T05:17:32","date_gmt":"2025-06-21T02:17:32","guid":{"rendered":"https:\/\/vinilozona.lt\/?post_type=product&#038;p=28500"},"modified":"2025-06-18T16:46:39","modified_gmt":"2025-06-18T13:46:39","slug":"neues-bachisches-collegium-musicum-festliches-barock","status":"publish","type":"product","link":"https:\/\/vinilozona.lt\/en\/parduotuve\/classic\/neues-bachisches-collegium-musicum-festliches-barock\/","title":{"rendered":"Neues Bachisches Collegium Musicum \u2013 Festliches Barock"},"content":{"rendered":"<p>A1\t\tSinfonia G-Dur BWV 174\/1<br \/>\nComposed By \u2013 Johann Sebastian Bach<br \/>\nA2\t\tFrondi Tenere\/Ombra Mai Fu<br \/>\nComposed By \u2013 Georg Friedrich H\u00e4ndel<br \/>\nA3\t\tSinfonia Nr. 20 Aus Saul<br \/>\nComposed By \u2013 Georg Friedrich H\u00e4ndel<br \/>\nA4\t\tMenuet Und Badinerie Aus Der Ouvert\u00fcre Nr. 2 H-moll BWV 1067<br \/>\nComposed By \u2013 Johann Sebastian Bach<br \/>\nA5\t\tKanon F\u00fcr Drei Violinen Und Generalbass<br \/>\nComposed By \u2013 Johann Pachelbel<br \/>\nA6\t\t3. Satz &#8211; Allegro &#8211; Aus Dem Konzert F\u00fcr Trompete Und Orchester Es-Dur Hob. VIIe Nr. 1<br \/>\nComposed By \u2013 Joseph Haydn<br \/>\nA7\t\t3. Satz &#8211; Allegro &#8211; Aus Dem Concerto Grosso C-Moll Op. 6 Nr. 8<br \/>\nComposed By \u2013 Georg Friedrich H\u00e4ndel<br \/>\nA8\t\tJesus Bleibt Meine Freude Bwv 147\/10<br \/>\nComposed By \u2013 Johann Sebastian Bach<br \/>\nB1\t\tPr\u00e9lude Aus Dem Te Deum<br \/>\nComposed By \u2013 Marc-Antoine Charpentier*<br \/>\nB2\t\t1. Und 2. Satz &#8211; Larghetto E Staccato\/Allegro &#8211; Aus Concerto Grosso D-Dur Op. 6 Nr. 5<br \/>\nComposed By \u2013 Georg Friedrich H\u00e4ndel<br \/>\nB3\t\t1. Und 2. Satz -Adagio\/Allegro &#8211; Aus Dem Konzert F\u00fcr Trompete Und Orchester D-Dur<br \/>\nComposed By \u2013 Georg Philipp Telemann<br \/>\nB4\t\tAir Aus Der Ouvert\u00fcre Nr. 3 D-Dur BWV 1068<br \/>\nComposed By \u2013 Johann Sebastian Bach<br \/>\nB5\t\t4. Satz &#8211; Allegro &#8211; Aus Dem Concerto Grosso A-Moll Op. 6 Nr. 4<br \/>\nComposed By \u2013 Georg Friedrich H\u00e4ndel<br \/>\nB6\t\t2. Satz &#8211; Adagio &#8211; Aus Dem Brandenburgischen Konzert Nr. 1 BWV 1046<br \/>\nComposed By \u2013 Johann Sebastian Bach<br \/>\nB7\t\tPassepied I Und II Aus Der Ouvert\u00fcre Nr. 1 C-Dur BWV 1066<br \/>\nComposed By \u2013 Johann Sebastian Bach<br \/>\nB8\t\t2. Satz &#8211; Andante Piu Mosso Un Poco Allegro &#8211; Aus Dem Konzert F\u00fcr Zwei Corni Da Caccia Und Orchester<br \/>\nComposed By \u2013 Johann David Heinichen<br \/>\nB9\t\tR\u00e9jouissance Aus Der Ouvert\u00fcre Nr. 4 D-Dur Bwv 1069<br \/>\nComposed By \u2013 Johann Sebastian Bach<\/p>","protected":false},"excerpt":{"rendered":"<p>ETERNA \u2013 7 29 033<br \/>\nFormat:<br \/>\nVinyl, LP, Reissue, Stereo, DMM<br \/>\nCountry:<br \/>\nGerman Democratic Republic (GDR)<br \/>\nReleased:  1990<br \/>\nGenre:<br \/>\nClassical<\/p>","protected":false},"featured_media":28501,"template":"","meta":[],"product_cat":[22],"product_tag":[44],"yoast_head":"<!-- This site is optimized with the Yoast SEO plugin v23.5 - https:\/\/yoast.com\/wordpress\/plugins\/seo\/ -->\n<title>Neues Bachisches Collegium Musicum \u2013 Festliches Barock Vinilin\u0117 Plok\u0161tel\u0117 | Vinilozona.lt<\/title>\n<meta name=\"robots\" content=\"index, follow, max-snippet:-1, max-image-preview:large, max-video-preview:-1\" \/>\n<link rel=\"canonical\" href=\"https:\/\/vinilozona.lt\/en\/parduotuve\/classic\/neues-bachisches-collegium-musicum-festliches-barock\/\" \/>\n<meta property=\"og:locale\" content=\"en_GB\" \/>\n<meta property=\"og:type\" content=\"article\" \/>\n<meta property=\"og:title\" content=\"Neues Bachisches Collegium Musicum \u2013 Festliches Barock Vinilin\u0117 Plok\u0161tel\u0117 | Vinilozona.lt\" \/>\n<meta property=\"og:description\" content=\"ETERNA \u2013 7 29 033 Format: Vinyl, LP, Reissue, Stereo, DMM Country: German Democratic Republic (GDR) Released: 1990 Genre: Classical\" \/>\n<meta property=\"og:url\" content=\"https:\/\/vinilozona.lt\/en\/parduotuve\/classic\/neues-bachisches-collegium-musicum-festliches-barock\/\" \/>\n<meta property=\"og:site_name\" content=\"Vinilo Zona\" \/>\n<meta property=\"article:modified_time\" content=\"2025-06-18T13:46:39+00:00\" \/>\n<meta property=\"og:image\" content=\"https:\/\/vinilozona.lt\/wp-content\/uploads\/2025\/06\/R-4506411-1366816819-9681.jpg\" \/>\n\t<meta property=\"og:image:width\" content=\"599\" \/>\n\t<meta property=\"og:image:height\" content=\"600\" \/>\n\t<meta property=\"og:image:type\" content=\"image\/jpeg\" \/>\n<meta name=\"twitter:card\" content=\"summary_large_image\" \/>\n<meta name=\"twitter:label1\" content=\"Estimated reading time\" \/>\n\t<meta name=\"twitter:data1\" content=\"1 minute\" \/>\n<script type=\"application\/ld+json\" class=\"yoast-schema-graph\">{\"@context\":\"https:\/\/schema.org\",\"@graph\":[{\"@type\":\"WebPage\",\"@id\":\"https:\/\/vinilozona.lt\/parduotuve\/classic\/neues-bachisches-collegium-musicum-festliches-barock\/\",\"url\":\"https:\/\/vinilozona.lt\/parduotuve\/classic\/neues-bachisches-collegium-musicum-festliches-barock\/\",\"name\":\"Neues Bachisches Collegium Musicum \u2013 Festliches Barock Vinilin\u0117 Plok\u0161tel\u0117 | Vinilozona.lt\",\"isPartOf\":{\"@id\":\"https:\/\/vinilozona.lt\/#website\"},\"primaryImageOfPage\":{\"@id\":\"https:\/\/vinilozona.lt\/parduotuve\/classic\/neues-bachisches-collegium-musicum-festliches-barock\/#primaryimage\"},\"image\":{\"@id\":\"https:\/\/vinilozona.lt\/parduotuve\/classic\/neues-bachisches-collegium-musicum-festliches-barock\/#primaryimage\"},\"thumbnailUrl\":\"https:\/\/vinilozona.lt\/wp-content\/uploads\/2025\/06\/R-4506411-1366816819-9681.jpg\",\"datePublished\":\"2025-06-21T02:17:32+00:00\",\"dateModified\":\"2025-06-18T13:46:39+00:00\",\"breadcrumb\":{\"@id\":\"https:\/\/vinilozona.lt\/parduotuve\/classic\/neues-bachisches-collegium-musicum-festliches-barock\/#breadcrumb\"},\"inLanguage\":\"en-GB\",\"potentialAction\":[{\"@type\":\"ReadAction\",\"target\":[\"https:\/\/vinilozona.lt\/parduotuve\/classic\/neues-bachisches-collegium-musicum-festliches-barock\/\"]}]},{\"@type\":\"ImageObject\",\"inLanguage\":\"en-GB\",\"@id\":\"https:\/\/vinilozona.lt\/parduotuve\/classic\/neues-bachisches-collegium-musicum-festliches-barock\/#primaryimage\",\"url\":\"https:\/\/vinilozona.lt\/wp-content\/uploads\/2025\/06\/R-4506411-1366816819-9681.jpg\",\"contentUrl\":\"https:\/\/vinilozona.lt\/wp-content\/uploads\/2025\/06\/R-4506411-1366816819-9681.jpg\",\"width\":599,\"height\":600},{\"@type\":\"BreadcrumbList\",\"@id\":\"https:\/\/vinilozona.lt\/parduotuve\/classic\/neues-bachisches-collegium-musicum-festliches-barock\/#breadcrumb\",\"itemListElement\":[{\"@type\":\"ListItem\",\"position\":1,\"name\":\"Home\",\"item\":\"https:\/\/vinilozona.lt\/\"},{\"@type\":\"ListItem\",\"position\":2,\"name\":\"Parduotuv\u0117\",\"item\":\"https:\/\/vinilozona.lt\/parduotuve\/\"},{\"@type\":\"ListItem\",\"position\":3,\"name\":\"Neues Bachisches Collegium Musicum \u2013 Festliches Barock\"}]},{\"@type\":\"WebSite\",\"@id\":\"https:\/\/vinilozona.lt\/#website\",\"url\":\"https:\/\/vinilozona.lt\/\",\"name\":\"Vinilo Zona\",\"description\":\"Nup\u016bsk dulkes ir klausyk LP\",\"potentialAction\":[{\"@type\":\"SearchAction\",\"target\":{\"@type\":\"EntryPoint\",\"urlTemplate\":\"https:\/\/vinilozona.lt\/?s={search_term_string}\"},\"query-input\":{\"@type\":\"PropertyValueSpecification\",\"valueRequired\":true,\"valueName\":\"search_term_string\"}}],\"inLanguage\":\"en-GB\"}]}<\/script>\n<!-- \/ Yoast SEO plugin. -->","yoast_head_json":{"title":"Neues Bachisches Collegium Musicum \u2013 Festliches Barock Vinilin\u0117 Plok\u0161tel\u0117 | Vinilozona.lt","robots":{"index":"index","follow":"follow","max-snippet":"max-snippet:-1","max-image-preview":"max-image-preview:large","max-video-preview":"max-video-preview:-1"},"canonical":"https:\/\/vinilozona.lt\/en\/parduotuve\/classic\/neues-bachisches-collegium-musicum-festliches-barock\/","og_locale":"en_GB","og_type":"article","og_title":"Neues Bachisches Collegium Musicum \u2013 Festliches Barock Vinilin\u0117 Plok\u0161tel\u0117 | Vinilozona.lt","og_description":"ETERNA \u2013 7 29 033 Format: Vinyl, LP, Reissue, Stereo, DMM Country: German Democratic Republic (GDR) Released: 1990 Genre: Classical","og_url":"https:\/\/vinilozona.lt\/en\/parduotuve\/classic\/neues-bachisches-collegium-musicum-festliches-barock\/","og_site_name":"Vinilo Zona","article_modified_time":"2025-06-18T13:46:39+00:00","og_image":[{"width":599,"height":600,"url":"https:\/\/vinilozona.lt\/wp-content\/uploads\/2025\/06\/R-4506411-1366816819-9681.jpg","type":"image\/jpeg"}],"twitter_card":"summary_large_image","twitter_misc":{"Estimated reading time":"1 minute"},"schema":{"@context":"https:\/\/schema.org","@graph":[{"@type":"WebPage","@id":"https:\/\/vinilozona.lt\/parduotuve\/classic\/neues-bachisches-collegium-musicum-festliches-barock\/","url":"https:\/\/vinilozona.lt\/parduotuve\/classic\/neues-bachisches-collegium-musicum-festliches-barock\/","name":"Neues Bachisches Collegium Musicum \u2013 Festliches Barock Vinilin\u0117 Plok\u0161tel\u0117 | Vinilozona.lt","isPartOf":{"@id":"https:\/\/vinilozona.lt\/#website"},"primaryImageOfPage":{"@id":"https:\/\/vinilozona.lt\/parduotuve\/classic\/neues-bachisches-collegium-musicum-festliches-barock\/#primaryimage"},"image":{"@id":"https:\/\/vinilozona.lt\/parduotuve\/classic\/neues-bachisches-collegium-musicum-festliches-barock\/#primaryimage"},"thumbnailUrl":"https:\/\/vinilozona.lt\/wp-content\/uploads\/2025\/06\/R-4506411-1366816819-9681.jpg","datePublished":"2025-06-21T02:17:32+00:00","dateModified":"2025-06-18T13:46:39+00:00","breadcrumb":{"@id":"https:\/\/vinilozona.lt\/parduotuve\/classic\/neues-bachisches-collegium-musicum-festliches-barock\/#breadcrumb"},"inLanguage":"en-GB","potentialAction":[{"@type":"ReadAction","target":["https:\/\/vinilozona.lt\/parduotuve\/classic\/neues-bachisches-collegium-musicum-festliches-barock\/"]}]},{"@type":"ImageObject","inLanguage":"en-GB","@id":"https:\/\/vinilozona.lt\/parduotuve\/classic\/neues-bachisches-collegium-musicum-festliches-barock\/#primaryimage","url":"https:\/\/vinilozona.lt\/wp-content\/uploads\/2025\/06\/R-4506411-1366816819-9681.jpg","contentUrl":"https:\/\/vinilozona.lt\/wp-content\/uploads\/2025\/06\/R-4506411-1366816819-9681.jpg","width":599,"height":600},{"@type":"BreadcrumbList","@id":"https:\/\/vinilozona.lt\/parduotuve\/classic\/neues-bachisches-collegium-musicum-festliches-barock\/#breadcrumb","itemListElement":[{"@type":"ListItem","position":1,"name":"Home","item":"https:\/\/vinilozona.lt\/"},{"@type":"ListItem","position":2,"name":"Parduotuv\u0117","item":"https:\/\/vinilozona.lt\/parduotuve\/"},{"@type":"ListItem","position":3,"name":"Neues Bachisches Collegium Musicum \u2013 Festliches Barock"}]},{"@type":"WebSite","@id":"https:\/\/vinilozona.lt\/#website","url":"https:\/\/vinilozona.lt\/","name":"Vinilo Zona","description":"Nup\u016bsk dulkes ir klausyk LP","potentialAction":[{"@type":"SearchAction","target":{"@type":"EntryPoint","urlTemplate":"https:\/\/vinilozona.lt\/?s={search_term_string}"},"query-input":{"@type":"PropertyValueSpecification","valueRequired":true,"valueName":"search_term_string"}}],"inLanguage":"en-GB"}]}},"_links":{"self":[{"href":"https:\/\/vinilozona.lt\/en\/wp-json\/wp\/v2\/product\/28500"}],"collection":[{"href":"https:\/\/vinilozona.lt\/en\/wp-json\/wp\/v2\/product"}],"about":[{"href":"https:\/\/vinilozona.lt\/en\/wp-json\/wp\/v2\/types\/product"}],"wp:featuredmedia":[{"embeddable":true,"href":"https:\/\/vinilozona.lt\/en\/wp-json\/wp\/v2\/media\/28501"}],"wp:attachment":[{"href":"https:\/\/vinilozona.lt\/en\/wp-json\/wp\/v2\/media?parent=28500"}],"wp:term":[{"taxonomy":"product_cat","embeddable":true,"href":"https:\/\/vinilozona.lt\/en\/wp-json\/wp\/v2\/product_cat?post=28500"},{"taxonomy":"product_tag","embeddable":true,"href":"https:\/\/vinilozona.lt\/en\/wp-json\/wp\/v2\/product_tag?post=28500"}],"curies":[{"name":"wp","href":"https:\/\/api.w.org\/{rel}","templated":true}]}}