{"id":28493,"date":"2025-06-21T05:14:16","date_gmt":"2025-06-21T02:14:16","guid":{"rendered":"https:\/\/vinilozona.lt\/?post_type=product&#038;p=28493"},"modified":"2026-03-13T09:41:22","modified_gmt":"2026-03-13T07:41:22","slug":"vivaldi-burkhard-glaetzner-ingo-goritzki-karl-suske-christine-schornsheim-siegfried-pank-achim-beyer-thomas-reinhardt-die-werke-fur-oboe-sonaten","status":"publish","type":"product","link":"https:\/\/vinilozona.lt\/en\/parduotuve\/classic\/vivaldi-burkhard-glaetzner-ingo-goritzki-karl-suske-christine-schornsheim-siegfried-pank-achim-beyer-thomas-reinhardt-die-werke-fur-oboe-sonaten\/","title":{"rendered":"Vivaldi &#8211; Burkhard Glaetzner, Ingo Goritzki, Karl Suske, Christine Schornsheim, Siegfried Pank, Achim Beyer, Thomas Reinhardt \u2013 Die Werke F\u00fcr Oboe &#8211; Sonaten"},"content":{"rendered":"<p>Sonate F\u00fcr Oboe Und Basso Continuo B-dur RV 34<br \/>\nA1\t\tAdagio\t1:28<br \/>\nA2\t\tAllegro\t2:06<br \/>\nA3\t\tLargo\t1:54<br \/>\nA4\t\tAllegro\t1:56<br \/>\nSonate F\u00fcr Zwei Oboen Und Basso Continuo G-moll RV 81<br \/>\nA5\t\tAllegro\t1:53<br \/>\nA6\t\tLargo\t3:50<br \/>\nA7\t\tAllegro\t1:21<br \/>\nSonate F\u00fcr Oboe Und Basso Continuo G-moll RV 28<br \/>\nA8\t\t(Ohne Tempobezeichnung)\t3:57<br \/>\nA9\t\t(Allegro)\t2:05<br \/>\nA10\t\tLargo\t3:19<br \/>\nA11\t\tAllegro\t2:06<br \/>\nSonate F\u00fcr Violine,Oboe,Obligate Orgel &#038; &#8222;Salmoe Se Piace&#8221; C-dur RV 779<br \/>\nB1\t\tAndante\t3:58<br \/>\nB2\t\tAllegro\t3:48<br \/>\nB3\t\tLargo E Cantabile\t2:26<br \/>\nB4\t\tAllegro\t4:27<br \/>\nSonate F\u00fcr Oboe Und Basso Continuo C-moll RV 53<br \/>\nB5\t\tAdagio\t2:38<br \/>\nB6\t\tAllegro\t2:04<br \/>\nB7\t\tAndante\t4:24<br \/>\nB8\t\tAllegro\t2:46<\/p>","protected":false},"excerpt":{"rendered":"<p>ETERNA \u2013 7 29 131<br \/>\nFormat:<br \/>\nVinyl, LP, Repress, Stereo<br \/>\nCountry:<br \/>\nGerman Democratic Republic (GDR)<br \/>\nReleased: 1990<br \/>\nGenre:<br \/>\nClassical<br \/>\nStyle:<br \/>\nBaroque<\/p>","protected":false},"featured_media":28494,"template":"","meta":[],"product_cat":[22],"product_tag":[44],"yoast_head":"<!-- This site is optimized with the Yoast SEO plugin v23.5 - https:\/\/yoast.com\/wordpress\/plugins\/seo\/ -->\n<title>Vivaldi - Burkhard Glaetzner, Ingo Goritzki, Karl Suske, Christine Schornsheim, Siegfried Pank, Achim Beyer, Thomas Reinhardt \u2013 Die Werke F\u00fcr Oboe - Sonaten Vinilin\u0117 Plok\u0161tel\u0117 | Vinilozona.lt<\/title>\n<meta name=\"robots\" content=\"index, follow, max-snippet:-1, max-image-preview:large, max-video-preview:-1\" \/>\n<link rel=\"canonical\" href=\"https:\/\/vinilozona.lt\/en\/parduotuve\/classic\/vivaldi-burkhard-glaetzner-ingo-goritzki-karl-suske-christine-schornsheim-siegfried-pank-achim-beyer-thomas-reinhardt-die-werke-fur-oboe-sonaten\/\" \/>\n<meta property=\"og:locale\" content=\"en_GB\" \/>\n<meta property=\"og:type\" content=\"article\" \/>\n<meta property=\"og:title\" content=\"Vivaldi - Burkhard Glaetzner, Ingo Goritzki, Karl Suske, Christine Schornsheim, Siegfried Pank, Achim Beyer, Thomas Reinhardt \u2013 Die Werke F\u00fcr Oboe - Sonaten Vinilin\u0117 Plok\u0161tel\u0117 | Vinilozona.lt\" \/>\n<meta property=\"og:description\" content=\"ETERNA \u2013 7 29 131 Format: Vinyl, LP, Repress, Stereo Country: German Democratic Republic (GDR) Released: 1990 Genre: Classical Style: Baroque\" \/>\n<meta property=\"og:url\" content=\"https:\/\/vinilozona.lt\/en\/parduotuve\/classic\/vivaldi-burkhard-glaetzner-ingo-goritzki-karl-suske-christine-schornsheim-siegfried-pank-achim-beyer-thomas-reinhardt-die-werke-fur-oboe-sonaten\/\" \/>\n<meta property=\"og:site_name\" content=\"Vinilo Zona\" \/>\n<meta property=\"article:modified_time\" content=\"2026-03-13T07:41:22+00:00\" \/>\n<meta property=\"og:image\" content=\"https:\/\/vinilozona.lt\/wp-content\/uploads\/2025\/06\/R-8292211-1475876775-7409.jpg\" \/>\n\t<meta property=\"og:image:width\" content=\"599\" \/>\n\t<meta property=\"og:image:height\" content=\"593\" \/>\n\t<meta property=\"og:image:type\" content=\"image\/jpeg\" \/>\n<meta name=\"twitter:card\" content=\"summary_large_image\" \/>\n<meta name=\"twitter:label1\" content=\"Estimated reading time\" \/>\n\t<meta name=\"twitter:data1\" content=\"1 minute\" \/>\n<script type=\"application\/ld+json\" class=\"yoast-schema-graph\">{\"@context\":\"https:\/\/schema.org\",\"@graph\":[{\"@type\":\"WebPage\",\"@id\":\"https:\/\/vinilozona.lt\/parduotuve\/classic\/vivaldi-burkhard-glaetzner-ingo-goritzki-karl-suske-christine-schornsheim-siegfried-pank-achim-beyer-thomas-reinhardt-die-werke-fur-oboe-sonaten\/\",\"url\":\"https:\/\/vinilozona.lt\/parduotuve\/classic\/vivaldi-burkhard-glaetzner-ingo-goritzki-karl-suske-christine-schornsheim-siegfried-pank-achim-beyer-thomas-reinhardt-die-werke-fur-oboe-sonaten\/\",\"name\":\"Vivaldi - Burkhard Glaetzner, Ingo Goritzki, Karl Suske, Christine Schornsheim, Siegfried Pank, Achim Beyer, Thomas Reinhardt \u2013 Die Werke F\u00fcr Oboe - Sonaten Vinilin\u0117 Plok\u0161tel\u0117 | Vinilozona.lt\",\"isPartOf\":{\"@id\":\"https:\/\/vinilozona.lt\/#website\"},\"primaryImageOfPage\":{\"@id\":\"https:\/\/vinilozona.lt\/parduotuve\/classic\/vivaldi-burkhard-glaetzner-ingo-goritzki-karl-suske-christine-schornsheim-siegfried-pank-achim-beyer-thomas-reinhardt-die-werke-fur-oboe-sonaten\/#primaryimage\"},\"image\":{\"@id\":\"https:\/\/vinilozona.lt\/parduotuve\/classic\/vivaldi-burkhard-glaetzner-ingo-goritzki-karl-suske-christine-schornsheim-siegfried-pank-achim-beyer-thomas-reinhardt-die-werke-fur-oboe-sonaten\/#primaryimage\"},\"thumbnailUrl\":\"https:\/\/vinilozona.lt\/wp-content\/uploads\/2025\/06\/R-8292211-1475876775-7409.jpg\",\"datePublished\":\"2025-06-21T02:14:16+00:00\",\"dateModified\":\"2026-03-13T07:41:22+00:00\",\"breadcrumb\":{\"@id\":\"https:\/\/vinilozona.lt\/parduotuve\/classic\/vivaldi-burkhard-glaetzner-ingo-goritzki-karl-suske-christine-schornsheim-siegfried-pank-achim-beyer-thomas-reinhardt-die-werke-fur-oboe-sonaten\/#breadcrumb\"},\"inLanguage\":\"en-GB\",\"potentialAction\":[{\"@type\":\"ReadAction\",\"target\":[\"https:\/\/vinilozona.lt\/parduotuve\/classic\/vivaldi-burkhard-glaetzner-ingo-goritzki-karl-suske-christine-schornsheim-siegfried-pank-achim-beyer-thomas-reinhardt-die-werke-fur-oboe-sonaten\/\"]}]},{\"@type\":\"ImageObject\",\"inLanguage\":\"en-GB\",\"@id\":\"https:\/\/vinilozona.lt\/parduotuve\/classic\/vivaldi-burkhard-glaetzner-ingo-goritzki-karl-suske-christine-schornsheim-siegfried-pank-achim-beyer-thomas-reinhardt-die-werke-fur-oboe-sonaten\/#primaryimage\",\"url\":\"https:\/\/vinilozona.lt\/wp-content\/uploads\/2025\/06\/R-8292211-1475876775-7409.jpg\",\"contentUrl\":\"https:\/\/vinilozona.lt\/wp-content\/uploads\/2025\/06\/R-8292211-1475876775-7409.jpg\",\"width\":599,\"height\":593},{\"@type\":\"BreadcrumbList\",\"@id\":\"https:\/\/vinilozona.lt\/parduotuve\/classic\/vivaldi-burkhard-glaetzner-ingo-goritzki-karl-suske-christine-schornsheim-siegfried-pank-achim-beyer-thomas-reinhardt-die-werke-fur-oboe-sonaten\/#breadcrumb\",\"itemListElement\":[{\"@type\":\"ListItem\",\"position\":1,\"name\":\"Home\",\"item\":\"https:\/\/vinilozona.lt\/\"},{\"@type\":\"ListItem\",\"position\":2,\"name\":\"Parduotuv\u0117\",\"item\":\"https:\/\/vinilozona.lt\/parduotuve\/\"},{\"@type\":\"ListItem\",\"position\":3,\"name\":\"Vivaldi &#8211; Burkhard Glaetzner, Ingo Goritzki, Karl Suske, Christine Schornsheim, Siegfried Pank, Achim Beyer, Thomas Reinhardt \u2013 Die Werke F\u00fcr Oboe &#8211; Sonaten\"}]},{\"@type\":\"WebSite\",\"@id\":\"https:\/\/vinilozona.lt\/#website\",\"url\":\"https:\/\/vinilozona.lt\/\",\"name\":\"Vinilo Zona\",\"description\":\"Nup\u016bsk dulkes ir klausyk LP\",\"potentialAction\":[{\"@type\":\"SearchAction\",\"target\":{\"@type\":\"EntryPoint\",\"urlTemplate\":\"https:\/\/vinilozona.lt\/?s={search_term_string}\"},\"query-input\":{\"@type\":\"PropertyValueSpecification\",\"valueRequired\":true,\"valueName\":\"search_term_string\"}}],\"inLanguage\":\"en-GB\"}]}<\/script>\n<!-- \/ Yoast SEO plugin. -->","yoast_head_json":{"title":"Vivaldi - Burkhard Glaetzner, Ingo Goritzki, Karl Suske, Christine Schornsheim, Siegfried Pank, Achim Beyer, Thomas Reinhardt \u2013 Die Werke F\u00fcr Oboe - Sonaten Vinilin\u0117 Plok\u0161tel\u0117 | Vinilozona.lt","robots":{"index":"index","follow":"follow","max-snippet":"max-snippet:-1","max-image-preview":"max-image-preview:large","max-video-preview":"max-video-preview:-1"},"canonical":"https:\/\/vinilozona.lt\/en\/parduotuve\/classic\/vivaldi-burkhard-glaetzner-ingo-goritzki-karl-suske-christine-schornsheim-siegfried-pank-achim-beyer-thomas-reinhardt-die-werke-fur-oboe-sonaten\/","og_locale":"en_GB","og_type":"article","og_title":"Vivaldi - Burkhard Glaetzner, Ingo Goritzki, Karl Suske, Christine Schornsheim, Siegfried Pank, Achim Beyer, Thomas Reinhardt \u2013 Die Werke F\u00fcr Oboe - Sonaten Vinilin\u0117 Plok\u0161tel\u0117 | Vinilozona.lt","og_description":"ETERNA \u2013 7 29 131 Format: Vinyl, LP, Repress, Stereo Country: German Democratic Republic (GDR) Released: 1990 Genre: Classical Style: Baroque","og_url":"https:\/\/vinilozona.lt\/en\/parduotuve\/classic\/vivaldi-burkhard-glaetzner-ingo-goritzki-karl-suske-christine-schornsheim-siegfried-pank-achim-beyer-thomas-reinhardt-die-werke-fur-oboe-sonaten\/","og_site_name":"Vinilo Zona","article_modified_time":"2026-03-13T07:41:22+00:00","og_image":[{"width":599,"height":593,"url":"https:\/\/vinilozona.lt\/wp-content\/uploads\/2025\/06\/R-8292211-1475876775-7409.jpg","type":"image\/jpeg"}],"twitter_card":"summary_large_image","twitter_misc":{"Estimated reading time":"1 minute"},"schema":{"@context":"https:\/\/schema.org","@graph":[{"@type":"WebPage","@id":"https:\/\/vinilozona.lt\/parduotuve\/classic\/vivaldi-burkhard-glaetzner-ingo-goritzki-karl-suske-christine-schornsheim-siegfried-pank-achim-beyer-thomas-reinhardt-die-werke-fur-oboe-sonaten\/","url":"https:\/\/vinilozona.lt\/parduotuve\/classic\/vivaldi-burkhard-glaetzner-ingo-goritzki-karl-suske-christine-schornsheim-siegfried-pank-achim-beyer-thomas-reinhardt-die-werke-fur-oboe-sonaten\/","name":"Vivaldi - Burkhard Glaetzner, Ingo Goritzki, Karl Suske, Christine Schornsheim, Siegfried Pank, Achim Beyer, Thomas Reinhardt \u2013 Die Werke F\u00fcr Oboe - Sonaten Vinilin\u0117 Plok\u0161tel\u0117 | Vinilozona.lt","isPartOf":{"@id":"https:\/\/vinilozona.lt\/#website"},"primaryImageOfPage":{"@id":"https:\/\/vinilozona.lt\/parduotuve\/classic\/vivaldi-burkhard-glaetzner-ingo-goritzki-karl-suske-christine-schornsheim-siegfried-pank-achim-beyer-thomas-reinhardt-die-werke-fur-oboe-sonaten\/#primaryimage"},"image":{"@id":"https:\/\/vinilozona.lt\/parduotuve\/classic\/vivaldi-burkhard-glaetzner-ingo-goritzki-karl-suske-christine-schornsheim-siegfried-pank-achim-beyer-thomas-reinhardt-die-werke-fur-oboe-sonaten\/#primaryimage"},"thumbnailUrl":"https:\/\/vinilozona.lt\/wp-content\/uploads\/2025\/06\/R-8292211-1475876775-7409.jpg","datePublished":"2025-06-21T02:14:16+00:00","dateModified":"2026-03-13T07:41:22+00:00","breadcrumb":{"@id":"https:\/\/vinilozona.lt\/parduotuve\/classic\/vivaldi-burkhard-glaetzner-ingo-goritzki-karl-suske-christine-schornsheim-siegfried-pank-achim-beyer-thomas-reinhardt-die-werke-fur-oboe-sonaten\/#breadcrumb"},"inLanguage":"en-GB","potentialAction":[{"@type":"ReadAction","target":["https:\/\/vinilozona.lt\/parduotuve\/classic\/vivaldi-burkhard-glaetzner-ingo-goritzki-karl-suske-christine-schornsheim-siegfried-pank-achim-beyer-thomas-reinhardt-die-werke-fur-oboe-sonaten\/"]}]},{"@type":"ImageObject","inLanguage":"en-GB","@id":"https:\/\/vinilozona.lt\/parduotuve\/classic\/vivaldi-burkhard-glaetzner-ingo-goritzki-karl-suske-christine-schornsheim-siegfried-pank-achim-beyer-thomas-reinhardt-die-werke-fur-oboe-sonaten\/#primaryimage","url":"https:\/\/vinilozona.lt\/wp-content\/uploads\/2025\/06\/R-8292211-1475876775-7409.jpg","contentUrl":"https:\/\/vinilozona.lt\/wp-content\/uploads\/2025\/06\/R-8292211-1475876775-7409.jpg","width":599,"height":593},{"@type":"BreadcrumbList","@id":"https:\/\/vinilozona.lt\/parduotuve\/classic\/vivaldi-burkhard-glaetzner-ingo-goritzki-karl-suske-christine-schornsheim-siegfried-pank-achim-beyer-thomas-reinhardt-die-werke-fur-oboe-sonaten\/#breadcrumb","itemListElement":[{"@type":"ListItem","position":1,"name":"Home","item":"https:\/\/vinilozona.lt\/"},{"@type":"ListItem","position":2,"name":"Parduotuv\u0117","item":"https:\/\/vinilozona.lt\/parduotuve\/"},{"@type":"ListItem","position":3,"name":"Vivaldi &#8211; Burkhard Glaetzner, Ingo Goritzki, Karl Suske, Christine Schornsheim, Siegfried Pank, Achim Beyer, Thomas Reinhardt \u2013 Die Werke F\u00fcr Oboe &#8211; Sonaten"}]},{"@type":"WebSite","@id":"https:\/\/vinilozona.lt\/#website","url":"https:\/\/vinilozona.lt\/","name":"Vinilo Zona","description":"Nup\u016bsk dulkes ir klausyk LP","potentialAction":[{"@type":"SearchAction","target":{"@type":"EntryPoint","urlTemplate":"https:\/\/vinilozona.lt\/?s={search_term_string}"},"query-input":{"@type":"PropertyValueSpecification","valueRequired":true,"valueName":"search_term_string"}}],"inLanguage":"en-GB"}]}},"_links":{"self":[{"href":"https:\/\/vinilozona.lt\/en\/wp-json\/wp\/v2\/product\/28493"}],"collection":[{"href":"https:\/\/vinilozona.lt\/en\/wp-json\/wp\/v2\/product"}],"about":[{"href":"https:\/\/vinilozona.lt\/en\/wp-json\/wp\/v2\/types\/product"}],"wp:featuredmedia":[{"embeddable":true,"href":"https:\/\/vinilozona.lt\/en\/wp-json\/wp\/v2\/media\/28494"}],"wp:attachment":[{"href":"https:\/\/vinilozona.lt\/en\/wp-json\/wp\/v2\/media?parent=28493"}],"wp:term":[{"taxonomy":"product_cat","embeddable":true,"href":"https:\/\/vinilozona.lt\/en\/wp-json\/wp\/v2\/product_cat?post=28493"},{"taxonomy":"product_tag","embeddable":true,"href":"https:\/\/vinilozona.lt\/en\/wp-json\/wp\/v2\/product_tag?post=28493"}],"curies":[{"name":"wp","href":"https:\/\/api.w.org\/{rel}","templated":true}]}}