{"id":28488,"date":"2025-06-21T05:12:59","date_gmt":"2025-06-21T02:12:59","guid":{"rendered":"https:\/\/vinilozona.lt\/?post_type=product&#038;p=28488"},"modified":"2025-06-18T09:14:56","modified_gmt":"2025-06-18T06:14:56","slug":"franz-schubert-siegfried-lorenz-norman-shetler-winterreise-2lp","status":"publish","type":"product","link":"https:\/\/vinilozona.lt\/en\/parduotuve\/classic\/franz-schubert-siegfried-lorenz-norman-shetler-winterreise-2lp\/","title":{"rendered":"Franz Schubert &#8211; Siegfried Lorenz, Norman Shetler \u2013 Winterreise  2LP"},"content":{"rendered":"<p>A1\t\tGute Nacht\t5:41<br \/>\nA2\t\tDie Wetterfahne\t1:43<br \/>\nA3\t\tGefror\u2019ne Thr\u00e4nen\t2:53<br \/>\nA4\t\tErstarrung\t2:55<br \/>\nA5\t\tDer Lindenbaum\t5:02<br \/>\nA6\t\tWasserfluth\t5:17<br \/>\nB1\t\tAuf Dem Flusse\t4:07<br \/>\nB2\t\tR\u00fcckblick\t2:25<br \/>\nB3\t\tIrrlicht\t3:06<br \/>\nB4\t\tRast\t3:30<br \/>\nB5\t\tFr\u00fchlingstraum\t4:11<br \/>\nB6\t\tEinsamkeit\t2:58<br \/>\nC1\t\tDie Post\t2:21<br \/>\nC2\t\tDer Greise Kopf\t3:26<br \/>\nC3\t\tDie Kr\u00e4he\t1:58<br \/>\nC4\t\tLetzte Hoffnung\t2:16<br \/>\nC5\t\tIm Dorfe\t3:13<br \/>\nC6\t\tDer St\u00fcrmische Morgen\t0:55<br \/>\nC7\t\tT\u00e4uschung\t1:25<br \/>\nD1\t\tDer Wegweiser\t4:48<br \/>\nD2\t\tDas Wirtshaus\t3:59<br \/>\nD3\t\tMuth\t1:33<br \/>\nD4\t\tDie Nebensonnen\t3:06<br \/>\nD5\t\tDer Leiermann\t4:11<\/p>","protected":false},"excerpt":{"rendered":"<p>\tETERNA \u2013 7 25 190-191<br \/>\nFormat:<br \/>\n2 x Vinyl, LP, Album, Stereo<br \/>\nCountry:<br \/>\nGerman Democratic Republic (GDR)<br \/>\nReleased: 1988<br \/>\nGenre:<br \/>\nClassical<br \/>\nStyle:<br \/>\nRomantic<\/p>","protected":false},"featured_media":28489,"template":"","meta":[],"product_cat":[22],"product_tag":[44],"yoast_head":"<!-- This site is optimized with the Yoast SEO plugin v23.5 - https:\/\/yoast.com\/wordpress\/plugins\/seo\/ -->\n<title>Franz Schubert - Siegfried Lorenz, Norman Shetler \u2013 Winterreise 2LP Vinilin\u0117 Plok\u0161tel\u0117 | Vinilozona.lt<\/title>\n<meta name=\"robots\" content=\"index, follow, max-snippet:-1, max-image-preview:large, max-video-preview:-1\" \/>\n<link rel=\"canonical\" href=\"https:\/\/vinilozona.lt\/en\/parduotuve\/classic\/franz-schubert-siegfried-lorenz-norman-shetler-winterreise-2lp\/\" \/>\n<meta property=\"og:locale\" content=\"en_GB\" \/>\n<meta property=\"og:type\" content=\"article\" \/>\n<meta property=\"og:title\" content=\"Franz Schubert - Siegfried Lorenz, Norman Shetler \u2013 Winterreise 2LP Vinilin\u0117 Plok\u0161tel\u0117 | Vinilozona.lt\" \/>\n<meta property=\"og:description\" content=\"ETERNA \u2013 7 25 190-191 Format: 2 x Vinyl, LP, Album, Stereo Country: German Democratic Republic (GDR) Released: 1988 Genre: Classical Style: Romantic\" \/>\n<meta property=\"og:url\" content=\"https:\/\/vinilozona.lt\/en\/parduotuve\/classic\/franz-schubert-siegfried-lorenz-norman-shetler-winterreise-2lp\/\" \/>\n<meta property=\"og:site_name\" content=\"Vinilo Zona\" \/>\n<meta property=\"article:modified_time\" content=\"2025-06-18T06:14:56+00:00\" \/>\n<meta property=\"og:image\" content=\"https:\/\/vinilozona.lt\/wp-content\/uploads\/2025\/06\/R-6079340-1410525467-4243.jpg\" \/>\n\t<meta property=\"og:image:width\" content=\"591\" \/>\n\t<meta property=\"og:image:height\" content=\"600\" \/>\n\t<meta property=\"og:image:type\" content=\"image\/jpeg\" \/>\n<meta name=\"twitter:card\" content=\"summary_large_image\" \/>\n<meta name=\"twitter:label1\" content=\"Estimated reading time\" \/>\n\t<meta name=\"twitter:data1\" content=\"1 minute\" \/>\n<script type=\"application\/ld+json\" class=\"yoast-schema-graph\">{\"@context\":\"https:\/\/schema.org\",\"@graph\":[{\"@type\":\"WebPage\",\"@id\":\"https:\/\/vinilozona.lt\/parduotuve\/classic\/franz-schubert-siegfried-lorenz-norman-shetler-winterreise-2lp\/\",\"url\":\"https:\/\/vinilozona.lt\/parduotuve\/classic\/franz-schubert-siegfried-lorenz-norman-shetler-winterreise-2lp\/\",\"name\":\"Franz Schubert - Siegfried Lorenz, Norman Shetler \u2013 Winterreise 2LP Vinilin\u0117 Plok\u0161tel\u0117 | Vinilozona.lt\",\"isPartOf\":{\"@id\":\"https:\/\/vinilozona.lt\/#website\"},\"primaryImageOfPage\":{\"@id\":\"https:\/\/vinilozona.lt\/parduotuve\/classic\/franz-schubert-siegfried-lorenz-norman-shetler-winterreise-2lp\/#primaryimage\"},\"image\":{\"@id\":\"https:\/\/vinilozona.lt\/parduotuve\/classic\/franz-schubert-siegfried-lorenz-norman-shetler-winterreise-2lp\/#primaryimage\"},\"thumbnailUrl\":\"https:\/\/vinilozona.lt\/wp-content\/uploads\/2025\/06\/R-6079340-1410525467-4243.jpg\",\"datePublished\":\"2025-06-21T02:12:59+00:00\",\"dateModified\":\"2025-06-18T06:14:56+00:00\",\"breadcrumb\":{\"@id\":\"https:\/\/vinilozona.lt\/parduotuve\/classic\/franz-schubert-siegfried-lorenz-norman-shetler-winterreise-2lp\/#breadcrumb\"},\"inLanguage\":\"en-GB\",\"potentialAction\":[{\"@type\":\"ReadAction\",\"target\":[\"https:\/\/vinilozona.lt\/parduotuve\/classic\/franz-schubert-siegfried-lorenz-norman-shetler-winterreise-2lp\/\"]}]},{\"@type\":\"ImageObject\",\"inLanguage\":\"en-GB\",\"@id\":\"https:\/\/vinilozona.lt\/parduotuve\/classic\/franz-schubert-siegfried-lorenz-norman-shetler-winterreise-2lp\/#primaryimage\",\"url\":\"https:\/\/vinilozona.lt\/wp-content\/uploads\/2025\/06\/R-6079340-1410525467-4243.jpg\",\"contentUrl\":\"https:\/\/vinilozona.lt\/wp-content\/uploads\/2025\/06\/R-6079340-1410525467-4243.jpg\",\"width\":591,\"height\":600},{\"@type\":\"BreadcrumbList\",\"@id\":\"https:\/\/vinilozona.lt\/parduotuve\/classic\/franz-schubert-siegfried-lorenz-norman-shetler-winterreise-2lp\/#breadcrumb\",\"itemListElement\":[{\"@type\":\"ListItem\",\"position\":1,\"name\":\"Home\",\"item\":\"https:\/\/vinilozona.lt\/\"},{\"@type\":\"ListItem\",\"position\":2,\"name\":\"Parduotuv\u0117\",\"item\":\"https:\/\/vinilozona.lt\/parduotuve\/\"},{\"@type\":\"ListItem\",\"position\":3,\"name\":\"Franz Schubert &#8211; Siegfried Lorenz, Norman Shetler \u2013 Winterreise 2LP\"}]},{\"@type\":\"WebSite\",\"@id\":\"https:\/\/vinilozona.lt\/#website\",\"url\":\"https:\/\/vinilozona.lt\/\",\"name\":\"Vinilo Zona\",\"description\":\"Nup\u016bsk dulkes ir klausyk LP\",\"potentialAction\":[{\"@type\":\"SearchAction\",\"target\":{\"@type\":\"EntryPoint\",\"urlTemplate\":\"https:\/\/vinilozona.lt\/?s={search_term_string}\"},\"query-input\":{\"@type\":\"PropertyValueSpecification\",\"valueRequired\":true,\"valueName\":\"search_term_string\"}}],\"inLanguage\":\"en-GB\"}]}<\/script>\n<!-- \/ Yoast SEO plugin. -->","yoast_head_json":{"title":"Franz Schubert - Siegfried Lorenz, Norman Shetler \u2013 Winterreise 2LP Vinilin\u0117 Plok\u0161tel\u0117 | Vinilozona.lt","robots":{"index":"index","follow":"follow","max-snippet":"max-snippet:-1","max-image-preview":"max-image-preview:large","max-video-preview":"max-video-preview:-1"},"canonical":"https:\/\/vinilozona.lt\/en\/parduotuve\/classic\/franz-schubert-siegfried-lorenz-norman-shetler-winterreise-2lp\/","og_locale":"en_GB","og_type":"article","og_title":"Franz Schubert - Siegfried Lorenz, Norman Shetler \u2013 Winterreise 2LP Vinilin\u0117 Plok\u0161tel\u0117 | Vinilozona.lt","og_description":"ETERNA \u2013 7 25 190-191 Format: 2 x Vinyl, LP, Album, Stereo Country: German Democratic Republic (GDR) Released: 1988 Genre: Classical Style: Romantic","og_url":"https:\/\/vinilozona.lt\/en\/parduotuve\/classic\/franz-schubert-siegfried-lorenz-norman-shetler-winterreise-2lp\/","og_site_name":"Vinilo Zona","article_modified_time":"2025-06-18T06:14:56+00:00","og_image":[{"width":591,"height":600,"url":"https:\/\/vinilozona.lt\/wp-content\/uploads\/2025\/06\/R-6079340-1410525467-4243.jpg","type":"image\/jpeg"}],"twitter_card":"summary_large_image","twitter_misc":{"Estimated reading time":"1 minute"},"schema":{"@context":"https:\/\/schema.org","@graph":[{"@type":"WebPage","@id":"https:\/\/vinilozona.lt\/parduotuve\/classic\/franz-schubert-siegfried-lorenz-norman-shetler-winterreise-2lp\/","url":"https:\/\/vinilozona.lt\/parduotuve\/classic\/franz-schubert-siegfried-lorenz-norman-shetler-winterreise-2lp\/","name":"Franz Schubert - Siegfried Lorenz, Norman Shetler \u2013 Winterreise 2LP Vinilin\u0117 Plok\u0161tel\u0117 | Vinilozona.lt","isPartOf":{"@id":"https:\/\/vinilozona.lt\/#website"},"primaryImageOfPage":{"@id":"https:\/\/vinilozona.lt\/parduotuve\/classic\/franz-schubert-siegfried-lorenz-norman-shetler-winterreise-2lp\/#primaryimage"},"image":{"@id":"https:\/\/vinilozona.lt\/parduotuve\/classic\/franz-schubert-siegfried-lorenz-norman-shetler-winterreise-2lp\/#primaryimage"},"thumbnailUrl":"https:\/\/vinilozona.lt\/wp-content\/uploads\/2025\/06\/R-6079340-1410525467-4243.jpg","datePublished":"2025-06-21T02:12:59+00:00","dateModified":"2025-06-18T06:14:56+00:00","breadcrumb":{"@id":"https:\/\/vinilozona.lt\/parduotuve\/classic\/franz-schubert-siegfried-lorenz-norman-shetler-winterreise-2lp\/#breadcrumb"},"inLanguage":"en-GB","potentialAction":[{"@type":"ReadAction","target":["https:\/\/vinilozona.lt\/parduotuve\/classic\/franz-schubert-siegfried-lorenz-norman-shetler-winterreise-2lp\/"]}]},{"@type":"ImageObject","inLanguage":"en-GB","@id":"https:\/\/vinilozona.lt\/parduotuve\/classic\/franz-schubert-siegfried-lorenz-norman-shetler-winterreise-2lp\/#primaryimage","url":"https:\/\/vinilozona.lt\/wp-content\/uploads\/2025\/06\/R-6079340-1410525467-4243.jpg","contentUrl":"https:\/\/vinilozona.lt\/wp-content\/uploads\/2025\/06\/R-6079340-1410525467-4243.jpg","width":591,"height":600},{"@type":"BreadcrumbList","@id":"https:\/\/vinilozona.lt\/parduotuve\/classic\/franz-schubert-siegfried-lorenz-norman-shetler-winterreise-2lp\/#breadcrumb","itemListElement":[{"@type":"ListItem","position":1,"name":"Home","item":"https:\/\/vinilozona.lt\/"},{"@type":"ListItem","position":2,"name":"Parduotuv\u0117","item":"https:\/\/vinilozona.lt\/parduotuve\/"},{"@type":"ListItem","position":3,"name":"Franz Schubert &#8211; Siegfried Lorenz, Norman Shetler \u2013 Winterreise 2LP"}]},{"@type":"WebSite","@id":"https:\/\/vinilozona.lt\/#website","url":"https:\/\/vinilozona.lt\/","name":"Vinilo Zona","description":"Nup\u016bsk dulkes ir klausyk LP","potentialAction":[{"@type":"SearchAction","target":{"@type":"EntryPoint","urlTemplate":"https:\/\/vinilozona.lt\/?s={search_term_string}"},"query-input":{"@type":"PropertyValueSpecification","valueRequired":true,"valueName":"search_term_string"}}],"inLanguage":"en-GB"}]}},"_links":{"self":[{"href":"https:\/\/vinilozona.lt\/en\/wp-json\/wp\/v2\/product\/28488"}],"collection":[{"href":"https:\/\/vinilozona.lt\/en\/wp-json\/wp\/v2\/product"}],"about":[{"href":"https:\/\/vinilozona.lt\/en\/wp-json\/wp\/v2\/types\/product"}],"wp:featuredmedia":[{"embeddable":true,"href":"https:\/\/vinilozona.lt\/en\/wp-json\/wp\/v2\/media\/28489"}],"wp:attachment":[{"href":"https:\/\/vinilozona.lt\/en\/wp-json\/wp\/v2\/media?parent=28488"}],"wp:term":[{"taxonomy":"product_cat","embeddable":true,"href":"https:\/\/vinilozona.lt\/en\/wp-json\/wp\/v2\/product_cat?post=28488"},{"taxonomy":"product_tag","embeddable":true,"href":"https:\/\/vinilozona.lt\/en\/wp-json\/wp\/v2\/product_tag?post=28488"}],"curies":[{"name":"wp","href":"https:\/\/api.w.org\/{rel}","templated":true}]}}