{"id":28476,"date":"2025-06-21T05:04:46","date_gmt":"2025-06-21T02:04:46","guid":{"rendered":"https:\/\/vinilozona.lt\/?post_type=product&#038;p=28476"},"modified":"2025-06-18T06:56:25","modified_gmt":"2025-06-18T03:56:25","slug":"beethoven-das-fdj-sinfonieorchester-reinhard-seehafer-sinfonie-nr-3-es-dur-op-55-eroica","status":"publish","type":"product","link":"https:\/\/vinilozona.lt\/en\/parduotuve\/classic\/beethoven-das-fdj-sinfonieorchester-reinhard-seehafer-sinfonie-nr-3-es-dur-op-55-eroica\/","title":{"rendered":"Beethoven &#8211; Das FDJ-Sinfonieorchester, Reinhard Seehafer \u2013 Sinfonie Nr. 3 Es-dur Op. 55 \u201eEroica\u201c"},"content":{"rendered":"<p>\nSinfonie Nr. 3 Es-dur Op. 55 \u201eEroica\u201c<br \/>\nA1\t\t1. Allegro Con Brio\t17:53<br \/>\nA2\t\t2. Marcia Funebre. Adagio Assai\t17:58<br \/>\nB1\t\t3. Scherzo. Allegro Vivace\t6:00<br \/>\nB2\t\t4. Finale. Allegro Molto\t12:30<\/p>","protected":false},"excerpt":{"rendered":"<p>ETERNA \u2013 7 29 230<br \/>\nFormat:<br \/>\nVinyl, LP, Album, Stereo<br \/>\nCountry:<br \/>\nGerman Democratic Republic (GDR)<br \/>\nReleased:<br \/>\n1989<\/p>","protected":false},"featured_media":28478,"template":"","meta":[],"product_cat":[22],"product_tag":[44],"yoast_head":"<!-- This site is optimized with the Yoast SEO plugin v23.5 - https:\/\/yoast.com\/wordpress\/plugins\/seo\/ -->\n<title>Beethoven - Das FDJ-Sinfonieorchester, Reinhard Seehafer \u2013 Sinfonie Nr. 3 Es-dur Op. 55 \u201eEroica\u201c Vinilin\u0117 Plok\u0161tel\u0117 | Vinilozona.lt<\/title>\n<meta name=\"robots\" content=\"index, follow, max-snippet:-1, max-image-preview:large, max-video-preview:-1\" \/>\n<link rel=\"canonical\" href=\"https:\/\/vinilozona.lt\/en\/parduotuve\/classic\/beethoven-das-fdj-sinfonieorchester-reinhard-seehafer-sinfonie-nr-3-es-dur-op-55-eroica\/\" \/>\n<meta property=\"og:locale\" content=\"en_GB\" \/>\n<meta property=\"og:type\" content=\"article\" \/>\n<meta property=\"og:title\" content=\"Beethoven - Das FDJ-Sinfonieorchester, Reinhard Seehafer \u2013 Sinfonie Nr. 3 Es-dur Op. 55 \u201eEroica\u201c Vinilin\u0117 Plok\u0161tel\u0117 | Vinilozona.lt\" \/>\n<meta property=\"og:description\" content=\"ETERNA \u2013 7 29 230 Format: Vinyl, LP, Album, Stereo Country: German Democratic Republic (GDR) Released: 1989\" \/>\n<meta property=\"og:url\" content=\"https:\/\/vinilozona.lt\/en\/parduotuve\/classic\/beethoven-das-fdj-sinfonieorchester-reinhard-seehafer-sinfonie-nr-3-es-dur-op-55-eroica\/\" \/>\n<meta property=\"og:site_name\" content=\"Vinilo Zona\" \/>\n<meta property=\"article:modified_time\" content=\"2025-06-18T03:56:25+00:00\" \/>\n<meta property=\"og:image\" content=\"https:\/\/vinilozona.lt\/wp-content\/uploads\/2025\/06\/R-6076323-1410443558-5508.jpg\" \/>\n\t<meta property=\"og:image:width\" content=\"594\" \/>\n\t<meta property=\"og:image:height\" content=\"600\" \/>\n\t<meta property=\"og:image:type\" content=\"image\/jpeg\" \/>\n<meta name=\"twitter:card\" content=\"summary_large_image\" \/>\n<meta name=\"twitter:label1\" content=\"Estimated reading time\" \/>\n\t<meta name=\"twitter:data1\" content=\"1 minute\" \/>\n<script type=\"application\/ld+json\" class=\"yoast-schema-graph\">{\"@context\":\"https:\/\/schema.org\",\"@graph\":[{\"@type\":\"WebPage\",\"@id\":\"https:\/\/vinilozona.lt\/parduotuve\/classic\/beethoven-das-fdj-sinfonieorchester-reinhard-seehafer-sinfonie-nr-3-es-dur-op-55-eroica\/\",\"url\":\"https:\/\/vinilozona.lt\/parduotuve\/classic\/beethoven-das-fdj-sinfonieorchester-reinhard-seehafer-sinfonie-nr-3-es-dur-op-55-eroica\/\",\"name\":\"Beethoven - Das FDJ-Sinfonieorchester, Reinhard Seehafer \u2013 Sinfonie Nr. 3 Es-dur Op. 55 \u201eEroica\u201c Vinilin\u0117 Plok\u0161tel\u0117 | Vinilozona.lt\",\"isPartOf\":{\"@id\":\"https:\/\/vinilozona.lt\/#website\"},\"primaryImageOfPage\":{\"@id\":\"https:\/\/vinilozona.lt\/parduotuve\/classic\/beethoven-das-fdj-sinfonieorchester-reinhard-seehafer-sinfonie-nr-3-es-dur-op-55-eroica\/#primaryimage\"},\"image\":{\"@id\":\"https:\/\/vinilozona.lt\/parduotuve\/classic\/beethoven-das-fdj-sinfonieorchester-reinhard-seehafer-sinfonie-nr-3-es-dur-op-55-eroica\/#primaryimage\"},\"thumbnailUrl\":\"https:\/\/vinilozona.lt\/wp-content\/uploads\/2025\/06\/R-6076323-1410443558-5508.jpg\",\"datePublished\":\"2025-06-21T02:04:46+00:00\",\"dateModified\":\"2025-06-18T03:56:25+00:00\",\"breadcrumb\":{\"@id\":\"https:\/\/vinilozona.lt\/parduotuve\/classic\/beethoven-das-fdj-sinfonieorchester-reinhard-seehafer-sinfonie-nr-3-es-dur-op-55-eroica\/#breadcrumb\"},\"inLanguage\":\"en-GB\",\"potentialAction\":[{\"@type\":\"ReadAction\",\"target\":[\"https:\/\/vinilozona.lt\/parduotuve\/classic\/beethoven-das-fdj-sinfonieorchester-reinhard-seehafer-sinfonie-nr-3-es-dur-op-55-eroica\/\"]}]},{\"@type\":\"ImageObject\",\"inLanguage\":\"en-GB\",\"@id\":\"https:\/\/vinilozona.lt\/parduotuve\/classic\/beethoven-das-fdj-sinfonieorchester-reinhard-seehafer-sinfonie-nr-3-es-dur-op-55-eroica\/#primaryimage\",\"url\":\"https:\/\/vinilozona.lt\/wp-content\/uploads\/2025\/06\/R-6076323-1410443558-5508.jpg\",\"contentUrl\":\"https:\/\/vinilozona.lt\/wp-content\/uploads\/2025\/06\/R-6076323-1410443558-5508.jpg\",\"width\":594,\"height\":600},{\"@type\":\"BreadcrumbList\",\"@id\":\"https:\/\/vinilozona.lt\/parduotuve\/classic\/beethoven-das-fdj-sinfonieorchester-reinhard-seehafer-sinfonie-nr-3-es-dur-op-55-eroica\/#breadcrumb\",\"itemListElement\":[{\"@type\":\"ListItem\",\"position\":1,\"name\":\"Home\",\"item\":\"https:\/\/vinilozona.lt\/\"},{\"@type\":\"ListItem\",\"position\":2,\"name\":\"Parduotuv\u0117\",\"item\":\"https:\/\/vinilozona.lt\/parduotuve\/\"},{\"@type\":\"ListItem\",\"position\":3,\"name\":\"Beethoven &#8211; Das FDJ-Sinfonieorchester, Reinhard Seehafer \u2013 Sinfonie Nr. 3 Es-dur Op. 55 \u201eEroica\u201c\"}]},{\"@type\":\"WebSite\",\"@id\":\"https:\/\/vinilozona.lt\/#website\",\"url\":\"https:\/\/vinilozona.lt\/\",\"name\":\"Vinilo Zona\",\"description\":\"Nup\u016bsk dulkes ir klausyk LP\",\"potentialAction\":[{\"@type\":\"SearchAction\",\"target\":{\"@type\":\"EntryPoint\",\"urlTemplate\":\"https:\/\/vinilozona.lt\/?s={search_term_string}\"},\"query-input\":{\"@type\":\"PropertyValueSpecification\",\"valueRequired\":true,\"valueName\":\"search_term_string\"}}],\"inLanguage\":\"en-GB\"}]}<\/script>\n<!-- \/ Yoast SEO plugin. -->","yoast_head_json":{"title":"Beethoven - Das FDJ-Sinfonieorchester, Reinhard Seehafer \u2013 Sinfonie Nr. 3 Es-dur Op. 55 \u201eEroica\u201c Vinilin\u0117 Plok\u0161tel\u0117 | Vinilozona.lt","robots":{"index":"index","follow":"follow","max-snippet":"max-snippet:-1","max-image-preview":"max-image-preview:large","max-video-preview":"max-video-preview:-1"},"canonical":"https:\/\/vinilozona.lt\/en\/parduotuve\/classic\/beethoven-das-fdj-sinfonieorchester-reinhard-seehafer-sinfonie-nr-3-es-dur-op-55-eroica\/","og_locale":"en_GB","og_type":"article","og_title":"Beethoven - Das FDJ-Sinfonieorchester, Reinhard Seehafer \u2013 Sinfonie Nr. 3 Es-dur Op. 55 \u201eEroica\u201c Vinilin\u0117 Plok\u0161tel\u0117 | Vinilozona.lt","og_description":"ETERNA \u2013 7 29 230 Format: Vinyl, LP, Album, Stereo Country: German Democratic Republic (GDR) Released: 1989","og_url":"https:\/\/vinilozona.lt\/en\/parduotuve\/classic\/beethoven-das-fdj-sinfonieorchester-reinhard-seehafer-sinfonie-nr-3-es-dur-op-55-eroica\/","og_site_name":"Vinilo Zona","article_modified_time":"2025-06-18T03:56:25+00:00","og_image":[{"width":594,"height":600,"url":"https:\/\/vinilozona.lt\/wp-content\/uploads\/2025\/06\/R-6076323-1410443558-5508.jpg","type":"image\/jpeg"}],"twitter_card":"summary_large_image","twitter_misc":{"Estimated reading time":"1 minute"},"schema":{"@context":"https:\/\/schema.org","@graph":[{"@type":"WebPage","@id":"https:\/\/vinilozona.lt\/parduotuve\/classic\/beethoven-das-fdj-sinfonieorchester-reinhard-seehafer-sinfonie-nr-3-es-dur-op-55-eroica\/","url":"https:\/\/vinilozona.lt\/parduotuve\/classic\/beethoven-das-fdj-sinfonieorchester-reinhard-seehafer-sinfonie-nr-3-es-dur-op-55-eroica\/","name":"Beethoven - Das FDJ-Sinfonieorchester, Reinhard Seehafer \u2013 Sinfonie Nr. 3 Es-dur Op. 55 \u201eEroica\u201c Vinilin\u0117 Plok\u0161tel\u0117 | Vinilozona.lt","isPartOf":{"@id":"https:\/\/vinilozona.lt\/#website"},"primaryImageOfPage":{"@id":"https:\/\/vinilozona.lt\/parduotuve\/classic\/beethoven-das-fdj-sinfonieorchester-reinhard-seehafer-sinfonie-nr-3-es-dur-op-55-eroica\/#primaryimage"},"image":{"@id":"https:\/\/vinilozona.lt\/parduotuve\/classic\/beethoven-das-fdj-sinfonieorchester-reinhard-seehafer-sinfonie-nr-3-es-dur-op-55-eroica\/#primaryimage"},"thumbnailUrl":"https:\/\/vinilozona.lt\/wp-content\/uploads\/2025\/06\/R-6076323-1410443558-5508.jpg","datePublished":"2025-06-21T02:04:46+00:00","dateModified":"2025-06-18T03:56:25+00:00","breadcrumb":{"@id":"https:\/\/vinilozona.lt\/parduotuve\/classic\/beethoven-das-fdj-sinfonieorchester-reinhard-seehafer-sinfonie-nr-3-es-dur-op-55-eroica\/#breadcrumb"},"inLanguage":"en-GB","potentialAction":[{"@type":"ReadAction","target":["https:\/\/vinilozona.lt\/parduotuve\/classic\/beethoven-das-fdj-sinfonieorchester-reinhard-seehafer-sinfonie-nr-3-es-dur-op-55-eroica\/"]}]},{"@type":"ImageObject","inLanguage":"en-GB","@id":"https:\/\/vinilozona.lt\/parduotuve\/classic\/beethoven-das-fdj-sinfonieorchester-reinhard-seehafer-sinfonie-nr-3-es-dur-op-55-eroica\/#primaryimage","url":"https:\/\/vinilozona.lt\/wp-content\/uploads\/2025\/06\/R-6076323-1410443558-5508.jpg","contentUrl":"https:\/\/vinilozona.lt\/wp-content\/uploads\/2025\/06\/R-6076323-1410443558-5508.jpg","width":594,"height":600},{"@type":"BreadcrumbList","@id":"https:\/\/vinilozona.lt\/parduotuve\/classic\/beethoven-das-fdj-sinfonieorchester-reinhard-seehafer-sinfonie-nr-3-es-dur-op-55-eroica\/#breadcrumb","itemListElement":[{"@type":"ListItem","position":1,"name":"Home","item":"https:\/\/vinilozona.lt\/"},{"@type":"ListItem","position":2,"name":"Parduotuv\u0117","item":"https:\/\/vinilozona.lt\/parduotuve\/"},{"@type":"ListItem","position":3,"name":"Beethoven &#8211; Das FDJ-Sinfonieorchester, Reinhard Seehafer \u2013 Sinfonie Nr. 3 Es-dur Op. 55 \u201eEroica\u201c"}]},{"@type":"WebSite","@id":"https:\/\/vinilozona.lt\/#website","url":"https:\/\/vinilozona.lt\/","name":"Vinilo Zona","description":"Nup\u016bsk dulkes ir klausyk LP","potentialAction":[{"@type":"SearchAction","target":{"@type":"EntryPoint","urlTemplate":"https:\/\/vinilozona.lt\/?s={search_term_string}"},"query-input":{"@type":"PropertyValueSpecification","valueRequired":true,"valueName":"search_term_string"}}],"inLanguage":"en-GB"}]}},"_links":{"self":[{"href":"https:\/\/vinilozona.lt\/en\/wp-json\/wp\/v2\/product\/28476"}],"collection":[{"href":"https:\/\/vinilozona.lt\/en\/wp-json\/wp\/v2\/product"}],"about":[{"href":"https:\/\/vinilozona.lt\/en\/wp-json\/wp\/v2\/types\/product"}],"wp:featuredmedia":[{"embeddable":true,"href":"https:\/\/vinilozona.lt\/en\/wp-json\/wp\/v2\/media\/28478"}],"wp:attachment":[{"href":"https:\/\/vinilozona.lt\/en\/wp-json\/wp\/v2\/media?parent=28476"}],"wp:term":[{"taxonomy":"product_cat","embeddable":true,"href":"https:\/\/vinilozona.lt\/en\/wp-json\/wp\/v2\/product_cat?post=28476"},{"taxonomy":"product_tag","embeddable":true,"href":"https:\/\/vinilozona.lt\/en\/wp-json\/wp\/v2\/product_tag?post=28476"}],"curies":[{"name":"wp","href":"https:\/\/api.w.org\/{rel}","templated":true}]}}