{"id":28470,"date":"2025-06-21T05:05:34","date_gmt":"2025-06-21T02:05:34","guid":{"rendered":"https:\/\/vinilozona.lt\/?post_type=product&#038;p=28470"},"modified":"2025-06-18T06:40:31","modified_gmt":"2025-06-18T03:40:31","slug":"franz-schubert-siegfried-lorenz-norman-shetler-die-schone-mullerin","status":"publish","type":"product","link":"https:\/\/vinilozona.lt\/en\/parduotuve\/classic\/franz-schubert-siegfried-lorenz-norman-shetler-die-schone-mullerin\/","title":{"rendered":"Franz Schubert, Siegfried Lorenz, Norman Shetler \u2013 Die Sch\u00f6ne M\u00fcllerin"},"content":{"rendered":"<p>Die Sch\u00f6ne M\u00fcllerin Op. 25 D 795<br \/>\nComposed By \u2013 Franz Schubert<br \/>\nLyrics By [Liederzyklus Von] \u2013 Wilhelm M\u00fcller<br \/>\nA1\t\t1. Das Wandern (Das Wandern Ist Des M\u00fcllers Lust)\t2:27<br \/>\nA2\t\t2. Wohin? (Ich H\u00f6rt&#8217; Ein B\u00e4chlein Rauschen)\t2:26<br \/>\nA3\t\t3. Halt! (Eine M\u00fchle Seh Ich Blinken)\t1:37<br \/>\nA4\t\t4. Danksagung An Den Bach (War Es Also Gemeint, Mein Rauschender Freund?)\t2:26<br \/>\nA5\t\t5. Am Feierabend (H\u00e4tt Ich Tausend Arme Zu R\u00fchren!)\t2:55<br \/>\nA6\t\t6. Der Neugierige (Ich Frage Keine Blume)\t4:25<br \/>\nA7\t\t7. Ungeduld (Ich Schnitt&#8217; Es Gern In Alle Rinden Ein)\t2:51<br \/>\nA8\t\t8. Morgengru\u00df (Guten Morgen, Sch\u00f6ne M\u00fcllerin!)\t4:30<br \/>\nA9\t\t9. Des M\u00fcllers Blumen (Am Bach Viele Kleine Blumen Stehn)\t3:27<br \/>\nA10\t\t10. Tr\u00e4nenregen (Wir Sa\u00dfen So Traulich Beisammen)\t4:09<br \/>\nB1\t\t11. Mein! (B\u00e4chlein, La\u00df Dein Rauschen Sein!)\t2:44<br \/>\nB2\t\t12. Pause (Meine Laute Hab Ich Geh\u00e4ngt An Die Wand)\t4:45<br \/>\nB3\t\t13. Mit Dem Gr\u00fcnen Lautenbande (Schad Um Das Gr\u00fcne Band)\t2:11<br \/>\nB4\t\t14. Der J\u00e4ger (Was Sucht Denn Der J\u00e4ger Am M\u00fchlbach Hier?)\t1:09<br \/>\nB5\t\t15. Eifersucht Und Stolz (Wohin So Schnell, So Kraus Und Wild)\t1:38<br \/>\nB6\t\t16. Die Liebe Farbe (In Gr\u00fcn Will Ich Mich Kleiden)\t4:56<br \/>\nB7\t\t17. Die B\u00f6se Farbe (Ich M\u00f6chte Ziehn In Die Welt Hinaus)\t2:08<br \/>\nB8\t\t18. Trockne Blumen (Ihr Bl\u00fcmlein Alle, Die Sie Mir Gab)\t4:48<br \/>\nB9\t\t19. Der M\u00fcller Und Der Bach (Wo Ein Treues Herze In Liebe Vergeht)\t4:39<br \/>\nB10\t\t20. Des Baches Wiegenlied (Gute Ruh, Gute Ruh! Tu Die Augen Zu!)\t7:01<\/p>","protected":false},"excerpt":{"rendered":"<p>ETERNA \u2013 7 29 269<br \/>\nFormat:<br \/>\nVinyl, LP, Stereo<br \/>\nCountry:<br \/>\nGerman Democratic Republic (GDR)<br \/>\nReleased: 1990<br \/>\nGenre:<br \/>\nClassical<br \/>\nStyle:<br \/>\nRomantic<\/p>","protected":false},"featured_media":28471,"template":"","meta":[],"product_cat":[22],"product_tag":[44],"yoast_head":"<!-- This site is optimized with the Yoast SEO plugin v23.5 - https:\/\/yoast.com\/wordpress\/plugins\/seo\/ -->\n<title>Franz Schubert, Siegfried Lorenz, Norman Shetler \u2013 Die Sch\u00f6ne M\u00fcllerin Vinilin\u0117 Plok\u0161tel\u0117 | Vinilozona.lt<\/title>\n<meta name=\"robots\" content=\"index, follow, max-snippet:-1, max-image-preview:large, max-video-preview:-1\" \/>\n<link rel=\"canonical\" href=\"https:\/\/vinilozona.lt\/en\/parduotuve\/classic\/franz-schubert-siegfried-lorenz-norman-shetler-die-schone-mullerin\/\" \/>\n<meta property=\"og:locale\" content=\"en_GB\" \/>\n<meta property=\"og:type\" content=\"article\" \/>\n<meta property=\"og:title\" content=\"Franz Schubert, Siegfried Lorenz, Norman Shetler \u2013 Die Sch\u00f6ne M\u00fcllerin Vinilin\u0117 Plok\u0161tel\u0117 | Vinilozona.lt\" \/>\n<meta property=\"og:description\" content=\"ETERNA \u2013 7 29 269 Format: Vinyl, LP, Stereo Country: German Democratic Republic (GDR) Released: 1990 Genre: Classical Style: Romantic\" \/>\n<meta property=\"og:url\" content=\"https:\/\/vinilozona.lt\/en\/parduotuve\/classic\/franz-schubert-siegfried-lorenz-norman-shetler-die-schone-mullerin\/\" \/>\n<meta property=\"og:site_name\" content=\"Vinilo Zona\" \/>\n<meta property=\"article:modified_time\" content=\"2025-06-18T03:40:31+00:00\" \/>\n<meta property=\"og:image\" content=\"https:\/\/vinilozona.lt\/wp-content\/uploads\/2025\/06\/R-6088252-1637338435-1227.jpg\" \/>\n\t<meta property=\"og:image:width\" content=\"599\" \/>\n\t<meta property=\"og:image:height\" content=\"595\" \/>\n\t<meta property=\"og:image:type\" content=\"image\/jpeg\" \/>\n<meta name=\"twitter:card\" content=\"summary_large_image\" \/>\n<meta name=\"twitter:label1\" content=\"Estimated reading time\" \/>\n\t<meta name=\"twitter:data1\" content=\"1 minute\" \/>\n<script type=\"application\/ld+json\" class=\"yoast-schema-graph\">{\"@context\":\"https:\/\/schema.org\",\"@graph\":[{\"@type\":\"WebPage\",\"@id\":\"https:\/\/vinilozona.lt\/parduotuve\/classic\/franz-schubert-siegfried-lorenz-norman-shetler-die-schone-mullerin\/\",\"url\":\"https:\/\/vinilozona.lt\/parduotuve\/classic\/franz-schubert-siegfried-lorenz-norman-shetler-die-schone-mullerin\/\",\"name\":\"Franz Schubert, Siegfried Lorenz, Norman Shetler \u2013 Die Sch\u00f6ne M\u00fcllerin Vinilin\u0117 Plok\u0161tel\u0117 | Vinilozona.lt\",\"isPartOf\":{\"@id\":\"https:\/\/vinilozona.lt\/#website\"},\"primaryImageOfPage\":{\"@id\":\"https:\/\/vinilozona.lt\/parduotuve\/classic\/franz-schubert-siegfried-lorenz-norman-shetler-die-schone-mullerin\/#primaryimage\"},\"image\":{\"@id\":\"https:\/\/vinilozona.lt\/parduotuve\/classic\/franz-schubert-siegfried-lorenz-norman-shetler-die-schone-mullerin\/#primaryimage\"},\"thumbnailUrl\":\"https:\/\/vinilozona.lt\/wp-content\/uploads\/2025\/06\/R-6088252-1637338435-1227.jpg\",\"datePublished\":\"2025-06-21T02:05:34+00:00\",\"dateModified\":\"2025-06-18T03:40:31+00:00\",\"breadcrumb\":{\"@id\":\"https:\/\/vinilozona.lt\/parduotuve\/classic\/franz-schubert-siegfried-lorenz-norman-shetler-die-schone-mullerin\/#breadcrumb\"},\"inLanguage\":\"en-GB\",\"potentialAction\":[{\"@type\":\"ReadAction\",\"target\":[\"https:\/\/vinilozona.lt\/parduotuve\/classic\/franz-schubert-siegfried-lorenz-norman-shetler-die-schone-mullerin\/\"]}]},{\"@type\":\"ImageObject\",\"inLanguage\":\"en-GB\",\"@id\":\"https:\/\/vinilozona.lt\/parduotuve\/classic\/franz-schubert-siegfried-lorenz-norman-shetler-die-schone-mullerin\/#primaryimage\",\"url\":\"https:\/\/vinilozona.lt\/wp-content\/uploads\/2025\/06\/R-6088252-1637338435-1227.jpg\",\"contentUrl\":\"https:\/\/vinilozona.lt\/wp-content\/uploads\/2025\/06\/R-6088252-1637338435-1227.jpg\",\"width\":599,\"height\":595},{\"@type\":\"BreadcrumbList\",\"@id\":\"https:\/\/vinilozona.lt\/parduotuve\/classic\/franz-schubert-siegfried-lorenz-norman-shetler-die-schone-mullerin\/#breadcrumb\",\"itemListElement\":[{\"@type\":\"ListItem\",\"position\":1,\"name\":\"Home\",\"item\":\"https:\/\/vinilozona.lt\/\"},{\"@type\":\"ListItem\",\"position\":2,\"name\":\"Parduotuv\u0117\",\"item\":\"https:\/\/vinilozona.lt\/parduotuve\/\"},{\"@type\":\"ListItem\",\"position\":3,\"name\":\"Franz Schubert, Siegfried Lorenz, Norman Shetler \u2013 Die Sch\u00f6ne M\u00fcllerin\"}]},{\"@type\":\"WebSite\",\"@id\":\"https:\/\/vinilozona.lt\/#website\",\"url\":\"https:\/\/vinilozona.lt\/\",\"name\":\"Vinilo Zona\",\"description\":\"Nup\u016bsk dulkes ir klausyk LP\",\"potentialAction\":[{\"@type\":\"SearchAction\",\"target\":{\"@type\":\"EntryPoint\",\"urlTemplate\":\"https:\/\/vinilozona.lt\/?s={search_term_string}\"},\"query-input\":{\"@type\":\"PropertyValueSpecification\",\"valueRequired\":true,\"valueName\":\"search_term_string\"}}],\"inLanguage\":\"en-GB\"}]}<\/script>\n<!-- \/ Yoast SEO plugin. -->","yoast_head_json":{"title":"Franz Schubert, Siegfried Lorenz, Norman Shetler \u2013 Die Sch\u00f6ne M\u00fcllerin Vinilin\u0117 Plok\u0161tel\u0117 | Vinilozona.lt","robots":{"index":"index","follow":"follow","max-snippet":"max-snippet:-1","max-image-preview":"max-image-preview:large","max-video-preview":"max-video-preview:-1"},"canonical":"https:\/\/vinilozona.lt\/en\/parduotuve\/classic\/franz-schubert-siegfried-lorenz-norman-shetler-die-schone-mullerin\/","og_locale":"en_GB","og_type":"article","og_title":"Franz Schubert, Siegfried Lorenz, Norman Shetler \u2013 Die Sch\u00f6ne M\u00fcllerin Vinilin\u0117 Plok\u0161tel\u0117 | Vinilozona.lt","og_description":"ETERNA \u2013 7 29 269 Format: Vinyl, LP, Stereo Country: German Democratic Republic (GDR) Released: 1990 Genre: Classical Style: Romantic","og_url":"https:\/\/vinilozona.lt\/en\/parduotuve\/classic\/franz-schubert-siegfried-lorenz-norman-shetler-die-schone-mullerin\/","og_site_name":"Vinilo Zona","article_modified_time":"2025-06-18T03:40:31+00:00","og_image":[{"width":599,"height":595,"url":"https:\/\/vinilozona.lt\/wp-content\/uploads\/2025\/06\/R-6088252-1637338435-1227.jpg","type":"image\/jpeg"}],"twitter_card":"summary_large_image","twitter_misc":{"Estimated reading time":"1 minute"},"schema":{"@context":"https:\/\/schema.org","@graph":[{"@type":"WebPage","@id":"https:\/\/vinilozona.lt\/parduotuve\/classic\/franz-schubert-siegfried-lorenz-norman-shetler-die-schone-mullerin\/","url":"https:\/\/vinilozona.lt\/parduotuve\/classic\/franz-schubert-siegfried-lorenz-norman-shetler-die-schone-mullerin\/","name":"Franz Schubert, Siegfried Lorenz, Norman Shetler \u2013 Die Sch\u00f6ne M\u00fcllerin Vinilin\u0117 Plok\u0161tel\u0117 | Vinilozona.lt","isPartOf":{"@id":"https:\/\/vinilozona.lt\/#website"},"primaryImageOfPage":{"@id":"https:\/\/vinilozona.lt\/parduotuve\/classic\/franz-schubert-siegfried-lorenz-norman-shetler-die-schone-mullerin\/#primaryimage"},"image":{"@id":"https:\/\/vinilozona.lt\/parduotuve\/classic\/franz-schubert-siegfried-lorenz-norman-shetler-die-schone-mullerin\/#primaryimage"},"thumbnailUrl":"https:\/\/vinilozona.lt\/wp-content\/uploads\/2025\/06\/R-6088252-1637338435-1227.jpg","datePublished":"2025-06-21T02:05:34+00:00","dateModified":"2025-06-18T03:40:31+00:00","breadcrumb":{"@id":"https:\/\/vinilozona.lt\/parduotuve\/classic\/franz-schubert-siegfried-lorenz-norman-shetler-die-schone-mullerin\/#breadcrumb"},"inLanguage":"en-GB","potentialAction":[{"@type":"ReadAction","target":["https:\/\/vinilozona.lt\/parduotuve\/classic\/franz-schubert-siegfried-lorenz-norman-shetler-die-schone-mullerin\/"]}]},{"@type":"ImageObject","inLanguage":"en-GB","@id":"https:\/\/vinilozona.lt\/parduotuve\/classic\/franz-schubert-siegfried-lorenz-norman-shetler-die-schone-mullerin\/#primaryimage","url":"https:\/\/vinilozona.lt\/wp-content\/uploads\/2025\/06\/R-6088252-1637338435-1227.jpg","contentUrl":"https:\/\/vinilozona.lt\/wp-content\/uploads\/2025\/06\/R-6088252-1637338435-1227.jpg","width":599,"height":595},{"@type":"BreadcrumbList","@id":"https:\/\/vinilozona.lt\/parduotuve\/classic\/franz-schubert-siegfried-lorenz-norman-shetler-die-schone-mullerin\/#breadcrumb","itemListElement":[{"@type":"ListItem","position":1,"name":"Home","item":"https:\/\/vinilozona.lt\/"},{"@type":"ListItem","position":2,"name":"Parduotuv\u0117","item":"https:\/\/vinilozona.lt\/parduotuve\/"},{"@type":"ListItem","position":3,"name":"Franz Schubert, Siegfried Lorenz, Norman Shetler \u2013 Die Sch\u00f6ne M\u00fcllerin"}]},{"@type":"WebSite","@id":"https:\/\/vinilozona.lt\/#website","url":"https:\/\/vinilozona.lt\/","name":"Vinilo Zona","description":"Nup\u016bsk dulkes ir klausyk LP","potentialAction":[{"@type":"SearchAction","target":{"@type":"EntryPoint","urlTemplate":"https:\/\/vinilozona.lt\/?s={search_term_string}"},"query-input":{"@type":"PropertyValueSpecification","valueRequired":true,"valueName":"search_term_string"}}],"inLanguage":"en-GB"}]}},"_links":{"self":[{"href":"https:\/\/vinilozona.lt\/en\/wp-json\/wp\/v2\/product\/28470"}],"collection":[{"href":"https:\/\/vinilozona.lt\/en\/wp-json\/wp\/v2\/product"}],"about":[{"href":"https:\/\/vinilozona.lt\/en\/wp-json\/wp\/v2\/types\/product"}],"wp:featuredmedia":[{"embeddable":true,"href":"https:\/\/vinilozona.lt\/en\/wp-json\/wp\/v2\/media\/28471"}],"wp:attachment":[{"href":"https:\/\/vinilozona.lt\/en\/wp-json\/wp\/v2\/media?parent=28470"}],"wp:term":[{"taxonomy":"product_cat","embeddable":true,"href":"https:\/\/vinilozona.lt\/en\/wp-json\/wp\/v2\/product_cat?post=28470"},{"taxonomy":"product_tag","embeddable":true,"href":"https:\/\/vinilozona.lt\/en\/wp-json\/wp\/v2\/product_tag?post=28470"}],"curies":[{"name":"wp","href":"https:\/\/api.w.org\/{rel}","templated":true}]}}