{"id":28466,"date":"2025-06-21T05:02:04","date_gmt":"2025-06-21T02:02:04","guid":{"rendered":"https:\/\/vinilozona.lt\/?post_type=product&#038;p=28466"},"modified":"2025-06-18T06:31:43","modified_gmt":"2025-06-18T03:31:43","slug":"michael-schonheit-bach-schumann-mendelssohn-und-guilmant-die-schukeorgel-im-neuen-gewandhaus-zu-leipzig","status":"publish","type":"product","link":"https:\/\/vinilozona.lt\/en\/parduotuve\/classic\/michael-schonheit-bach-schumann-mendelssohn-und-guilmant-die-schukeorgel-im-neuen-gewandhaus-zu-leipzig\/","title":{"rendered":"Michael Sch\u00f6nheit, Bach, Schumann, Mendelssohn Und Guilmant \u2013 Die Schukeorgel Im Neuen Gewandhaus Zu Leipzig"},"content":{"rendered":"<p>A1\t\tPr\u00e4ludium Und Fuge D-dur BWV 532<br \/>\nComposed By \u2013 Johann Sebastian Bach<br \/>\n10:44<br \/>\nA2\t\tFuge \u00dcber Den Namen Bach III G-moll Op. 60<br \/>\nComposed By \u2013 Robert Schumann<br \/>\n3:42<br \/>\nSonate F-moll Op. 65 Nr. 1<br \/>\nComposed By \u2013 Felix Mendelssohn Bartholdy*<br \/>\nA3a\t\t1. Allegro Moderato E Serioso\t5:09<br \/>\nA3b\t\t2. Adagio\t3:11<br \/>\nA3c\t\t3. Andante\t2:44<br \/>\nA3d\t\t4. Allegro Assai Vivace\t3:44<br \/>\n5. Sonate Op. 80<br \/>\nComposed By \u2013 Alexandre Guilmant<br \/>\nB1a\t\t1. Allegro Appassionato\t5:51<br \/>\nB1b\t\t2. Adagio\t6:14<br \/>\nB1c\t\t3. Scherzo. Allegro\t6:16<br \/>\nB1d\t\t4. Recitativo\t1:20<br \/>\nB1e\t\t5. Choral Und Fuge\t8:33<\/p>","protected":false},"excerpt":{"rendered":"<p>ETERNA \u2013 7 29 245<br \/>\nFormat:<br \/>\nVinyl, LP, Stereo<br \/>\nCountry:<br \/>\nGerman Democratic Republic (GDR)<br \/>\nReleased: 1988<br \/>\nGenre:<br \/>\nClassical<br \/>\nStyle:<br \/>\nClassical, Baroque, Romantic<\/p>","protected":false},"featured_media":28467,"template":"","meta":[],"product_cat":[22],"product_tag":[44],"yoast_head":"<!-- This site is optimized with the Yoast SEO plugin v23.5 - https:\/\/yoast.com\/wordpress\/plugins\/seo\/ -->\n<title>Michael Sch\u00f6nheit, Bach, Schumann, Mendelssohn Und Guilmant \u2013 Die Schukeorgel Im Neuen Gewandhaus Zu Leipzig Vinilin\u0117 Plok\u0161tel\u0117 | Vinilozona.lt<\/title>\n<meta name=\"robots\" content=\"index, follow, max-snippet:-1, max-image-preview:large, max-video-preview:-1\" \/>\n<link rel=\"canonical\" href=\"https:\/\/vinilozona.lt\/en\/parduotuve\/classic\/michael-schonheit-bach-schumann-mendelssohn-und-guilmant-die-schukeorgel-im-neuen-gewandhaus-zu-leipzig\/\" \/>\n<meta property=\"og:locale\" content=\"en_GB\" \/>\n<meta property=\"og:type\" content=\"article\" \/>\n<meta property=\"og:title\" content=\"Michael Sch\u00f6nheit, Bach, Schumann, Mendelssohn Und Guilmant \u2013 Die Schukeorgel Im Neuen Gewandhaus Zu Leipzig Vinilin\u0117 Plok\u0161tel\u0117 | Vinilozona.lt\" \/>\n<meta property=\"og:description\" content=\"ETERNA \u2013 7 29 245 Format: Vinyl, LP, Stereo Country: German Democratic Republic (GDR) Released: 1988 Genre: Classical Style: Classical, Baroque, Romantic\" \/>\n<meta property=\"og:url\" content=\"https:\/\/vinilozona.lt\/en\/parduotuve\/classic\/michael-schonheit-bach-schumann-mendelssohn-und-guilmant-die-schukeorgel-im-neuen-gewandhaus-zu-leipzig\/\" \/>\n<meta property=\"og:site_name\" content=\"Vinilo Zona\" \/>\n<meta property=\"article:modified_time\" content=\"2025-06-18T03:31:43+00:00\" \/>\n<meta property=\"og:image\" content=\"https:\/\/vinilozona.lt\/wp-content\/uploads\/2025\/06\/R-5793019-1402826017-9849.jpg\" \/>\n\t<meta property=\"og:image:width\" content=\"600\" \/>\n\t<meta property=\"og:image:height\" content=\"580\" \/>\n\t<meta property=\"og:image:type\" content=\"image\/jpeg\" \/>\n<meta name=\"twitter:card\" content=\"summary_large_image\" \/>\n<meta name=\"twitter:label1\" content=\"Estimated reading time\" \/>\n\t<meta name=\"twitter:data1\" content=\"1 minute\" \/>\n<script type=\"application\/ld+json\" class=\"yoast-schema-graph\">{\"@context\":\"https:\/\/schema.org\",\"@graph\":[{\"@type\":\"WebPage\",\"@id\":\"https:\/\/vinilozona.lt\/parduotuve\/classic\/michael-schonheit-bach-schumann-mendelssohn-und-guilmant-die-schukeorgel-im-neuen-gewandhaus-zu-leipzig\/\",\"url\":\"https:\/\/vinilozona.lt\/parduotuve\/classic\/michael-schonheit-bach-schumann-mendelssohn-und-guilmant-die-schukeorgel-im-neuen-gewandhaus-zu-leipzig\/\",\"name\":\"Michael Sch\u00f6nheit, Bach, Schumann, Mendelssohn Und Guilmant \u2013 Die Schukeorgel Im Neuen Gewandhaus Zu Leipzig Vinilin\u0117 Plok\u0161tel\u0117 | Vinilozona.lt\",\"isPartOf\":{\"@id\":\"https:\/\/vinilozona.lt\/#website\"},\"primaryImageOfPage\":{\"@id\":\"https:\/\/vinilozona.lt\/parduotuve\/classic\/michael-schonheit-bach-schumann-mendelssohn-und-guilmant-die-schukeorgel-im-neuen-gewandhaus-zu-leipzig\/#primaryimage\"},\"image\":{\"@id\":\"https:\/\/vinilozona.lt\/parduotuve\/classic\/michael-schonheit-bach-schumann-mendelssohn-und-guilmant-die-schukeorgel-im-neuen-gewandhaus-zu-leipzig\/#primaryimage\"},\"thumbnailUrl\":\"https:\/\/vinilozona.lt\/wp-content\/uploads\/2025\/06\/R-5793019-1402826017-9849.jpg\",\"datePublished\":\"2025-06-21T02:02:04+00:00\",\"dateModified\":\"2025-06-18T03:31:43+00:00\",\"breadcrumb\":{\"@id\":\"https:\/\/vinilozona.lt\/parduotuve\/classic\/michael-schonheit-bach-schumann-mendelssohn-und-guilmant-die-schukeorgel-im-neuen-gewandhaus-zu-leipzig\/#breadcrumb\"},\"inLanguage\":\"en-GB\",\"potentialAction\":[{\"@type\":\"ReadAction\",\"target\":[\"https:\/\/vinilozona.lt\/parduotuve\/classic\/michael-schonheit-bach-schumann-mendelssohn-und-guilmant-die-schukeorgel-im-neuen-gewandhaus-zu-leipzig\/\"]}]},{\"@type\":\"ImageObject\",\"inLanguage\":\"en-GB\",\"@id\":\"https:\/\/vinilozona.lt\/parduotuve\/classic\/michael-schonheit-bach-schumann-mendelssohn-und-guilmant-die-schukeorgel-im-neuen-gewandhaus-zu-leipzig\/#primaryimage\",\"url\":\"https:\/\/vinilozona.lt\/wp-content\/uploads\/2025\/06\/R-5793019-1402826017-9849.jpg\",\"contentUrl\":\"https:\/\/vinilozona.lt\/wp-content\/uploads\/2025\/06\/R-5793019-1402826017-9849.jpg\",\"width\":600,\"height\":580},{\"@type\":\"BreadcrumbList\",\"@id\":\"https:\/\/vinilozona.lt\/parduotuve\/classic\/michael-schonheit-bach-schumann-mendelssohn-und-guilmant-die-schukeorgel-im-neuen-gewandhaus-zu-leipzig\/#breadcrumb\",\"itemListElement\":[{\"@type\":\"ListItem\",\"position\":1,\"name\":\"Home\",\"item\":\"https:\/\/vinilozona.lt\/\"},{\"@type\":\"ListItem\",\"position\":2,\"name\":\"Parduotuv\u0117\",\"item\":\"https:\/\/vinilozona.lt\/parduotuve\/\"},{\"@type\":\"ListItem\",\"position\":3,\"name\":\"Michael Sch\u00f6nheit, Bach, Schumann, Mendelssohn Und Guilmant \u2013 Die Schukeorgel Im Neuen Gewandhaus Zu Leipzig\"}]},{\"@type\":\"WebSite\",\"@id\":\"https:\/\/vinilozona.lt\/#website\",\"url\":\"https:\/\/vinilozona.lt\/\",\"name\":\"Vinilo Zona\",\"description\":\"Nup\u016bsk dulkes ir klausyk LP\",\"potentialAction\":[{\"@type\":\"SearchAction\",\"target\":{\"@type\":\"EntryPoint\",\"urlTemplate\":\"https:\/\/vinilozona.lt\/?s={search_term_string}\"},\"query-input\":{\"@type\":\"PropertyValueSpecification\",\"valueRequired\":true,\"valueName\":\"search_term_string\"}}],\"inLanguage\":\"en-GB\"}]}<\/script>\n<!-- \/ Yoast SEO plugin. -->","yoast_head_json":{"title":"Michael Sch\u00f6nheit, Bach, Schumann, Mendelssohn Und Guilmant \u2013 Die Schukeorgel Im Neuen Gewandhaus Zu Leipzig Vinilin\u0117 Plok\u0161tel\u0117 | Vinilozona.lt","robots":{"index":"index","follow":"follow","max-snippet":"max-snippet:-1","max-image-preview":"max-image-preview:large","max-video-preview":"max-video-preview:-1"},"canonical":"https:\/\/vinilozona.lt\/en\/parduotuve\/classic\/michael-schonheit-bach-schumann-mendelssohn-und-guilmant-die-schukeorgel-im-neuen-gewandhaus-zu-leipzig\/","og_locale":"en_GB","og_type":"article","og_title":"Michael Sch\u00f6nheit, Bach, Schumann, Mendelssohn Und Guilmant \u2013 Die Schukeorgel Im Neuen Gewandhaus Zu Leipzig Vinilin\u0117 Plok\u0161tel\u0117 | Vinilozona.lt","og_description":"ETERNA \u2013 7 29 245 Format: Vinyl, LP, Stereo Country: German Democratic Republic (GDR) Released: 1988 Genre: Classical Style: Classical, Baroque, Romantic","og_url":"https:\/\/vinilozona.lt\/en\/parduotuve\/classic\/michael-schonheit-bach-schumann-mendelssohn-und-guilmant-die-schukeorgel-im-neuen-gewandhaus-zu-leipzig\/","og_site_name":"Vinilo Zona","article_modified_time":"2025-06-18T03:31:43+00:00","og_image":[{"width":600,"height":580,"url":"https:\/\/vinilozona.lt\/wp-content\/uploads\/2025\/06\/R-5793019-1402826017-9849.jpg","type":"image\/jpeg"}],"twitter_card":"summary_large_image","twitter_misc":{"Estimated reading time":"1 minute"},"schema":{"@context":"https:\/\/schema.org","@graph":[{"@type":"WebPage","@id":"https:\/\/vinilozona.lt\/parduotuve\/classic\/michael-schonheit-bach-schumann-mendelssohn-und-guilmant-die-schukeorgel-im-neuen-gewandhaus-zu-leipzig\/","url":"https:\/\/vinilozona.lt\/parduotuve\/classic\/michael-schonheit-bach-schumann-mendelssohn-und-guilmant-die-schukeorgel-im-neuen-gewandhaus-zu-leipzig\/","name":"Michael Sch\u00f6nheit, Bach, Schumann, Mendelssohn Und Guilmant \u2013 Die Schukeorgel Im Neuen Gewandhaus Zu Leipzig Vinilin\u0117 Plok\u0161tel\u0117 | Vinilozona.lt","isPartOf":{"@id":"https:\/\/vinilozona.lt\/#website"},"primaryImageOfPage":{"@id":"https:\/\/vinilozona.lt\/parduotuve\/classic\/michael-schonheit-bach-schumann-mendelssohn-und-guilmant-die-schukeorgel-im-neuen-gewandhaus-zu-leipzig\/#primaryimage"},"image":{"@id":"https:\/\/vinilozona.lt\/parduotuve\/classic\/michael-schonheit-bach-schumann-mendelssohn-und-guilmant-die-schukeorgel-im-neuen-gewandhaus-zu-leipzig\/#primaryimage"},"thumbnailUrl":"https:\/\/vinilozona.lt\/wp-content\/uploads\/2025\/06\/R-5793019-1402826017-9849.jpg","datePublished":"2025-06-21T02:02:04+00:00","dateModified":"2025-06-18T03:31:43+00:00","breadcrumb":{"@id":"https:\/\/vinilozona.lt\/parduotuve\/classic\/michael-schonheit-bach-schumann-mendelssohn-und-guilmant-die-schukeorgel-im-neuen-gewandhaus-zu-leipzig\/#breadcrumb"},"inLanguage":"en-GB","potentialAction":[{"@type":"ReadAction","target":["https:\/\/vinilozona.lt\/parduotuve\/classic\/michael-schonheit-bach-schumann-mendelssohn-und-guilmant-die-schukeorgel-im-neuen-gewandhaus-zu-leipzig\/"]}]},{"@type":"ImageObject","inLanguage":"en-GB","@id":"https:\/\/vinilozona.lt\/parduotuve\/classic\/michael-schonheit-bach-schumann-mendelssohn-und-guilmant-die-schukeorgel-im-neuen-gewandhaus-zu-leipzig\/#primaryimage","url":"https:\/\/vinilozona.lt\/wp-content\/uploads\/2025\/06\/R-5793019-1402826017-9849.jpg","contentUrl":"https:\/\/vinilozona.lt\/wp-content\/uploads\/2025\/06\/R-5793019-1402826017-9849.jpg","width":600,"height":580},{"@type":"BreadcrumbList","@id":"https:\/\/vinilozona.lt\/parduotuve\/classic\/michael-schonheit-bach-schumann-mendelssohn-und-guilmant-die-schukeorgel-im-neuen-gewandhaus-zu-leipzig\/#breadcrumb","itemListElement":[{"@type":"ListItem","position":1,"name":"Home","item":"https:\/\/vinilozona.lt\/"},{"@type":"ListItem","position":2,"name":"Parduotuv\u0117","item":"https:\/\/vinilozona.lt\/parduotuve\/"},{"@type":"ListItem","position":3,"name":"Michael Sch\u00f6nheit, Bach, Schumann, Mendelssohn Und Guilmant \u2013 Die Schukeorgel Im Neuen Gewandhaus Zu Leipzig"}]},{"@type":"WebSite","@id":"https:\/\/vinilozona.lt\/#website","url":"https:\/\/vinilozona.lt\/","name":"Vinilo Zona","description":"Nup\u016bsk dulkes ir klausyk LP","potentialAction":[{"@type":"SearchAction","target":{"@type":"EntryPoint","urlTemplate":"https:\/\/vinilozona.lt\/?s={search_term_string}"},"query-input":{"@type":"PropertyValueSpecification","valueRequired":true,"valueName":"search_term_string"}}],"inLanguage":"en-GB"}]}},"_links":{"self":[{"href":"https:\/\/vinilozona.lt\/en\/wp-json\/wp\/v2\/product\/28466"}],"collection":[{"href":"https:\/\/vinilozona.lt\/en\/wp-json\/wp\/v2\/product"}],"about":[{"href":"https:\/\/vinilozona.lt\/en\/wp-json\/wp\/v2\/types\/product"}],"wp:featuredmedia":[{"embeddable":true,"href":"https:\/\/vinilozona.lt\/en\/wp-json\/wp\/v2\/media\/28467"}],"wp:attachment":[{"href":"https:\/\/vinilozona.lt\/en\/wp-json\/wp\/v2\/media?parent=28466"}],"wp:term":[{"taxonomy":"product_cat","embeddable":true,"href":"https:\/\/vinilozona.lt\/en\/wp-json\/wp\/v2\/product_cat?post=28466"},{"taxonomy":"product_tag","embeddable":true,"href":"https:\/\/vinilozona.lt\/en\/wp-json\/wp\/v2\/product_tag?post=28466"}],"curies":[{"name":"wp","href":"https:\/\/api.w.org\/{rel}","templated":true}]}}