{"id":28464,"date":"2025-06-21T05:01:46","date_gmt":"2025-06-21T02:01:46","guid":{"rendered":"https:\/\/vinilozona.lt\/?post_type=product&#038;p=28464"},"modified":"2025-06-21T08:06:06","modified_gmt":"2025-06-21T05:06:06","slug":"virtuosi-saxoniae-ludwig-guttler-virtuosi-saxoniae-ludwig-guttler","status":"publish","type":"product","link":"https:\/\/vinilozona.lt\/en\/parduotuve\/classic\/virtuosi-saxoniae-ludwig-guttler-virtuosi-saxoniae-ludwig-guttler\/","title":{"rendered":"Virtuosi Saxoniae \u2022 Ludwig G\u00fcttler \u2013 Virtuosi Saxoniae \u2022 Ludwig G\u00fcttler"},"content":{"rendered":"<p>Ouvert\u00fcrensuite D-Moll\t(6:29)<br \/>\nI Ouvert\u00fcre<br \/>\nKantate &#8222;Su Le Sponde Del Tebro&#8221;\t(2:45)<br \/>\nNo. 3 Sinfonia<br \/>\nNo. 4 Aria &#8222;Contentatevi, O Fidi Pensieri&#8221;<br \/>\nKonzert F\u00fcr Vier Violinen, Streicher Und Basso Continuo E-moll Op. 3 Nr. 4 RV 550\t(2:21)<br \/>\nII Allegro Assai<br \/>\nKonzert F\u00fcr Corno Da Caccia Und Orchester D-dur\t(4:54)<br \/>\nII Andante Poco Adagio<br \/>\nKonzert F\u00fcr Violine, Zwei Oboen, Zwei H\u00f6rner, Streicher Und Basso Continuo D-dur\t(6:27)<br \/>\nI Vivace<br \/>\nCapriccio V G-dur\t(1:17)<br \/>\nIV Il Furibondo. Presto Assai<br \/>\nKonzert F\u00fcr Trompete, Zwei Oboen, Streicher Und Basso Continuo D-dur\t(2:47)<br \/>\nIII Allegro<br \/>\nOuvert\u00fcrensuite D-moll\t(2:15)<br \/>\nV Jardinerie<br \/>\nKonzert F\u00fcr Zwei Corni Da Caccia, Streicher Und Basso Continuo F-dur RV 539\t(2:03)<br \/>\nIII Allegro<br \/>\nKonzert F\u00fcr Chalumeau (Klarinette), Zwei Oboen, Streicher Und Basso Continuo B-dur\t(5:04)<br \/>\nIII Largo<br \/>\nIV Allegro<br \/>\nKonzert F\u00fcr Zwei Oboen, Fagott, Streicher Und Basso Continuo Es-dur\t(6:15)<br \/>\nAus: Konzert F\u00fcr Zwei Oboen, Fagott, Streicher Und Basso Continuo Es-dur<br \/>\nMissa Brevis D-dur\t(6:30)<br \/>\nDomine Deus<br \/>\nQuoniam<br \/>\nCum Sancto Spiritu<\/p>","protected":false},"excerpt":{"rendered":"<p>ETERNA \u2013 7 25 135, ETERNA \u2013 7 29 135<br \/>\nFormat:<br \/>\nVinyl, LP, Album<br \/>\nCountry:<br \/>\nGerman Democratic Republic (GDR)<br \/>\nReleased: 1988<br \/>\nGenre: Classical<br \/>\nStyle: Baroque<\/p>","protected":false},"featured_media":28465,"template":"","meta":[],"product_cat":[22],"product_tag":[44],"yoast_head":"<!-- This site is optimized with the Yoast SEO plugin v23.5 - https:\/\/yoast.com\/wordpress\/plugins\/seo\/ -->\n<title>Virtuosi Saxoniae \u2022 Ludwig G\u00fcttler \u2013 Virtuosi Saxoniae \u2022 Ludwig G\u00fcttler Vinilin\u0117 Plok\u0161tel\u0117 | Vinilozona.lt<\/title>\n<meta name=\"robots\" content=\"index, follow, max-snippet:-1, max-image-preview:large, max-video-preview:-1\" \/>\n<link rel=\"canonical\" href=\"https:\/\/vinilozona.lt\/en\/parduotuve\/classic\/virtuosi-saxoniae-ludwig-guttler-virtuosi-saxoniae-ludwig-guttler\/\" \/>\n<meta property=\"og:locale\" content=\"en_GB\" \/>\n<meta property=\"og:type\" content=\"article\" \/>\n<meta property=\"og:title\" content=\"Virtuosi Saxoniae \u2022 Ludwig G\u00fcttler \u2013 Virtuosi Saxoniae \u2022 Ludwig G\u00fcttler Vinilin\u0117 Plok\u0161tel\u0117 | Vinilozona.lt\" \/>\n<meta property=\"og:description\" content=\"ETERNA \u2013 7 25 135, ETERNA \u2013 7 29 135 Format: Vinyl, LP, Album Country: German Democratic Republic (GDR) Released: 1988 Genre: Classical Style: Baroque\" \/>\n<meta property=\"og:url\" content=\"https:\/\/vinilozona.lt\/en\/parduotuve\/classic\/virtuosi-saxoniae-ludwig-guttler-virtuosi-saxoniae-ludwig-guttler\/\" \/>\n<meta property=\"og:site_name\" content=\"Vinilo Zona\" \/>\n<meta property=\"article:modified_time\" content=\"2025-06-21T05:06:06+00:00\" \/>\n<meta property=\"og:image\" content=\"https:\/\/vinilozona.lt\/wp-content\/uploads\/2025\/06\/R-10734465-1503326388-4308.jpg\" \/>\n\t<meta property=\"og:image:width\" content=\"599\" \/>\n\t<meta property=\"og:image:height\" content=\"567\" \/>\n\t<meta property=\"og:image:type\" content=\"image\/jpeg\" \/>\n<meta name=\"twitter:card\" content=\"summary_large_image\" \/>\n<meta name=\"twitter:label1\" content=\"Estimated reading time\" \/>\n\t<meta name=\"twitter:data1\" content=\"1 minute\" \/>\n<script type=\"application\/ld+json\" class=\"yoast-schema-graph\">{\"@context\":\"https:\/\/schema.org\",\"@graph\":[{\"@type\":\"WebPage\",\"@id\":\"https:\/\/vinilozona.lt\/parduotuve\/classic\/virtuosi-saxoniae-ludwig-guttler-virtuosi-saxoniae-ludwig-guttler\/\",\"url\":\"https:\/\/vinilozona.lt\/parduotuve\/classic\/virtuosi-saxoniae-ludwig-guttler-virtuosi-saxoniae-ludwig-guttler\/\",\"name\":\"Virtuosi Saxoniae \u2022 Ludwig G\u00fcttler \u2013 Virtuosi Saxoniae \u2022 Ludwig G\u00fcttler Vinilin\u0117 Plok\u0161tel\u0117 | Vinilozona.lt\",\"isPartOf\":{\"@id\":\"https:\/\/vinilozona.lt\/#website\"},\"primaryImageOfPage\":{\"@id\":\"https:\/\/vinilozona.lt\/parduotuve\/classic\/virtuosi-saxoniae-ludwig-guttler-virtuosi-saxoniae-ludwig-guttler\/#primaryimage\"},\"image\":{\"@id\":\"https:\/\/vinilozona.lt\/parduotuve\/classic\/virtuosi-saxoniae-ludwig-guttler-virtuosi-saxoniae-ludwig-guttler\/#primaryimage\"},\"thumbnailUrl\":\"https:\/\/vinilozona.lt\/wp-content\/uploads\/2025\/06\/R-10734465-1503326388-4308.jpg\",\"datePublished\":\"2025-06-21T02:01:46+00:00\",\"dateModified\":\"2025-06-21T05:06:06+00:00\",\"breadcrumb\":{\"@id\":\"https:\/\/vinilozona.lt\/parduotuve\/classic\/virtuosi-saxoniae-ludwig-guttler-virtuosi-saxoniae-ludwig-guttler\/#breadcrumb\"},\"inLanguage\":\"en-GB\",\"potentialAction\":[{\"@type\":\"ReadAction\",\"target\":[\"https:\/\/vinilozona.lt\/parduotuve\/classic\/virtuosi-saxoniae-ludwig-guttler-virtuosi-saxoniae-ludwig-guttler\/\"]}]},{\"@type\":\"ImageObject\",\"inLanguage\":\"en-GB\",\"@id\":\"https:\/\/vinilozona.lt\/parduotuve\/classic\/virtuosi-saxoniae-ludwig-guttler-virtuosi-saxoniae-ludwig-guttler\/#primaryimage\",\"url\":\"https:\/\/vinilozona.lt\/wp-content\/uploads\/2025\/06\/R-10734465-1503326388-4308.jpg\",\"contentUrl\":\"https:\/\/vinilozona.lt\/wp-content\/uploads\/2025\/06\/R-10734465-1503326388-4308.jpg\",\"width\":599,\"height\":567},{\"@type\":\"BreadcrumbList\",\"@id\":\"https:\/\/vinilozona.lt\/parduotuve\/classic\/virtuosi-saxoniae-ludwig-guttler-virtuosi-saxoniae-ludwig-guttler\/#breadcrumb\",\"itemListElement\":[{\"@type\":\"ListItem\",\"position\":1,\"name\":\"Home\",\"item\":\"https:\/\/vinilozona.lt\/\"},{\"@type\":\"ListItem\",\"position\":2,\"name\":\"Parduotuv\u0117\",\"item\":\"https:\/\/vinilozona.lt\/parduotuve\/\"},{\"@type\":\"ListItem\",\"position\":3,\"name\":\"Virtuosi Saxoniae \u2022 Ludwig G\u00fcttler \u2013 Virtuosi Saxoniae \u2022 Ludwig G\u00fcttler\"}]},{\"@type\":\"WebSite\",\"@id\":\"https:\/\/vinilozona.lt\/#website\",\"url\":\"https:\/\/vinilozona.lt\/\",\"name\":\"Vinilo Zona\",\"description\":\"Nup\u016bsk dulkes ir klausyk LP\",\"potentialAction\":[{\"@type\":\"SearchAction\",\"target\":{\"@type\":\"EntryPoint\",\"urlTemplate\":\"https:\/\/vinilozona.lt\/?s={search_term_string}\"},\"query-input\":{\"@type\":\"PropertyValueSpecification\",\"valueRequired\":true,\"valueName\":\"search_term_string\"}}],\"inLanguage\":\"en-GB\"}]}<\/script>\n<!-- \/ Yoast SEO plugin. -->","yoast_head_json":{"title":"Virtuosi Saxoniae \u2022 Ludwig G\u00fcttler \u2013 Virtuosi Saxoniae \u2022 Ludwig G\u00fcttler Vinilin\u0117 Plok\u0161tel\u0117 | Vinilozona.lt","robots":{"index":"index","follow":"follow","max-snippet":"max-snippet:-1","max-image-preview":"max-image-preview:large","max-video-preview":"max-video-preview:-1"},"canonical":"https:\/\/vinilozona.lt\/en\/parduotuve\/classic\/virtuosi-saxoniae-ludwig-guttler-virtuosi-saxoniae-ludwig-guttler\/","og_locale":"en_GB","og_type":"article","og_title":"Virtuosi Saxoniae \u2022 Ludwig G\u00fcttler \u2013 Virtuosi Saxoniae \u2022 Ludwig G\u00fcttler Vinilin\u0117 Plok\u0161tel\u0117 | Vinilozona.lt","og_description":"ETERNA \u2013 7 25 135, ETERNA \u2013 7 29 135 Format: Vinyl, LP, Album Country: German Democratic Republic (GDR) Released: 1988 Genre: Classical Style: Baroque","og_url":"https:\/\/vinilozona.lt\/en\/parduotuve\/classic\/virtuosi-saxoniae-ludwig-guttler-virtuosi-saxoniae-ludwig-guttler\/","og_site_name":"Vinilo Zona","article_modified_time":"2025-06-21T05:06:06+00:00","og_image":[{"width":599,"height":567,"url":"https:\/\/vinilozona.lt\/wp-content\/uploads\/2025\/06\/R-10734465-1503326388-4308.jpg","type":"image\/jpeg"}],"twitter_card":"summary_large_image","twitter_misc":{"Estimated reading time":"1 minute"},"schema":{"@context":"https:\/\/schema.org","@graph":[{"@type":"WebPage","@id":"https:\/\/vinilozona.lt\/parduotuve\/classic\/virtuosi-saxoniae-ludwig-guttler-virtuosi-saxoniae-ludwig-guttler\/","url":"https:\/\/vinilozona.lt\/parduotuve\/classic\/virtuosi-saxoniae-ludwig-guttler-virtuosi-saxoniae-ludwig-guttler\/","name":"Virtuosi Saxoniae \u2022 Ludwig G\u00fcttler \u2013 Virtuosi Saxoniae \u2022 Ludwig G\u00fcttler Vinilin\u0117 Plok\u0161tel\u0117 | Vinilozona.lt","isPartOf":{"@id":"https:\/\/vinilozona.lt\/#website"},"primaryImageOfPage":{"@id":"https:\/\/vinilozona.lt\/parduotuve\/classic\/virtuosi-saxoniae-ludwig-guttler-virtuosi-saxoniae-ludwig-guttler\/#primaryimage"},"image":{"@id":"https:\/\/vinilozona.lt\/parduotuve\/classic\/virtuosi-saxoniae-ludwig-guttler-virtuosi-saxoniae-ludwig-guttler\/#primaryimage"},"thumbnailUrl":"https:\/\/vinilozona.lt\/wp-content\/uploads\/2025\/06\/R-10734465-1503326388-4308.jpg","datePublished":"2025-06-21T02:01:46+00:00","dateModified":"2025-06-21T05:06:06+00:00","breadcrumb":{"@id":"https:\/\/vinilozona.lt\/parduotuve\/classic\/virtuosi-saxoniae-ludwig-guttler-virtuosi-saxoniae-ludwig-guttler\/#breadcrumb"},"inLanguage":"en-GB","potentialAction":[{"@type":"ReadAction","target":["https:\/\/vinilozona.lt\/parduotuve\/classic\/virtuosi-saxoniae-ludwig-guttler-virtuosi-saxoniae-ludwig-guttler\/"]}]},{"@type":"ImageObject","inLanguage":"en-GB","@id":"https:\/\/vinilozona.lt\/parduotuve\/classic\/virtuosi-saxoniae-ludwig-guttler-virtuosi-saxoniae-ludwig-guttler\/#primaryimage","url":"https:\/\/vinilozona.lt\/wp-content\/uploads\/2025\/06\/R-10734465-1503326388-4308.jpg","contentUrl":"https:\/\/vinilozona.lt\/wp-content\/uploads\/2025\/06\/R-10734465-1503326388-4308.jpg","width":599,"height":567},{"@type":"BreadcrumbList","@id":"https:\/\/vinilozona.lt\/parduotuve\/classic\/virtuosi-saxoniae-ludwig-guttler-virtuosi-saxoniae-ludwig-guttler\/#breadcrumb","itemListElement":[{"@type":"ListItem","position":1,"name":"Home","item":"https:\/\/vinilozona.lt\/"},{"@type":"ListItem","position":2,"name":"Parduotuv\u0117","item":"https:\/\/vinilozona.lt\/parduotuve\/"},{"@type":"ListItem","position":3,"name":"Virtuosi Saxoniae \u2022 Ludwig G\u00fcttler \u2013 Virtuosi Saxoniae \u2022 Ludwig G\u00fcttler"}]},{"@type":"WebSite","@id":"https:\/\/vinilozona.lt\/#website","url":"https:\/\/vinilozona.lt\/","name":"Vinilo Zona","description":"Nup\u016bsk dulkes ir klausyk LP","potentialAction":[{"@type":"SearchAction","target":{"@type":"EntryPoint","urlTemplate":"https:\/\/vinilozona.lt\/?s={search_term_string}"},"query-input":{"@type":"PropertyValueSpecification","valueRequired":true,"valueName":"search_term_string"}}],"inLanguage":"en-GB"}]}},"_links":{"self":[{"href":"https:\/\/vinilozona.lt\/en\/wp-json\/wp\/v2\/product\/28464"}],"collection":[{"href":"https:\/\/vinilozona.lt\/en\/wp-json\/wp\/v2\/product"}],"about":[{"href":"https:\/\/vinilozona.lt\/en\/wp-json\/wp\/v2\/types\/product"}],"wp:featuredmedia":[{"embeddable":true,"href":"https:\/\/vinilozona.lt\/en\/wp-json\/wp\/v2\/media\/28465"}],"wp:attachment":[{"href":"https:\/\/vinilozona.lt\/en\/wp-json\/wp\/v2\/media?parent=28464"}],"wp:term":[{"taxonomy":"product_cat","embeddable":true,"href":"https:\/\/vinilozona.lt\/en\/wp-json\/wp\/v2\/product_cat?post=28464"},{"taxonomy":"product_tag","embeddable":true,"href":"https:\/\/vinilozona.lt\/en\/wp-json\/wp\/v2\/product_tag?post=28464"}],"curies":[{"name":"wp","href":"https:\/\/api.w.org\/{rel}","templated":true}]}}