{"id":28458,"date":"2025-06-17T05:35:01","date_gmt":"2025-06-17T02:35:01","guid":{"rendered":"https:\/\/vinilozona.lt\/?post_type=product&#038;p=28458"},"modified":"2025-06-18T17:00:59","modified_gmt":"2025-06-18T14:00:59","slug":"alexander-glazunov-lady-soubrette-ballet-cd","status":"publish","type":"product","link":"https:\/\/vinilozona.lt\/en\/parduotuve\/cd\/nauji-cd\/alexander-glazunov-lady-soubrette-ballet-cd\/","title":{"rendered":"Alexander Glazunov \u2013 Lady- Soubrette Ballet  CD"},"content":{"rendered":"<p>\t\t\u0411\u0430\u043b\u0435\u0442 \u0412 \u041e\u0434\u043d\u043e\u043c \u0414\u0435\u0439\u0441\u0442\u0432\u0438\u0438, \u0421\u043e\u0447. 61 (\u041f\u0430\u0441\u0442\u043e\u0440\u0430\u043b\u044c \u0412\u0430\u0442\u0442\u043e) \u041d\u0430 \u0421\u044e\u0436\u0435\u0442 \u041c\u0430\u0440\u0438\u0443\u0441\u0430 \u041f\u0435\u0442\u0438\u043f\u0430<br \/>\n1\t\t\u0418\u043d\u0442\u0440\u043e\u0434\u0443\u043a\u0446\u0438\u044f<br \/>\n2\t\t\u0421\u0446\u0435\u043d\u0430 I<br \/>\n3\t\t\u041c\u0438\u043c\u0438\u0447\u0435\u0441\u043a\u0438\u0439 \u0420\u0435\u0447\u0438\u0442\u0430\u0442\u0438\u0432<br \/>\n4\t\t\u0421\u0430\u0440\u0430\u0431\u0430\u043d\u0434\u0430<br \/>\n5\t\t\u0424\u0430\u0440\u0430\u043d\u0434\u043e\u043b\u0430<br \/>\n6\t\t\u0421\u0446\u0435\u043d\u0430 II<br \/>\n7\t\t\u0422\u0430\u043d\u0446\u044b \u041c\u0430\u0440\u0438\u043e\u043d\u0435\u0442\u043e\u043a<br \/>\n8\t\t\u0421\u0446\u0435\u043d\u0430 III<br \/>\n9\t\t\u0421\u0446\u0435\u043d\u0430 IV<br \/>\n10\t\t\u0421\u0446\u0435\u043d\u0430 V<br \/>\n11\t\t\u0412\u0430\u0440\u0438\u0430\u0446\u0438\u044f<br \/>\n12\t\t\u0421\u0446\u0435\u043d\u0430 VI. \u041c\u0430\u0440\u0448<br \/>\n13\t\t\u0421\u0446\u0435\u043d\u0430 VII. \u0411\u043e\u043b\u044c\u0448\u043e\u0439 \u0412\u0430\u043b\u044c\u0441<br \/>\n14\t\t\u0421\u0446\u0435\u043d\u0430 VIII<br \/>\n15\t\t\u0421\u0446\u0435\u043d\u0430 IX<br \/>\n16\t\t\u0421\u0446\u0435\u043d\u0430 X<br \/>\n17\t\t\u0421\u0446\u0435\u043d\u0430 XI<br \/>\n18\t\t\u041a\u043e\u0440\u043e\u0442\u043a\u0438\u0439 \u0422\u0430\u043d\u0435\u0446 \u041a\u0440\u0435\u0441\u0442\u044c\u044f\u043d \u0418 \u041a\u0440\u0435\u0441\u0442\u044c\u044f\u043d\u043e\u043a<br \/>\n19\t\t\u0422\u0430\u043d\u0435\u0446 \u0416\u0435\u043d\u0438\u0445\u0430 \u0418 \u041d\u0435\u0432\u0435\u0441\u0442\u044b<br \/>\n20\t\t\u0412\u0430\u0440\u0438\u0430\u0446\u0438\u044f<br \/>\n21\t\t\u0424\u0440\u0438\u043a\u0430\u0441\u0441\u0435<\/p>","protected":false},"excerpt":{"rendered":"<p>\u041c\u0435\u043b\u043e\u0434\u0438\u044f \u2013 SUCD 10-00020<br \/>\nSeries:<br \/>\nAnthology Of Russian Symphony Music \u2013 SUCD 10-00020<br \/>\nFormat:<br \/>\nCD, Album<br \/>\nCountry: USSR<br \/>\nReleased: 1990<\/p>","protected":false},"featured_media":28459,"template":"","meta":[],"product_cat":[24,947],"product_tag":[44],"yoast_head":"<!-- This site is optimized with the Yoast SEO plugin v23.5 - https:\/\/yoast.com\/wordpress\/plugins\/seo\/ -->\n<title>Alexander Glazunov \u2013 Lady- Soubrette Ballet CD Vinilin\u0117 Plok\u0161tel\u0117 | Vinilozona.lt<\/title>\n<meta name=\"robots\" content=\"index, follow, max-snippet:-1, max-image-preview:large, max-video-preview:-1\" \/>\n<link rel=\"canonical\" href=\"https:\/\/vinilozona.lt\/en\/parduotuve\/cd\/nauji-cd\/alexander-glazunov-lady-soubrette-ballet-cd\/\" \/>\n<meta property=\"og:locale\" content=\"en_GB\" \/>\n<meta property=\"og:type\" content=\"article\" \/>\n<meta property=\"og:title\" content=\"Alexander Glazunov \u2013 Lady- Soubrette Ballet CD Vinilin\u0117 Plok\u0161tel\u0117 | Vinilozona.lt\" \/>\n<meta property=\"og:description\" content=\"\u041c\u0435\u043b\u043e\u0434\u0438\u044f \u2013 SUCD 10-00020 Series: Anthology Of Russian Symphony Music \u2013 SUCD 10-00020 Format: CD, Album Country: USSR Released: 1990\" \/>\n<meta property=\"og:url\" content=\"https:\/\/vinilozona.lt\/en\/parduotuve\/cd\/nauji-cd\/alexander-glazunov-lady-soubrette-ballet-cd\/\" \/>\n<meta property=\"og:site_name\" content=\"Vinilo Zona\" \/>\n<meta property=\"article:modified_time\" content=\"2025-06-18T14:00:59+00:00\" \/>\n<meta property=\"og:image\" content=\"https:\/\/vinilozona.lt\/wp-content\/uploads\/2025\/06\/R-16212573-1605366586-8317.jpg\" \/>\n\t<meta property=\"og:image:width\" content=\"600\" \/>\n\t<meta property=\"og:image:height\" content=\"593\" \/>\n\t<meta property=\"og:image:type\" content=\"image\/jpeg\" \/>\n<meta name=\"twitter:card\" content=\"summary_large_image\" \/>\n<meta name=\"twitter:label1\" content=\"Estimated reading time\" \/>\n\t<meta name=\"twitter:data1\" content=\"1 minute\" \/>\n<script type=\"application\/ld+json\" class=\"yoast-schema-graph\">{\"@context\":\"https:\/\/schema.org\",\"@graph\":[{\"@type\":\"WebPage\",\"@id\":\"https:\/\/vinilozona.lt\/parduotuve\/cd\/nauji-cd\/alexander-glazunov-lady-soubrette-ballet-cd\/\",\"url\":\"https:\/\/vinilozona.lt\/parduotuve\/cd\/nauji-cd\/alexander-glazunov-lady-soubrette-ballet-cd\/\",\"name\":\"Alexander Glazunov \u2013 Lady- Soubrette Ballet CD Vinilin\u0117 Plok\u0161tel\u0117 | Vinilozona.lt\",\"isPartOf\":{\"@id\":\"https:\/\/vinilozona.lt\/#website\"},\"primaryImageOfPage\":{\"@id\":\"https:\/\/vinilozona.lt\/parduotuve\/cd\/nauji-cd\/alexander-glazunov-lady-soubrette-ballet-cd\/#primaryimage\"},\"image\":{\"@id\":\"https:\/\/vinilozona.lt\/parduotuve\/cd\/nauji-cd\/alexander-glazunov-lady-soubrette-ballet-cd\/#primaryimage\"},\"thumbnailUrl\":\"https:\/\/vinilozona.lt\/wp-content\/uploads\/2025\/06\/R-16212573-1605366586-8317.jpg\",\"datePublished\":\"2025-06-17T02:35:01+00:00\",\"dateModified\":\"2025-06-18T14:00:59+00:00\",\"breadcrumb\":{\"@id\":\"https:\/\/vinilozona.lt\/parduotuve\/cd\/nauji-cd\/alexander-glazunov-lady-soubrette-ballet-cd\/#breadcrumb\"},\"inLanguage\":\"en-GB\",\"potentialAction\":[{\"@type\":\"ReadAction\",\"target\":[\"https:\/\/vinilozona.lt\/parduotuve\/cd\/nauji-cd\/alexander-glazunov-lady-soubrette-ballet-cd\/\"]}]},{\"@type\":\"ImageObject\",\"inLanguage\":\"en-GB\",\"@id\":\"https:\/\/vinilozona.lt\/parduotuve\/cd\/nauji-cd\/alexander-glazunov-lady-soubrette-ballet-cd\/#primaryimage\",\"url\":\"https:\/\/vinilozona.lt\/wp-content\/uploads\/2025\/06\/R-16212573-1605366586-8317.jpg\",\"contentUrl\":\"https:\/\/vinilozona.lt\/wp-content\/uploads\/2025\/06\/R-16212573-1605366586-8317.jpg\",\"width\":600,\"height\":593},{\"@type\":\"BreadcrumbList\",\"@id\":\"https:\/\/vinilozona.lt\/parduotuve\/cd\/nauji-cd\/alexander-glazunov-lady-soubrette-ballet-cd\/#breadcrumb\",\"itemListElement\":[{\"@type\":\"ListItem\",\"position\":1,\"name\":\"Home\",\"item\":\"https:\/\/vinilozona.lt\/\"},{\"@type\":\"ListItem\",\"position\":2,\"name\":\"Parduotuv\u0117\",\"item\":\"https:\/\/vinilozona.lt\/parduotuve\/\"},{\"@type\":\"ListItem\",\"position\":3,\"name\":\"Alexander Glazunov \u2013 Lady- Soubrette Ballet CD\"}]},{\"@type\":\"WebSite\",\"@id\":\"https:\/\/vinilozona.lt\/#website\",\"url\":\"https:\/\/vinilozona.lt\/\",\"name\":\"Vinilo Zona\",\"description\":\"Nup\u016bsk dulkes ir klausyk LP\",\"potentialAction\":[{\"@type\":\"SearchAction\",\"target\":{\"@type\":\"EntryPoint\",\"urlTemplate\":\"https:\/\/vinilozona.lt\/?s={search_term_string}\"},\"query-input\":{\"@type\":\"PropertyValueSpecification\",\"valueRequired\":true,\"valueName\":\"search_term_string\"}}],\"inLanguage\":\"en-GB\"}]}<\/script>\n<!-- \/ Yoast SEO plugin. -->","yoast_head_json":{"title":"Alexander Glazunov \u2013 Lady- Soubrette Ballet CD Vinilin\u0117 Plok\u0161tel\u0117 | Vinilozona.lt","robots":{"index":"index","follow":"follow","max-snippet":"max-snippet:-1","max-image-preview":"max-image-preview:large","max-video-preview":"max-video-preview:-1"},"canonical":"https:\/\/vinilozona.lt\/en\/parduotuve\/cd\/nauji-cd\/alexander-glazunov-lady-soubrette-ballet-cd\/","og_locale":"en_GB","og_type":"article","og_title":"Alexander Glazunov \u2013 Lady- Soubrette Ballet CD Vinilin\u0117 Plok\u0161tel\u0117 | Vinilozona.lt","og_description":"\u041c\u0435\u043b\u043e\u0434\u0438\u044f \u2013 SUCD 10-00020 Series: Anthology Of Russian Symphony Music \u2013 SUCD 10-00020 Format: CD, Album Country: USSR Released: 1990","og_url":"https:\/\/vinilozona.lt\/en\/parduotuve\/cd\/nauji-cd\/alexander-glazunov-lady-soubrette-ballet-cd\/","og_site_name":"Vinilo Zona","article_modified_time":"2025-06-18T14:00:59+00:00","og_image":[{"width":600,"height":593,"url":"https:\/\/vinilozona.lt\/wp-content\/uploads\/2025\/06\/R-16212573-1605366586-8317.jpg","type":"image\/jpeg"}],"twitter_card":"summary_large_image","twitter_misc":{"Estimated reading time":"1 minute"},"schema":{"@context":"https:\/\/schema.org","@graph":[{"@type":"WebPage","@id":"https:\/\/vinilozona.lt\/parduotuve\/cd\/nauji-cd\/alexander-glazunov-lady-soubrette-ballet-cd\/","url":"https:\/\/vinilozona.lt\/parduotuve\/cd\/nauji-cd\/alexander-glazunov-lady-soubrette-ballet-cd\/","name":"Alexander Glazunov \u2013 Lady- Soubrette Ballet CD Vinilin\u0117 Plok\u0161tel\u0117 | Vinilozona.lt","isPartOf":{"@id":"https:\/\/vinilozona.lt\/#website"},"primaryImageOfPage":{"@id":"https:\/\/vinilozona.lt\/parduotuve\/cd\/nauji-cd\/alexander-glazunov-lady-soubrette-ballet-cd\/#primaryimage"},"image":{"@id":"https:\/\/vinilozona.lt\/parduotuve\/cd\/nauji-cd\/alexander-glazunov-lady-soubrette-ballet-cd\/#primaryimage"},"thumbnailUrl":"https:\/\/vinilozona.lt\/wp-content\/uploads\/2025\/06\/R-16212573-1605366586-8317.jpg","datePublished":"2025-06-17T02:35:01+00:00","dateModified":"2025-06-18T14:00:59+00:00","breadcrumb":{"@id":"https:\/\/vinilozona.lt\/parduotuve\/cd\/nauji-cd\/alexander-glazunov-lady-soubrette-ballet-cd\/#breadcrumb"},"inLanguage":"en-GB","potentialAction":[{"@type":"ReadAction","target":["https:\/\/vinilozona.lt\/parduotuve\/cd\/nauji-cd\/alexander-glazunov-lady-soubrette-ballet-cd\/"]}]},{"@type":"ImageObject","inLanguage":"en-GB","@id":"https:\/\/vinilozona.lt\/parduotuve\/cd\/nauji-cd\/alexander-glazunov-lady-soubrette-ballet-cd\/#primaryimage","url":"https:\/\/vinilozona.lt\/wp-content\/uploads\/2025\/06\/R-16212573-1605366586-8317.jpg","contentUrl":"https:\/\/vinilozona.lt\/wp-content\/uploads\/2025\/06\/R-16212573-1605366586-8317.jpg","width":600,"height":593},{"@type":"BreadcrumbList","@id":"https:\/\/vinilozona.lt\/parduotuve\/cd\/nauji-cd\/alexander-glazunov-lady-soubrette-ballet-cd\/#breadcrumb","itemListElement":[{"@type":"ListItem","position":1,"name":"Home","item":"https:\/\/vinilozona.lt\/"},{"@type":"ListItem","position":2,"name":"Parduotuv\u0117","item":"https:\/\/vinilozona.lt\/parduotuve\/"},{"@type":"ListItem","position":3,"name":"Alexander Glazunov \u2013 Lady- Soubrette Ballet CD"}]},{"@type":"WebSite","@id":"https:\/\/vinilozona.lt\/#website","url":"https:\/\/vinilozona.lt\/","name":"Vinilo Zona","description":"Nup\u016bsk dulkes ir klausyk LP","potentialAction":[{"@type":"SearchAction","target":{"@type":"EntryPoint","urlTemplate":"https:\/\/vinilozona.lt\/?s={search_term_string}"},"query-input":{"@type":"PropertyValueSpecification","valueRequired":true,"valueName":"search_term_string"}}],"inLanguage":"en-GB"}]}},"_links":{"self":[{"href":"https:\/\/vinilozona.lt\/en\/wp-json\/wp\/v2\/product\/28458"}],"collection":[{"href":"https:\/\/vinilozona.lt\/en\/wp-json\/wp\/v2\/product"}],"about":[{"href":"https:\/\/vinilozona.lt\/en\/wp-json\/wp\/v2\/types\/product"}],"wp:featuredmedia":[{"embeddable":true,"href":"https:\/\/vinilozona.lt\/en\/wp-json\/wp\/v2\/media\/28459"}],"wp:attachment":[{"href":"https:\/\/vinilozona.lt\/en\/wp-json\/wp\/v2\/media?parent=28458"}],"wp:term":[{"taxonomy":"product_cat","embeddable":true,"href":"https:\/\/vinilozona.lt\/en\/wp-json\/wp\/v2\/product_cat?post=28458"},{"taxonomy":"product_tag","embeddable":true,"href":"https:\/\/vinilozona.lt\/en\/wp-json\/wp\/v2\/product_tag?post=28458"}],"curies":[{"name":"wp","href":"https:\/\/api.w.org\/{rel}","templated":true}]}}