{"id":28428,"date":"2025-06-16T05:14:16","date_gmt":"2025-06-16T02:14:16","guid":{"rendered":"https:\/\/vinilozona.lt\/?post_type=product&#038;p=28428"},"modified":"2025-06-16T12:59:12","modified_gmt":"2025-06-16T09:59:12","slug":"green-day-bullet-in-a-bible-cddvd","status":"publish","type":"product","link":"https:\/\/vinilozona.lt\/en\/parduotuve\/cd\/naudoti-cd\/green-day-bullet-in-a-bible-cddvd\/","title":{"rendered":"Green Day \u200e\u2013 Bullet In A Bible  CD+DVD"},"content":{"rendered":"<p>CD-1\t\tAmerican Idiot\t4:32<br \/>\nCD-2\t\tJesus Of Suburbia: I. Jesus Of Suburbia \/ II. City Of The Damned \/ III. I Don&#8217;t Care \/ IV. Dearly Beloved \/ V. Tales Of Another Broken Home\t9:23<br \/>\nCD-3\t\tHoliday\t4:12<br \/>\nCD-4\t\tAre We The Waiting\t2:49<br \/>\nCD-5\t\tSt. Jimmy\t2:55<br \/>\nCD-6\t\tLongview\t4:44<br \/>\nCD-7\t\tHitchin&#8217; A Ride\t4:03<br \/>\nCD-8\t\tBrain Stew\t3:02<br \/>\nCD-9\t\tBasket Case\t2:58<br \/>\nCD-10\t\tKing For A Day \/ Shout\t8:47<br \/>\nCD-11\t\tWake Me Up When September Ends\t5:03<br \/>\nCD-12\t\tMinority\t4:19<br \/>\nCD-13\t\tBoulevard Of Broken Dreams\t4:44<br \/>\nCD-14\t\tGood Riddance (Time Of Your Life)\t3:26<br \/>\nDVD-1\t\tAmerican Idiot<br \/>\nDVD-2\t\tJesus Of Suburbia: I. Jesus Of Suburbia \/ II. City Of The Damned \/ III. I Don&#8217;t Care \/ IV. Dearly Beloved \/ V. Tales Of Another Broken Home<br \/>\nDVD-3\t\tHoliday<br \/>\nDVD-4\t\tAre We The Waiting<br \/>\nDVD-5\t\tSt. Jimmy<br \/>\nDVD-6\t\tLongview<br \/>\nDVD-7\t\tHitchin&#8217; A Ride<br \/>\nDVD-8\t\tBrain Stew<br \/>\nDVD-9\t\tBasket Case<br \/>\nDVD-10\t\tKing For A Day \/ Shout<br \/>\nDVD-11\t\tWake Me Up When September Ends<br \/>\nDVD-12\t\tMinority<br \/>\nDVD-13\t\tBoulevard Of Broken Dreams<br \/>\nDVD-14\t\tGood Riddance (Time Of Your Life)<\/p>","protected":false},"excerpt":{"rendered":"<p>Reprise Records \u2013 9362-49466-2<br \/>\nFormat:<br \/>\nAll Media, Digipak<br \/>\nCD, Album<br \/>\nDVD, DVD-Video, PAL<br \/>\nCountry: Europe<br \/>\nReleased: 2005<\/p>","protected":false},"featured_media":28429,"template":"","meta":[],"product_cat":[24,946],"product_tag":[44],"yoast_head":"<!-- This site is optimized with the Yoast SEO plugin v23.5 - https:\/\/yoast.com\/wordpress\/plugins\/seo\/ -->\n<title>Green Day \u200e\u2013 Bullet In A Bible CD+DVD Vinilin\u0117 Plok\u0161tel\u0117 | Vinilozona.lt<\/title>\n<meta name=\"robots\" content=\"index, follow, max-snippet:-1, max-image-preview:large, max-video-preview:-1\" \/>\n<link rel=\"canonical\" href=\"https:\/\/vinilozona.lt\/en\/parduotuve\/cd\/naudoti-cd\/green-day-bullet-in-a-bible-cddvd\/\" \/>\n<meta property=\"og:locale\" content=\"en_GB\" \/>\n<meta property=\"og:type\" content=\"article\" \/>\n<meta property=\"og:title\" content=\"Green Day \u200e\u2013 Bullet In A Bible CD+DVD Vinilin\u0117 Plok\u0161tel\u0117 | Vinilozona.lt\" \/>\n<meta property=\"og:description\" content=\"Reprise Records \u2013 9362-49466-2 Format: All Media, Digipak CD, Album DVD, DVD-Video, PAL Country: Europe Released: 2005\" \/>\n<meta property=\"og:url\" content=\"https:\/\/vinilozona.lt\/en\/parduotuve\/cd\/naudoti-cd\/green-day-bullet-in-a-bible-cddvd\/\" \/>\n<meta property=\"og:site_name\" content=\"Vinilo Zona\" \/>\n<meta property=\"article:modified_time\" content=\"2025-06-16T09:59:12+00:00\" \/>\n<meta property=\"og:image\" content=\"https:\/\/vinilozona.lt\/wp-content\/uploads\/2025\/06\/R-8131013-1455805916-9159.jpg\" \/>\n\t<meta property=\"og:image:width\" content=\"600\" \/>\n\t<meta property=\"og:image:height\" content=\"535\" \/>\n\t<meta property=\"og:image:type\" content=\"image\/jpeg\" \/>\n<meta name=\"twitter:card\" content=\"summary_large_image\" \/>\n<meta name=\"twitter:label1\" content=\"Estimated reading time\" \/>\n\t<meta name=\"twitter:data1\" content=\"1 minute\" \/>\n<script type=\"application\/ld+json\" class=\"yoast-schema-graph\">{\"@context\":\"https:\/\/schema.org\",\"@graph\":[{\"@type\":\"WebPage\",\"@id\":\"https:\/\/vinilozona.lt\/parduotuve\/cd\/naudoti-cd\/green-day-bullet-in-a-bible-cddvd\/\",\"url\":\"https:\/\/vinilozona.lt\/parduotuve\/cd\/naudoti-cd\/green-day-bullet-in-a-bible-cddvd\/\",\"name\":\"Green Day \u200e\u2013 Bullet In A Bible CD+DVD Vinilin\u0117 Plok\u0161tel\u0117 | Vinilozona.lt\",\"isPartOf\":{\"@id\":\"https:\/\/vinilozona.lt\/#website\"},\"primaryImageOfPage\":{\"@id\":\"https:\/\/vinilozona.lt\/parduotuve\/cd\/naudoti-cd\/green-day-bullet-in-a-bible-cddvd\/#primaryimage\"},\"image\":{\"@id\":\"https:\/\/vinilozona.lt\/parduotuve\/cd\/naudoti-cd\/green-day-bullet-in-a-bible-cddvd\/#primaryimage\"},\"thumbnailUrl\":\"https:\/\/vinilozona.lt\/wp-content\/uploads\/2025\/06\/R-8131013-1455805916-9159.jpg\",\"datePublished\":\"2025-06-16T02:14:16+00:00\",\"dateModified\":\"2025-06-16T09:59:12+00:00\",\"breadcrumb\":{\"@id\":\"https:\/\/vinilozona.lt\/parduotuve\/cd\/naudoti-cd\/green-day-bullet-in-a-bible-cddvd\/#breadcrumb\"},\"inLanguage\":\"en-GB\",\"potentialAction\":[{\"@type\":\"ReadAction\",\"target\":[\"https:\/\/vinilozona.lt\/parduotuve\/cd\/naudoti-cd\/green-day-bullet-in-a-bible-cddvd\/\"]}]},{\"@type\":\"ImageObject\",\"inLanguage\":\"en-GB\",\"@id\":\"https:\/\/vinilozona.lt\/parduotuve\/cd\/naudoti-cd\/green-day-bullet-in-a-bible-cddvd\/#primaryimage\",\"url\":\"https:\/\/vinilozona.lt\/wp-content\/uploads\/2025\/06\/R-8131013-1455805916-9159.jpg\",\"contentUrl\":\"https:\/\/vinilozona.lt\/wp-content\/uploads\/2025\/06\/R-8131013-1455805916-9159.jpg\",\"width\":600,\"height\":535},{\"@type\":\"BreadcrumbList\",\"@id\":\"https:\/\/vinilozona.lt\/parduotuve\/cd\/naudoti-cd\/green-day-bullet-in-a-bible-cddvd\/#breadcrumb\",\"itemListElement\":[{\"@type\":\"ListItem\",\"position\":1,\"name\":\"Home\",\"item\":\"https:\/\/vinilozona.lt\/\"},{\"@type\":\"ListItem\",\"position\":2,\"name\":\"Parduotuv\u0117\",\"item\":\"https:\/\/vinilozona.lt\/parduotuve\/\"},{\"@type\":\"ListItem\",\"position\":3,\"name\":\"Green Day \u200e\u2013 Bullet In A Bible CD+DVD\"}]},{\"@type\":\"WebSite\",\"@id\":\"https:\/\/vinilozona.lt\/#website\",\"url\":\"https:\/\/vinilozona.lt\/\",\"name\":\"Vinilo Zona\",\"description\":\"Nup\u016bsk dulkes ir klausyk LP\",\"potentialAction\":[{\"@type\":\"SearchAction\",\"target\":{\"@type\":\"EntryPoint\",\"urlTemplate\":\"https:\/\/vinilozona.lt\/?s={search_term_string}\"},\"query-input\":{\"@type\":\"PropertyValueSpecification\",\"valueRequired\":true,\"valueName\":\"search_term_string\"}}],\"inLanguage\":\"en-GB\"}]}<\/script>\n<!-- \/ Yoast SEO plugin. -->","yoast_head_json":{"title":"Green Day \u200e\u2013 Bullet In A Bible CD+DVD Vinilin\u0117 Plok\u0161tel\u0117 | Vinilozona.lt","robots":{"index":"index","follow":"follow","max-snippet":"max-snippet:-1","max-image-preview":"max-image-preview:large","max-video-preview":"max-video-preview:-1"},"canonical":"https:\/\/vinilozona.lt\/en\/parduotuve\/cd\/naudoti-cd\/green-day-bullet-in-a-bible-cddvd\/","og_locale":"en_GB","og_type":"article","og_title":"Green Day \u200e\u2013 Bullet In A Bible CD+DVD Vinilin\u0117 Plok\u0161tel\u0117 | Vinilozona.lt","og_description":"Reprise Records \u2013 9362-49466-2 Format: All Media, Digipak CD, Album DVD, DVD-Video, PAL Country: Europe Released: 2005","og_url":"https:\/\/vinilozona.lt\/en\/parduotuve\/cd\/naudoti-cd\/green-day-bullet-in-a-bible-cddvd\/","og_site_name":"Vinilo Zona","article_modified_time":"2025-06-16T09:59:12+00:00","og_image":[{"width":600,"height":535,"url":"https:\/\/vinilozona.lt\/wp-content\/uploads\/2025\/06\/R-8131013-1455805916-9159.jpg","type":"image\/jpeg"}],"twitter_card":"summary_large_image","twitter_misc":{"Estimated reading time":"1 minute"},"schema":{"@context":"https:\/\/schema.org","@graph":[{"@type":"WebPage","@id":"https:\/\/vinilozona.lt\/parduotuve\/cd\/naudoti-cd\/green-day-bullet-in-a-bible-cddvd\/","url":"https:\/\/vinilozona.lt\/parduotuve\/cd\/naudoti-cd\/green-day-bullet-in-a-bible-cddvd\/","name":"Green Day \u200e\u2013 Bullet In A Bible CD+DVD Vinilin\u0117 Plok\u0161tel\u0117 | Vinilozona.lt","isPartOf":{"@id":"https:\/\/vinilozona.lt\/#website"},"primaryImageOfPage":{"@id":"https:\/\/vinilozona.lt\/parduotuve\/cd\/naudoti-cd\/green-day-bullet-in-a-bible-cddvd\/#primaryimage"},"image":{"@id":"https:\/\/vinilozona.lt\/parduotuve\/cd\/naudoti-cd\/green-day-bullet-in-a-bible-cddvd\/#primaryimage"},"thumbnailUrl":"https:\/\/vinilozona.lt\/wp-content\/uploads\/2025\/06\/R-8131013-1455805916-9159.jpg","datePublished":"2025-06-16T02:14:16+00:00","dateModified":"2025-06-16T09:59:12+00:00","breadcrumb":{"@id":"https:\/\/vinilozona.lt\/parduotuve\/cd\/naudoti-cd\/green-day-bullet-in-a-bible-cddvd\/#breadcrumb"},"inLanguage":"en-GB","potentialAction":[{"@type":"ReadAction","target":["https:\/\/vinilozona.lt\/parduotuve\/cd\/naudoti-cd\/green-day-bullet-in-a-bible-cddvd\/"]}]},{"@type":"ImageObject","inLanguage":"en-GB","@id":"https:\/\/vinilozona.lt\/parduotuve\/cd\/naudoti-cd\/green-day-bullet-in-a-bible-cddvd\/#primaryimage","url":"https:\/\/vinilozona.lt\/wp-content\/uploads\/2025\/06\/R-8131013-1455805916-9159.jpg","contentUrl":"https:\/\/vinilozona.lt\/wp-content\/uploads\/2025\/06\/R-8131013-1455805916-9159.jpg","width":600,"height":535},{"@type":"BreadcrumbList","@id":"https:\/\/vinilozona.lt\/parduotuve\/cd\/naudoti-cd\/green-day-bullet-in-a-bible-cddvd\/#breadcrumb","itemListElement":[{"@type":"ListItem","position":1,"name":"Home","item":"https:\/\/vinilozona.lt\/"},{"@type":"ListItem","position":2,"name":"Parduotuv\u0117","item":"https:\/\/vinilozona.lt\/parduotuve\/"},{"@type":"ListItem","position":3,"name":"Green Day \u200e\u2013 Bullet In A Bible CD+DVD"}]},{"@type":"WebSite","@id":"https:\/\/vinilozona.lt\/#website","url":"https:\/\/vinilozona.lt\/","name":"Vinilo Zona","description":"Nup\u016bsk dulkes ir klausyk LP","potentialAction":[{"@type":"SearchAction","target":{"@type":"EntryPoint","urlTemplate":"https:\/\/vinilozona.lt\/?s={search_term_string}"},"query-input":{"@type":"PropertyValueSpecification","valueRequired":true,"valueName":"search_term_string"}}],"inLanguage":"en-GB"}]}},"_links":{"self":[{"href":"https:\/\/vinilozona.lt\/en\/wp-json\/wp\/v2\/product\/28428"}],"collection":[{"href":"https:\/\/vinilozona.lt\/en\/wp-json\/wp\/v2\/product"}],"about":[{"href":"https:\/\/vinilozona.lt\/en\/wp-json\/wp\/v2\/types\/product"}],"wp:featuredmedia":[{"embeddable":true,"href":"https:\/\/vinilozona.lt\/en\/wp-json\/wp\/v2\/media\/28429"}],"wp:attachment":[{"href":"https:\/\/vinilozona.lt\/en\/wp-json\/wp\/v2\/media?parent=28428"}],"wp:term":[{"taxonomy":"product_cat","embeddable":true,"href":"https:\/\/vinilozona.lt\/en\/wp-json\/wp\/v2\/product_cat?post=28428"},{"taxonomy":"product_tag","embeddable":true,"href":"https:\/\/vinilozona.lt\/en\/wp-json\/wp\/v2\/product_tag?post=28428"}],"curies":[{"name":"wp","href":"https:\/\/api.w.org\/{rel}","templated":true}]}}