{"id":28422,"date":"2025-06-16T05:10:16","date_gmt":"2025-06-16T02:10:16","guid":{"rendered":"https:\/\/vinilozona.lt\/?post_type=product&#038;p=28422"},"modified":"2025-06-16T12:41:50","modified_gmt":"2025-06-16T09:41:50","slug":"katie-melua-the-katie-melua-collection-cddvd","status":"publish","type":"product","link":"https:\/\/vinilozona.lt\/en\/parduotuve\/cd\/naudoti-cd\/katie-melua-the-katie-melua-collection-cddvd\/","title":{"rendered":"Katie Melua \u2013 The Katie Melua Collection  CD+DVD"},"content":{"rendered":"<p>CD-1\t\tThe Closest Thing To Crazy<br \/>\nCD-2\t\tNine Million Bicycles<br \/>\nCD-3\t\tWhat A Wonderful World<br \/>\nCD-4\t\tIf You Were A Sailboat<br \/>\nCD-5\t\tPiece By Piece<br \/>\nCD-6\t\tCall Off The Search<br \/>\nCD-7\t\tOn The Road Again<br \/>\nCD-8\t\tMary Pickford<br \/>\nCD-9\t\tSpider&#8217;s Web<br \/>\nCD-10\t\tThank You, Stars<br \/>\nCD-11\t\tI Cried For You<br \/>\nCD-12\t\tCrawling Up A Hill<br \/>\nCD-13\t\tTiger In The Night<br \/>\nCD-14\t\tWhen You Taught Me How To Dance<br \/>\nNew Tracks<br \/>\nCD-15\t\tTwo Bare Feet<br \/>\nCD-16\t\tToy Collection<br \/>\nCD-17\t\tSomewhere In The Same Hotel<br \/>\n&#8211;<br \/>\nDVD-1\t\tThe Arena Tour 2008<br \/>\nDVD-2\t\tBehind The Screens\t<\/p>","protected":false},"excerpt":{"rendered":"<p>BMG \u2013 987011720<br \/>\nFormat:<br \/>\nCD, Compilation<br \/>\nDVD, DVD-Video, PAL<br \/>\nCountry:<br \/>\nGermany<br \/>\nReleased:<br \/>\n2008<\/p>","protected":false},"featured_media":28423,"template":"","meta":[],"product_cat":[24,946],"product_tag":[44],"yoast_head":"<!-- This site is optimized with the Yoast SEO plugin v23.5 - https:\/\/yoast.com\/wordpress\/plugins\/seo\/ -->\n<title>Katie Melua \u2013 The Katie Melua Collection CD+DVD Vinilin\u0117 Plok\u0161tel\u0117 | Vinilozona.lt<\/title>\n<meta name=\"robots\" content=\"index, follow, max-snippet:-1, max-image-preview:large, max-video-preview:-1\" \/>\n<link rel=\"canonical\" href=\"https:\/\/vinilozona.lt\/en\/parduotuve\/cd\/naudoti-cd\/katie-melua-the-katie-melua-collection-cddvd\/\" \/>\n<meta property=\"og:locale\" content=\"en_GB\" \/>\n<meta property=\"og:type\" content=\"article\" \/>\n<meta property=\"og:title\" content=\"Katie Melua \u2013 The Katie Melua Collection CD+DVD Vinilin\u0117 Plok\u0161tel\u0117 | Vinilozona.lt\" \/>\n<meta property=\"og:description\" content=\"BMG \u2013 987011720 Format: CD, Compilation DVD, DVD-Video, PAL Country: Germany Released: 2008\" \/>\n<meta property=\"og:url\" content=\"https:\/\/vinilozona.lt\/en\/parduotuve\/cd\/naudoti-cd\/katie-melua-the-katie-melua-collection-cddvd\/\" \/>\n<meta property=\"og:site_name\" content=\"Vinilo Zona\" \/>\n<meta property=\"article:modified_time\" content=\"2025-06-16T09:41:50+00:00\" \/>\n<meta property=\"og:image\" content=\"https:\/\/vinilozona.lt\/wp-content\/uploads\/2025\/06\/R-15608390-1594467384-2257.jpg\" \/>\n\t<meta property=\"og:image:width\" content=\"599\" \/>\n\t<meta property=\"og:image:height\" content=\"541\" \/>\n\t<meta property=\"og:image:type\" content=\"image\/jpeg\" \/>\n<meta name=\"twitter:card\" content=\"summary_large_image\" \/>\n<meta name=\"twitter:label1\" content=\"Estimated reading time\" \/>\n\t<meta name=\"twitter:data1\" content=\"2 minutes\" \/>\n<script type=\"application\/ld+json\" class=\"yoast-schema-graph\">{\"@context\":\"https:\/\/schema.org\",\"@graph\":[{\"@type\":\"WebPage\",\"@id\":\"https:\/\/vinilozona.lt\/parduotuve\/cd\/naudoti-cd\/katie-melua-the-katie-melua-collection-cddvd\/\",\"url\":\"https:\/\/vinilozona.lt\/parduotuve\/cd\/naudoti-cd\/katie-melua-the-katie-melua-collection-cddvd\/\",\"name\":\"Katie Melua \u2013 The Katie Melua Collection CD+DVD Vinilin\u0117 Plok\u0161tel\u0117 | Vinilozona.lt\",\"isPartOf\":{\"@id\":\"https:\/\/vinilozona.lt\/#website\"},\"primaryImageOfPage\":{\"@id\":\"https:\/\/vinilozona.lt\/parduotuve\/cd\/naudoti-cd\/katie-melua-the-katie-melua-collection-cddvd\/#primaryimage\"},\"image\":{\"@id\":\"https:\/\/vinilozona.lt\/parduotuve\/cd\/naudoti-cd\/katie-melua-the-katie-melua-collection-cddvd\/#primaryimage\"},\"thumbnailUrl\":\"https:\/\/vinilozona.lt\/wp-content\/uploads\/2025\/06\/R-15608390-1594467384-2257.jpg\",\"datePublished\":\"2025-06-16T02:10:16+00:00\",\"dateModified\":\"2025-06-16T09:41:50+00:00\",\"breadcrumb\":{\"@id\":\"https:\/\/vinilozona.lt\/parduotuve\/cd\/naudoti-cd\/katie-melua-the-katie-melua-collection-cddvd\/#breadcrumb\"},\"inLanguage\":\"en-GB\",\"potentialAction\":[{\"@type\":\"ReadAction\",\"target\":[\"https:\/\/vinilozona.lt\/parduotuve\/cd\/naudoti-cd\/katie-melua-the-katie-melua-collection-cddvd\/\"]}]},{\"@type\":\"ImageObject\",\"inLanguage\":\"en-GB\",\"@id\":\"https:\/\/vinilozona.lt\/parduotuve\/cd\/naudoti-cd\/katie-melua-the-katie-melua-collection-cddvd\/#primaryimage\",\"url\":\"https:\/\/vinilozona.lt\/wp-content\/uploads\/2025\/06\/R-15608390-1594467384-2257.jpg\",\"contentUrl\":\"https:\/\/vinilozona.lt\/wp-content\/uploads\/2025\/06\/R-15608390-1594467384-2257.jpg\",\"width\":599,\"height\":541},{\"@type\":\"BreadcrumbList\",\"@id\":\"https:\/\/vinilozona.lt\/parduotuve\/cd\/naudoti-cd\/katie-melua-the-katie-melua-collection-cddvd\/#breadcrumb\",\"itemListElement\":[{\"@type\":\"ListItem\",\"position\":1,\"name\":\"Home\",\"item\":\"https:\/\/vinilozona.lt\/\"},{\"@type\":\"ListItem\",\"position\":2,\"name\":\"Parduotuv\u0117\",\"item\":\"https:\/\/vinilozona.lt\/parduotuve\/\"},{\"@type\":\"ListItem\",\"position\":3,\"name\":\"Katie Melua \u2013 The Katie Melua Collection CD+DVD\"}]},{\"@type\":\"WebSite\",\"@id\":\"https:\/\/vinilozona.lt\/#website\",\"url\":\"https:\/\/vinilozona.lt\/\",\"name\":\"Vinilo Zona\",\"description\":\"Nup\u016bsk dulkes ir klausyk LP\",\"potentialAction\":[{\"@type\":\"SearchAction\",\"target\":{\"@type\":\"EntryPoint\",\"urlTemplate\":\"https:\/\/vinilozona.lt\/?s={search_term_string}\"},\"query-input\":{\"@type\":\"PropertyValueSpecification\",\"valueRequired\":true,\"valueName\":\"search_term_string\"}}],\"inLanguage\":\"en-GB\"}]}<\/script>\n<!-- \/ Yoast SEO plugin. -->","yoast_head_json":{"title":"Katie Melua \u2013 The Katie Melua Collection CD+DVD Vinilin\u0117 Plok\u0161tel\u0117 | Vinilozona.lt","robots":{"index":"index","follow":"follow","max-snippet":"max-snippet:-1","max-image-preview":"max-image-preview:large","max-video-preview":"max-video-preview:-1"},"canonical":"https:\/\/vinilozona.lt\/en\/parduotuve\/cd\/naudoti-cd\/katie-melua-the-katie-melua-collection-cddvd\/","og_locale":"en_GB","og_type":"article","og_title":"Katie Melua \u2013 The Katie Melua Collection CD+DVD Vinilin\u0117 Plok\u0161tel\u0117 | Vinilozona.lt","og_description":"BMG \u2013 987011720 Format: CD, Compilation DVD, DVD-Video, PAL Country: Germany Released: 2008","og_url":"https:\/\/vinilozona.lt\/en\/parduotuve\/cd\/naudoti-cd\/katie-melua-the-katie-melua-collection-cddvd\/","og_site_name":"Vinilo Zona","article_modified_time":"2025-06-16T09:41:50+00:00","og_image":[{"width":599,"height":541,"url":"https:\/\/vinilozona.lt\/wp-content\/uploads\/2025\/06\/R-15608390-1594467384-2257.jpg","type":"image\/jpeg"}],"twitter_card":"summary_large_image","twitter_misc":{"Estimated reading time":"2 minutes"},"schema":{"@context":"https:\/\/schema.org","@graph":[{"@type":"WebPage","@id":"https:\/\/vinilozona.lt\/parduotuve\/cd\/naudoti-cd\/katie-melua-the-katie-melua-collection-cddvd\/","url":"https:\/\/vinilozona.lt\/parduotuve\/cd\/naudoti-cd\/katie-melua-the-katie-melua-collection-cddvd\/","name":"Katie Melua \u2013 The Katie Melua Collection CD+DVD Vinilin\u0117 Plok\u0161tel\u0117 | Vinilozona.lt","isPartOf":{"@id":"https:\/\/vinilozona.lt\/#website"},"primaryImageOfPage":{"@id":"https:\/\/vinilozona.lt\/parduotuve\/cd\/naudoti-cd\/katie-melua-the-katie-melua-collection-cddvd\/#primaryimage"},"image":{"@id":"https:\/\/vinilozona.lt\/parduotuve\/cd\/naudoti-cd\/katie-melua-the-katie-melua-collection-cddvd\/#primaryimage"},"thumbnailUrl":"https:\/\/vinilozona.lt\/wp-content\/uploads\/2025\/06\/R-15608390-1594467384-2257.jpg","datePublished":"2025-06-16T02:10:16+00:00","dateModified":"2025-06-16T09:41:50+00:00","breadcrumb":{"@id":"https:\/\/vinilozona.lt\/parduotuve\/cd\/naudoti-cd\/katie-melua-the-katie-melua-collection-cddvd\/#breadcrumb"},"inLanguage":"en-GB","potentialAction":[{"@type":"ReadAction","target":["https:\/\/vinilozona.lt\/parduotuve\/cd\/naudoti-cd\/katie-melua-the-katie-melua-collection-cddvd\/"]}]},{"@type":"ImageObject","inLanguage":"en-GB","@id":"https:\/\/vinilozona.lt\/parduotuve\/cd\/naudoti-cd\/katie-melua-the-katie-melua-collection-cddvd\/#primaryimage","url":"https:\/\/vinilozona.lt\/wp-content\/uploads\/2025\/06\/R-15608390-1594467384-2257.jpg","contentUrl":"https:\/\/vinilozona.lt\/wp-content\/uploads\/2025\/06\/R-15608390-1594467384-2257.jpg","width":599,"height":541},{"@type":"BreadcrumbList","@id":"https:\/\/vinilozona.lt\/parduotuve\/cd\/naudoti-cd\/katie-melua-the-katie-melua-collection-cddvd\/#breadcrumb","itemListElement":[{"@type":"ListItem","position":1,"name":"Home","item":"https:\/\/vinilozona.lt\/"},{"@type":"ListItem","position":2,"name":"Parduotuv\u0117","item":"https:\/\/vinilozona.lt\/parduotuve\/"},{"@type":"ListItem","position":3,"name":"Katie Melua \u2013 The Katie Melua Collection CD+DVD"}]},{"@type":"WebSite","@id":"https:\/\/vinilozona.lt\/#website","url":"https:\/\/vinilozona.lt\/","name":"Vinilo Zona","description":"Nup\u016bsk dulkes ir klausyk LP","potentialAction":[{"@type":"SearchAction","target":{"@type":"EntryPoint","urlTemplate":"https:\/\/vinilozona.lt\/?s={search_term_string}"},"query-input":{"@type":"PropertyValueSpecification","valueRequired":true,"valueName":"search_term_string"}}],"inLanguage":"en-GB"}]}},"_links":{"self":[{"href":"https:\/\/vinilozona.lt\/en\/wp-json\/wp\/v2\/product\/28422"}],"collection":[{"href":"https:\/\/vinilozona.lt\/en\/wp-json\/wp\/v2\/product"}],"about":[{"href":"https:\/\/vinilozona.lt\/en\/wp-json\/wp\/v2\/types\/product"}],"wp:featuredmedia":[{"embeddable":true,"href":"https:\/\/vinilozona.lt\/en\/wp-json\/wp\/v2\/media\/28423"}],"wp:attachment":[{"href":"https:\/\/vinilozona.lt\/en\/wp-json\/wp\/v2\/media?parent=28422"}],"wp:term":[{"taxonomy":"product_cat","embeddable":true,"href":"https:\/\/vinilozona.lt\/en\/wp-json\/wp\/v2\/product_cat?post=28422"},{"taxonomy":"product_tag","embeddable":true,"href":"https:\/\/vinilozona.lt\/en\/wp-json\/wp\/v2\/product_tag?post=28422"}],"curies":[{"name":"wp","href":"https:\/\/api.w.org\/{rel}","templated":true}]}}