{"id":28420,"date":"2025-06-16T05:09:59","date_gmt":"2025-06-16T02:09:59","guid":{"rendered":"https:\/\/vinilozona.lt\/?post_type=product&#038;p=28420"},"modified":"2026-02-21T14:17:09","modified_gmt":"2026-02-21T12:17:09","slug":"meat-loaf-bat-out-of-hell-hits-out-of-hell-cddvd-25th-anniversary-edition","status":"publish","type":"product","link":"https:\/\/vinilozona.lt\/en\/parduotuve\/cd\/naudoti-cd\/meat-loaf-bat-out-of-hell-hits-out-of-hell-cddvd-25th-anniversary-edition\/","title":{"rendered":"Meat Loaf \u2013 Bat Out Of Hell &#038; Hits Out Of Hell CD+DVD (25th Anniversary Edition)"},"content":{"rendered":"<p>CD-1\t\tBat Out Of Hell  9:52<br \/>\nCD-2\t\tYou Took The Words Right Out Of My Mouth (Hot Summer Night)  5:05<br \/>\nCD-3\t\tHeaven Can Wait  4:41<br \/>\nCD-4\t\tAll Revved Up With No Place To Go  4:20<br \/>\nCD-5\t\tTwo Out Of Three Ain&#8217;t Bad  5:26<br \/>\nCD-6\t\tParadise By The Dashboard Light  8:30<br \/>\nCD-7\t\tFor Crying Out Loud  8:55<br \/>\nBonus Tracks<br \/>\nCD-8\t\tGreat Boleros Of Fire (Live Intro)  3:54<br \/>\nCD-9\t\tBat Out Of Hell (Live)  11:11<br \/>\nCD-10\t\tDead Ringer For Love\t4:21<br \/>\nHits Out Of Hell<br \/>\nDVD-1\t\tProgram Start\t0:24<br \/>\nDVD-2\t\tBat Out Of Hell (Live Video)\t8:12<br \/>\nDVD-3\t\tRead &#8216;Em And Weep (Live Video)\t5:38<br \/>\nDVD-4\t\tTwo Out Of Three Ain&#8217;t Bad (Live Video)\t5:10<br \/>\nDVD-5\t\tRazor&#8217;s Edge (Live Video)\t4:14<br \/>\nDVD-6\t\tMore Than You Deserve\t8:13<br \/>\nDVD-7\t\tI&#8217;m Gonna Love Her For Both Of Us\t7:19<br \/>\nDVD-8\t\tIf You Really Want To (Live Video)\t3:42<br \/>\nDVD-9\t\tYou Took The Words Right Out Of My Mouth (Hot Summer Night) (Live Video)\t5:17<br \/>\nParadise By The Dashboard Light (Live Video)\t(8:29)<br \/>\nDVD-10.I\t\tParadise<br \/>\nDVD-10.II\t\tLet Me Sleep On It<br \/>\nDVD-10.III\t\tPraying For The End Of Time<br \/>\nDVD-11\t\tThank You(s) And Closing Credits\t0:43<\/p>","protected":false},"excerpt":{"rendered":"<p>Epic \u2013 508653 3, Epic \u2013 50865330000 &#8211; EPC 508653 3, Cleveland International Records \u2013 508653 3, Legacy \u2013 508653 3<br \/>\nFormat:<br \/>\nCD, Album, Reissue, Remastered<br \/>\nDVD, DVD-Video, PAL, Reissue<br \/>\nCountry:<br \/>\nEurope<br \/>\nReleased:<br \/>\n2002<\/p>","protected":false},"featured_media":28421,"template":"","meta":[],"product_cat":[24,946],"product_tag":[44],"yoast_head":"<!-- This site is optimized with the Yoast SEO plugin v23.5 - https:\/\/yoast.com\/wordpress\/plugins\/seo\/ -->\n<title>Meat Loaf \u2013 Bat Out Of Hell &amp; Hits Out Of Hell CD+DVD (25th Anniversary Edition) Vinilin\u0117 Plok\u0161tel\u0117 | Vinilozona.lt<\/title>\n<meta name=\"robots\" content=\"index, follow, max-snippet:-1, max-image-preview:large, max-video-preview:-1\" \/>\n<link rel=\"canonical\" href=\"https:\/\/vinilozona.lt\/en\/parduotuve\/cd\/naudoti-cd\/meat-loaf-bat-out-of-hell-hits-out-of-hell-cddvd-25th-anniversary-edition\/\" \/>\n<meta property=\"og:locale\" content=\"en_GB\" \/>\n<meta property=\"og:type\" content=\"article\" \/>\n<meta property=\"og:title\" content=\"Meat Loaf \u2013 Bat Out Of Hell &amp; Hits Out Of Hell CD+DVD (25th Anniversary Edition) Vinilin\u0117 Plok\u0161tel\u0117 | Vinilozona.lt\" \/>\n<meta property=\"og:description\" content=\"Epic \u2013 508653 3, Epic \u2013 50865330000 - EPC 508653 3, Cleveland International Records \u2013 508653 3, Legacy \u2013 508653 3 Format: CD, Album, Reissue, Remastered DVD, DVD-Video, PAL, Reissue Country: Europe Released: 2002\" \/>\n<meta property=\"og:url\" content=\"https:\/\/vinilozona.lt\/en\/parduotuve\/cd\/naudoti-cd\/meat-loaf-bat-out-of-hell-hits-out-of-hell-cddvd-25th-anniversary-edition\/\" \/>\n<meta property=\"og:site_name\" content=\"Vinilo Zona\" \/>\n<meta property=\"article:modified_time\" content=\"2026-02-21T12:17:09+00:00\" \/>\n<meta property=\"og:image\" content=\"https:\/\/vinilozona.lt\/wp-content\/uploads\/2025\/06\/R-21328333-1639345799-3760.jpg\" \/>\n\t<meta property=\"og:image:width\" content=\"600\" \/>\n\t<meta property=\"og:image:height\" content=\"590\" \/>\n\t<meta property=\"og:image:type\" content=\"image\/jpeg\" \/>\n<meta name=\"twitter:card\" content=\"summary_large_image\" \/>\n<meta name=\"twitter:label1\" content=\"Estimated reading time\" \/>\n\t<meta name=\"twitter:data1\" content=\"2 minutes\" \/>\n<script type=\"application\/ld+json\" class=\"yoast-schema-graph\">{\"@context\":\"https:\/\/schema.org\",\"@graph\":[{\"@type\":\"WebPage\",\"@id\":\"https:\/\/vinilozona.lt\/parduotuve\/cd\/naudoti-cd\/meat-loaf-bat-out-of-hell-hits-out-of-hell-cddvd-25th-anniversary-edition\/\",\"url\":\"https:\/\/vinilozona.lt\/parduotuve\/cd\/naudoti-cd\/meat-loaf-bat-out-of-hell-hits-out-of-hell-cddvd-25th-anniversary-edition\/\",\"name\":\"Meat Loaf \u2013 Bat Out Of Hell & Hits Out Of Hell CD+DVD (25th Anniversary Edition) Vinilin\u0117 Plok\u0161tel\u0117 | Vinilozona.lt\",\"isPartOf\":{\"@id\":\"https:\/\/vinilozona.lt\/#website\"},\"primaryImageOfPage\":{\"@id\":\"https:\/\/vinilozona.lt\/parduotuve\/cd\/naudoti-cd\/meat-loaf-bat-out-of-hell-hits-out-of-hell-cddvd-25th-anniversary-edition\/#primaryimage\"},\"image\":{\"@id\":\"https:\/\/vinilozona.lt\/parduotuve\/cd\/naudoti-cd\/meat-loaf-bat-out-of-hell-hits-out-of-hell-cddvd-25th-anniversary-edition\/#primaryimage\"},\"thumbnailUrl\":\"https:\/\/vinilozona.lt\/wp-content\/uploads\/2025\/06\/R-21328333-1639345799-3760.jpg\",\"datePublished\":\"2025-06-16T02:09:59+00:00\",\"dateModified\":\"2026-02-21T12:17:09+00:00\",\"breadcrumb\":{\"@id\":\"https:\/\/vinilozona.lt\/parduotuve\/cd\/naudoti-cd\/meat-loaf-bat-out-of-hell-hits-out-of-hell-cddvd-25th-anniversary-edition\/#breadcrumb\"},\"inLanguage\":\"en-GB\",\"potentialAction\":[{\"@type\":\"ReadAction\",\"target\":[\"https:\/\/vinilozona.lt\/parduotuve\/cd\/naudoti-cd\/meat-loaf-bat-out-of-hell-hits-out-of-hell-cddvd-25th-anniversary-edition\/\"]}]},{\"@type\":\"ImageObject\",\"inLanguage\":\"en-GB\",\"@id\":\"https:\/\/vinilozona.lt\/parduotuve\/cd\/naudoti-cd\/meat-loaf-bat-out-of-hell-hits-out-of-hell-cddvd-25th-anniversary-edition\/#primaryimage\",\"url\":\"https:\/\/vinilozona.lt\/wp-content\/uploads\/2025\/06\/R-21328333-1639345799-3760.jpg\",\"contentUrl\":\"https:\/\/vinilozona.lt\/wp-content\/uploads\/2025\/06\/R-21328333-1639345799-3760.jpg\",\"width\":600,\"height\":590},{\"@type\":\"BreadcrumbList\",\"@id\":\"https:\/\/vinilozona.lt\/parduotuve\/cd\/naudoti-cd\/meat-loaf-bat-out-of-hell-hits-out-of-hell-cddvd-25th-anniversary-edition\/#breadcrumb\",\"itemListElement\":[{\"@type\":\"ListItem\",\"position\":1,\"name\":\"Home\",\"item\":\"https:\/\/vinilozona.lt\/\"},{\"@type\":\"ListItem\",\"position\":2,\"name\":\"Parduotuv\u0117\",\"item\":\"https:\/\/vinilozona.lt\/parduotuve\/\"},{\"@type\":\"ListItem\",\"position\":3,\"name\":\"Meat Loaf \u2013 Bat Out Of Hell &#038; Hits Out Of Hell CD+DVD (25th Anniversary Edition)\"}]},{\"@type\":\"WebSite\",\"@id\":\"https:\/\/vinilozona.lt\/#website\",\"url\":\"https:\/\/vinilozona.lt\/\",\"name\":\"Vinilo Zona\",\"description\":\"Nup\u016bsk dulkes ir klausyk LP\",\"potentialAction\":[{\"@type\":\"SearchAction\",\"target\":{\"@type\":\"EntryPoint\",\"urlTemplate\":\"https:\/\/vinilozona.lt\/?s={search_term_string}\"},\"query-input\":{\"@type\":\"PropertyValueSpecification\",\"valueRequired\":true,\"valueName\":\"search_term_string\"}}],\"inLanguage\":\"en-GB\"}]}<\/script>\n<!-- \/ Yoast SEO plugin. -->","yoast_head_json":{"title":"Meat Loaf \u2013 Bat Out Of Hell & Hits Out Of Hell CD+DVD (25th Anniversary Edition) Vinilin\u0117 Plok\u0161tel\u0117 | Vinilozona.lt","robots":{"index":"index","follow":"follow","max-snippet":"max-snippet:-1","max-image-preview":"max-image-preview:large","max-video-preview":"max-video-preview:-1"},"canonical":"https:\/\/vinilozona.lt\/en\/parduotuve\/cd\/naudoti-cd\/meat-loaf-bat-out-of-hell-hits-out-of-hell-cddvd-25th-anniversary-edition\/","og_locale":"en_GB","og_type":"article","og_title":"Meat Loaf \u2013 Bat Out Of Hell & Hits Out Of Hell CD+DVD (25th Anniversary Edition) Vinilin\u0117 Plok\u0161tel\u0117 | Vinilozona.lt","og_description":"Epic \u2013 508653 3, Epic \u2013 50865330000 - EPC 508653 3, Cleveland International Records \u2013 508653 3, Legacy \u2013 508653 3 Format: CD, Album, Reissue, Remastered DVD, DVD-Video, PAL, Reissue Country: Europe Released: 2002","og_url":"https:\/\/vinilozona.lt\/en\/parduotuve\/cd\/naudoti-cd\/meat-loaf-bat-out-of-hell-hits-out-of-hell-cddvd-25th-anniversary-edition\/","og_site_name":"Vinilo Zona","article_modified_time":"2026-02-21T12:17:09+00:00","og_image":[{"width":600,"height":590,"url":"https:\/\/vinilozona.lt\/wp-content\/uploads\/2025\/06\/R-21328333-1639345799-3760.jpg","type":"image\/jpeg"}],"twitter_card":"summary_large_image","twitter_misc":{"Estimated reading time":"2 minutes"},"schema":{"@context":"https:\/\/schema.org","@graph":[{"@type":"WebPage","@id":"https:\/\/vinilozona.lt\/parduotuve\/cd\/naudoti-cd\/meat-loaf-bat-out-of-hell-hits-out-of-hell-cddvd-25th-anniversary-edition\/","url":"https:\/\/vinilozona.lt\/parduotuve\/cd\/naudoti-cd\/meat-loaf-bat-out-of-hell-hits-out-of-hell-cddvd-25th-anniversary-edition\/","name":"Meat Loaf \u2013 Bat Out Of Hell & Hits Out Of Hell CD+DVD (25th Anniversary Edition) Vinilin\u0117 Plok\u0161tel\u0117 | Vinilozona.lt","isPartOf":{"@id":"https:\/\/vinilozona.lt\/#website"},"primaryImageOfPage":{"@id":"https:\/\/vinilozona.lt\/parduotuve\/cd\/naudoti-cd\/meat-loaf-bat-out-of-hell-hits-out-of-hell-cddvd-25th-anniversary-edition\/#primaryimage"},"image":{"@id":"https:\/\/vinilozona.lt\/parduotuve\/cd\/naudoti-cd\/meat-loaf-bat-out-of-hell-hits-out-of-hell-cddvd-25th-anniversary-edition\/#primaryimage"},"thumbnailUrl":"https:\/\/vinilozona.lt\/wp-content\/uploads\/2025\/06\/R-21328333-1639345799-3760.jpg","datePublished":"2025-06-16T02:09:59+00:00","dateModified":"2026-02-21T12:17:09+00:00","breadcrumb":{"@id":"https:\/\/vinilozona.lt\/parduotuve\/cd\/naudoti-cd\/meat-loaf-bat-out-of-hell-hits-out-of-hell-cddvd-25th-anniversary-edition\/#breadcrumb"},"inLanguage":"en-GB","potentialAction":[{"@type":"ReadAction","target":["https:\/\/vinilozona.lt\/parduotuve\/cd\/naudoti-cd\/meat-loaf-bat-out-of-hell-hits-out-of-hell-cddvd-25th-anniversary-edition\/"]}]},{"@type":"ImageObject","inLanguage":"en-GB","@id":"https:\/\/vinilozona.lt\/parduotuve\/cd\/naudoti-cd\/meat-loaf-bat-out-of-hell-hits-out-of-hell-cddvd-25th-anniversary-edition\/#primaryimage","url":"https:\/\/vinilozona.lt\/wp-content\/uploads\/2025\/06\/R-21328333-1639345799-3760.jpg","contentUrl":"https:\/\/vinilozona.lt\/wp-content\/uploads\/2025\/06\/R-21328333-1639345799-3760.jpg","width":600,"height":590},{"@type":"BreadcrumbList","@id":"https:\/\/vinilozona.lt\/parduotuve\/cd\/naudoti-cd\/meat-loaf-bat-out-of-hell-hits-out-of-hell-cddvd-25th-anniversary-edition\/#breadcrumb","itemListElement":[{"@type":"ListItem","position":1,"name":"Home","item":"https:\/\/vinilozona.lt\/"},{"@type":"ListItem","position":2,"name":"Parduotuv\u0117","item":"https:\/\/vinilozona.lt\/parduotuve\/"},{"@type":"ListItem","position":3,"name":"Meat Loaf \u2013 Bat Out Of Hell &#038; Hits Out Of Hell CD+DVD (25th Anniversary Edition)"}]},{"@type":"WebSite","@id":"https:\/\/vinilozona.lt\/#website","url":"https:\/\/vinilozona.lt\/","name":"Vinilo Zona","description":"Nup\u016bsk dulkes ir klausyk LP","potentialAction":[{"@type":"SearchAction","target":{"@type":"EntryPoint","urlTemplate":"https:\/\/vinilozona.lt\/?s={search_term_string}"},"query-input":{"@type":"PropertyValueSpecification","valueRequired":true,"valueName":"search_term_string"}}],"inLanguage":"en-GB"}]}},"_links":{"self":[{"href":"https:\/\/vinilozona.lt\/en\/wp-json\/wp\/v2\/product\/28420"}],"collection":[{"href":"https:\/\/vinilozona.lt\/en\/wp-json\/wp\/v2\/product"}],"about":[{"href":"https:\/\/vinilozona.lt\/en\/wp-json\/wp\/v2\/types\/product"}],"wp:featuredmedia":[{"embeddable":true,"href":"https:\/\/vinilozona.lt\/en\/wp-json\/wp\/v2\/media\/28421"}],"wp:attachment":[{"href":"https:\/\/vinilozona.lt\/en\/wp-json\/wp\/v2\/media?parent=28420"}],"wp:term":[{"taxonomy":"product_cat","embeddable":true,"href":"https:\/\/vinilozona.lt\/en\/wp-json\/wp\/v2\/product_cat?post=28420"},{"taxonomy":"product_tag","embeddable":true,"href":"https:\/\/vinilozona.lt\/en\/wp-json\/wp\/v2\/product_tag?post=28420"}],"curies":[{"name":"wp","href":"https:\/\/api.w.org\/{rel}","templated":true}]}}