{"id":28409,"date":"2025-06-16T05:04:17","date_gmt":"2025-06-16T02:04:17","guid":{"rendered":"https:\/\/vinilozona.lt\/?post_type=product&#038;p=28409"},"modified":"2025-06-16T09:41:49","modified_gmt":"2025-06-16T06:41:49","slug":"elton-john-greatest-hits-1970-2002-2cd","status":"publish","type":"product","link":"https:\/\/vinilozona.lt\/en\/parduotuve\/cd\/naudoti-cd\/elton-john-greatest-hits-1970-2002-2cd\/","title":{"rendered":"Elton John \u2013 Greatest Hits 1970-2002  2CD"},"content":{"rendered":"<p>Elton John\u2013\tYour Song\t4:05<br \/>\nElton John\u2013\tLevon\t5:25<br \/>\nElton John\u2013\tTiny Dancer\t6:18<br \/>\nElton John\u2013\tRocket Man (I Think It&#8217;s Going To Be A Long, Long Time)\t4:45<br \/>\nElton John\u2013\tHonky Cat\t5:09<br \/>\nElton John\u2013\tCrocodile Rock\t3:57<br \/>\nElton John\u2013\tDaniel\t3:52<br \/>\nElton John\u2013\tSaturday Night&#8217;s Alright For Fighting\t4:08<br \/>\nElton John\u2013\tGoodbye Yellow Brick Road\t3:16<br \/>\nElton John\u2013\tCandle In The Wind\t3:51<br \/>\nElton John\u2013\tBennie And The Jets\t5:09<br \/>\nElton John\u2013\tDon&#8217;t Let The Sun Go Down On Me\t5:38<br \/>\nElton John\u2013\tThe Bitch Is Back\t3:44<br \/>\nElton John\u2013\tPhiladelphia Freedom\t5:22<br \/>\nElton John\u2013\tSomeone Saved My Life Tonight\t6:47<br \/>\nElton John\u2013\tIsland Girl\t3:45<br \/>\nElton John\u2013\tSorry Seems To Be The Hardest Word\t3:50<br \/>\nElton John With Kiki Dee\u2013\tDon&#8217;t Go Breaking My Heart\t4:27<br \/>\nElton John\u2013\tLittle Jeannie\t5:05<br \/>\nElton John\u2013\tI&#8217;m Still Standing\t3:04<br \/>\nElton John\u2013\tI Guess That&#8217;s Why They Call It The Blues\t4:44<br \/>\nElton John\u2013\tSad Songs (Say So Much)\t4:11<br \/>\nElton John\u2013\tI Don&#8217;t Wanna Go On With You Like That\t4:33<br \/>\nElton John\u2013\tNikita\t5:45<br \/>\nElton John\u2013\tSacrifice\t5:07<br \/>\nElton John\u2013\tThe One\t5:53<br \/>\nElton John\u2013\tCan You Feel The Love Tonight?\t4:03<br \/>\nElton John\u2013\tCircle Of Life\t4:53<br \/>\nElton John\u2013\tBelieve\t4:52<br \/>\nElton John\u2013\tBlessed\t4:23<br \/>\nElton John\u2013\tSomething About The Way You Look Tonight\t4:02<br \/>\nElton John With LeAnn Rimes\u2013\tWritten In The Stars\t4:17<br \/>\nElton John\u2013\tI Want Love\t4:38<br \/>\nElton John\u2013\tThis Train Don&#8217;t Stop There Anymore\t4:39<\/p>","protected":false},"excerpt":{"rendered":"<p>Mercury \u2013 063 449-2<br \/>\nFormat:<br \/>\n2 x CD, Compilation<br \/>\nCountry:<br \/>\nEurope<br \/>\nReleased:<br \/>\n2002<\/p>","protected":false},"featured_media":28410,"template":"","meta":[],"product_cat":[24,946],"product_tag":[44],"yoast_head":"<!-- This site is optimized with the Yoast SEO plugin v23.5 - https:\/\/yoast.com\/wordpress\/plugins\/seo\/ -->\n<title>Elton John \u2013 Greatest Hits 1970-2002 2CD Vinilin\u0117 Plok\u0161tel\u0117 | Vinilozona.lt<\/title>\n<meta name=\"robots\" content=\"index, follow, max-snippet:-1, max-image-preview:large, max-video-preview:-1\" \/>\n<link rel=\"canonical\" href=\"https:\/\/vinilozona.lt\/en\/parduotuve\/cd\/naudoti-cd\/elton-john-greatest-hits-1970-2002-2cd\/\" \/>\n<meta property=\"og:locale\" content=\"en_GB\" \/>\n<meta property=\"og:type\" content=\"article\" \/>\n<meta property=\"og:title\" content=\"Elton John \u2013 Greatest Hits 1970-2002 2CD Vinilin\u0117 Plok\u0161tel\u0117 | Vinilozona.lt\" \/>\n<meta property=\"og:description\" content=\"Mercury \u2013 063 449-2 Format: 2 x CD, Compilation Country: Europe Released: 2002\" \/>\n<meta property=\"og:url\" content=\"https:\/\/vinilozona.lt\/en\/parduotuve\/cd\/naudoti-cd\/elton-john-greatest-hits-1970-2002-2cd\/\" \/>\n<meta property=\"og:site_name\" content=\"Vinilo Zona\" \/>\n<meta property=\"article:modified_time\" content=\"2025-06-16T06:41:49+00:00\" \/>\n<meta property=\"og:image\" content=\"https:\/\/vinilozona.lt\/wp-content\/uploads\/2025\/06\/R-6173543-1457981379-3049.jpg\" \/>\n\t<meta property=\"og:image:width\" content=\"600\" \/>\n\t<meta property=\"og:image:height\" content=\"600\" \/>\n\t<meta property=\"og:image:type\" content=\"image\/jpeg\" \/>\n<meta name=\"twitter:card\" content=\"summary_large_image\" \/>\n<meta name=\"twitter:label1\" content=\"Estimated reading time\" \/>\n\t<meta name=\"twitter:data1\" content=\"2 minutes\" \/>\n<script type=\"application\/ld+json\" class=\"yoast-schema-graph\">{\"@context\":\"https:\/\/schema.org\",\"@graph\":[{\"@type\":\"WebPage\",\"@id\":\"https:\/\/vinilozona.lt\/parduotuve\/cd\/naudoti-cd\/elton-john-greatest-hits-1970-2002-2cd\/\",\"url\":\"https:\/\/vinilozona.lt\/parduotuve\/cd\/naudoti-cd\/elton-john-greatest-hits-1970-2002-2cd\/\",\"name\":\"Elton John \u2013 Greatest Hits 1970-2002 2CD Vinilin\u0117 Plok\u0161tel\u0117 | Vinilozona.lt\",\"isPartOf\":{\"@id\":\"https:\/\/vinilozona.lt\/#website\"},\"primaryImageOfPage\":{\"@id\":\"https:\/\/vinilozona.lt\/parduotuve\/cd\/naudoti-cd\/elton-john-greatest-hits-1970-2002-2cd\/#primaryimage\"},\"image\":{\"@id\":\"https:\/\/vinilozona.lt\/parduotuve\/cd\/naudoti-cd\/elton-john-greatest-hits-1970-2002-2cd\/#primaryimage\"},\"thumbnailUrl\":\"https:\/\/vinilozona.lt\/wp-content\/uploads\/2025\/06\/R-6173543-1457981379-3049.jpg\",\"datePublished\":\"2025-06-16T02:04:17+00:00\",\"dateModified\":\"2025-06-16T06:41:49+00:00\",\"breadcrumb\":{\"@id\":\"https:\/\/vinilozona.lt\/parduotuve\/cd\/naudoti-cd\/elton-john-greatest-hits-1970-2002-2cd\/#breadcrumb\"},\"inLanguage\":\"en-GB\",\"potentialAction\":[{\"@type\":\"ReadAction\",\"target\":[\"https:\/\/vinilozona.lt\/parduotuve\/cd\/naudoti-cd\/elton-john-greatest-hits-1970-2002-2cd\/\"]}]},{\"@type\":\"ImageObject\",\"inLanguage\":\"en-GB\",\"@id\":\"https:\/\/vinilozona.lt\/parduotuve\/cd\/naudoti-cd\/elton-john-greatest-hits-1970-2002-2cd\/#primaryimage\",\"url\":\"https:\/\/vinilozona.lt\/wp-content\/uploads\/2025\/06\/R-6173543-1457981379-3049.jpg\",\"contentUrl\":\"https:\/\/vinilozona.lt\/wp-content\/uploads\/2025\/06\/R-6173543-1457981379-3049.jpg\",\"width\":600,\"height\":600},{\"@type\":\"BreadcrumbList\",\"@id\":\"https:\/\/vinilozona.lt\/parduotuve\/cd\/naudoti-cd\/elton-john-greatest-hits-1970-2002-2cd\/#breadcrumb\",\"itemListElement\":[{\"@type\":\"ListItem\",\"position\":1,\"name\":\"Home\",\"item\":\"https:\/\/vinilozona.lt\/\"},{\"@type\":\"ListItem\",\"position\":2,\"name\":\"Parduotuv\u0117\",\"item\":\"https:\/\/vinilozona.lt\/parduotuve\/\"},{\"@type\":\"ListItem\",\"position\":3,\"name\":\"Elton John \u2013 Greatest Hits 1970-2002 2CD\"}]},{\"@type\":\"WebSite\",\"@id\":\"https:\/\/vinilozona.lt\/#website\",\"url\":\"https:\/\/vinilozona.lt\/\",\"name\":\"Vinilo Zona\",\"description\":\"Nup\u016bsk dulkes ir klausyk LP\",\"potentialAction\":[{\"@type\":\"SearchAction\",\"target\":{\"@type\":\"EntryPoint\",\"urlTemplate\":\"https:\/\/vinilozona.lt\/?s={search_term_string}\"},\"query-input\":{\"@type\":\"PropertyValueSpecification\",\"valueRequired\":true,\"valueName\":\"search_term_string\"}}],\"inLanguage\":\"en-GB\"}]}<\/script>\n<!-- \/ Yoast SEO plugin. -->","yoast_head_json":{"title":"Elton John \u2013 Greatest Hits 1970-2002 2CD Vinilin\u0117 Plok\u0161tel\u0117 | Vinilozona.lt","robots":{"index":"index","follow":"follow","max-snippet":"max-snippet:-1","max-image-preview":"max-image-preview:large","max-video-preview":"max-video-preview:-1"},"canonical":"https:\/\/vinilozona.lt\/en\/parduotuve\/cd\/naudoti-cd\/elton-john-greatest-hits-1970-2002-2cd\/","og_locale":"en_GB","og_type":"article","og_title":"Elton John \u2013 Greatest Hits 1970-2002 2CD Vinilin\u0117 Plok\u0161tel\u0117 | Vinilozona.lt","og_description":"Mercury \u2013 063 449-2 Format: 2 x CD, Compilation Country: Europe Released: 2002","og_url":"https:\/\/vinilozona.lt\/en\/parduotuve\/cd\/naudoti-cd\/elton-john-greatest-hits-1970-2002-2cd\/","og_site_name":"Vinilo Zona","article_modified_time":"2025-06-16T06:41:49+00:00","og_image":[{"width":600,"height":600,"url":"https:\/\/vinilozona.lt\/wp-content\/uploads\/2025\/06\/R-6173543-1457981379-3049.jpg","type":"image\/jpeg"}],"twitter_card":"summary_large_image","twitter_misc":{"Estimated reading time":"2 minutes"},"schema":{"@context":"https:\/\/schema.org","@graph":[{"@type":"WebPage","@id":"https:\/\/vinilozona.lt\/parduotuve\/cd\/naudoti-cd\/elton-john-greatest-hits-1970-2002-2cd\/","url":"https:\/\/vinilozona.lt\/parduotuve\/cd\/naudoti-cd\/elton-john-greatest-hits-1970-2002-2cd\/","name":"Elton John \u2013 Greatest Hits 1970-2002 2CD Vinilin\u0117 Plok\u0161tel\u0117 | Vinilozona.lt","isPartOf":{"@id":"https:\/\/vinilozona.lt\/#website"},"primaryImageOfPage":{"@id":"https:\/\/vinilozona.lt\/parduotuve\/cd\/naudoti-cd\/elton-john-greatest-hits-1970-2002-2cd\/#primaryimage"},"image":{"@id":"https:\/\/vinilozona.lt\/parduotuve\/cd\/naudoti-cd\/elton-john-greatest-hits-1970-2002-2cd\/#primaryimage"},"thumbnailUrl":"https:\/\/vinilozona.lt\/wp-content\/uploads\/2025\/06\/R-6173543-1457981379-3049.jpg","datePublished":"2025-06-16T02:04:17+00:00","dateModified":"2025-06-16T06:41:49+00:00","breadcrumb":{"@id":"https:\/\/vinilozona.lt\/parduotuve\/cd\/naudoti-cd\/elton-john-greatest-hits-1970-2002-2cd\/#breadcrumb"},"inLanguage":"en-GB","potentialAction":[{"@type":"ReadAction","target":["https:\/\/vinilozona.lt\/parduotuve\/cd\/naudoti-cd\/elton-john-greatest-hits-1970-2002-2cd\/"]}]},{"@type":"ImageObject","inLanguage":"en-GB","@id":"https:\/\/vinilozona.lt\/parduotuve\/cd\/naudoti-cd\/elton-john-greatest-hits-1970-2002-2cd\/#primaryimage","url":"https:\/\/vinilozona.lt\/wp-content\/uploads\/2025\/06\/R-6173543-1457981379-3049.jpg","contentUrl":"https:\/\/vinilozona.lt\/wp-content\/uploads\/2025\/06\/R-6173543-1457981379-3049.jpg","width":600,"height":600},{"@type":"BreadcrumbList","@id":"https:\/\/vinilozona.lt\/parduotuve\/cd\/naudoti-cd\/elton-john-greatest-hits-1970-2002-2cd\/#breadcrumb","itemListElement":[{"@type":"ListItem","position":1,"name":"Home","item":"https:\/\/vinilozona.lt\/"},{"@type":"ListItem","position":2,"name":"Parduotuv\u0117","item":"https:\/\/vinilozona.lt\/parduotuve\/"},{"@type":"ListItem","position":3,"name":"Elton John \u2013 Greatest Hits 1970-2002 2CD"}]},{"@type":"WebSite","@id":"https:\/\/vinilozona.lt\/#website","url":"https:\/\/vinilozona.lt\/","name":"Vinilo Zona","description":"Nup\u016bsk dulkes ir klausyk LP","potentialAction":[{"@type":"SearchAction","target":{"@type":"EntryPoint","urlTemplate":"https:\/\/vinilozona.lt\/?s={search_term_string}"},"query-input":{"@type":"PropertyValueSpecification","valueRequired":true,"valueName":"search_term_string"}}],"inLanguage":"en-GB"}]}},"_links":{"self":[{"href":"https:\/\/vinilozona.lt\/en\/wp-json\/wp\/v2\/product\/28409"}],"collection":[{"href":"https:\/\/vinilozona.lt\/en\/wp-json\/wp\/v2\/product"}],"about":[{"href":"https:\/\/vinilozona.lt\/en\/wp-json\/wp\/v2\/types\/product"}],"wp:featuredmedia":[{"embeddable":true,"href":"https:\/\/vinilozona.lt\/en\/wp-json\/wp\/v2\/media\/28410"}],"wp:attachment":[{"href":"https:\/\/vinilozona.lt\/en\/wp-json\/wp\/v2\/media?parent=28409"}],"wp:term":[{"taxonomy":"product_cat","embeddable":true,"href":"https:\/\/vinilozona.lt\/en\/wp-json\/wp\/v2\/product_cat?post=28409"},{"taxonomy":"product_tag","embeddable":true,"href":"https:\/\/vinilozona.lt\/en\/wp-json\/wp\/v2\/product_tag?post=28409"}],"curies":[{"name":"wp","href":"https:\/\/api.w.org\/{rel}","templated":true}]}}