{"id":28362,"date":"2025-06-04T05:03:03","date_gmt":"2025-06-04T02:03:03","guid":{"rendered":"https:\/\/vinilozona.lt\/?post_type=product&#038;p=28362"},"modified":"2025-10-25T14:00:17","modified_gmt":"2025-10-25T11:00:17","slug":"various-disney-ultimate-hits-vol-1-2","status":"publish","type":"product","link":"https:\/\/vinilozona.lt\/en\/parduotuve\/naujos-lp\/various-disney-ultimate-hits-vol-1-2\/","title":{"rendered":"Various \u2013 Disney Ultimate Hits Vol.1 &#038; 2"},"content":{"rendered":"<p>\tVol.1<br \/>\nA1\tPhil Harris And Bruce Reitherman\u2013\tThe Bare Necessities<br \/>\nWords By, Music By \u2013 Terry Gilkyson<br \/>\nA2\tIdina Menzel\u2013\tLet It Go<br \/>\nMusic By, Lyrics By \u2013 Kristen Anderson-Lopez, Robert Lopez<br \/>\nA3\tAuli&#8217;i Cravalho\u2013\tHow Far I&#8217;ll Go<br \/>\nMusic By, Lyrics By \u2013 Lin-Manuel Miranda<br \/>\nA4\tLea Salonga And Brad Kane\u2013\tA Whole New World<br \/>\nLyrics By \u2013 Tim Rice<br \/>\nMusic By \u2013 Alan Menken<br \/>\nA5\tJudy Kuhn\u2013\tColors Of The Wind<br \/>\nLyrics By \u2013 Stephen Schwartz<br \/>\nMusic By \u2013 Alan Menken<br \/>\nA6\tRandy Newman\u2013\tYou&#8217;ve Got A Friend In Me<br \/>\nMusic By, Lyrics By \u2013 Randy Newman<br \/>\nB1\tCarmen Twillie\u2013\tCircle Of Life<br \/>\nLyrics By \u2013 Tim Rice<br \/>\nLyrics By [Nants&#8217; Ingonyama], Music By [Nants&#8217; Ingonyama] \u2013 Hans Zimmer, Lebo M<br \/>\nMusic By \u2013 Elton John<br \/>\nVocals [African Vocals, Nants&#8217; Ingonyama] \u2013 Lebo M<br \/>\nB2\tSamuel E. Wright\u2013\tUnder The Sea<br \/>\nLyrics By \u2013 Howard Ashman<br \/>\nMusic By \u2013 Alan Menken<br \/>\nB3\tJulie Andrews\u2013\tA Spoonful Of Sugar<br \/>\nMusic By, Lyrics By \u2013 Richard M. Sherman, Robert B. Sherman<br \/>\nB4\tAngela Lansbury\u2013\tBeauty And The Beast<br \/>\nLyrics By \u2013 Howard Ashman<br \/>\nMusic By \u2013 Alan Menken<br \/>\nB5\tLea Salonga\u2013\tReflection<br \/>\nLyrics By \u2013 David Zippel<br \/>\nMusic By \u2013 Jerry Goldsmith, Matthew Wilder<br \/>\nB6\tCliff Edwards* And Disney Studios Chorus*\u2013\tWhen You Wish Upon A Star<br \/>\nLyrics By \u2013 Ned Washington<br \/>\nMusic By \u2013 Leigh Harline<br \/>\nVol.2<br \/>\nC1\tNathan Lane, Ernie Sabella, Jason Weaver And Joseph Williams\u2013\tHakuna Matata<br \/>\nLyrics By \u2013 Tim Rice<br \/>\nMusic By \u2013 Elton John<br \/>\nC2\tDick Van Dyke (2), Julie Andrews, Karen Dotrice And Matthew Garber\u2013\tChim Chim Cher-ee<br \/>\nMusic By, Lyrics By \u2013 Richard M. Sherman, Robert B. Sherman<br \/>\nC3\tLouis Prima, Phil Harris And Bruce Reitherman\u2013\tI Wan&#8217;na Be Like You (The Monkey Song)<br \/>\nMusic By, Lyrics By \u2013 Richard M. Sherman, Robert B. Sherman<br \/>\nC4\tDwayne Johnson (5)\u2013\tYou&#8217;re Welcome<br \/>\nMusic By, Lyrics By \u2013 Lin-Manuel Miranda<br \/>\nC5\tMandy Moore And Zachary Levi\u2013\tI See The Light<br \/>\nLyrics By \u2013 Glenn Slater (2)<br \/>\nMusic By \u2013 Alan Menken<br \/>\nC6\tBenjamin Bratt\u2013\tRemember Me (Ernesto De La Cruz)<br \/>\nMusic By, Lyrics By \u2013 Kristen Anderson-Lopez, Robert Lopez<br \/>\nD1\tAnika Noni Rose\u2013\tAlmost There<br \/>\nMusic By, Lyrics By \u2013 Randy Newman<br \/>\nD2\tScatman Crothers, Phil Harris, Thurl Ravenscroft, Robie Lester And Liz English\u2013\tEv&#8217;rybody Wants To Be A Cat<br \/>\nLyrics By \u2013 Floyd Huddleston<br \/>\nMusic By \u2013 Al Rinker<br \/>\nD3\tDisney Studio Chorus*\u2013\tIt&#8217;s A Small World<br \/>\nMusic By, Lyrics By \u2013 Richard M. Sherman, Robert B. Sherman<br \/>\nD4\tJames Baskett\u2013\tZip-A-Dee-Doo-Dah<br \/>\nLyrics By \u2013 Ray Gilbert<br \/>\nMusic By \u2013 Allie Wrubel<br \/>\nD5\tSarah McLachlan\u2013\tWhen She Loved Me<br \/>\nMusic By, Lyrics By \u2013 Randy Newman<br \/>\nD6\tThe Mouseketeers And Jimmie Dodd\u2013\tMickey Mouse March<br \/>\nMusic By, Lyrics By \u2013 Jimmie Dodd<\/p>","protected":false},"excerpt":{"rendered":"<p>Walt Disney Records \u2013 D003810101<br \/>\nFormat:<br \/>\nVinyl, LP, Blue Marble<br \/>\nVinyl, LP, Green<br \/>\nAll Media, Compilation, Limited Edition<br \/>\nCountry: EU<br \/>\nReleased:<br \/>\n2021<\/p>","protected":false},"featured_media":28364,"template":"","meta":[],"product_cat":[906,23],"product_tag":[74],"yoast_head":"<!-- This site is optimized with the Yoast SEO plugin v23.5 - https:\/\/yoast.com\/wordpress\/plugins\/seo\/ -->\n<title>Various \u2013 Disney Ultimate Hits Vol.1 &amp; 2 Vinilin\u0117 Plok\u0161tel\u0117 | Vinilozona.lt<\/title>\n<meta name=\"robots\" content=\"index, follow, max-snippet:-1, max-image-preview:large, max-video-preview:-1\" \/>\n<link rel=\"canonical\" href=\"https:\/\/vinilozona.lt\/en\/parduotuve\/naujos-lp\/various-disney-ultimate-hits-vol-1-2\/\" \/>\n<meta property=\"og:locale\" content=\"en_GB\" \/>\n<meta property=\"og:type\" content=\"article\" \/>\n<meta property=\"og:title\" content=\"Various \u2013 Disney Ultimate Hits Vol.1 &amp; 2 Vinilin\u0117 Plok\u0161tel\u0117 | Vinilozona.lt\" \/>\n<meta property=\"og:description\" content=\"Walt Disney Records \u2013 D003810101 Format: Vinyl, LP, Blue Marble Vinyl, LP, Green All Media, Compilation, Limited Edition Country: EU Released: 2021\" \/>\n<meta property=\"og:url\" content=\"https:\/\/vinilozona.lt\/en\/parduotuve\/naujos-lp\/various-disney-ultimate-hits-vol-1-2\/\" \/>\n<meta property=\"og:site_name\" content=\"Vinilo Zona\" \/>\n<meta property=\"article:modified_time\" content=\"2025-10-25T11:00:17+00:00\" \/>\n<meta property=\"og:image\" content=\"https:\/\/vinilozona.lt\/wp-content\/uploads\/2025\/06\/R-20625325-1636237255-2422.jpg\" \/>\n\t<meta property=\"og:image:width\" content=\"600\" \/>\n\t<meta property=\"og:image:height\" content=\"600\" \/>\n\t<meta property=\"og:image:type\" content=\"image\/jpeg\" \/>\n<meta name=\"twitter:card\" content=\"summary_large_image\" \/>\n<meta name=\"twitter:label1\" content=\"Estimated reading time\" \/>\n\t<meta name=\"twitter:data1\" content=\"3 minutes\" \/>\n<script type=\"application\/ld+json\" class=\"yoast-schema-graph\">{\"@context\":\"https:\/\/schema.org\",\"@graph\":[{\"@type\":\"WebPage\",\"@id\":\"https:\/\/vinilozona.lt\/parduotuve\/naujos-lp\/various-disney-ultimate-hits-vol-1-2\/\",\"url\":\"https:\/\/vinilozona.lt\/parduotuve\/naujos-lp\/various-disney-ultimate-hits-vol-1-2\/\",\"name\":\"Various \u2013 Disney Ultimate Hits Vol.1 & 2 Vinilin\u0117 Plok\u0161tel\u0117 | Vinilozona.lt\",\"isPartOf\":{\"@id\":\"https:\/\/vinilozona.lt\/#website\"},\"primaryImageOfPage\":{\"@id\":\"https:\/\/vinilozona.lt\/parduotuve\/naujos-lp\/various-disney-ultimate-hits-vol-1-2\/#primaryimage\"},\"image\":{\"@id\":\"https:\/\/vinilozona.lt\/parduotuve\/naujos-lp\/various-disney-ultimate-hits-vol-1-2\/#primaryimage\"},\"thumbnailUrl\":\"https:\/\/vinilozona.lt\/wp-content\/uploads\/2025\/06\/R-20625325-1636237255-2422.jpg\",\"datePublished\":\"2025-06-04T02:03:03+00:00\",\"dateModified\":\"2025-10-25T11:00:17+00:00\",\"breadcrumb\":{\"@id\":\"https:\/\/vinilozona.lt\/parduotuve\/naujos-lp\/various-disney-ultimate-hits-vol-1-2\/#breadcrumb\"},\"inLanguage\":\"en-GB\",\"potentialAction\":[{\"@type\":\"ReadAction\",\"target\":[\"https:\/\/vinilozona.lt\/parduotuve\/naujos-lp\/various-disney-ultimate-hits-vol-1-2\/\"]}]},{\"@type\":\"ImageObject\",\"inLanguage\":\"en-GB\",\"@id\":\"https:\/\/vinilozona.lt\/parduotuve\/naujos-lp\/various-disney-ultimate-hits-vol-1-2\/#primaryimage\",\"url\":\"https:\/\/vinilozona.lt\/wp-content\/uploads\/2025\/06\/R-20625325-1636237255-2422.jpg\",\"contentUrl\":\"https:\/\/vinilozona.lt\/wp-content\/uploads\/2025\/06\/R-20625325-1636237255-2422.jpg\",\"width\":600,\"height\":600},{\"@type\":\"BreadcrumbList\",\"@id\":\"https:\/\/vinilozona.lt\/parduotuve\/naujos-lp\/various-disney-ultimate-hits-vol-1-2\/#breadcrumb\",\"itemListElement\":[{\"@type\":\"ListItem\",\"position\":1,\"name\":\"Home\",\"item\":\"https:\/\/vinilozona.lt\/\"},{\"@type\":\"ListItem\",\"position\":2,\"name\":\"Parduotuv\u0117\",\"item\":\"https:\/\/vinilozona.lt\/parduotuve\/\"},{\"@type\":\"ListItem\",\"position\":3,\"name\":\"Various \u2013 Disney Ultimate Hits Vol.1 &#038; 2\"}]},{\"@type\":\"WebSite\",\"@id\":\"https:\/\/vinilozona.lt\/#website\",\"url\":\"https:\/\/vinilozona.lt\/\",\"name\":\"Vinilo Zona\",\"description\":\"Nup\u016bsk dulkes ir klausyk LP\",\"potentialAction\":[{\"@type\":\"SearchAction\",\"target\":{\"@type\":\"EntryPoint\",\"urlTemplate\":\"https:\/\/vinilozona.lt\/?s={search_term_string}\"},\"query-input\":{\"@type\":\"PropertyValueSpecification\",\"valueRequired\":true,\"valueName\":\"search_term_string\"}}],\"inLanguage\":\"en-GB\"}]}<\/script>\n<!-- \/ Yoast SEO plugin. -->","yoast_head_json":{"title":"Various \u2013 Disney Ultimate Hits Vol.1 & 2 Vinilin\u0117 Plok\u0161tel\u0117 | Vinilozona.lt","robots":{"index":"index","follow":"follow","max-snippet":"max-snippet:-1","max-image-preview":"max-image-preview:large","max-video-preview":"max-video-preview:-1"},"canonical":"https:\/\/vinilozona.lt\/en\/parduotuve\/naujos-lp\/various-disney-ultimate-hits-vol-1-2\/","og_locale":"en_GB","og_type":"article","og_title":"Various \u2013 Disney Ultimate Hits Vol.1 & 2 Vinilin\u0117 Plok\u0161tel\u0117 | Vinilozona.lt","og_description":"Walt Disney Records \u2013 D003810101 Format: Vinyl, LP, Blue Marble Vinyl, LP, Green All Media, Compilation, Limited Edition Country: EU Released: 2021","og_url":"https:\/\/vinilozona.lt\/en\/parduotuve\/naujos-lp\/various-disney-ultimate-hits-vol-1-2\/","og_site_name":"Vinilo Zona","article_modified_time":"2025-10-25T11:00:17+00:00","og_image":[{"width":600,"height":600,"url":"https:\/\/vinilozona.lt\/wp-content\/uploads\/2025\/06\/R-20625325-1636237255-2422.jpg","type":"image\/jpeg"}],"twitter_card":"summary_large_image","twitter_misc":{"Estimated reading time":"3 minutes"},"schema":{"@context":"https:\/\/schema.org","@graph":[{"@type":"WebPage","@id":"https:\/\/vinilozona.lt\/parduotuve\/naujos-lp\/various-disney-ultimate-hits-vol-1-2\/","url":"https:\/\/vinilozona.lt\/parduotuve\/naujos-lp\/various-disney-ultimate-hits-vol-1-2\/","name":"Various \u2013 Disney Ultimate Hits Vol.1 & 2 Vinilin\u0117 Plok\u0161tel\u0117 | Vinilozona.lt","isPartOf":{"@id":"https:\/\/vinilozona.lt\/#website"},"primaryImageOfPage":{"@id":"https:\/\/vinilozona.lt\/parduotuve\/naujos-lp\/various-disney-ultimate-hits-vol-1-2\/#primaryimage"},"image":{"@id":"https:\/\/vinilozona.lt\/parduotuve\/naujos-lp\/various-disney-ultimate-hits-vol-1-2\/#primaryimage"},"thumbnailUrl":"https:\/\/vinilozona.lt\/wp-content\/uploads\/2025\/06\/R-20625325-1636237255-2422.jpg","datePublished":"2025-06-04T02:03:03+00:00","dateModified":"2025-10-25T11:00:17+00:00","breadcrumb":{"@id":"https:\/\/vinilozona.lt\/parduotuve\/naujos-lp\/various-disney-ultimate-hits-vol-1-2\/#breadcrumb"},"inLanguage":"en-GB","potentialAction":[{"@type":"ReadAction","target":["https:\/\/vinilozona.lt\/parduotuve\/naujos-lp\/various-disney-ultimate-hits-vol-1-2\/"]}]},{"@type":"ImageObject","inLanguage":"en-GB","@id":"https:\/\/vinilozona.lt\/parduotuve\/naujos-lp\/various-disney-ultimate-hits-vol-1-2\/#primaryimage","url":"https:\/\/vinilozona.lt\/wp-content\/uploads\/2025\/06\/R-20625325-1636237255-2422.jpg","contentUrl":"https:\/\/vinilozona.lt\/wp-content\/uploads\/2025\/06\/R-20625325-1636237255-2422.jpg","width":600,"height":600},{"@type":"BreadcrumbList","@id":"https:\/\/vinilozona.lt\/parduotuve\/naujos-lp\/various-disney-ultimate-hits-vol-1-2\/#breadcrumb","itemListElement":[{"@type":"ListItem","position":1,"name":"Home","item":"https:\/\/vinilozona.lt\/"},{"@type":"ListItem","position":2,"name":"Parduotuv\u0117","item":"https:\/\/vinilozona.lt\/parduotuve\/"},{"@type":"ListItem","position":3,"name":"Various \u2013 Disney Ultimate Hits Vol.1 &#038; 2"}]},{"@type":"WebSite","@id":"https:\/\/vinilozona.lt\/#website","url":"https:\/\/vinilozona.lt\/","name":"Vinilo Zona","description":"Nup\u016bsk dulkes ir klausyk LP","potentialAction":[{"@type":"SearchAction","target":{"@type":"EntryPoint","urlTemplate":"https:\/\/vinilozona.lt\/?s={search_term_string}"},"query-input":{"@type":"PropertyValueSpecification","valueRequired":true,"valueName":"search_term_string"}}],"inLanguage":"en-GB"}]}},"_links":{"self":[{"href":"https:\/\/vinilozona.lt\/en\/wp-json\/wp\/v2\/product\/28362"}],"collection":[{"href":"https:\/\/vinilozona.lt\/en\/wp-json\/wp\/v2\/product"}],"about":[{"href":"https:\/\/vinilozona.lt\/en\/wp-json\/wp\/v2\/types\/product"}],"wp:featuredmedia":[{"embeddable":true,"href":"https:\/\/vinilozona.lt\/en\/wp-json\/wp\/v2\/media\/28364"}],"wp:attachment":[{"href":"https:\/\/vinilozona.lt\/en\/wp-json\/wp\/v2\/media?parent=28362"}],"wp:term":[{"taxonomy":"product_cat","embeddable":true,"href":"https:\/\/vinilozona.lt\/en\/wp-json\/wp\/v2\/product_cat?post=28362"},{"taxonomy":"product_tag","embeddable":true,"href":"https:\/\/vinilozona.lt\/en\/wp-json\/wp\/v2\/product_tag?post=28362"}],"curies":[{"name":"wp","href":"https:\/\/api.w.org\/{rel}","templated":true}]}}