{"id":28302,"date":"2025-05-31T20:18:09","date_gmt":"2025-05-31T17:18:09","guid":{"rendered":"https:\/\/vinilozona.lt\/?post_type=product&#038;p=28302"},"modified":"2025-05-31T20:23:55","modified_gmt":"2025-05-31T17:23:55","slug":"momus-circus-maximus","status":"publish","type":"product","link":"https:\/\/vinilozona.lt\/en\/parduotuve\/rock-pop\/momus-circus-maximus\/","title":{"rendered":"Momus \u2013 Circus Maximus"},"content":{"rendered":"<p>A1\t\tLucky Like St. Sebastian\t3:19<br \/>\nA2\t\tThe Lesson Of Sodom (According To Lot)\t3:43<br \/>\nA3\t\tJohn The Baptist Jones\t3:12<br \/>\nA4\t\tKing Solomon&#8217;s Song And Mine\t3:17<br \/>\nA5\t\tLittle Lord Obedience\t5:13<br \/>\nB1\t\tThe Day The Circus Came To Town\t3:25<br \/>\nB2\t\tThe Rape Of Lucretia\t4:57<br \/>\nB3\t\tPaper Wraps Rock\t3:58<br \/>\nB4\t\tRules Of The Game Of Quoits\t4:03<\/p>","protected":false},"excerpt":{"rendered":"<p>Label:<br \/>\n\u00c9l \u200e\u2013 ACME 2<br \/>\nFormat:<br \/>\nVinyl, LP, Album<br \/>\nCountry: UK<br \/>\nReleased: 1986<br \/>\nGenre: Rock<br \/>\nStyle: Indie Rock<\/p>","protected":false},"featured_media":28303,"template":"","meta":[],"product_cat":[15],"product_tag":[55],"yoast_head":"<!-- This site is optimized with the Yoast SEO plugin v23.5 - https:\/\/yoast.com\/wordpress\/plugins\/seo\/ -->\n<title>Momus \u2013 Circus Maximus Vinilin\u0117 Plok\u0161tel\u0117 | Vinilozona.lt<\/title>\n<meta name=\"robots\" content=\"index, follow, max-snippet:-1, max-image-preview:large, max-video-preview:-1\" \/>\n<link rel=\"canonical\" href=\"https:\/\/vinilozona.lt\/en\/parduotuve\/rock-pop\/momus-circus-maximus\/\" \/>\n<meta property=\"og:locale\" content=\"en_GB\" \/>\n<meta property=\"og:type\" content=\"article\" \/>\n<meta property=\"og:title\" content=\"Momus \u2013 Circus Maximus Vinilin\u0117 Plok\u0161tel\u0117 | Vinilozona.lt\" \/>\n<meta property=\"og:description\" content=\"Label: \u00c9l \u200e\u2013 ACME 2 Format: Vinyl, LP, Album Country: UK Released: 1986 Genre: Rock Style: Indie Rock\" \/>\n<meta property=\"og:url\" content=\"https:\/\/vinilozona.lt\/en\/parduotuve\/rock-pop\/momus-circus-maximus\/\" \/>\n<meta property=\"og:site_name\" content=\"Vinilo Zona\" \/>\n<meta property=\"article:modified_time\" content=\"2025-05-31T17:23:55+00:00\" \/>\n<meta property=\"og:image\" content=\"https:\/\/vinilozona.lt\/wp-content\/uploads\/2025\/05\/R-790837-1523326054-6638.jpg\" \/>\n\t<meta property=\"og:image:width\" content=\"600\" \/>\n\t<meta property=\"og:image:height\" content=\"600\" \/>\n\t<meta property=\"og:image:type\" content=\"image\/jpeg\" \/>\n<meta name=\"twitter:card\" content=\"summary_large_image\" \/>\n<meta name=\"twitter:label1\" content=\"Estimated reading time\" \/>\n\t<meta name=\"twitter:data1\" content=\"1 minute\" \/>\n<script type=\"application\/ld+json\" class=\"yoast-schema-graph\">{\"@context\":\"https:\/\/schema.org\",\"@graph\":[{\"@type\":\"WebPage\",\"@id\":\"https:\/\/vinilozona.lt\/parduotuve\/rock-pop\/momus-circus-maximus\/\",\"url\":\"https:\/\/vinilozona.lt\/parduotuve\/rock-pop\/momus-circus-maximus\/\",\"name\":\"Momus \u2013 Circus Maximus Vinilin\u0117 Plok\u0161tel\u0117 | Vinilozona.lt\",\"isPartOf\":{\"@id\":\"https:\/\/vinilozona.lt\/#website\"},\"primaryImageOfPage\":{\"@id\":\"https:\/\/vinilozona.lt\/parduotuve\/rock-pop\/momus-circus-maximus\/#primaryimage\"},\"image\":{\"@id\":\"https:\/\/vinilozona.lt\/parduotuve\/rock-pop\/momus-circus-maximus\/#primaryimage\"},\"thumbnailUrl\":\"https:\/\/vinilozona.lt\/wp-content\/uploads\/2025\/05\/R-790837-1523326054-6638.jpg\",\"datePublished\":\"2025-05-31T17:18:09+00:00\",\"dateModified\":\"2025-05-31T17:23:55+00:00\",\"breadcrumb\":{\"@id\":\"https:\/\/vinilozona.lt\/parduotuve\/rock-pop\/momus-circus-maximus\/#breadcrumb\"},\"inLanguage\":\"en-GB\",\"potentialAction\":[{\"@type\":\"ReadAction\",\"target\":[\"https:\/\/vinilozona.lt\/parduotuve\/rock-pop\/momus-circus-maximus\/\"]}]},{\"@type\":\"ImageObject\",\"inLanguage\":\"en-GB\",\"@id\":\"https:\/\/vinilozona.lt\/parduotuve\/rock-pop\/momus-circus-maximus\/#primaryimage\",\"url\":\"https:\/\/vinilozona.lt\/wp-content\/uploads\/2025\/05\/R-790837-1523326054-6638.jpg\",\"contentUrl\":\"https:\/\/vinilozona.lt\/wp-content\/uploads\/2025\/05\/R-790837-1523326054-6638.jpg\",\"width\":600,\"height\":600},{\"@type\":\"BreadcrumbList\",\"@id\":\"https:\/\/vinilozona.lt\/parduotuve\/rock-pop\/momus-circus-maximus\/#breadcrumb\",\"itemListElement\":[{\"@type\":\"ListItem\",\"position\":1,\"name\":\"Home\",\"item\":\"https:\/\/vinilozona.lt\/\"},{\"@type\":\"ListItem\",\"position\":2,\"name\":\"Parduotuv\u0117\",\"item\":\"https:\/\/vinilozona.lt\/parduotuve\/\"},{\"@type\":\"ListItem\",\"position\":3,\"name\":\"Momus \u2013 Circus Maximus\"}]},{\"@type\":\"WebSite\",\"@id\":\"https:\/\/vinilozona.lt\/#website\",\"url\":\"https:\/\/vinilozona.lt\/\",\"name\":\"Vinilo Zona\",\"description\":\"Nup\u016bsk dulkes ir klausyk LP\",\"potentialAction\":[{\"@type\":\"SearchAction\",\"target\":{\"@type\":\"EntryPoint\",\"urlTemplate\":\"https:\/\/vinilozona.lt\/?s={search_term_string}\"},\"query-input\":{\"@type\":\"PropertyValueSpecification\",\"valueRequired\":true,\"valueName\":\"search_term_string\"}}],\"inLanguage\":\"en-GB\"}]}<\/script>\n<!-- \/ Yoast SEO plugin. -->","yoast_head_json":{"title":"Momus \u2013 Circus Maximus Vinilin\u0117 Plok\u0161tel\u0117 | Vinilozona.lt","robots":{"index":"index","follow":"follow","max-snippet":"max-snippet:-1","max-image-preview":"max-image-preview:large","max-video-preview":"max-video-preview:-1"},"canonical":"https:\/\/vinilozona.lt\/en\/parduotuve\/rock-pop\/momus-circus-maximus\/","og_locale":"en_GB","og_type":"article","og_title":"Momus \u2013 Circus Maximus Vinilin\u0117 Plok\u0161tel\u0117 | Vinilozona.lt","og_description":"Label: \u00c9l \u200e\u2013 ACME 2 Format: Vinyl, LP, Album Country: UK Released: 1986 Genre: Rock Style: Indie Rock","og_url":"https:\/\/vinilozona.lt\/en\/parduotuve\/rock-pop\/momus-circus-maximus\/","og_site_name":"Vinilo Zona","article_modified_time":"2025-05-31T17:23:55+00:00","og_image":[{"width":600,"height":600,"url":"https:\/\/vinilozona.lt\/wp-content\/uploads\/2025\/05\/R-790837-1523326054-6638.jpg","type":"image\/jpeg"}],"twitter_card":"summary_large_image","twitter_misc":{"Estimated reading time":"1 minute"},"schema":{"@context":"https:\/\/schema.org","@graph":[{"@type":"WebPage","@id":"https:\/\/vinilozona.lt\/parduotuve\/rock-pop\/momus-circus-maximus\/","url":"https:\/\/vinilozona.lt\/parduotuve\/rock-pop\/momus-circus-maximus\/","name":"Momus \u2013 Circus Maximus Vinilin\u0117 Plok\u0161tel\u0117 | Vinilozona.lt","isPartOf":{"@id":"https:\/\/vinilozona.lt\/#website"},"primaryImageOfPage":{"@id":"https:\/\/vinilozona.lt\/parduotuve\/rock-pop\/momus-circus-maximus\/#primaryimage"},"image":{"@id":"https:\/\/vinilozona.lt\/parduotuve\/rock-pop\/momus-circus-maximus\/#primaryimage"},"thumbnailUrl":"https:\/\/vinilozona.lt\/wp-content\/uploads\/2025\/05\/R-790837-1523326054-6638.jpg","datePublished":"2025-05-31T17:18:09+00:00","dateModified":"2025-05-31T17:23:55+00:00","breadcrumb":{"@id":"https:\/\/vinilozona.lt\/parduotuve\/rock-pop\/momus-circus-maximus\/#breadcrumb"},"inLanguage":"en-GB","potentialAction":[{"@type":"ReadAction","target":["https:\/\/vinilozona.lt\/parduotuve\/rock-pop\/momus-circus-maximus\/"]}]},{"@type":"ImageObject","inLanguage":"en-GB","@id":"https:\/\/vinilozona.lt\/parduotuve\/rock-pop\/momus-circus-maximus\/#primaryimage","url":"https:\/\/vinilozona.lt\/wp-content\/uploads\/2025\/05\/R-790837-1523326054-6638.jpg","contentUrl":"https:\/\/vinilozona.lt\/wp-content\/uploads\/2025\/05\/R-790837-1523326054-6638.jpg","width":600,"height":600},{"@type":"BreadcrumbList","@id":"https:\/\/vinilozona.lt\/parduotuve\/rock-pop\/momus-circus-maximus\/#breadcrumb","itemListElement":[{"@type":"ListItem","position":1,"name":"Home","item":"https:\/\/vinilozona.lt\/"},{"@type":"ListItem","position":2,"name":"Parduotuv\u0117","item":"https:\/\/vinilozona.lt\/parduotuve\/"},{"@type":"ListItem","position":3,"name":"Momus \u2013 Circus Maximus"}]},{"@type":"WebSite","@id":"https:\/\/vinilozona.lt\/#website","url":"https:\/\/vinilozona.lt\/","name":"Vinilo Zona","description":"Nup\u016bsk dulkes ir klausyk LP","potentialAction":[{"@type":"SearchAction","target":{"@type":"EntryPoint","urlTemplate":"https:\/\/vinilozona.lt\/?s={search_term_string}"},"query-input":{"@type":"PropertyValueSpecification","valueRequired":true,"valueName":"search_term_string"}}],"inLanguage":"en-GB"}]}},"_links":{"self":[{"href":"https:\/\/vinilozona.lt\/en\/wp-json\/wp\/v2\/product\/28302"}],"collection":[{"href":"https:\/\/vinilozona.lt\/en\/wp-json\/wp\/v2\/product"}],"about":[{"href":"https:\/\/vinilozona.lt\/en\/wp-json\/wp\/v2\/types\/product"}],"wp:featuredmedia":[{"embeddable":true,"href":"https:\/\/vinilozona.lt\/en\/wp-json\/wp\/v2\/media\/28303"}],"wp:attachment":[{"href":"https:\/\/vinilozona.lt\/en\/wp-json\/wp\/v2\/media?parent=28302"}],"wp:term":[{"taxonomy":"product_cat","embeddable":true,"href":"https:\/\/vinilozona.lt\/en\/wp-json\/wp\/v2\/product_cat?post=28302"},{"taxonomy":"product_tag","embeddable":true,"href":"https:\/\/vinilozona.lt\/en\/wp-json\/wp\/v2\/product_tag?post=28302"}],"curies":[{"name":"wp","href":"https:\/\/api.w.org\/{rel}","templated":true}]}}