{"id":28298,"date":"2025-05-31T19:44:39","date_gmt":"2025-05-31T16:44:39","guid":{"rendered":"https:\/\/vinilozona.lt\/?post_type=product&#038;p=28298"},"modified":"2025-05-31T19:49:35","modified_gmt":"2025-05-31T16:49:35","slug":"ramones-road-to-ruin-blue-vinyl","status":"publish","type":"product","link":"https:\/\/vinilozona.lt\/en\/parduotuve\/rock-pop\/ramones-road-to-ruin-blue-vinyl\/","title":{"rendered":"Ramones \u2013 Road To Ruin (Blue vinyl)"},"content":{"rendered":"<p>A1\t\tI Just Want To Have Something To Do\t2:41<br \/>\nA2\t\tI Wanted Everything\t3:15<br \/>\nA3\t\tDon&#8217;t Come Close\t2:44<br \/>\nA4\t\tI Don&#8217;t Want You\t2:26<br \/>\nA5\t\tNeedles And Pins 2:20<br \/>\nA6\t\tI&#8217;m Against It\t2:06<br \/>\nB1\t\tI Wanna Be Sedated\t2:29<br \/>\nB2\t\tGo Mental\t2:42<br \/>\nB3\t\tQuestioningly\t3:20<br \/>\nB4\t\tShe&#8217;s The One\t2:13<br \/>\nB5\t\tBad Brain\t2:26<br \/>\nB6\t\tIt&#8217;s A Long Way Back\t2:19<\/p>","protected":false},"excerpt":{"rendered":"<p>Label: Sire \u2013 RCV1 6063, Sire \u2013 603497855483<br \/>\nFormat: Vinyl, LP, Album, Limited Edition, Reissue, Blue<br \/>\nCountry: UK &#038; US<br \/>\nReleased: Feb 1, 2019<\/p>","protected":false},"featured_media":28299,"template":"","meta":[],"product_cat":[15],"product_tag":[55],"yoast_head":"<!-- This site is optimized with the Yoast SEO plugin v23.5 - https:\/\/yoast.com\/wordpress\/plugins\/seo\/ -->\n<title>Ramones \u2013 Road To Ruin (Blue vinyl) Vinilin\u0117 Plok\u0161tel\u0117 | Vinilozona.lt<\/title>\n<meta name=\"robots\" content=\"index, follow, max-snippet:-1, max-image-preview:large, max-video-preview:-1\" \/>\n<link rel=\"canonical\" href=\"https:\/\/vinilozona.lt\/en\/parduotuve\/rock-pop\/ramones-road-to-ruin-blue-vinyl\/\" \/>\n<meta property=\"og:locale\" content=\"en_GB\" \/>\n<meta property=\"og:type\" content=\"article\" \/>\n<meta property=\"og:title\" content=\"Ramones \u2013 Road To Ruin (Blue vinyl) Vinilin\u0117 Plok\u0161tel\u0117 | Vinilozona.lt\" \/>\n<meta property=\"og:description\" content=\"Label: Sire \u2013 RCV1 6063, Sire \u2013 603497855483 Format: Vinyl, LP, Album, Limited Edition, Reissue, Blue Country: UK &amp; US Released: Feb 1, 2019\" \/>\n<meta property=\"og:url\" content=\"https:\/\/vinilozona.lt\/en\/parduotuve\/rock-pop\/ramones-road-to-ruin-blue-vinyl\/\" \/>\n<meta property=\"og:site_name\" content=\"Vinilo Zona\" \/>\n<meta property=\"article:modified_time\" content=\"2025-05-31T16:49:35+00:00\" \/>\n<meta property=\"og:image\" content=\"https:\/\/vinilozona.lt\/wp-content\/uploads\/2025\/05\/R-13135857-1589151668-7447.jpg\" \/>\n\t<meta property=\"og:image:width\" content=\"600\" \/>\n\t<meta property=\"og:image:height\" content=\"600\" \/>\n\t<meta property=\"og:image:type\" content=\"image\/jpeg\" \/>\n<meta name=\"twitter:card\" content=\"summary_large_image\" \/>\n<meta name=\"twitter:label1\" content=\"Estimated reading time\" \/>\n\t<meta name=\"twitter:data1\" content=\"1 minute\" \/>\n<script type=\"application\/ld+json\" class=\"yoast-schema-graph\">{\"@context\":\"https:\/\/schema.org\",\"@graph\":[{\"@type\":\"WebPage\",\"@id\":\"https:\/\/vinilozona.lt\/parduotuve\/rock-pop\/ramones-road-to-ruin-blue-vinyl\/\",\"url\":\"https:\/\/vinilozona.lt\/parduotuve\/rock-pop\/ramones-road-to-ruin-blue-vinyl\/\",\"name\":\"Ramones \u2013 Road To Ruin (Blue vinyl) Vinilin\u0117 Plok\u0161tel\u0117 | Vinilozona.lt\",\"isPartOf\":{\"@id\":\"https:\/\/vinilozona.lt\/#website\"},\"primaryImageOfPage\":{\"@id\":\"https:\/\/vinilozona.lt\/parduotuve\/rock-pop\/ramones-road-to-ruin-blue-vinyl\/#primaryimage\"},\"image\":{\"@id\":\"https:\/\/vinilozona.lt\/parduotuve\/rock-pop\/ramones-road-to-ruin-blue-vinyl\/#primaryimage\"},\"thumbnailUrl\":\"https:\/\/vinilozona.lt\/wp-content\/uploads\/2025\/05\/R-13135857-1589151668-7447.jpg\",\"datePublished\":\"2025-05-31T16:44:39+00:00\",\"dateModified\":\"2025-05-31T16:49:35+00:00\",\"breadcrumb\":{\"@id\":\"https:\/\/vinilozona.lt\/parduotuve\/rock-pop\/ramones-road-to-ruin-blue-vinyl\/#breadcrumb\"},\"inLanguage\":\"en-GB\",\"potentialAction\":[{\"@type\":\"ReadAction\",\"target\":[\"https:\/\/vinilozona.lt\/parduotuve\/rock-pop\/ramones-road-to-ruin-blue-vinyl\/\"]}]},{\"@type\":\"ImageObject\",\"inLanguage\":\"en-GB\",\"@id\":\"https:\/\/vinilozona.lt\/parduotuve\/rock-pop\/ramones-road-to-ruin-blue-vinyl\/#primaryimage\",\"url\":\"https:\/\/vinilozona.lt\/wp-content\/uploads\/2025\/05\/R-13135857-1589151668-7447.jpg\",\"contentUrl\":\"https:\/\/vinilozona.lt\/wp-content\/uploads\/2025\/05\/R-13135857-1589151668-7447.jpg\",\"width\":600,\"height\":600},{\"@type\":\"BreadcrumbList\",\"@id\":\"https:\/\/vinilozona.lt\/parduotuve\/rock-pop\/ramones-road-to-ruin-blue-vinyl\/#breadcrumb\",\"itemListElement\":[{\"@type\":\"ListItem\",\"position\":1,\"name\":\"Home\",\"item\":\"https:\/\/vinilozona.lt\/\"},{\"@type\":\"ListItem\",\"position\":2,\"name\":\"Parduotuv\u0117\",\"item\":\"https:\/\/vinilozona.lt\/parduotuve\/\"},{\"@type\":\"ListItem\",\"position\":3,\"name\":\"Ramones \u2013 Road To Ruin (Blue vinyl)\"}]},{\"@type\":\"WebSite\",\"@id\":\"https:\/\/vinilozona.lt\/#website\",\"url\":\"https:\/\/vinilozona.lt\/\",\"name\":\"Vinilo Zona\",\"description\":\"Nup\u016bsk dulkes ir klausyk LP\",\"potentialAction\":[{\"@type\":\"SearchAction\",\"target\":{\"@type\":\"EntryPoint\",\"urlTemplate\":\"https:\/\/vinilozona.lt\/?s={search_term_string}\"},\"query-input\":{\"@type\":\"PropertyValueSpecification\",\"valueRequired\":true,\"valueName\":\"search_term_string\"}}],\"inLanguage\":\"en-GB\"}]}<\/script>\n<!-- \/ Yoast SEO plugin. -->","yoast_head_json":{"title":"Ramones \u2013 Road To Ruin (Blue vinyl) Vinilin\u0117 Plok\u0161tel\u0117 | Vinilozona.lt","robots":{"index":"index","follow":"follow","max-snippet":"max-snippet:-1","max-image-preview":"max-image-preview:large","max-video-preview":"max-video-preview:-1"},"canonical":"https:\/\/vinilozona.lt\/en\/parduotuve\/rock-pop\/ramones-road-to-ruin-blue-vinyl\/","og_locale":"en_GB","og_type":"article","og_title":"Ramones \u2013 Road To Ruin (Blue vinyl) Vinilin\u0117 Plok\u0161tel\u0117 | Vinilozona.lt","og_description":"Label: Sire \u2013 RCV1 6063, Sire \u2013 603497855483 Format: Vinyl, LP, Album, Limited Edition, Reissue, Blue Country: UK & US Released: Feb 1, 2019","og_url":"https:\/\/vinilozona.lt\/en\/parduotuve\/rock-pop\/ramones-road-to-ruin-blue-vinyl\/","og_site_name":"Vinilo Zona","article_modified_time":"2025-05-31T16:49:35+00:00","og_image":[{"width":600,"height":600,"url":"https:\/\/vinilozona.lt\/wp-content\/uploads\/2025\/05\/R-13135857-1589151668-7447.jpg","type":"image\/jpeg"}],"twitter_card":"summary_large_image","twitter_misc":{"Estimated reading time":"1 minute"},"schema":{"@context":"https:\/\/schema.org","@graph":[{"@type":"WebPage","@id":"https:\/\/vinilozona.lt\/parduotuve\/rock-pop\/ramones-road-to-ruin-blue-vinyl\/","url":"https:\/\/vinilozona.lt\/parduotuve\/rock-pop\/ramones-road-to-ruin-blue-vinyl\/","name":"Ramones \u2013 Road To Ruin (Blue vinyl) Vinilin\u0117 Plok\u0161tel\u0117 | Vinilozona.lt","isPartOf":{"@id":"https:\/\/vinilozona.lt\/#website"},"primaryImageOfPage":{"@id":"https:\/\/vinilozona.lt\/parduotuve\/rock-pop\/ramones-road-to-ruin-blue-vinyl\/#primaryimage"},"image":{"@id":"https:\/\/vinilozona.lt\/parduotuve\/rock-pop\/ramones-road-to-ruin-blue-vinyl\/#primaryimage"},"thumbnailUrl":"https:\/\/vinilozona.lt\/wp-content\/uploads\/2025\/05\/R-13135857-1589151668-7447.jpg","datePublished":"2025-05-31T16:44:39+00:00","dateModified":"2025-05-31T16:49:35+00:00","breadcrumb":{"@id":"https:\/\/vinilozona.lt\/parduotuve\/rock-pop\/ramones-road-to-ruin-blue-vinyl\/#breadcrumb"},"inLanguage":"en-GB","potentialAction":[{"@type":"ReadAction","target":["https:\/\/vinilozona.lt\/parduotuve\/rock-pop\/ramones-road-to-ruin-blue-vinyl\/"]}]},{"@type":"ImageObject","inLanguage":"en-GB","@id":"https:\/\/vinilozona.lt\/parduotuve\/rock-pop\/ramones-road-to-ruin-blue-vinyl\/#primaryimage","url":"https:\/\/vinilozona.lt\/wp-content\/uploads\/2025\/05\/R-13135857-1589151668-7447.jpg","contentUrl":"https:\/\/vinilozona.lt\/wp-content\/uploads\/2025\/05\/R-13135857-1589151668-7447.jpg","width":600,"height":600},{"@type":"BreadcrumbList","@id":"https:\/\/vinilozona.lt\/parduotuve\/rock-pop\/ramones-road-to-ruin-blue-vinyl\/#breadcrumb","itemListElement":[{"@type":"ListItem","position":1,"name":"Home","item":"https:\/\/vinilozona.lt\/"},{"@type":"ListItem","position":2,"name":"Parduotuv\u0117","item":"https:\/\/vinilozona.lt\/parduotuve\/"},{"@type":"ListItem","position":3,"name":"Ramones \u2013 Road To Ruin (Blue vinyl)"}]},{"@type":"WebSite","@id":"https:\/\/vinilozona.lt\/#website","url":"https:\/\/vinilozona.lt\/","name":"Vinilo Zona","description":"Nup\u016bsk dulkes ir klausyk LP","potentialAction":[{"@type":"SearchAction","target":{"@type":"EntryPoint","urlTemplate":"https:\/\/vinilozona.lt\/?s={search_term_string}"},"query-input":{"@type":"PropertyValueSpecification","valueRequired":true,"valueName":"search_term_string"}}],"inLanguage":"en-GB"}]}},"_links":{"self":[{"href":"https:\/\/vinilozona.lt\/en\/wp-json\/wp\/v2\/product\/28298"}],"collection":[{"href":"https:\/\/vinilozona.lt\/en\/wp-json\/wp\/v2\/product"}],"about":[{"href":"https:\/\/vinilozona.lt\/en\/wp-json\/wp\/v2\/types\/product"}],"wp:featuredmedia":[{"embeddable":true,"href":"https:\/\/vinilozona.lt\/en\/wp-json\/wp\/v2\/media\/28299"}],"wp:attachment":[{"href":"https:\/\/vinilozona.lt\/en\/wp-json\/wp\/v2\/media?parent=28298"}],"wp:term":[{"taxonomy":"product_cat","embeddable":true,"href":"https:\/\/vinilozona.lt\/en\/wp-json\/wp\/v2\/product_cat?post=28298"},{"taxonomy":"product_tag","embeddable":true,"href":"https:\/\/vinilozona.lt\/en\/wp-json\/wp\/v2\/product_tag?post=28298"}],"curies":[{"name":"wp","href":"https:\/\/api.w.org\/{rel}","templated":true}]}}