{"id":28285,"date":"2025-05-30T05:10:08","date_gmt":"2025-05-30T02:10:08","guid":{"rendered":"https:\/\/vinilozona.lt\/?post_type=product&#038;p=28285"},"modified":"2025-05-30T07:11:12","modified_gmt":"2025-05-30T04:11:12","slug":"stevie-ray-vaughan-and-double-trouble-soul-to-soul","status":"publish","type":"product","link":"https:\/\/vinilozona.lt\/en\/parduotuve\/rock-pop\/stevie-ray-vaughan-and-double-trouble-soul-to-soul\/","title":{"rendered":"Stevie Ray Vaughan And Double Trouble \u2013 Soul To Soul"},"content":{"rendered":"<p>Say What!\t5:22<br \/>\nLookin&#8217; Out The Window\t2:48<br \/>\nLook At Little Sister\t3:07<br \/>\nAin&#8217;t Gone &#8216;N&#8217; Give Up On Love\t6:06<br \/>\nGone Home\t3:04<br \/>\nChange It\t3:56<br \/>\nYou&#8217;ll Be Mine\t3:43<br \/>\nEmpty Arms\t3:00<br \/>\nCome On (Part III)\t4:31<br \/>\nLife Without You\t4:17<\/p>","protected":false},"excerpt":{"rendered":"<p>Epic \u2013 26441, Epic \u2013 EPC 26441, Epic \u2013 FE 40036<br \/>\nFormat:<br \/>\nVinyl, LP, Album, Stereo<br \/>\nCountry:<br \/>\nEurope<br \/>\nReleased:<br \/>\n1985<\/p>","protected":false},"featured_media":28286,"template":"","meta":[],"product_cat":[15],"product_tag":[44],"yoast_head":"<!-- This site is optimized with the Yoast SEO plugin v23.5 - https:\/\/yoast.com\/wordpress\/plugins\/seo\/ -->\n<title>Stevie Ray Vaughan And Double Trouble \u2013 Soul To Soul Vinilin\u0117 Plok\u0161tel\u0117 | Vinilozona.lt<\/title>\n<meta name=\"robots\" content=\"index, follow, max-snippet:-1, max-image-preview:large, max-video-preview:-1\" \/>\n<link rel=\"canonical\" href=\"https:\/\/vinilozona.lt\/en\/parduotuve\/rock-pop\/stevie-ray-vaughan-and-double-trouble-soul-to-soul\/\" \/>\n<meta property=\"og:locale\" content=\"en_GB\" \/>\n<meta property=\"og:type\" content=\"article\" \/>\n<meta property=\"og:title\" content=\"Stevie Ray Vaughan And Double Trouble \u2013 Soul To Soul Vinilin\u0117 Plok\u0161tel\u0117 | Vinilozona.lt\" \/>\n<meta property=\"og:description\" content=\"Epic \u2013 26441, Epic \u2013 EPC 26441, Epic \u2013 FE 40036 Format: Vinyl, LP, Album, Stereo Country: Europe Released: 1985\" \/>\n<meta property=\"og:url\" content=\"https:\/\/vinilozona.lt\/en\/parduotuve\/rock-pop\/stevie-ray-vaughan-and-double-trouble-soul-to-soul\/\" \/>\n<meta property=\"og:site_name\" content=\"Vinilo Zona\" \/>\n<meta property=\"article:modified_time\" content=\"2025-05-30T04:11:12+00:00\" \/>\n<meta property=\"og:image\" content=\"https:\/\/vinilozona.lt\/wp-content\/uploads\/2025\/05\/R-929342-1424362376-5877.jpg\" \/>\n\t<meta property=\"og:image:width\" content=\"600\" \/>\n\t<meta property=\"og:image:height\" content=\"600\" \/>\n\t<meta property=\"og:image:type\" content=\"image\/jpeg\" \/>\n<meta name=\"twitter:card\" content=\"summary_large_image\" \/>\n<meta name=\"twitter:label1\" content=\"Estimated reading time\" \/>\n\t<meta name=\"twitter:data1\" content=\"1 minute\" \/>\n<script type=\"application\/ld+json\" class=\"yoast-schema-graph\">{\"@context\":\"https:\/\/schema.org\",\"@graph\":[{\"@type\":\"WebPage\",\"@id\":\"https:\/\/vinilozona.lt\/parduotuve\/rock-pop\/stevie-ray-vaughan-and-double-trouble-soul-to-soul\/\",\"url\":\"https:\/\/vinilozona.lt\/parduotuve\/rock-pop\/stevie-ray-vaughan-and-double-trouble-soul-to-soul\/\",\"name\":\"Stevie Ray Vaughan And Double Trouble \u2013 Soul To Soul Vinilin\u0117 Plok\u0161tel\u0117 | Vinilozona.lt\",\"isPartOf\":{\"@id\":\"https:\/\/vinilozona.lt\/#website\"},\"primaryImageOfPage\":{\"@id\":\"https:\/\/vinilozona.lt\/parduotuve\/rock-pop\/stevie-ray-vaughan-and-double-trouble-soul-to-soul\/#primaryimage\"},\"image\":{\"@id\":\"https:\/\/vinilozona.lt\/parduotuve\/rock-pop\/stevie-ray-vaughan-and-double-trouble-soul-to-soul\/#primaryimage\"},\"thumbnailUrl\":\"https:\/\/vinilozona.lt\/wp-content\/uploads\/2025\/05\/R-929342-1424362376-5877.jpg\",\"datePublished\":\"2025-05-30T02:10:08+00:00\",\"dateModified\":\"2025-05-30T04:11:12+00:00\",\"breadcrumb\":{\"@id\":\"https:\/\/vinilozona.lt\/parduotuve\/rock-pop\/stevie-ray-vaughan-and-double-trouble-soul-to-soul\/#breadcrumb\"},\"inLanguage\":\"en-GB\",\"potentialAction\":[{\"@type\":\"ReadAction\",\"target\":[\"https:\/\/vinilozona.lt\/parduotuve\/rock-pop\/stevie-ray-vaughan-and-double-trouble-soul-to-soul\/\"]}]},{\"@type\":\"ImageObject\",\"inLanguage\":\"en-GB\",\"@id\":\"https:\/\/vinilozona.lt\/parduotuve\/rock-pop\/stevie-ray-vaughan-and-double-trouble-soul-to-soul\/#primaryimage\",\"url\":\"https:\/\/vinilozona.lt\/wp-content\/uploads\/2025\/05\/R-929342-1424362376-5877.jpg\",\"contentUrl\":\"https:\/\/vinilozona.lt\/wp-content\/uploads\/2025\/05\/R-929342-1424362376-5877.jpg\",\"width\":600,\"height\":600},{\"@type\":\"BreadcrumbList\",\"@id\":\"https:\/\/vinilozona.lt\/parduotuve\/rock-pop\/stevie-ray-vaughan-and-double-trouble-soul-to-soul\/#breadcrumb\",\"itemListElement\":[{\"@type\":\"ListItem\",\"position\":1,\"name\":\"Home\",\"item\":\"https:\/\/vinilozona.lt\/\"},{\"@type\":\"ListItem\",\"position\":2,\"name\":\"Parduotuv\u0117\",\"item\":\"https:\/\/vinilozona.lt\/parduotuve\/\"},{\"@type\":\"ListItem\",\"position\":3,\"name\":\"Stevie Ray Vaughan And Double Trouble \u2013 Soul To Soul\"}]},{\"@type\":\"WebSite\",\"@id\":\"https:\/\/vinilozona.lt\/#website\",\"url\":\"https:\/\/vinilozona.lt\/\",\"name\":\"Vinilo Zona\",\"description\":\"Nup\u016bsk dulkes ir klausyk LP\",\"potentialAction\":[{\"@type\":\"SearchAction\",\"target\":{\"@type\":\"EntryPoint\",\"urlTemplate\":\"https:\/\/vinilozona.lt\/?s={search_term_string}\"},\"query-input\":{\"@type\":\"PropertyValueSpecification\",\"valueRequired\":true,\"valueName\":\"search_term_string\"}}],\"inLanguage\":\"en-GB\"}]}<\/script>\n<!-- \/ Yoast SEO plugin. -->","yoast_head_json":{"title":"Stevie Ray Vaughan And Double Trouble \u2013 Soul To Soul Vinilin\u0117 Plok\u0161tel\u0117 | Vinilozona.lt","robots":{"index":"index","follow":"follow","max-snippet":"max-snippet:-1","max-image-preview":"max-image-preview:large","max-video-preview":"max-video-preview:-1"},"canonical":"https:\/\/vinilozona.lt\/en\/parduotuve\/rock-pop\/stevie-ray-vaughan-and-double-trouble-soul-to-soul\/","og_locale":"en_GB","og_type":"article","og_title":"Stevie Ray Vaughan And Double Trouble \u2013 Soul To Soul Vinilin\u0117 Plok\u0161tel\u0117 | Vinilozona.lt","og_description":"Epic \u2013 26441, Epic \u2013 EPC 26441, Epic \u2013 FE 40036 Format: Vinyl, LP, Album, Stereo Country: Europe Released: 1985","og_url":"https:\/\/vinilozona.lt\/en\/parduotuve\/rock-pop\/stevie-ray-vaughan-and-double-trouble-soul-to-soul\/","og_site_name":"Vinilo Zona","article_modified_time":"2025-05-30T04:11:12+00:00","og_image":[{"width":600,"height":600,"url":"https:\/\/vinilozona.lt\/wp-content\/uploads\/2025\/05\/R-929342-1424362376-5877.jpg","type":"image\/jpeg"}],"twitter_card":"summary_large_image","twitter_misc":{"Estimated reading time":"1 minute"},"schema":{"@context":"https:\/\/schema.org","@graph":[{"@type":"WebPage","@id":"https:\/\/vinilozona.lt\/parduotuve\/rock-pop\/stevie-ray-vaughan-and-double-trouble-soul-to-soul\/","url":"https:\/\/vinilozona.lt\/parduotuve\/rock-pop\/stevie-ray-vaughan-and-double-trouble-soul-to-soul\/","name":"Stevie Ray Vaughan And Double Trouble \u2013 Soul To Soul Vinilin\u0117 Plok\u0161tel\u0117 | Vinilozona.lt","isPartOf":{"@id":"https:\/\/vinilozona.lt\/#website"},"primaryImageOfPage":{"@id":"https:\/\/vinilozona.lt\/parduotuve\/rock-pop\/stevie-ray-vaughan-and-double-trouble-soul-to-soul\/#primaryimage"},"image":{"@id":"https:\/\/vinilozona.lt\/parduotuve\/rock-pop\/stevie-ray-vaughan-and-double-trouble-soul-to-soul\/#primaryimage"},"thumbnailUrl":"https:\/\/vinilozona.lt\/wp-content\/uploads\/2025\/05\/R-929342-1424362376-5877.jpg","datePublished":"2025-05-30T02:10:08+00:00","dateModified":"2025-05-30T04:11:12+00:00","breadcrumb":{"@id":"https:\/\/vinilozona.lt\/parduotuve\/rock-pop\/stevie-ray-vaughan-and-double-trouble-soul-to-soul\/#breadcrumb"},"inLanguage":"en-GB","potentialAction":[{"@type":"ReadAction","target":["https:\/\/vinilozona.lt\/parduotuve\/rock-pop\/stevie-ray-vaughan-and-double-trouble-soul-to-soul\/"]}]},{"@type":"ImageObject","inLanguage":"en-GB","@id":"https:\/\/vinilozona.lt\/parduotuve\/rock-pop\/stevie-ray-vaughan-and-double-trouble-soul-to-soul\/#primaryimage","url":"https:\/\/vinilozona.lt\/wp-content\/uploads\/2025\/05\/R-929342-1424362376-5877.jpg","contentUrl":"https:\/\/vinilozona.lt\/wp-content\/uploads\/2025\/05\/R-929342-1424362376-5877.jpg","width":600,"height":600},{"@type":"BreadcrumbList","@id":"https:\/\/vinilozona.lt\/parduotuve\/rock-pop\/stevie-ray-vaughan-and-double-trouble-soul-to-soul\/#breadcrumb","itemListElement":[{"@type":"ListItem","position":1,"name":"Home","item":"https:\/\/vinilozona.lt\/"},{"@type":"ListItem","position":2,"name":"Parduotuv\u0117","item":"https:\/\/vinilozona.lt\/parduotuve\/"},{"@type":"ListItem","position":3,"name":"Stevie Ray Vaughan And Double Trouble \u2013 Soul To Soul"}]},{"@type":"WebSite","@id":"https:\/\/vinilozona.lt\/#website","url":"https:\/\/vinilozona.lt\/","name":"Vinilo Zona","description":"Nup\u016bsk dulkes ir klausyk LP","potentialAction":[{"@type":"SearchAction","target":{"@type":"EntryPoint","urlTemplate":"https:\/\/vinilozona.lt\/?s={search_term_string}"},"query-input":{"@type":"PropertyValueSpecification","valueRequired":true,"valueName":"search_term_string"}}],"inLanguage":"en-GB"}]}},"_links":{"self":[{"href":"https:\/\/vinilozona.lt\/en\/wp-json\/wp\/v2\/product\/28285"}],"collection":[{"href":"https:\/\/vinilozona.lt\/en\/wp-json\/wp\/v2\/product"}],"about":[{"href":"https:\/\/vinilozona.lt\/en\/wp-json\/wp\/v2\/types\/product"}],"wp:featuredmedia":[{"embeddable":true,"href":"https:\/\/vinilozona.lt\/en\/wp-json\/wp\/v2\/media\/28286"}],"wp:attachment":[{"href":"https:\/\/vinilozona.lt\/en\/wp-json\/wp\/v2\/media?parent=28285"}],"wp:term":[{"taxonomy":"product_cat","embeddable":true,"href":"https:\/\/vinilozona.lt\/en\/wp-json\/wp\/v2\/product_cat?post=28285"},{"taxonomy":"product_tag","embeddable":true,"href":"https:\/\/vinilozona.lt\/en\/wp-json\/wp\/v2\/product_tag?post=28285"}],"curies":[{"name":"wp","href":"https:\/\/api.w.org\/{rel}","templated":true}]}}