{"id":28280,"date":"2026-04-04T05:15:53","date_gmt":"2026-04-04T02:15:53","guid":{"rendered":"https:\/\/vinilozona.lt\/?post_type=product&#038;p=28280"},"modified":"2026-04-04T07:13:04","modified_gmt":"2026-04-04T04:13:04","slug":"paul-mccartney-all-the-best-2lp","status":"publish","type":"product","link":"https:\/\/vinilozona.lt\/en\/parduotuve\/rock-pop\/paul-mccartney-all-the-best-2lp\/","title":{"rendered":"Paul McCartney \u2013 All The Best !  2lp"},"content":{"rendered":"<p>A1\tPaul McCartney &#038; Wings \u2013\tJet\t4:06<br \/>\nA2\tPaul McCartney &#038; Wings \u2013\tBand On The Run\t5:10<br \/>\nA3\tPaul McCartney\u2013\tComing Up\t3:50<br \/>\nA4\tPaul McCartney &#038; Stevie Wonder\u2013\tEbony And Ivory  3:44<br \/>\nA5\tWings \u2013\tListen To What The Man Said\t3:54<br \/>\nB1\tPaul McCartney\u2013\tNo More Lonely Nights\t4:39<br \/>\nB2\tWings \u2013\tSilly Love Songs\t5:52<br \/>\nB3\tWings \u2013\tLet &#8216;Em In\t5:08<br \/>\nB4\tWings \u2013\tC Moon\t4:33<br \/>\nB5\tWings \u2013\tPipes Of Piece  3:24<br \/>\nC1\tWings \u2013\tLive And Let Die  3:10<br \/>\nC2\tPaul McCartney\u2013\tAnother Day\t3:41<br \/>\nC3\tWings \u2013\tMaybe I&#8217;m Amazed\t3:50<br \/>\nC4\tWings \u2013\tGoodnight Tonight\t4:19<br \/>\nC5\tPaul McCartney\u2013\tOnce Upon A Long Ago  4:06<br \/>\nD1\tPaul McCartney &#038; Michael Jackson\u2013\tSay Say Say  3:54<br \/>\nD2\tWings \u2013\tWith A Little Luck\t5:45<br \/>\nD3\tPaul McCartney &#038; Wings*\u2013\tMy Love\t4:08<br \/>\nD4\tPaul McCartney\u2013\tWe All Stand Together  4:23<br \/>\nD5\tWings \u2013\tMull Of Kintyre\t4:43<\/p>","protected":false},"excerpt":{"rendered":"<p>Parlophone \u2013 164 7 48507 1, MPL  \u2013 164 7 48507 1, Parlophone \u2013 7 48507 1, MPL  \u2013 7 48507 1<br \/>\nFormat:<br \/>\n2 x Vinyl, LP, Compilation<br \/>\nCountry:<br \/>\nEurope<br \/>\nReleased:<br \/>\n1987<\/p>","protected":false},"featured_media":28281,"template":"","meta":[],"product_cat":[15],"product_tag":[44],"yoast_head":"<!-- This site is optimized with the Yoast SEO plugin v23.5 - https:\/\/yoast.com\/wordpress\/plugins\/seo\/ -->\n<title>Paul McCartney \u2013 All The Best ! 2lp Vinilin\u0117 Plok\u0161tel\u0117 | Vinilozona.lt<\/title>\n<meta name=\"robots\" content=\"index, follow, max-snippet:-1, max-image-preview:large, max-video-preview:-1\" \/>\n<link rel=\"canonical\" href=\"https:\/\/vinilozona.lt\/en\/parduotuve\/rock-pop\/paul-mccartney-all-the-best-2lp\/\" \/>\n<meta property=\"og:locale\" content=\"en_GB\" \/>\n<meta property=\"og:type\" content=\"article\" \/>\n<meta property=\"og:title\" content=\"Paul McCartney \u2013 All The Best ! 2lp Vinilin\u0117 Plok\u0161tel\u0117 | Vinilozona.lt\" \/>\n<meta property=\"og:description\" content=\"Parlophone \u2013 164 7 48507 1, MPL \u2013 164 7 48507 1, Parlophone \u2013 7 48507 1, MPL \u2013 7 48507 1 Format: 2 x Vinyl, LP, Compilation Country: Europe Released: 1987\" \/>\n<meta property=\"og:url\" content=\"https:\/\/vinilozona.lt\/en\/parduotuve\/rock-pop\/paul-mccartney-all-the-best-2lp\/\" \/>\n<meta property=\"og:site_name\" content=\"Vinilo Zona\" \/>\n<meta property=\"article:modified_time\" content=\"2026-04-04T04:13:04+00:00\" \/>\n<meta property=\"og:image\" content=\"https:\/\/vinilozona.lt\/wp-content\/uploads\/2025\/05\/R-1988152-1295386259.jpg\" \/>\n\t<meta property=\"og:image:width\" content=\"600\" \/>\n\t<meta property=\"og:image:height\" content=\"600\" \/>\n\t<meta property=\"og:image:type\" content=\"image\/jpeg\" \/>\n<meta name=\"twitter:card\" content=\"summary_large_image\" \/>\n<meta name=\"twitter:label1\" content=\"Estimated reading time\" \/>\n\t<meta name=\"twitter:data1\" content=\"1 minute\" \/>\n<script type=\"application\/ld+json\" class=\"yoast-schema-graph\">{\"@context\":\"https:\/\/schema.org\",\"@graph\":[{\"@type\":\"WebPage\",\"@id\":\"https:\/\/vinilozona.lt\/parduotuve\/rock-pop\/paul-mccartney-all-the-best-2lp\/\",\"url\":\"https:\/\/vinilozona.lt\/parduotuve\/rock-pop\/paul-mccartney-all-the-best-2lp\/\",\"name\":\"Paul McCartney \u2013 All The Best ! 2lp Vinilin\u0117 Plok\u0161tel\u0117 | Vinilozona.lt\",\"isPartOf\":{\"@id\":\"https:\/\/vinilozona.lt\/#website\"},\"primaryImageOfPage\":{\"@id\":\"https:\/\/vinilozona.lt\/parduotuve\/rock-pop\/paul-mccartney-all-the-best-2lp\/#primaryimage\"},\"image\":{\"@id\":\"https:\/\/vinilozona.lt\/parduotuve\/rock-pop\/paul-mccartney-all-the-best-2lp\/#primaryimage\"},\"thumbnailUrl\":\"https:\/\/vinilozona.lt\/wp-content\/uploads\/2025\/05\/R-1988152-1295386259.jpg\",\"datePublished\":\"2026-04-04T02:15:53+00:00\",\"dateModified\":\"2026-04-04T04:13:04+00:00\",\"breadcrumb\":{\"@id\":\"https:\/\/vinilozona.lt\/parduotuve\/rock-pop\/paul-mccartney-all-the-best-2lp\/#breadcrumb\"},\"inLanguage\":\"en-GB\",\"potentialAction\":[{\"@type\":\"ReadAction\",\"target\":[\"https:\/\/vinilozona.lt\/parduotuve\/rock-pop\/paul-mccartney-all-the-best-2lp\/\"]}]},{\"@type\":\"ImageObject\",\"inLanguage\":\"en-GB\",\"@id\":\"https:\/\/vinilozona.lt\/parduotuve\/rock-pop\/paul-mccartney-all-the-best-2lp\/#primaryimage\",\"url\":\"https:\/\/vinilozona.lt\/wp-content\/uploads\/2025\/05\/R-1988152-1295386259.jpg\",\"contentUrl\":\"https:\/\/vinilozona.lt\/wp-content\/uploads\/2025\/05\/R-1988152-1295386259.jpg\",\"width\":600,\"height\":600},{\"@type\":\"BreadcrumbList\",\"@id\":\"https:\/\/vinilozona.lt\/parduotuve\/rock-pop\/paul-mccartney-all-the-best-2lp\/#breadcrumb\",\"itemListElement\":[{\"@type\":\"ListItem\",\"position\":1,\"name\":\"Home\",\"item\":\"https:\/\/vinilozona.lt\/\"},{\"@type\":\"ListItem\",\"position\":2,\"name\":\"Parduotuv\u0117\",\"item\":\"https:\/\/vinilozona.lt\/parduotuve\/\"},{\"@type\":\"ListItem\",\"position\":3,\"name\":\"Paul McCartney \u2013 All The Best ! 2lp\"}]},{\"@type\":\"WebSite\",\"@id\":\"https:\/\/vinilozona.lt\/#website\",\"url\":\"https:\/\/vinilozona.lt\/\",\"name\":\"Vinilo Zona\",\"description\":\"Nup\u016bsk dulkes ir klausyk LP\",\"potentialAction\":[{\"@type\":\"SearchAction\",\"target\":{\"@type\":\"EntryPoint\",\"urlTemplate\":\"https:\/\/vinilozona.lt\/?s={search_term_string}\"},\"query-input\":{\"@type\":\"PropertyValueSpecification\",\"valueRequired\":true,\"valueName\":\"search_term_string\"}}],\"inLanguage\":\"en-GB\"}]}<\/script>\n<!-- \/ Yoast SEO plugin. -->","yoast_head_json":{"title":"Paul McCartney \u2013 All The Best ! 2lp Vinilin\u0117 Plok\u0161tel\u0117 | Vinilozona.lt","robots":{"index":"index","follow":"follow","max-snippet":"max-snippet:-1","max-image-preview":"max-image-preview:large","max-video-preview":"max-video-preview:-1"},"canonical":"https:\/\/vinilozona.lt\/en\/parduotuve\/rock-pop\/paul-mccartney-all-the-best-2lp\/","og_locale":"en_GB","og_type":"article","og_title":"Paul McCartney \u2013 All The Best ! 2lp Vinilin\u0117 Plok\u0161tel\u0117 | Vinilozona.lt","og_description":"Parlophone \u2013 164 7 48507 1, MPL \u2013 164 7 48507 1, Parlophone \u2013 7 48507 1, MPL \u2013 7 48507 1 Format: 2 x Vinyl, LP, Compilation Country: Europe Released: 1987","og_url":"https:\/\/vinilozona.lt\/en\/parduotuve\/rock-pop\/paul-mccartney-all-the-best-2lp\/","og_site_name":"Vinilo Zona","article_modified_time":"2026-04-04T04:13:04+00:00","og_image":[{"width":600,"height":600,"url":"https:\/\/vinilozona.lt\/wp-content\/uploads\/2025\/05\/R-1988152-1295386259.jpg","type":"image\/jpeg"}],"twitter_card":"summary_large_image","twitter_misc":{"Estimated reading time":"1 minute"},"schema":{"@context":"https:\/\/schema.org","@graph":[{"@type":"WebPage","@id":"https:\/\/vinilozona.lt\/parduotuve\/rock-pop\/paul-mccartney-all-the-best-2lp\/","url":"https:\/\/vinilozona.lt\/parduotuve\/rock-pop\/paul-mccartney-all-the-best-2lp\/","name":"Paul McCartney \u2013 All The Best ! 2lp Vinilin\u0117 Plok\u0161tel\u0117 | Vinilozona.lt","isPartOf":{"@id":"https:\/\/vinilozona.lt\/#website"},"primaryImageOfPage":{"@id":"https:\/\/vinilozona.lt\/parduotuve\/rock-pop\/paul-mccartney-all-the-best-2lp\/#primaryimage"},"image":{"@id":"https:\/\/vinilozona.lt\/parduotuve\/rock-pop\/paul-mccartney-all-the-best-2lp\/#primaryimage"},"thumbnailUrl":"https:\/\/vinilozona.lt\/wp-content\/uploads\/2025\/05\/R-1988152-1295386259.jpg","datePublished":"2026-04-04T02:15:53+00:00","dateModified":"2026-04-04T04:13:04+00:00","breadcrumb":{"@id":"https:\/\/vinilozona.lt\/parduotuve\/rock-pop\/paul-mccartney-all-the-best-2lp\/#breadcrumb"},"inLanguage":"en-GB","potentialAction":[{"@type":"ReadAction","target":["https:\/\/vinilozona.lt\/parduotuve\/rock-pop\/paul-mccartney-all-the-best-2lp\/"]}]},{"@type":"ImageObject","inLanguage":"en-GB","@id":"https:\/\/vinilozona.lt\/parduotuve\/rock-pop\/paul-mccartney-all-the-best-2lp\/#primaryimage","url":"https:\/\/vinilozona.lt\/wp-content\/uploads\/2025\/05\/R-1988152-1295386259.jpg","contentUrl":"https:\/\/vinilozona.lt\/wp-content\/uploads\/2025\/05\/R-1988152-1295386259.jpg","width":600,"height":600},{"@type":"BreadcrumbList","@id":"https:\/\/vinilozona.lt\/parduotuve\/rock-pop\/paul-mccartney-all-the-best-2lp\/#breadcrumb","itemListElement":[{"@type":"ListItem","position":1,"name":"Home","item":"https:\/\/vinilozona.lt\/"},{"@type":"ListItem","position":2,"name":"Parduotuv\u0117","item":"https:\/\/vinilozona.lt\/parduotuve\/"},{"@type":"ListItem","position":3,"name":"Paul McCartney \u2013 All The Best ! 2lp"}]},{"@type":"WebSite","@id":"https:\/\/vinilozona.lt\/#website","url":"https:\/\/vinilozona.lt\/","name":"Vinilo Zona","description":"Nup\u016bsk dulkes ir klausyk LP","potentialAction":[{"@type":"SearchAction","target":{"@type":"EntryPoint","urlTemplate":"https:\/\/vinilozona.lt\/?s={search_term_string}"},"query-input":{"@type":"PropertyValueSpecification","valueRequired":true,"valueName":"search_term_string"}}],"inLanguage":"en-GB"}]}},"_links":{"self":[{"href":"https:\/\/vinilozona.lt\/en\/wp-json\/wp\/v2\/product\/28280"}],"collection":[{"href":"https:\/\/vinilozona.lt\/en\/wp-json\/wp\/v2\/product"}],"about":[{"href":"https:\/\/vinilozona.lt\/en\/wp-json\/wp\/v2\/types\/product"}],"wp:featuredmedia":[{"embeddable":true,"href":"https:\/\/vinilozona.lt\/en\/wp-json\/wp\/v2\/media\/28281"}],"wp:attachment":[{"href":"https:\/\/vinilozona.lt\/en\/wp-json\/wp\/v2\/media?parent=28280"}],"wp:term":[{"taxonomy":"product_cat","embeddable":true,"href":"https:\/\/vinilozona.lt\/en\/wp-json\/wp\/v2\/product_cat?post=28280"},{"taxonomy":"product_tag","embeddable":true,"href":"https:\/\/vinilozona.lt\/en\/wp-json\/wp\/v2\/product_tag?post=28280"}],"curies":[{"name":"wp","href":"https:\/\/api.w.org\/{rel}","templated":true}]}}