{"id":28269,"date":"2025-05-30T17:42:04","date_gmt":"2025-05-30T14:42:04","guid":{"rendered":"https:\/\/vinilozona.lt\/?post_type=product&#038;p=28269"},"modified":"2025-05-29T17:54:02","modified_gmt":"2025-05-29T14:54:02","slug":"yardbirds-remember-the-yardbirds","status":"publish","type":"product","link":"https:\/\/vinilozona.lt\/en\/parduotuve\/rock-pop\/yardbirds-remember-the-yardbirds\/","title":{"rendered":"Yardbirds \u2013 Remember&#8230; The Yardbirds"},"content":{"rendered":"<p>A1\t\tHeart Full Of Soul<br \/>\nA2\t\tSmokestack Lightnin&#8217;<br \/>\nA3\t\tI Wish You Would<br \/>\nA4\t\tGood Morning Little Schoolgirl<br \/>\nA5\t\tEvil Hearted You<br \/>\nA6\t\tFor Your Love<br \/>\nB1\t\tShapes Of Things<br \/>\nB2\t\tStill I&#8217;m Sad<br \/>\nB3\t\tMy Girl Sloopy<br \/>\nB4\t\tA Certain Girl<br \/>\nB5\t\tI Ain&#8217;t Done Wrong<br \/>\nB6\t\tI&#8217;m A Man<\/p>","protected":false},"excerpt":{"rendered":"<p>Label:<br \/>\nStarline \u2013 SRS 5069, Starline \u2013 1E 048 \u25cb 92362<br \/>\nFormat:<br \/>\nVinyl, LP, Compilation, Stereo, Electronically Reprocessed<br \/>\nCountry:<br \/>\nUK<br \/>\nReleased:<br \/>\n1971<\/p>","protected":false},"featured_media":28270,"template":"","meta":[],"product_cat":[15],"product_tag":[55],"yoast_head":"<!-- This site is optimized with the Yoast SEO plugin v23.5 - https:\/\/yoast.com\/wordpress\/plugins\/seo\/ -->\n<title>Yardbirds \u2013 Remember... The Yardbirds Vinilin\u0117 Plok\u0161tel\u0117 | Vinilozona.lt<\/title>\n<meta name=\"robots\" content=\"index, follow, max-snippet:-1, max-image-preview:large, max-video-preview:-1\" \/>\n<link rel=\"canonical\" href=\"https:\/\/vinilozona.lt\/en\/parduotuve\/rock-pop\/yardbirds-remember-the-yardbirds\/\" \/>\n<meta property=\"og:locale\" content=\"en_GB\" \/>\n<meta property=\"og:type\" content=\"article\" \/>\n<meta property=\"og:title\" content=\"Yardbirds \u2013 Remember... The Yardbirds Vinilin\u0117 Plok\u0161tel\u0117 | Vinilozona.lt\" \/>\n<meta property=\"og:description\" content=\"Label: Starline \u2013 SRS 5069, Starline \u2013 1E 048 \u25cb 92362 Format: Vinyl, LP, Compilation, Stereo, Electronically Reprocessed Country: UK Released: 1971\" \/>\n<meta property=\"og:url\" content=\"https:\/\/vinilozona.lt\/en\/parduotuve\/rock-pop\/yardbirds-remember-the-yardbirds\/\" \/>\n<meta property=\"og:site_name\" content=\"Vinilo Zona\" \/>\n<meta property=\"article:modified_time\" content=\"2025-05-29T14:54:02+00:00\" \/>\n<meta property=\"og:image\" content=\"https:\/\/vinilozona.lt\/wp-content\/uploads\/2025\/05\/R-1629726-1267699097.jpg\" \/>\n\t<meta property=\"og:image:width\" content=\"454\" \/>\n\t<meta property=\"og:image:height\" content=\"477\" \/>\n\t<meta property=\"og:image:type\" content=\"image\/jpeg\" \/>\n<meta name=\"twitter:card\" content=\"summary_large_image\" \/>\n<meta name=\"twitter:label1\" content=\"Estimated reading time\" \/>\n\t<meta name=\"twitter:data1\" content=\"1 minute\" \/>\n<script type=\"application\/ld+json\" class=\"yoast-schema-graph\">{\"@context\":\"https:\/\/schema.org\",\"@graph\":[{\"@type\":\"WebPage\",\"@id\":\"https:\/\/vinilozona.lt\/parduotuve\/rock-pop\/yardbirds-remember-the-yardbirds\/\",\"url\":\"https:\/\/vinilozona.lt\/parduotuve\/rock-pop\/yardbirds-remember-the-yardbirds\/\",\"name\":\"Yardbirds \u2013 Remember... The Yardbirds Vinilin\u0117 Plok\u0161tel\u0117 | Vinilozona.lt\",\"isPartOf\":{\"@id\":\"https:\/\/vinilozona.lt\/#website\"},\"primaryImageOfPage\":{\"@id\":\"https:\/\/vinilozona.lt\/parduotuve\/rock-pop\/yardbirds-remember-the-yardbirds\/#primaryimage\"},\"image\":{\"@id\":\"https:\/\/vinilozona.lt\/parduotuve\/rock-pop\/yardbirds-remember-the-yardbirds\/#primaryimage\"},\"thumbnailUrl\":\"https:\/\/vinilozona.lt\/wp-content\/uploads\/2025\/05\/R-1629726-1267699097.jpg\",\"datePublished\":\"2025-05-30T14:42:04+00:00\",\"dateModified\":\"2025-05-29T14:54:02+00:00\",\"breadcrumb\":{\"@id\":\"https:\/\/vinilozona.lt\/parduotuve\/rock-pop\/yardbirds-remember-the-yardbirds\/#breadcrumb\"},\"inLanguage\":\"en-GB\",\"potentialAction\":[{\"@type\":\"ReadAction\",\"target\":[\"https:\/\/vinilozona.lt\/parduotuve\/rock-pop\/yardbirds-remember-the-yardbirds\/\"]}]},{\"@type\":\"ImageObject\",\"inLanguage\":\"en-GB\",\"@id\":\"https:\/\/vinilozona.lt\/parduotuve\/rock-pop\/yardbirds-remember-the-yardbirds\/#primaryimage\",\"url\":\"https:\/\/vinilozona.lt\/wp-content\/uploads\/2025\/05\/R-1629726-1267699097.jpg\",\"contentUrl\":\"https:\/\/vinilozona.lt\/wp-content\/uploads\/2025\/05\/R-1629726-1267699097.jpg\",\"width\":454,\"height\":477},{\"@type\":\"BreadcrumbList\",\"@id\":\"https:\/\/vinilozona.lt\/parduotuve\/rock-pop\/yardbirds-remember-the-yardbirds\/#breadcrumb\",\"itemListElement\":[{\"@type\":\"ListItem\",\"position\":1,\"name\":\"Home\",\"item\":\"https:\/\/vinilozona.lt\/\"},{\"@type\":\"ListItem\",\"position\":2,\"name\":\"Parduotuv\u0117\",\"item\":\"https:\/\/vinilozona.lt\/parduotuve\/\"},{\"@type\":\"ListItem\",\"position\":3,\"name\":\"Yardbirds \u2013 Remember&#8230; The Yardbirds\"}]},{\"@type\":\"WebSite\",\"@id\":\"https:\/\/vinilozona.lt\/#website\",\"url\":\"https:\/\/vinilozona.lt\/\",\"name\":\"Vinilo Zona\",\"description\":\"Nup\u016bsk dulkes ir klausyk LP\",\"potentialAction\":[{\"@type\":\"SearchAction\",\"target\":{\"@type\":\"EntryPoint\",\"urlTemplate\":\"https:\/\/vinilozona.lt\/?s={search_term_string}\"},\"query-input\":{\"@type\":\"PropertyValueSpecification\",\"valueRequired\":true,\"valueName\":\"search_term_string\"}}],\"inLanguage\":\"en-GB\"}]}<\/script>\n<!-- \/ Yoast SEO plugin. -->","yoast_head_json":{"title":"Yardbirds \u2013 Remember... The Yardbirds Vinilin\u0117 Plok\u0161tel\u0117 | Vinilozona.lt","robots":{"index":"index","follow":"follow","max-snippet":"max-snippet:-1","max-image-preview":"max-image-preview:large","max-video-preview":"max-video-preview:-1"},"canonical":"https:\/\/vinilozona.lt\/en\/parduotuve\/rock-pop\/yardbirds-remember-the-yardbirds\/","og_locale":"en_GB","og_type":"article","og_title":"Yardbirds \u2013 Remember... The Yardbirds Vinilin\u0117 Plok\u0161tel\u0117 | Vinilozona.lt","og_description":"Label: Starline \u2013 SRS 5069, Starline \u2013 1E 048 \u25cb 92362 Format: Vinyl, LP, Compilation, Stereo, Electronically Reprocessed Country: UK Released: 1971","og_url":"https:\/\/vinilozona.lt\/en\/parduotuve\/rock-pop\/yardbirds-remember-the-yardbirds\/","og_site_name":"Vinilo Zona","article_modified_time":"2025-05-29T14:54:02+00:00","og_image":[{"width":454,"height":477,"url":"https:\/\/vinilozona.lt\/wp-content\/uploads\/2025\/05\/R-1629726-1267699097.jpg","type":"image\/jpeg"}],"twitter_card":"summary_large_image","twitter_misc":{"Estimated reading time":"1 minute"},"schema":{"@context":"https:\/\/schema.org","@graph":[{"@type":"WebPage","@id":"https:\/\/vinilozona.lt\/parduotuve\/rock-pop\/yardbirds-remember-the-yardbirds\/","url":"https:\/\/vinilozona.lt\/parduotuve\/rock-pop\/yardbirds-remember-the-yardbirds\/","name":"Yardbirds \u2013 Remember... The Yardbirds Vinilin\u0117 Plok\u0161tel\u0117 | Vinilozona.lt","isPartOf":{"@id":"https:\/\/vinilozona.lt\/#website"},"primaryImageOfPage":{"@id":"https:\/\/vinilozona.lt\/parduotuve\/rock-pop\/yardbirds-remember-the-yardbirds\/#primaryimage"},"image":{"@id":"https:\/\/vinilozona.lt\/parduotuve\/rock-pop\/yardbirds-remember-the-yardbirds\/#primaryimage"},"thumbnailUrl":"https:\/\/vinilozona.lt\/wp-content\/uploads\/2025\/05\/R-1629726-1267699097.jpg","datePublished":"2025-05-30T14:42:04+00:00","dateModified":"2025-05-29T14:54:02+00:00","breadcrumb":{"@id":"https:\/\/vinilozona.lt\/parduotuve\/rock-pop\/yardbirds-remember-the-yardbirds\/#breadcrumb"},"inLanguage":"en-GB","potentialAction":[{"@type":"ReadAction","target":["https:\/\/vinilozona.lt\/parduotuve\/rock-pop\/yardbirds-remember-the-yardbirds\/"]}]},{"@type":"ImageObject","inLanguage":"en-GB","@id":"https:\/\/vinilozona.lt\/parduotuve\/rock-pop\/yardbirds-remember-the-yardbirds\/#primaryimage","url":"https:\/\/vinilozona.lt\/wp-content\/uploads\/2025\/05\/R-1629726-1267699097.jpg","contentUrl":"https:\/\/vinilozona.lt\/wp-content\/uploads\/2025\/05\/R-1629726-1267699097.jpg","width":454,"height":477},{"@type":"BreadcrumbList","@id":"https:\/\/vinilozona.lt\/parduotuve\/rock-pop\/yardbirds-remember-the-yardbirds\/#breadcrumb","itemListElement":[{"@type":"ListItem","position":1,"name":"Home","item":"https:\/\/vinilozona.lt\/"},{"@type":"ListItem","position":2,"name":"Parduotuv\u0117","item":"https:\/\/vinilozona.lt\/parduotuve\/"},{"@type":"ListItem","position":3,"name":"Yardbirds \u2013 Remember&#8230; The Yardbirds"}]},{"@type":"WebSite","@id":"https:\/\/vinilozona.lt\/#website","url":"https:\/\/vinilozona.lt\/","name":"Vinilo Zona","description":"Nup\u016bsk dulkes ir klausyk LP","potentialAction":[{"@type":"SearchAction","target":{"@type":"EntryPoint","urlTemplate":"https:\/\/vinilozona.lt\/?s={search_term_string}"},"query-input":{"@type":"PropertyValueSpecification","valueRequired":true,"valueName":"search_term_string"}}],"inLanguage":"en-GB"}]}},"_links":{"self":[{"href":"https:\/\/vinilozona.lt\/en\/wp-json\/wp\/v2\/product\/28269"}],"collection":[{"href":"https:\/\/vinilozona.lt\/en\/wp-json\/wp\/v2\/product"}],"about":[{"href":"https:\/\/vinilozona.lt\/en\/wp-json\/wp\/v2\/types\/product"}],"wp:featuredmedia":[{"embeddable":true,"href":"https:\/\/vinilozona.lt\/en\/wp-json\/wp\/v2\/media\/28270"}],"wp:attachment":[{"href":"https:\/\/vinilozona.lt\/en\/wp-json\/wp\/v2\/media?parent=28269"}],"wp:term":[{"taxonomy":"product_cat","embeddable":true,"href":"https:\/\/vinilozona.lt\/en\/wp-json\/wp\/v2\/product_cat?post=28269"},{"taxonomy":"product_tag","embeddable":true,"href":"https:\/\/vinilozona.lt\/en\/wp-json\/wp\/v2\/product_tag?post=28269"}],"curies":[{"name":"wp","href":"https:\/\/api.w.org\/{rel}","templated":true}]}}