{"id":28267,"date":"2025-05-29T17:36:58","date_gmt":"2025-05-29T14:36:58","guid":{"rendered":"https:\/\/vinilozona.lt\/?post_type=product&#038;p=28267"},"modified":"2025-05-29T17:39:48","modified_gmt":"2025-05-29T14:39:48","slug":"paul-mccartney-%d0%bf%d0%be%d0%bb-%d0%bc%d0%b0%d0%ba%d0%ba%d0%b0%d1%80%d1%82%d0%bd%d0%b8-%d0%b0%d0%bd%d1%81%d0%b0%d0%bc%d0%b1%d0%bb%d1%8c-wings","status":"publish","type":"product","link":"https:\/\/vinilozona.lt\/en\/parduotuve\/kita\/paul-mccartney-%d0%bf%d0%be%d0%bb-%d0%bc%d0%b0%d0%ba%d0%ba%d0%b0%d1%80%d1%82%d0%bd%d0%b8-%d0%b0%d0%bd%d1%81%d0%b0%d0%bc%d0%b1%d0%bb%d1%8c-wings\/","title":{"rendered":"Paul McCartney &#8211; \u041f\u043e\u043b \u041c\u0430\u043a\u043a\u0430\u0440\u0442\u043d\u0438 + \u0410\u043d\u0441\u0430\u043c\u0431\u043b\u044c \u00abWings\u00bb"},"content":{"rendered":"<p>A1\t\u042f \u0422\u0435\u0431\u044f \u041b\u044e\u0431\u043b\u044e \u00b7 Silly Love Songs\t5:50<br \/>\nA2\t\u0414\u0436\u0435\u0442 \u00b7 Jet\t4:03<br \/>\nA3\t\u0421\u0438\u043d\u044f\u044f \u041f\u0442\u0438\u0446\u0430 \u00b7 Bluebird\t3:18<br \/>\nA4\t\u041c\u0438\u0441\u0441\u0438\u0441 \u0412\u044d\u043d\u0434\u0435\u0431\u0438\u043b\u0442 \u00b7 Mrs. Vandebilt\t4:34<br \/>\nA5\t\u0425\u043e\u0447\u0443 \u041e\u0442\u0434\u0430\u0442\u044c \u0422\u0435\u0431\u0435 \u0421\u0435\u0440\u0434\u0446\u0435 \u00b7 Let Me Roll It\t4:43<br \/>\nB1\t\u041c\u0430\u043c\u0443\u043d\u0438\u0430 \u00b7 Mamunia\t4:47<br \/>\nB2\t\u041d\u0435\u0442 \u0421\u043b\u043e\u0432 \u00b7 No Words\t2:32<br \/>\nB3\t\u041f\u043e\u0441\u043b\u0435\u0434\u043d\u0435\u0435 \u0421\u043b\u043e\u0432\u043e \u041f\u0438\u043a\u0430\u0441\u0441\u043e \u00b7 Picasso&#8217;s Last Words (Drink To Me)\t5:41<br \/>\nB4\t1985-\u0439 \u00b7 Nineteen Hundred And Eighty Five\t5:22<\/p>","protected":false},"excerpt":{"rendered":"<p>abel:<br \/>\n\u041c\u0435\u043b\u043e\u0434\u0438\u044f \u2013 \u0421 60\u201408733-4<br \/>\nFormat:<br \/>\nVinyl, LP, Album, Repress, Red Labels<br \/>\nCountry:<br \/>\nUSSR<br \/>\nPressed By \u2013 \u0422\u0430\u0448\u043a\u0435\u043d\u0442\u0441\u043a\u0438\u0439 \u0417\u0430\u0432\u043e\u0434 \u0413\u0440\u0430\u043c\u043f\u043b\u0430\u0441\u0442\u0438\u043d\u043e\u043a \u0438\u043c. \u041c. \u0422. \u0422\u0430\u0448\u043c\u0443\u0445\u0430\u043c\u0435\u0434\u043e\u0432\u0430<br \/>\nLicensed From \u2013 EMI Records<br \/>\nPrinted By \u2013 \u0422\u0438\u043f\u043e\u0433\u0440\u0430\u0444\u0438\u044f \u0422\u0430\u0448\u043a\u0435\u043d\u0442\u0441\u043a\u043e\u0433\u043e \u0417\u0430\u0432\u043e\u0434\u0430 \u0413\u0440\u0430\u043c\u043f\u043b\u0430\u0441\u0442\u0438\u043d\u043e\u043a<\/p>","protected":false},"featured_media":28268,"template":"","meta":[],"product_cat":[21],"product_tag":[55],"yoast_head":"<!-- This site is optimized with the Yoast SEO plugin v23.5 - https:\/\/yoast.com\/wordpress\/plugins\/seo\/ -->\n<title>Paul McCartney - \u041f\u043e\u043b \u041c\u0430\u043a\u043a\u0430\u0440\u0442\u043d\u0438 + \u0410\u043d\u0441\u0430\u043c\u0431\u043b\u044c \u00abWings\u00bb Vinilin\u0117 Plok\u0161tel\u0117 | Vinilozona.lt<\/title>\n<meta name=\"robots\" content=\"index, follow, max-snippet:-1, max-image-preview:large, max-video-preview:-1\" \/>\n<link rel=\"canonical\" href=\"https:\/\/vinilozona.lt\/en\/parduotuve\/kita\/paul-mccartney-\u043f\u043e\u043b-\u043c\u0430\u043a\u043a\u0430\u0440\u0442\u043d\u0438-\u0430\u043d\u0441\u0430\u043c\u0431\u043b\u044c-wings\/\" \/>\n<meta property=\"og:locale\" content=\"en_GB\" \/>\n<meta property=\"og:type\" content=\"article\" \/>\n<meta property=\"og:title\" content=\"Paul McCartney - \u041f\u043e\u043b \u041c\u0430\u043a\u043a\u0430\u0440\u0442\u043d\u0438 + \u0410\u043d\u0441\u0430\u043c\u0431\u043b\u044c \u00abWings\u00bb Vinilin\u0117 Plok\u0161tel\u0117 | Vinilozona.lt\" \/>\n<meta property=\"og:description\" content=\"abel: \u041c\u0435\u043b\u043e\u0434\u0438\u044f \u2013 \u0421 60\u201408733-4 Format: Vinyl, LP, Album, Repress, Red Labels Country: USSR Pressed By \u2013 \u0422\u0430\u0448\u043a\u0435\u043d\u0442\u0441\u043a\u0438\u0439 \u0417\u0430\u0432\u043e\u0434 \u0413\u0440\u0430\u043c\u043f\u043b\u0430\u0441\u0442\u0438\u043d\u043e\u043a \u0438\u043c. \u041c. \u0422. \u0422\u0430\u0448\u043c\u0443\u0445\u0430\u043c\u0435\u0434\u043e\u0432\u0430 Licensed From \u2013 EMI Records Printed By \u2013 \u0422\u0438\u043f\u043e\u0433\u0440\u0430\u0444\u0438\u044f \u0422\u0430\u0448\u043a\u0435\u043d\u0442\u0441\u043a\u043e\u0433\u043e \u0417\u0430\u0432\u043e\u0434\u0430 \u0413\u0440\u0430\u043c\u043f\u043b\u0430\u0441\u0442\u0438\u043d\u043e\u043a\" \/>\n<meta property=\"og:url\" content=\"https:\/\/vinilozona.lt\/en\/parduotuve\/kita\/paul-mccartney-\u043f\u043e\u043b-\u043c\u0430\u043a\u043a\u0430\u0440\u0442\u043d\u0438-\u0430\u043d\u0441\u0430\u043c\u0431\u043b\u044c-wings\/\" \/>\n<meta property=\"og:site_name\" content=\"Vinilo Zona\" \/>\n<meta property=\"article:modified_time\" content=\"2025-05-29T14:39:48+00:00\" \/>\n<meta property=\"og:image\" content=\"https:\/\/vinilozona.lt\/wp-content\/uploads\/2025\/05\/R-6214678-1727175222-7217.jpg\" \/>\n\t<meta property=\"og:image:width\" content=\"599\" \/>\n\t<meta property=\"og:image:height\" content=\"585\" \/>\n\t<meta property=\"og:image:type\" content=\"image\/jpeg\" \/>\n<meta name=\"twitter:card\" content=\"summary_large_image\" \/>\n<meta name=\"twitter:label1\" content=\"Estimated reading time\" \/>\n\t<meta name=\"twitter:data1\" content=\"1 minute\" \/>\n<script type=\"application\/ld+json\" class=\"yoast-schema-graph\">{\"@context\":\"https:\/\/schema.org\",\"@graph\":[{\"@type\":\"WebPage\",\"@id\":\"https:\/\/vinilozona.lt\/parduotuve\/kita\/paul-mccartney-%d0%bf%d0%be%d0%bb-%d0%bc%d0%b0%d0%ba%d0%ba%d0%b0%d1%80%d1%82%d0%bd%d0%b8-%d0%b0%d0%bd%d1%81%d0%b0%d0%bc%d0%b1%d0%bb%d1%8c-wings\/\",\"url\":\"https:\/\/vinilozona.lt\/parduotuve\/kita\/paul-mccartney-%d0%bf%d0%be%d0%bb-%d0%bc%d0%b0%d0%ba%d0%ba%d0%b0%d1%80%d1%82%d0%bd%d0%b8-%d0%b0%d0%bd%d1%81%d0%b0%d0%bc%d0%b1%d0%bb%d1%8c-wings\/\",\"name\":\"Paul McCartney - \u041f\u043e\u043b \u041c\u0430\u043a\u043a\u0430\u0440\u0442\u043d\u0438 + \u0410\u043d\u0441\u0430\u043c\u0431\u043b\u044c \u00abWings\u00bb Vinilin\u0117 Plok\u0161tel\u0117 | Vinilozona.lt\",\"isPartOf\":{\"@id\":\"https:\/\/vinilozona.lt\/#website\"},\"primaryImageOfPage\":{\"@id\":\"https:\/\/vinilozona.lt\/parduotuve\/kita\/paul-mccartney-%d0%bf%d0%be%d0%bb-%d0%bc%d0%b0%d0%ba%d0%ba%d0%b0%d1%80%d1%82%d0%bd%d0%b8-%d0%b0%d0%bd%d1%81%d0%b0%d0%bc%d0%b1%d0%bb%d1%8c-wings\/#primaryimage\"},\"image\":{\"@id\":\"https:\/\/vinilozona.lt\/parduotuve\/kita\/paul-mccartney-%d0%bf%d0%be%d0%bb-%d0%bc%d0%b0%d0%ba%d0%ba%d0%b0%d1%80%d1%82%d0%bd%d0%b8-%d0%b0%d0%bd%d1%81%d0%b0%d0%bc%d0%b1%d0%bb%d1%8c-wings\/#primaryimage\"},\"thumbnailUrl\":\"https:\/\/vinilozona.lt\/wp-content\/uploads\/2025\/05\/R-6214678-1727175222-7217.jpg\",\"datePublished\":\"2025-05-29T14:36:58+00:00\",\"dateModified\":\"2025-05-29T14:39:48+00:00\",\"breadcrumb\":{\"@id\":\"https:\/\/vinilozona.lt\/parduotuve\/kita\/paul-mccartney-%d0%bf%d0%be%d0%bb-%d0%bc%d0%b0%d0%ba%d0%ba%d0%b0%d1%80%d1%82%d0%bd%d0%b8-%d0%b0%d0%bd%d1%81%d0%b0%d0%bc%d0%b1%d0%bb%d1%8c-wings\/#breadcrumb\"},\"inLanguage\":\"en-GB\",\"potentialAction\":[{\"@type\":\"ReadAction\",\"target\":[\"https:\/\/vinilozona.lt\/parduotuve\/kita\/paul-mccartney-%d0%bf%d0%be%d0%bb-%d0%bc%d0%b0%d0%ba%d0%ba%d0%b0%d1%80%d1%82%d0%bd%d0%b8-%d0%b0%d0%bd%d1%81%d0%b0%d0%bc%d0%b1%d0%bb%d1%8c-wings\/\"]}]},{\"@type\":\"ImageObject\",\"inLanguage\":\"en-GB\",\"@id\":\"https:\/\/vinilozona.lt\/parduotuve\/kita\/paul-mccartney-%d0%bf%d0%be%d0%bb-%d0%bc%d0%b0%d0%ba%d0%ba%d0%b0%d1%80%d1%82%d0%bd%d0%b8-%d0%b0%d0%bd%d1%81%d0%b0%d0%bc%d0%b1%d0%bb%d1%8c-wings\/#primaryimage\",\"url\":\"https:\/\/vinilozona.lt\/wp-content\/uploads\/2025\/05\/R-6214678-1727175222-7217.jpg\",\"contentUrl\":\"https:\/\/vinilozona.lt\/wp-content\/uploads\/2025\/05\/R-6214678-1727175222-7217.jpg\",\"width\":599,\"height\":585},{\"@type\":\"BreadcrumbList\",\"@id\":\"https:\/\/vinilozona.lt\/parduotuve\/kita\/paul-mccartney-%d0%bf%d0%be%d0%bb-%d0%bc%d0%b0%d0%ba%d0%ba%d0%b0%d1%80%d1%82%d0%bd%d0%b8-%d0%b0%d0%bd%d1%81%d0%b0%d0%bc%d0%b1%d0%bb%d1%8c-wings\/#breadcrumb\",\"itemListElement\":[{\"@type\":\"ListItem\",\"position\":1,\"name\":\"Home\",\"item\":\"https:\/\/vinilozona.lt\/\"},{\"@type\":\"ListItem\",\"position\":2,\"name\":\"Parduotuv\u0117\",\"item\":\"https:\/\/vinilozona.lt\/parduotuve\/\"},{\"@type\":\"ListItem\",\"position\":3,\"name\":\"Paul McCartney &#8211; \u041f\u043e\u043b \u041c\u0430\u043a\u043a\u0430\u0440\u0442\u043d\u0438 + \u0410\u043d\u0441\u0430\u043c\u0431\u043b\u044c \u00abWings\u00bb\"}]},{\"@type\":\"WebSite\",\"@id\":\"https:\/\/vinilozona.lt\/#website\",\"url\":\"https:\/\/vinilozona.lt\/\",\"name\":\"Vinilo Zona\",\"description\":\"Nup\u016bsk dulkes ir klausyk LP\",\"potentialAction\":[{\"@type\":\"SearchAction\",\"target\":{\"@type\":\"EntryPoint\",\"urlTemplate\":\"https:\/\/vinilozona.lt\/?s={search_term_string}\"},\"query-input\":{\"@type\":\"PropertyValueSpecification\",\"valueRequired\":true,\"valueName\":\"search_term_string\"}}],\"inLanguage\":\"en-GB\"}]}<\/script>\n<!-- \/ Yoast SEO plugin. -->","yoast_head_json":{"title":"Paul McCartney - \u041f\u043e\u043b \u041c\u0430\u043a\u043a\u0430\u0440\u0442\u043d\u0438 + \u0410\u043d\u0441\u0430\u043c\u0431\u043b\u044c \u00abWings\u00bb Vinilin\u0117 Plok\u0161tel\u0117 | Vinilozona.lt","robots":{"index":"index","follow":"follow","max-snippet":"max-snippet:-1","max-image-preview":"max-image-preview:large","max-video-preview":"max-video-preview:-1"},"canonical":"https:\/\/vinilozona.lt\/en\/parduotuve\/kita\/paul-mccartney-\u043f\u043e\u043b-\u043c\u0430\u043a\u043a\u0430\u0440\u0442\u043d\u0438-\u0430\u043d\u0441\u0430\u043c\u0431\u043b\u044c-wings\/","og_locale":"en_GB","og_type":"article","og_title":"Paul McCartney - \u041f\u043e\u043b \u041c\u0430\u043a\u043a\u0430\u0440\u0442\u043d\u0438 + \u0410\u043d\u0441\u0430\u043c\u0431\u043b\u044c \u00abWings\u00bb Vinilin\u0117 Plok\u0161tel\u0117 | Vinilozona.lt","og_description":"abel: \u041c\u0435\u043b\u043e\u0434\u0438\u044f \u2013 \u0421 60\u201408733-4 Format: Vinyl, LP, Album, Repress, Red Labels Country: USSR Pressed By \u2013 \u0422\u0430\u0448\u043a\u0435\u043d\u0442\u0441\u043a\u0438\u0439 \u0417\u0430\u0432\u043e\u0434 \u0413\u0440\u0430\u043c\u043f\u043b\u0430\u0441\u0442\u0438\u043d\u043e\u043a \u0438\u043c. \u041c. \u0422. \u0422\u0430\u0448\u043c\u0443\u0445\u0430\u043c\u0435\u0434\u043e\u0432\u0430 Licensed From \u2013 EMI Records Printed By \u2013 \u0422\u0438\u043f\u043e\u0433\u0440\u0430\u0444\u0438\u044f \u0422\u0430\u0448\u043a\u0435\u043d\u0442\u0441\u043a\u043e\u0433\u043e \u0417\u0430\u0432\u043e\u0434\u0430 \u0413\u0440\u0430\u043c\u043f\u043b\u0430\u0441\u0442\u0438\u043d\u043e\u043a","og_url":"https:\/\/vinilozona.lt\/en\/parduotuve\/kita\/paul-mccartney-\u043f\u043e\u043b-\u043c\u0430\u043a\u043a\u0430\u0440\u0442\u043d\u0438-\u0430\u043d\u0441\u0430\u043c\u0431\u043b\u044c-wings\/","og_site_name":"Vinilo Zona","article_modified_time":"2025-05-29T14:39:48+00:00","og_image":[{"width":599,"height":585,"url":"https:\/\/vinilozona.lt\/wp-content\/uploads\/2025\/05\/R-6214678-1727175222-7217.jpg","type":"image\/jpeg"}],"twitter_card":"summary_large_image","twitter_misc":{"Estimated reading time":"1 minute"},"schema":{"@context":"https:\/\/schema.org","@graph":[{"@type":"WebPage","@id":"https:\/\/vinilozona.lt\/parduotuve\/kita\/paul-mccartney-%d0%bf%d0%be%d0%bb-%d0%bc%d0%b0%d0%ba%d0%ba%d0%b0%d1%80%d1%82%d0%bd%d0%b8-%d0%b0%d0%bd%d1%81%d0%b0%d0%bc%d0%b1%d0%bb%d1%8c-wings\/","url":"https:\/\/vinilozona.lt\/parduotuve\/kita\/paul-mccartney-%d0%bf%d0%be%d0%bb-%d0%bc%d0%b0%d0%ba%d0%ba%d0%b0%d1%80%d1%82%d0%bd%d0%b8-%d0%b0%d0%bd%d1%81%d0%b0%d0%bc%d0%b1%d0%bb%d1%8c-wings\/","name":"Paul McCartney - \u041f\u043e\u043b \u041c\u0430\u043a\u043a\u0430\u0440\u0442\u043d\u0438 + \u0410\u043d\u0441\u0430\u043c\u0431\u043b\u044c \u00abWings\u00bb Vinilin\u0117 Plok\u0161tel\u0117 | Vinilozona.lt","isPartOf":{"@id":"https:\/\/vinilozona.lt\/#website"},"primaryImageOfPage":{"@id":"https:\/\/vinilozona.lt\/parduotuve\/kita\/paul-mccartney-%d0%bf%d0%be%d0%bb-%d0%bc%d0%b0%d0%ba%d0%ba%d0%b0%d1%80%d1%82%d0%bd%d0%b8-%d0%b0%d0%bd%d1%81%d0%b0%d0%bc%d0%b1%d0%bb%d1%8c-wings\/#primaryimage"},"image":{"@id":"https:\/\/vinilozona.lt\/parduotuve\/kita\/paul-mccartney-%d0%bf%d0%be%d0%bb-%d0%bc%d0%b0%d0%ba%d0%ba%d0%b0%d1%80%d1%82%d0%bd%d0%b8-%d0%b0%d0%bd%d1%81%d0%b0%d0%bc%d0%b1%d0%bb%d1%8c-wings\/#primaryimage"},"thumbnailUrl":"https:\/\/vinilozona.lt\/wp-content\/uploads\/2025\/05\/R-6214678-1727175222-7217.jpg","datePublished":"2025-05-29T14:36:58+00:00","dateModified":"2025-05-29T14:39:48+00:00","breadcrumb":{"@id":"https:\/\/vinilozona.lt\/parduotuve\/kita\/paul-mccartney-%d0%bf%d0%be%d0%bb-%d0%bc%d0%b0%d0%ba%d0%ba%d0%b0%d1%80%d1%82%d0%bd%d0%b8-%d0%b0%d0%bd%d1%81%d0%b0%d0%bc%d0%b1%d0%bb%d1%8c-wings\/#breadcrumb"},"inLanguage":"en-GB","potentialAction":[{"@type":"ReadAction","target":["https:\/\/vinilozona.lt\/parduotuve\/kita\/paul-mccartney-%d0%bf%d0%be%d0%bb-%d0%bc%d0%b0%d0%ba%d0%ba%d0%b0%d1%80%d1%82%d0%bd%d0%b8-%d0%b0%d0%bd%d1%81%d0%b0%d0%bc%d0%b1%d0%bb%d1%8c-wings\/"]}]},{"@type":"ImageObject","inLanguage":"en-GB","@id":"https:\/\/vinilozona.lt\/parduotuve\/kita\/paul-mccartney-%d0%bf%d0%be%d0%bb-%d0%bc%d0%b0%d0%ba%d0%ba%d0%b0%d1%80%d1%82%d0%bd%d0%b8-%d0%b0%d0%bd%d1%81%d0%b0%d0%bc%d0%b1%d0%bb%d1%8c-wings\/#primaryimage","url":"https:\/\/vinilozona.lt\/wp-content\/uploads\/2025\/05\/R-6214678-1727175222-7217.jpg","contentUrl":"https:\/\/vinilozona.lt\/wp-content\/uploads\/2025\/05\/R-6214678-1727175222-7217.jpg","width":599,"height":585},{"@type":"BreadcrumbList","@id":"https:\/\/vinilozona.lt\/parduotuve\/kita\/paul-mccartney-%d0%bf%d0%be%d0%bb-%d0%bc%d0%b0%d0%ba%d0%ba%d0%b0%d1%80%d1%82%d0%bd%d0%b8-%d0%b0%d0%bd%d1%81%d0%b0%d0%bc%d0%b1%d0%bb%d1%8c-wings\/#breadcrumb","itemListElement":[{"@type":"ListItem","position":1,"name":"Home","item":"https:\/\/vinilozona.lt\/"},{"@type":"ListItem","position":2,"name":"Parduotuv\u0117","item":"https:\/\/vinilozona.lt\/parduotuve\/"},{"@type":"ListItem","position":3,"name":"Paul McCartney &#8211; \u041f\u043e\u043b \u041c\u0430\u043a\u043a\u0430\u0440\u0442\u043d\u0438 + \u0410\u043d\u0441\u0430\u043c\u0431\u043b\u044c \u00abWings\u00bb"}]},{"@type":"WebSite","@id":"https:\/\/vinilozona.lt\/#website","url":"https:\/\/vinilozona.lt\/","name":"Vinilo Zona","description":"Nup\u016bsk dulkes ir klausyk LP","potentialAction":[{"@type":"SearchAction","target":{"@type":"EntryPoint","urlTemplate":"https:\/\/vinilozona.lt\/?s={search_term_string}"},"query-input":{"@type":"PropertyValueSpecification","valueRequired":true,"valueName":"search_term_string"}}],"inLanguage":"en-GB"}]}},"_links":{"self":[{"href":"https:\/\/vinilozona.lt\/en\/wp-json\/wp\/v2\/product\/28267"}],"collection":[{"href":"https:\/\/vinilozona.lt\/en\/wp-json\/wp\/v2\/product"}],"about":[{"href":"https:\/\/vinilozona.lt\/en\/wp-json\/wp\/v2\/types\/product"}],"wp:featuredmedia":[{"embeddable":true,"href":"https:\/\/vinilozona.lt\/en\/wp-json\/wp\/v2\/media\/28268"}],"wp:attachment":[{"href":"https:\/\/vinilozona.lt\/en\/wp-json\/wp\/v2\/media?parent=28267"}],"wp:term":[{"taxonomy":"product_cat","embeddable":true,"href":"https:\/\/vinilozona.lt\/en\/wp-json\/wp\/v2\/product_cat?post=28267"},{"taxonomy":"product_tag","embeddable":true,"href":"https:\/\/vinilozona.lt\/en\/wp-json\/wp\/v2\/product_tag?post=28267"}],"curies":[{"name":"wp","href":"https:\/\/api.w.org\/{rel}","templated":true}]}}