{"id":28259,"date":"2025-05-29T05:10:05","date_gmt":"2025-05-29T02:10:05","guid":{"rendered":"https:\/\/vinilozona.lt\/?post_type=product&#038;p=28259"},"modified":"2025-05-29T07:10:19","modified_gmt":"2025-05-29T04:10:19","slug":"danny-adler-band-live-2lp","status":"publish","type":"product","link":"https:\/\/vinilozona.lt\/en\/parduotuve\/rock-pop\/danny-adler-band-live-2lp\/","title":{"rendered":"Danny Adler Band \u2013 Live! 2lp"},"content":{"rendered":"<p>A1\t\tAin&#8217;t Gonna Fight It\t5:02<br \/>\nA2\t\tSolid Sender\t5:07<br \/>\nA3\t\tR. I. P. (Rest In Peace)\t5:27<br \/>\nB1\t\t(0) Zero Hero\t5:05<br \/>\nB2\t\tT. G. I. F. (Thank God It&#8217;s Friday)\t5:07<br \/>\nB3\t\tGhost Train\t7:54<br \/>\nB4\t\tThe Scratch\t0:13<br \/>\nC1\t\tThe Scratch\t0:37<br \/>\nC2\t\tGusha Gusha Woman\t6:46<br \/>\nC3\t\tKiss It Goodbye\t3:42<br \/>\nC4\t\tFantasy Pants (Reprise)\t5:20<br \/>\nC5\t\tWhere Were You\t2:06<br \/>\nD1\t\tWhere Were You (Reprise)\t3:19<br \/>\nD2\t\tCincinnati Fatback\t8:27<br \/>\nD3\t\tGod On A Mudgard\t7:57<\/p>","protected":false},"excerpt":{"rendered":"<p>Line Records \u2013 LIDLP 5.00005 M<br \/>\nFormat:<br \/>\n2 x Vinyl, LP, Album, Reissue, Stereo, White<br \/>\nCountry:<br \/>\nGermany<\/p>","protected":false},"featured_media":28260,"template":"","meta":[],"product_cat":[15],"product_tag":[44],"yoast_head":"<!-- This site is optimized with the Yoast SEO plugin v23.5 - https:\/\/yoast.com\/wordpress\/plugins\/seo\/ -->\n<title>Danny Adler Band \u2013 Live! 2lp Vinilin\u0117 Plok\u0161tel\u0117 | Vinilozona.lt<\/title>\n<meta name=\"robots\" content=\"index, follow, max-snippet:-1, max-image-preview:large, max-video-preview:-1\" \/>\n<link rel=\"canonical\" href=\"https:\/\/vinilozona.lt\/en\/parduotuve\/rock-pop\/danny-adler-band-live-2lp\/\" \/>\n<meta property=\"og:locale\" content=\"en_GB\" \/>\n<meta property=\"og:type\" content=\"article\" \/>\n<meta property=\"og:title\" content=\"Danny Adler Band \u2013 Live! 2lp Vinilin\u0117 Plok\u0161tel\u0117 | Vinilozona.lt\" \/>\n<meta property=\"og:description\" content=\"Line Records \u2013 LIDLP 5.00005 M Format: 2 x Vinyl, LP, Album, Reissue, Stereo, White Country: Germany\" \/>\n<meta property=\"og:url\" content=\"https:\/\/vinilozona.lt\/en\/parduotuve\/rock-pop\/danny-adler-band-live-2lp\/\" \/>\n<meta property=\"og:site_name\" content=\"Vinilo Zona\" \/>\n<meta property=\"article:modified_time\" content=\"2025-05-29T04:10:19+00:00\" \/>\n<meta property=\"og:image\" content=\"https:\/\/vinilozona.lt\/wp-content\/uploads\/2025\/05\/R-5200673-1400177687-7956.jpg\" \/>\n\t<meta property=\"og:image:width\" content=\"600\" \/>\n\t<meta property=\"og:image:height\" content=\"597\" \/>\n\t<meta property=\"og:image:type\" content=\"image\/jpeg\" \/>\n<meta name=\"twitter:card\" content=\"summary_large_image\" \/>\n<meta name=\"twitter:label1\" content=\"Estimated reading time\" \/>\n\t<meta name=\"twitter:data1\" content=\"1 minute\" \/>\n<script type=\"application\/ld+json\" class=\"yoast-schema-graph\">{\"@context\":\"https:\/\/schema.org\",\"@graph\":[{\"@type\":\"WebPage\",\"@id\":\"https:\/\/vinilozona.lt\/parduotuve\/rock-pop\/danny-adler-band-live-2lp\/\",\"url\":\"https:\/\/vinilozona.lt\/parduotuve\/rock-pop\/danny-adler-band-live-2lp\/\",\"name\":\"Danny Adler Band \u2013 Live! 2lp Vinilin\u0117 Plok\u0161tel\u0117 | Vinilozona.lt\",\"isPartOf\":{\"@id\":\"https:\/\/vinilozona.lt\/#website\"},\"primaryImageOfPage\":{\"@id\":\"https:\/\/vinilozona.lt\/parduotuve\/rock-pop\/danny-adler-band-live-2lp\/#primaryimage\"},\"image\":{\"@id\":\"https:\/\/vinilozona.lt\/parduotuve\/rock-pop\/danny-adler-band-live-2lp\/#primaryimage\"},\"thumbnailUrl\":\"https:\/\/vinilozona.lt\/wp-content\/uploads\/2025\/05\/R-5200673-1400177687-7956.jpg\",\"datePublished\":\"2025-05-29T02:10:05+00:00\",\"dateModified\":\"2025-05-29T04:10:19+00:00\",\"breadcrumb\":{\"@id\":\"https:\/\/vinilozona.lt\/parduotuve\/rock-pop\/danny-adler-band-live-2lp\/#breadcrumb\"},\"inLanguage\":\"en-GB\",\"potentialAction\":[{\"@type\":\"ReadAction\",\"target\":[\"https:\/\/vinilozona.lt\/parduotuve\/rock-pop\/danny-adler-band-live-2lp\/\"]}]},{\"@type\":\"ImageObject\",\"inLanguage\":\"en-GB\",\"@id\":\"https:\/\/vinilozona.lt\/parduotuve\/rock-pop\/danny-adler-band-live-2lp\/#primaryimage\",\"url\":\"https:\/\/vinilozona.lt\/wp-content\/uploads\/2025\/05\/R-5200673-1400177687-7956.jpg\",\"contentUrl\":\"https:\/\/vinilozona.lt\/wp-content\/uploads\/2025\/05\/R-5200673-1400177687-7956.jpg\",\"width\":600,\"height\":597},{\"@type\":\"BreadcrumbList\",\"@id\":\"https:\/\/vinilozona.lt\/parduotuve\/rock-pop\/danny-adler-band-live-2lp\/#breadcrumb\",\"itemListElement\":[{\"@type\":\"ListItem\",\"position\":1,\"name\":\"Home\",\"item\":\"https:\/\/vinilozona.lt\/\"},{\"@type\":\"ListItem\",\"position\":2,\"name\":\"Parduotuv\u0117\",\"item\":\"https:\/\/vinilozona.lt\/parduotuve\/\"},{\"@type\":\"ListItem\",\"position\":3,\"name\":\"Danny Adler Band \u2013 Live! 2lp\"}]},{\"@type\":\"WebSite\",\"@id\":\"https:\/\/vinilozona.lt\/#website\",\"url\":\"https:\/\/vinilozona.lt\/\",\"name\":\"Vinilo Zona\",\"description\":\"Nup\u016bsk dulkes ir klausyk LP\",\"potentialAction\":[{\"@type\":\"SearchAction\",\"target\":{\"@type\":\"EntryPoint\",\"urlTemplate\":\"https:\/\/vinilozona.lt\/?s={search_term_string}\"},\"query-input\":{\"@type\":\"PropertyValueSpecification\",\"valueRequired\":true,\"valueName\":\"search_term_string\"}}],\"inLanguage\":\"en-GB\"}]}<\/script>\n<!-- \/ Yoast SEO plugin. -->","yoast_head_json":{"title":"Danny Adler Band \u2013 Live! 2lp Vinilin\u0117 Plok\u0161tel\u0117 | Vinilozona.lt","robots":{"index":"index","follow":"follow","max-snippet":"max-snippet:-1","max-image-preview":"max-image-preview:large","max-video-preview":"max-video-preview:-1"},"canonical":"https:\/\/vinilozona.lt\/en\/parduotuve\/rock-pop\/danny-adler-band-live-2lp\/","og_locale":"en_GB","og_type":"article","og_title":"Danny Adler Band \u2013 Live! 2lp Vinilin\u0117 Plok\u0161tel\u0117 | Vinilozona.lt","og_description":"Line Records \u2013 LIDLP 5.00005 M Format: 2 x Vinyl, LP, Album, Reissue, Stereo, White Country: Germany","og_url":"https:\/\/vinilozona.lt\/en\/parduotuve\/rock-pop\/danny-adler-band-live-2lp\/","og_site_name":"Vinilo Zona","article_modified_time":"2025-05-29T04:10:19+00:00","og_image":[{"width":600,"height":597,"url":"https:\/\/vinilozona.lt\/wp-content\/uploads\/2025\/05\/R-5200673-1400177687-7956.jpg","type":"image\/jpeg"}],"twitter_card":"summary_large_image","twitter_misc":{"Estimated reading time":"1 minute"},"schema":{"@context":"https:\/\/schema.org","@graph":[{"@type":"WebPage","@id":"https:\/\/vinilozona.lt\/parduotuve\/rock-pop\/danny-adler-band-live-2lp\/","url":"https:\/\/vinilozona.lt\/parduotuve\/rock-pop\/danny-adler-band-live-2lp\/","name":"Danny Adler Band \u2013 Live! 2lp Vinilin\u0117 Plok\u0161tel\u0117 | Vinilozona.lt","isPartOf":{"@id":"https:\/\/vinilozona.lt\/#website"},"primaryImageOfPage":{"@id":"https:\/\/vinilozona.lt\/parduotuve\/rock-pop\/danny-adler-band-live-2lp\/#primaryimage"},"image":{"@id":"https:\/\/vinilozona.lt\/parduotuve\/rock-pop\/danny-adler-band-live-2lp\/#primaryimage"},"thumbnailUrl":"https:\/\/vinilozona.lt\/wp-content\/uploads\/2025\/05\/R-5200673-1400177687-7956.jpg","datePublished":"2025-05-29T02:10:05+00:00","dateModified":"2025-05-29T04:10:19+00:00","breadcrumb":{"@id":"https:\/\/vinilozona.lt\/parduotuve\/rock-pop\/danny-adler-band-live-2lp\/#breadcrumb"},"inLanguage":"en-GB","potentialAction":[{"@type":"ReadAction","target":["https:\/\/vinilozona.lt\/parduotuve\/rock-pop\/danny-adler-band-live-2lp\/"]}]},{"@type":"ImageObject","inLanguage":"en-GB","@id":"https:\/\/vinilozona.lt\/parduotuve\/rock-pop\/danny-adler-band-live-2lp\/#primaryimage","url":"https:\/\/vinilozona.lt\/wp-content\/uploads\/2025\/05\/R-5200673-1400177687-7956.jpg","contentUrl":"https:\/\/vinilozona.lt\/wp-content\/uploads\/2025\/05\/R-5200673-1400177687-7956.jpg","width":600,"height":597},{"@type":"BreadcrumbList","@id":"https:\/\/vinilozona.lt\/parduotuve\/rock-pop\/danny-adler-band-live-2lp\/#breadcrumb","itemListElement":[{"@type":"ListItem","position":1,"name":"Home","item":"https:\/\/vinilozona.lt\/"},{"@type":"ListItem","position":2,"name":"Parduotuv\u0117","item":"https:\/\/vinilozona.lt\/parduotuve\/"},{"@type":"ListItem","position":3,"name":"Danny Adler Band \u2013 Live! 2lp"}]},{"@type":"WebSite","@id":"https:\/\/vinilozona.lt\/#website","url":"https:\/\/vinilozona.lt\/","name":"Vinilo Zona","description":"Nup\u016bsk dulkes ir klausyk LP","potentialAction":[{"@type":"SearchAction","target":{"@type":"EntryPoint","urlTemplate":"https:\/\/vinilozona.lt\/?s={search_term_string}"},"query-input":{"@type":"PropertyValueSpecification","valueRequired":true,"valueName":"search_term_string"}}],"inLanguage":"en-GB"}]}},"_links":{"self":[{"href":"https:\/\/vinilozona.lt\/en\/wp-json\/wp\/v2\/product\/28259"}],"collection":[{"href":"https:\/\/vinilozona.lt\/en\/wp-json\/wp\/v2\/product"}],"about":[{"href":"https:\/\/vinilozona.lt\/en\/wp-json\/wp\/v2\/types\/product"}],"wp:featuredmedia":[{"embeddable":true,"href":"https:\/\/vinilozona.lt\/en\/wp-json\/wp\/v2\/media\/28260"}],"wp:attachment":[{"href":"https:\/\/vinilozona.lt\/en\/wp-json\/wp\/v2\/media?parent=28259"}],"wp:term":[{"taxonomy":"product_cat","embeddable":true,"href":"https:\/\/vinilozona.lt\/en\/wp-json\/wp\/v2\/product_cat?post=28259"},{"taxonomy":"product_tag","embeddable":true,"href":"https:\/\/vinilozona.lt\/en\/wp-json\/wp\/v2\/product_tag?post=28259"}],"curies":[{"name":"wp","href":"https:\/\/api.w.org\/{rel}","templated":true}]}}