{"id":2823,"date":"2024-11-07T05:16:12","date_gmt":"2024-11-07T03:16:12","guid":{"rendered":"https:\/\/vinylhome.lt\/?post_type=product&#038;p=2823"},"modified":"2024-11-06T07:49:02","modified_gmt":"2024-11-06T05:49:02","slug":"cannonball-adderley-and-the-bossa-rio-sextet-of-brazil-with-sergio-mendes-%e2%80%8e-cannonballs-bossa-nova","status":"publish","type":"product","link":"https:\/\/vinilozona.lt\/en\/parduotuve\/rock-pop\/cannonball-adderley-and-the-bossa-rio-sextet-of-brazil-with-sergio-mendes-%e2%80%8e-cannonballs-bossa-nova\/","title":{"rendered":"Matt Bianco \u2013 Whose Side Are You On"},"content":{"rendered":"<p>A1\t\tWhose Side Are You On? (Extended Version)  4:32<br \/>\nA2\t\tMore Than I Can Bear  4:15<br \/>\nA3\t\tNo No Never\t3:43<br \/>\nA4\t\tHalf A Minute\t3:49<br \/>\nA5\t\tMatt&#8217;s Mood\t5:19<br \/>\nB1\t\tGet Out Of Your Lazy Bed  3:25<br \/>\nB2\t\tIt&#8217;s Getting Late  3:20<br \/>\nB3\t\tSneaking Out Of The Back Door  3:46<br \/>\nB4\t\tRiding With The Wind\t3:22<br \/>\nB5\t\tMatts Mood II\t5:15<\/p>","protected":false},"excerpt":{"rendered":"<p>WEA \u2013 240 472-1, WEA \u2013 WX 7<br \/>\nFormat:<br \/>\nVinyl, LP, Album, Stereo<br \/>\nCountry:\tEurope<br \/>\nReleased:\t1984<\/p>","protected":false},"featured_media":22853,"template":"","meta":[],"product_cat":[15],"product_tag":[44],"yoast_head":"<!-- This site is optimized with the Yoast SEO plugin v23.5 - https:\/\/yoast.com\/wordpress\/plugins\/seo\/ -->\n<title>Matt Bianco \u2013 Whose Side Are You On Vinilin\u0117 Plok\u0161tel\u0117 | Vinilozona.lt<\/title>\n<meta name=\"robots\" content=\"index, follow, max-snippet:-1, max-image-preview:large, max-video-preview:-1\" \/>\n<link rel=\"canonical\" href=\"https:\/\/vinilozona.lt\/en\/parduotuve\/rock-pop\/cannonball-adderley-and-the-bossa-rio-sextet-of-brazil-with-sergio-mendes-\u200e-cannonballs-bossa-nova\/\" \/>\n<meta property=\"og:locale\" content=\"en_GB\" \/>\n<meta property=\"og:type\" content=\"article\" \/>\n<meta property=\"og:title\" content=\"Matt Bianco \u2013 Whose Side Are You On Vinilin\u0117 Plok\u0161tel\u0117 | Vinilozona.lt\" \/>\n<meta property=\"og:description\" content=\"WEA \u2013 240 472-1, WEA \u2013 WX 7 Format:  Vinyl, LP, Album, Stereo Country: Europe Released: 1984\" \/>\n<meta property=\"og:url\" content=\"https:\/\/vinilozona.lt\/en\/parduotuve\/rock-pop\/cannonball-adderley-and-the-bossa-rio-sextet-of-brazil-with-sergio-mendes-\u200e-cannonballs-bossa-nova\/\" \/>\n<meta property=\"og:site_name\" content=\"Vinilo Zona\" \/>\n<meta property=\"article:modified_time\" content=\"2024-11-06T05:49:02+00:00\" \/>\n<meta property=\"og:image\" content=\"https:\/\/vinilozona.lt\/wp-content\/uploads\/2020\/01\/R-1717516-1559886885-2770.jpg\" \/>\n\t<meta property=\"og:image:width\" content=\"500\" \/>\n\t<meta property=\"og:image:height\" content=\"495\" \/>\n\t<meta property=\"og:image:type\" content=\"image\/jpeg\" \/>\n<meta name=\"twitter:card\" content=\"summary_large_image\" \/>\n<script type=\"application\/ld+json\" class=\"yoast-schema-graph\">{\"@context\":\"https:\/\/schema.org\",\"@graph\":[{\"@type\":\"WebPage\",\"@id\":\"https:\/\/vinilozona.lt\/parduotuve\/rock-pop\/cannonball-adderley-and-the-bossa-rio-sextet-of-brazil-with-sergio-mendes-%e2%80%8e-cannonballs-bossa-nova\/\",\"url\":\"https:\/\/vinilozona.lt\/parduotuve\/rock-pop\/cannonball-adderley-and-the-bossa-rio-sextet-of-brazil-with-sergio-mendes-%e2%80%8e-cannonballs-bossa-nova\/\",\"name\":\"Matt Bianco \u2013 Whose Side Are You On Vinilin\u0117 Plok\u0161tel\u0117 | Vinilozona.lt\",\"isPartOf\":{\"@id\":\"https:\/\/vinilozona.lt\/#website\"},\"primaryImageOfPage\":{\"@id\":\"https:\/\/vinilozona.lt\/parduotuve\/rock-pop\/cannonball-adderley-and-the-bossa-rio-sextet-of-brazil-with-sergio-mendes-%e2%80%8e-cannonballs-bossa-nova\/#primaryimage\"},\"image\":{\"@id\":\"https:\/\/vinilozona.lt\/parduotuve\/rock-pop\/cannonball-adderley-and-the-bossa-rio-sextet-of-brazil-with-sergio-mendes-%e2%80%8e-cannonballs-bossa-nova\/#primaryimage\"},\"thumbnailUrl\":\"https:\/\/vinilozona.lt\/wp-content\/uploads\/2020\/01\/R-1717516-1559886885-2770.jpg\",\"datePublished\":\"2024-11-07T03:16:12+00:00\",\"dateModified\":\"2024-11-06T05:49:02+00:00\",\"breadcrumb\":{\"@id\":\"https:\/\/vinilozona.lt\/parduotuve\/rock-pop\/cannonball-adderley-and-the-bossa-rio-sextet-of-brazil-with-sergio-mendes-%e2%80%8e-cannonballs-bossa-nova\/#breadcrumb\"},\"inLanguage\":\"en-GB\",\"potentialAction\":[{\"@type\":\"ReadAction\",\"target\":[\"https:\/\/vinilozona.lt\/parduotuve\/rock-pop\/cannonball-adderley-and-the-bossa-rio-sextet-of-brazil-with-sergio-mendes-%e2%80%8e-cannonballs-bossa-nova\/\"]}]},{\"@type\":\"ImageObject\",\"inLanguage\":\"en-GB\",\"@id\":\"https:\/\/vinilozona.lt\/parduotuve\/rock-pop\/cannonball-adderley-and-the-bossa-rio-sextet-of-brazil-with-sergio-mendes-%e2%80%8e-cannonballs-bossa-nova\/#primaryimage\",\"url\":\"https:\/\/vinilozona.lt\/wp-content\/uploads\/2020\/01\/R-1717516-1559886885-2770.jpg\",\"contentUrl\":\"https:\/\/vinilozona.lt\/wp-content\/uploads\/2020\/01\/R-1717516-1559886885-2770.jpg\",\"width\":500,\"height\":495},{\"@type\":\"BreadcrumbList\",\"@id\":\"https:\/\/vinilozona.lt\/parduotuve\/rock-pop\/cannonball-adderley-and-the-bossa-rio-sextet-of-brazil-with-sergio-mendes-%e2%80%8e-cannonballs-bossa-nova\/#breadcrumb\",\"itemListElement\":[{\"@type\":\"ListItem\",\"position\":1,\"name\":\"Home\",\"item\":\"https:\/\/vinilozona.lt\/\"},{\"@type\":\"ListItem\",\"position\":2,\"name\":\"Parduotuv\u0117\",\"item\":\"https:\/\/vinilozona.lt\/parduotuve\/\"},{\"@type\":\"ListItem\",\"position\":3,\"name\":\"Matt Bianco \u2013 Whose Side Are You On\"}]},{\"@type\":\"WebSite\",\"@id\":\"https:\/\/vinilozona.lt\/#website\",\"url\":\"https:\/\/vinilozona.lt\/\",\"name\":\"Vinilo Zona\",\"description\":\"Nup\u016bsk dulkes ir klausyk LP\",\"potentialAction\":[{\"@type\":\"SearchAction\",\"target\":{\"@type\":\"EntryPoint\",\"urlTemplate\":\"https:\/\/vinilozona.lt\/?s={search_term_string}\"},\"query-input\":{\"@type\":\"PropertyValueSpecification\",\"valueRequired\":true,\"valueName\":\"search_term_string\"}}],\"inLanguage\":\"en-GB\"}]}<\/script>\n<!-- \/ Yoast SEO plugin. -->","yoast_head_json":{"title":"Matt Bianco \u2013 Whose Side Are You On Vinilin\u0117 Plok\u0161tel\u0117 | Vinilozona.lt","robots":{"index":"index","follow":"follow","max-snippet":"max-snippet:-1","max-image-preview":"max-image-preview:large","max-video-preview":"max-video-preview:-1"},"canonical":"https:\/\/vinilozona.lt\/en\/parduotuve\/rock-pop\/cannonball-adderley-and-the-bossa-rio-sextet-of-brazil-with-sergio-mendes-\u200e-cannonballs-bossa-nova\/","og_locale":"en_GB","og_type":"article","og_title":"Matt Bianco \u2013 Whose Side Are You On Vinilin\u0117 Plok\u0161tel\u0117 | Vinilozona.lt","og_description":"WEA \u2013 240 472-1, WEA \u2013 WX 7 Format:  Vinyl, LP, Album, Stereo Country: Europe Released: 1984","og_url":"https:\/\/vinilozona.lt\/en\/parduotuve\/rock-pop\/cannonball-adderley-and-the-bossa-rio-sextet-of-brazil-with-sergio-mendes-\u200e-cannonballs-bossa-nova\/","og_site_name":"Vinilo Zona","article_modified_time":"2024-11-06T05:49:02+00:00","og_image":[{"width":500,"height":495,"url":"https:\/\/vinilozona.lt\/wp-content\/uploads\/2020\/01\/R-1717516-1559886885-2770.jpg","type":"image\/jpeg"}],"twitter_card":"summary_large_image","schema":{"@context":"https:\/\/schema.org","@graph":[{"@type":"WebPage","@id":"https:\/\/vinilozona.lt\/parduotuve\/rock-pop\/cannonball-adderley-and-the-bossa-rio-sextet-of-brazil-with-sergio-mendes-%e2%80%8e-cannonballs-bossa-nova\/","url":"https:\/\/vinilozona.lt\/parduotuve\/rock-pop\/cannonball-adderley-and-the-bossa-rio-sextet-of-brazil-with-sergio-mendes-%e2%80%8e-cannonballs-bossa-nova\/","name":"Matt Bianco \u2013 Whose Side Are You On Vinilin\u0117 Plok\u0161tel\u0117 | Vinilozona.lt","isPartOf":{"@id":"https:\/\/vinilozona.lt\/#website"},"primaryImageOfPage":{"@id":"https:\/\/vinilozona.lt\/parduotuve\/rock-pop\/cannonball-adderley-and-the-bossa-rio-sextet-of-brazil-with-sergio-mendes-%e2%80%8e-cannonballs-bossa-nova\/#primaryimage"},"image":{"@id":"https:\/\/vinilozona.lt\/parduotuve\/rock-pop\/cannonball-adderley-and-the-bossa-rio-sextet-of-brazil-with-sergio-mendes-%e2%80%8e-cannonballs-bossa-nova\/#primaryimage"},"thumbnailUrl":"https:\/\/vinilozona.lt\/wp-content\/uploads\/2020\/01\/R-1717516-1559886885-2770.jpg","datePublished":"2024-11-07T03:16:12+00:00","dateModified":"2024-11-06T05:49:02+00:00","breadcrumb":{"@id":"https:\/\/vinilozona.lt\/parduotuve\/rock-pop\/cannonball-adderley-and-the-bossa-rio-sextet-of-brazil-with-sergio-mendes-%e2%80%8e-cannonballs-bossa-nova\/#breadcrumb"},"inLanguage":"en-GB","potentialAction":[{"@type":"ReadAction","target":["https:\/\/vinilozona.lt\/parduotuve\/rock-pop\/cannonball-adderley-and-the-bossa-rio-sextet-of-brazil-with-sergio-mendes-%e2%80%8e-cannonballs-bossa-nova\/"]}]},{"@type":"ImageObject","inLanguage":"en-GB","@id":"https:\/\/vinilozona.lt\/parduotuve\/rock-pop\/cannonball-adderley-and-the-bossa-rio-sextet-of-brazil-with-sergio-mendes-%e2%80%8e-cannonballs-bossa-nova\/#primaryimage","url":"https:\/\/vinilozona.lt\/wp-content\/uploads\/2020\/01\/R-1717516-1559886885-2770.jpg","contentUrl":"https:\/\/vinilozona.lt\/wp-content\/uploads\/2020\/01\/R-1717516-1559886885-2770.jpg","width":500,"height":495},{"@type":"BreadcrumbList","@id":"https:\/\/vinilozona.lt\/parduotuve\/rock-pop\/cannonball-adderley-and-the-bossa-rio-sextet-of-brazil-with-sergio-mendes-%e2%80%8e-cannonballs-bossa-nova\/#breadcrumb","itemListElement":[{"@type":"ListItem","position":1,"name":"Home","item":"https:\/\/vinilozona.lt\/"},{"@type":"ListItem","position":2,"name":"Parduotuv\u0117","item":"https:\/\/vinilozona.lt\/parduotuve\/"},{"@type":"ListItem","position":3,"name":"Matt Bianco \u2013 Whose Side Are You On"}]},{"@type":"WebSite","@id":"https:\/\/vinilozona.lt\/#website","url":"https:\/\/vinilozona.lt\/","name":"Vinilo Zona","description":"Nup\u016bsk dulkes ir klausyk LP","potentialAction":[{"@type":"SearchAction","target":{"@type":"EntryPoint","urlTemplate":"https:\/\/vinilozona.lt\/?s={search_term_string}"},"query-input":{"@type":"PropertyValueSpecification","valueRequired":true,"valueName":"search_term_string"}}],"inLanguage":"en-GB"}]}},"_links":{"self":[{"href":"https:\/\/vinilozona.lt\/en\/wp-json\/wp\/v2\/product\/2823"}],"collection":[{"href":"https:\/\/vinilozona.lt\/en\/wp-json\/wp\/v2\/product"}],"about":[{"href":"https:\/\/vinilozona.lt\/en\/wp-json\/wp\/v2\/types\/product"}],"wp:featuredmedia":[{"embeddable":true,"href":"https:\/\/vinilozona.lt\/en\/wp-json\/wp\/v2\/media\/22853"}],"wp:attachment":[{"href":"https:\/\/vinilozona.lt\/en\/wp-json\/wp\/v2\/media?parent=2823"}],"wp:term":[{"taxonomy":"product_cat","embeddable":true,"href":"https:\/\/vinilozona.lt\/en\/wp-json\/wp\/v2\/product_cat?post=2823"},{"taxonomy":"product_tag","embeddable":true,"href":"https:\/\/vinilozona.lt\/en\/wp-json\/wp\/v2\/product_tag?post=2823"}],"curies":[{"name":"wp","href":"https:\/\/api.w.org\/{rel}","templated":true}]}}