{"id":28215,"date":"2025-05-26T05:13:06","date_gmt":"2025-05-26T02:13:06","guid":{"rendered":"https:\/\/vinilozona.lt\/?post_type=product&#038;p=28215"},"modified":"2025-05-26T11:07:49","modified_gmt":"2025-05-26T08:07:49","slug":"cher-the-greatest-hits-cd","status":"publish","type":"product","link":"https:\/\/vinilozona.lt\/en\/parduotuve\/cd\/naudoti-cd\/cher-the-greatest-hits-cd\/","title":{"rendered":"Cher \u200e\u2013 The Greatest Hits CD"},"content":{"rendered":"<p>1\tCher\u2013\tBelieve\t3:58<br \/>\n2\tCher\u2013\tThe Shoop Shoop Song (It&#8217;s In His Kiss)\t2:51<br \/>\n3\tCher\u2013\tIf I Could Turn Back Time\t3:59<br \/>\n4\tCher\u2013\tHeart Of Stone\t4:15<br \/>\n5\tCher\u2013\tLove And Understanding\t4:42<br \/>\n6\tCher\u2013\tLove Hurts\t4:16<br \/>\n7\tCher\u2013\tJust Like Jesse James\t4:06<br \/>\n8\tCher\u2013\tI Found Someone\t3:43<br \/>\n9\tCher\u2013\tOne By One\t5:03<br \/>\n10\tCher\u2013\tStrong Enough\t3:44<br \/>\n11\tCher\u2013\tAll Or Nothing\t3:58<br \/>\n12\tCher\u2013\tWalking In Memphis\t3:44<br \/>\n13\tCher, Chrissie Hynde &#038; Neneh Cherry\u2013\tLove Can Build A Bridge\t4:13<br \/>\n14\tCher\u2013\tAll I Really Want To Do\t2:57<br \/>\n15\tCher\u2013\tBang Bang\t3:50<br \/>\n16\tCher\u2013\tGypsies, Tramps And Thieves\t2:37<br \/>\n17\tSonny &#038; Cher\u2013\tThe Beat Goes On\t3:28<br \/>\n18\tSonny &#038; Cher\u2013\tI Got You Babe\t3:12<br \/>\n19\tCher\u2013\tDov&#8217;\u00e8 L&#8217;Amore (Emilio Estefan Jnr. Mix)\t3:44<\/p>","protected":false},"excerpt":{"rendered":"<p>WEA \u2013 8573 80420 2, Universal Music TV \u2013 8573 80420 2<br \/>\nFormat:<br \/>\nCD, Compilation, No Track Titles On CD<br \/>\nCountry:<br \/>\nEurope<br \/>\nReleased:<br \/>\nNov 8, 1999<\/p>","protected":false},"featured_media":28216,"template":"","meta":[],"product_cat":[24,946],"product_tag":[44],"yoast_head":"<!-- This site is optimized with the Yoast SEO plugin v23.5 - https:\/\/yoast.com\/wordpress\/plugins\/seo\/ -->\n<title>Cher \u200e\u2013 The Greatest Hits CD Vinilin\u0117 Plok\u0161tel\u0117 | Vinilozona.lt<\/title>\n<meta name=\"robots\" content=\"index, follow, max-snippet:-1, max-image-preview:large, max-video-preview:-1\" \/>\n<link rel=\"canonical\" href=\"https:\/\/vinilozona.lt\/en\/parduotuve\/cd\/naudoti-cd\/cher-the-greatest-hits-cd\/\" \/>\n<meta property=\"og:locale\" content=\"en_GB\" \/>\n<meta property=\"og:type\" content=\"article\" \/>\n<meta property=\"og:title\" content=\"Cher \u200e\u2013 The Greatest Hits CD Vinilin\u0117 Plok\u0161tel\u0117 | Vinilozona.lt\" \/>\n<meta property=\"og:description\" content=\"WEA \u2013 8573 80420 2, Universal Music TV \u2013 8573 80420 2 Format: CD, Compilation, No Track Titles On CD Country: Europe Released: Nov 8, 1999\" \/>\n<meta property=\"og:url\" content=\"https:\/\/vinilozona.lt\/en\/parduotuve\/cd\/naudoti-cd\/cher-the-greatest-hits-cd\/\" \/>\n<meta property=\"og:site_name\" content=\"Vinilo Zona\" \/>\n<meta property=\"article:modified_time\" content=\"2025-05-26T08:07:49+00:00\" \/>\n<meta property=\"og:image\" content=\"https:\/\/vinilozona.lt\/wp-content\/uploads\/2025\/05\/R-3536151-1518044896-6430.jpg\" \/>\n\t<meta property=\"og:image:width\" content=\"600\" \/>\n\t<meta property=\"og:image:height\" content=\"585\" \/>\n\t<meta property=\"og:image:type\" content=\"image\/jpeg\" \/>\n<meta name=\"twitter:card\" content=\"summary_large_image\" \/>\n<meta name=\"twitter:label1\" content=\"Estimated reading time\" \/>\n\t<meta name=\"twitter:data1\" content=\"1 minute\" \/>\n<script type=\"application\/ld+json\" class=\"yoast-schema-graph\">{\"@context\":\"https:\/\/schema.org\",\"@graph\":[{\"@type\":\"WebPage\",\"@id\":\"https:\/\/vinilozona.lt\/parduotuve\/cd\/naudoti-cd\/cher-the-greatest-hits-cd\/\",\"url\":\"https:\/\/vinilozona.lt\/parduotuve\/cd\/naudoti-cd\/cher-the-greatest-hits-cd\/\",\"name\":\"Cher \u200e\u2013 The Greatest Hits CD Vinilin\u0117 Plok\u0161tel\u0117 | Vinilozona.lt\",\"isPartOf\":{\"@id\":\"https:\/\/vinilozona.lt\/#website\"},\"primaryImageOfPage\":{\"@id\":\"https:\/\/vinilozona.lt\/parduotuve\/cd\/naudoti-cd\/cher-the-greatest-hits-cd\/#primaryimage\"},\"image\":{\"@id\":\"https:\/\/vinilozona.lt\/parduotuve\/cd\/naudoti-cd\/cher-the-greatest-hits-cd\/#primaryimage\"},\"thumbnailUrl\":\"https:\/\/vinilozona.lt\/wp-content\/uploads\/2025\/05\/R-3536151-1518044896-6430.jpg\",\"datePublished\":\"2025-05-26T02:13:06+00:00\",\"dateModified\":\"2025-05-26T08:07:49+00:00\",\"breadcrumb\":{\"@id\":\"https:\/\/vinilozona.lt\/parduotuve\/cd\/naudoti-cd\/cher-the-greatest-hits-cd\/#breadcrumb\"},\"inLanguage\":\"en-GB\",\"potentialAction\":[{\"@type\":\"ReadAction\",\"target\":[\"https:\/\/vinilozona.lt\/parduotuve\/cd\/naudoti-cd\/cher-the-greatest-hits-cd\/\"]}]},{\"@type\":\"ImageObject\",\"inLanguage\":\"en-GB\",\"@id\":\"https:\/\/vinilozona.lt\/parduotuve\/cd\/naudoti-cd\/cher-the-greatest-hits-cd\/#primaryimage\",\"url\":\"https:\/\/vinilozona.lt\/wp-content\/uploads\/2025\/05\/R-3536151-1518044896-6430.jpg\",\"contentUrl\":\"https:\/\/vinilozona.lt\/wp-content\/uploads\/2025\/05\/R-3536151-1518044896-6430.jpg\",\"width\":600,\"height\":585},{\"@type\":\"BreadcrumbList\",\"@id\":\"https:\/\/vinilozona.lt\/parduotuve\/cd\/naudoti-cd\/cher-the-greatest-hits-cd\/#breadcrumb\",\"itemListElement\":[{\"@type\":\"ListItem\",\"position\":1,\"name\":\"Home\",\"item\":\"https:\/\/vinilozona.lt\/\"},{\"@type\":\"ListItem\",\"position\":2,\"name\":\"Parduotuv\u0117\",\"item\":\"https:\/\/vinilozona.lt\/parduotuve\/\"},{\"@type\":\"ListItem\",\"position\":3,\"name\":\"Cher \u200e\u2013 The Greatest Hits CD\"}]},{\"@type\":\"WebSite\",\"@id\":\"https:\/\/vinilozona.lt\/#website\",\"url\":\"https:\/\/vinilozona.lt\/\",\"name\":\"Vinilo Zona\",\"description\":\"Nup\u016bsk dulkes ir klausyk LP\",\"potentialAction\":[{\"@type\":\"SearchAction\",\"target\":{\"@type\":\"EntryPoint\",\"urlTemplate\":\"https:\/\/vinilozona.lt\/?s={search_term_string}\"},\"query-input\":{\"@type\":\"PropertyValueSpecification\",\"valueRequired\":true,\"valueName\":\"search_term_string\"}}],\"inLanguage\":\"en-GB\"}]}<\/script>\n<!-- \/ Yoast SEO plugin. -->","yoast_head_json":{"title":"Cher \u200e\u2013 The Greatest Hits CD Vinilin\u0117 Plok\u0161tel\u0117 | Vinilozona.lt","robots":{"index":"index","follow":"follow","max-snippet":"max-snippet:-1","max-image-preview":"max-image-preview:large","max-video-preview":"max-video-preview:-1"},"canonical":"https:\/\/vinilozona.lt\/en\/parduotuve\/cd\/naudoti-cd\/cher-the-greatest-hits-cd\/","og_locale":"en_GB","og_type":"article","og_title":"Cher \u200e\u2013 The Greatest Hits CD Vinilin\u0117 Plok\u0161tel\u0117 | Vinilozona.lt","og_description":"WEA \u2013 8573 80420 2, Universal Music TV \u2013 8573 80420 2 Format: CD, Compilation, No Track Titles On CD Country: Europe Released: Nov 8, 1999","og_url":"https:\/\/vinilozona.lt\/en\/parduotuve\/cd\/naudoti-cd\/cher-the-greatest-hits-cd\/","og_site_name":"Vinilo Zona","article_modified_time":"2025-05-26T08:07:49+00:00","og_image":[{"width":600,"height":585,"url":"https:\/\/vinilozona.lt\/wp-content\/uploads\/2025\/05\/R-3536151-1518044896-6430.jpg","type":"image\/jpeg"}],"twitter_card":"summary_large_image","twitter_misc":{"Estimated reading time":"1 minute"},"schema":{"@context":"https:\/\/schema.org","@graph":[{"@type":"WebPage","@id":"https:\/\/vinilozona.lt\/parduotuve\/cd\/naudoti-cd\/cher-the-greatest-hits-cd\/","url":"https:\/\/vinilozona.lt\/parduotuve\/cd\/naudoti-cd\/cher-the-greatest-hits-cd\/","name":"Cher \u200e\u2013 The Greatest Hits CD Vinilin\u0117 Plok\u0161tel\u0117 | Vinilozona.lt","isPartOf":{"@id":"https:\/\/vinilozona.lt\/#website"},"primaryImageOfPage":{"@id":"https:\/\/vinilozona.lt\/parduotuve\/cd\/naudoti-cd\/cher-the-greatest-hits-cd\/#primaryimage"},"image":{"@id":"https:\/\/vinilozona.lt\/parduotuve\/cd\/naudoti-cd\/cher-the-greatest-hits-cd\/#primaryimage"},"thumbnailUrl":"https:\/\/vinilozona.lt\/wp-content\/uploads\/2025\/05\/R-3536151-1518044896-6430.jpg","datePublished":"2025-05-26T02:13:06+00:00","dateModified":"2025-05-26T08:07:49+00:00","breadcrumb":{"@id":"https:\/\/vinilozona.lt\/parduotuve\/cd\/naudoti-cd\/cher-the-greatest-hits-cd\/#breadcrumb"},"inLanguage":"en-GB","potentialAction":[{"@type":"ReadAction","target":["https:\/\/vinilozona.lt\/parduotuve\/cd\/naudoti-cd\/cher-the-greatest-hits-cd\/"]}]},{"@type":"ImageObject","inLanguage":"en-GB","@id":"https:\/\/vinilozona.lt\/parduotuve\/cd\/naudoti-cd\/cher-the-greatest-hits-cd\/#primaryimage","url":"https:\/\/vinilozona.lt\/wp-content\/uploads\/2025\/05\/R-3536151-1518044896-6430.jpg","contentUrl":"https:\/\/vinilozona.lt\/wp-content\/uploads\/2025\/05\/R-3536151-1518044896-6430.jpg","width":600,"height":585},{"@type":"BreadcrumbList","@id":"https:\/\/vinilozona.lt\/parduotuve\/cd\/naudoti-cd\/cher-the-greatest-hits-cd\/#breadcrumb","itemListElement":[{"@type":"ListItem","position":1,"name":"Home","item":"https:\/\/vinilozona.lt\/"},{"@type":"ListItem","position":2,"name":"Parduotuv\u0117","item":"https:\/\/vinilozona.lt\/parduotuve\/"},{"@type":"ListItem","position":3,"name":"Cher \u200e\u2013 The Greatest Hits CD"}]},{"@type":"WebSite","@id":"https:\/\/vinilozona.lt\/#website","url":"https:\/\/vinilozona.lt\/","name":"Vinilo Zona","description":"Nup\u016bsk dulkes ir klausyk LP","potentialAction":[{"@type":"SearchAction","target":{"@type":"EntryPoint","urlTemplate":"https:\/\/vinilozona.lt\/?s={search_term_string}"},"query-input":{"@type":"PropertyValueSpecification","valueRequired":true,"valueName":"search_term_string"}}],"inLanguage":"en-GB"}]}},"_links":{"self":[{"href":"https:\/\/vinilozona.lt\/en\/wp-json\/wp\/v2\/product\/28215"}],"collection":[{"href":"https:\/\/vinilozona.lt\/en\/wp-json\/wp\/v2\/product"}],"about":[{"href":"https:\/\/vinilozona.lt\/en\/wp-json\/wp\/v2\/types\/product"}],"wp:featuredmedia":[{"embeddable":true,"href":"https:\/\/vinilozona.lt\/en\/wp-json\/wp\/v2\/media\/28216"}],"wp:attachment":[{"href":"https:\/\/vinilozona.lt\/en\/wp-json\/wp\/v2\/media?parent=28215"}],"wp:term":[{"taxonomy":"product_cat","embeddable":true,"href":"https:\/\/vinilozona.lt\/en\/wp-json\/wp\/v2\/product_cat?post=28215"},{"taxonomy":"product_tag","embeddable":true,"href":"https:\/\/vinilozona.lt\/en\/wp-json\/wp\/v2\/product_tag?post=28215"}],"curies":[{"name":"wp","href":"https:\/\/api.w.org\/{rel}","templated":true}]}}