{"id":28211,"date":"2025-05-26T05:10:27","date_gmt":"2025-05-26T02:10:27","guid":{"rendered":"https:\/\/vinilozona.lt\/?post_type=product&#038;p=28211"},"modified":"2025-05-26T10:56:39","modified_gmt":"2025-05-26T07:56:39","slug":"shania-twain-up-2cd","status":"publish","type":"product","link":"https:\/\/vinilozona.lt\/en\/parduotuve\/cd\/naudoti-cd\/shania-twain-up-2cd\/","title":{"rendered":"Shania Twain \u2013 Up!  2CD"},"content":{"rendered":"<p>Red Disc\t1:13:05<br \/>\n1-1\t\tUp!\t2:52<br \/>\n1-2\t\tI&#8217;m Gonna Getcha Good!\t4:30<br \/>\n1-3\t\tShe&#8217;s Not Just A Pretty Face\t3:49<br \/>\n1-4\t\tJuanita\t3:50<br \/>\n1-5\t\tForever And For Always  4:44<br \/>\n1-6\t\tAin&#8217;t No Particular Way\t4:25<br \/>\n1-7\t\tIt Only Hurts When I&#8217;m Breathing\t3:19<br \/>\n1-8\t\tNah!\t4:09<br \/>\n1-9\t\t(Wanna Get To Know You) That Good!\t4:34<br \/>\n1-10\t\tC&#8217;est La Vie  3:42<br \/>\n1-11\t\tI&#8217;m Jealous\t4:06<br \/>\n1-12\t\tKa-Ching!\t3:20<br \/>\n1-13\t\tThank You Baby! (For Making Someday Come So Soon)\t4:01<br \/>\n1-14\t\tWaiter! Bring Me Water!\t3:19<br \/>\n1-15\t\tWhat A Way To Wanna Be!\t3:37<br \/>\n1-16\t\tI Ain&#8217;t Goin&#8217; Down\t3:57<br \/>\n1-17\t\tI&#8217;m Not In The Mood (To Say No)!\t3:26<br \/>\n1-18\t\tIn My Car (I&#8217;ll Be The Driver)\t3:17<br \/>\n1-19\t\tWhen You Kiss Me\t4:08<br \/>\nBlue Disc\t1:13:25<br \/>\n2-1\t\tUp!\t3:13<br \/>\n2-2\t\tI&#8217;m Gonna Getcha Good!\t4:34<br \/>\n2-3\t\tShe&#8217;s Not Just A Pretty Face\t3:39<br \/>\n2-4\t\tJuanita\t3:51<br \/>\n2-5\t\tForever And For Always\t4:52<br \/>\n2-6\t\tAin&#8217;t No Particular Way\t4:27<br \/>\n2-7\t\tIt Only Hurts When I&#8217;m Breathing  3:32<br \/>\n2-8\t\tNah!\t4:09<br \/>\n2-9\t\t(Wanna Get To Know You) That Good!\t4:28<br \/>\n2-10\t\tC&#8217;est La Vie\t3:37<br \/>\n2-11\t\tI&#8217;m Jealous\t4:09<br \/>\n2-12\t\tKa-Ching!\t3:33<br \/>\n2-13\t\tThank You Baby! (For Making Someday Come So Soon)\t4:01<br \/>\n2-14\t\tWaiter! Bring Me Water!\t3:38<br \/>\n2-15\t\tWhat A Way To Wanna Be!\t3:32<br \/>\n2-16\t\tI Ain&#8217;t Goin&#8217; Down\t3:44<br \/>\n2-17\t\tI&#8217;m Not In The Mood (To Say No)!\t3:23<br \/>\n2-18\t\tIn My Car (I&#8217;ll Be The Driver)\t3:11<br \/>\n2-19\t\tWhen You Kiss Me  3:56<\/p>","protected":false},"excerpt":{"rendered":"<p>Mercury \u2013 170 344-2<br \/>\nFormat:<br \/>\n2 x CD, Album, Stereo<br \/>\nCountry:<br \/>\nEurope<br \/>\nReleased:<br \/>\nNov 18, 2002<\/p>","protected":false},"featured_media":28212,"template":"","meta":[],"product_cat":[24,946],"product_tag":[44],"yoast_head":"<!-- This site is optimized with the Yoast SEO plugin v23.5 - https:\/\/yoast.com\/wordpress\/plugins\/seo\/ -->\n<title>Shania Twain \u2013 Up! 2CD Vinilin\u0117 Plok\u0161tel\u0117 | Vinilozona.lt<\/title>\n<meta name=\"robots\" content=\"index, follow, max-snippet:-1, max-image-preview:large, max-video-preview:-1\" \/>\n<link rel=\"canonical\" href=\"https:\/\/vinilozona.lt\/en\/parduotuve\/cd\/naudoti-cd\/shania-twain-up-2cd\/\" \/>\n<meta property=\"og:locale\" content=\"en_GB\" \/>\n<meta property=\"og:type\" content=\"article\" \/>\n<meta property=\"og:title\" content=\"Shania Twain \u2013 Up! 2CD Vinilin\u0117 Plok\u0161tel\u0117 | Vinilozona.lt\" \/>\n<meta property=\"og:description\" content=\"Mercury \u2013 170 344-2 Format: 2 x CD, Album, Stereo Country: Europe Released: Nov 18, 2002\" \/>\n<meta property=\"og:url\" content=\"https:\/\/vinilozona.lt\/en\/parduotuve\/cd\/naudoti-cd\/shania-twain-up-2cd\/\" \/>\n<meta property=\"og:site_name\" content=\"Vinilo Zona\" \/>\n<meta property=\"article:modified_time\" content=\"2025-05-26T07:56:39+00:00\" \/>\n<meta property=\"og:image\" content=\"https:\/\/vinilozona.lt\/wp-content\/uploads\/2025\/05\/R-7087222-1663430043-4070.jpg\" \/>\n\t<meta property=\"og:image:width\" content=\"599\" \/>\n\t<meta property=\"og:image:height\" content=\"596\" \/>\n\t<meta property=\"og:image:type\" content=\"image\/jpeg\" \/>\n<meta name=\"twitter:card\" content=\"summary_large_image\" \/>\n<meta name=\"twitter:label1\" content=\"Estimated reading time\" \/>\n\t<meta name=\"twitter:data1\" content=\"1 minute\" \/>\n<script type=\"application\/ld+json\" class=\"yoast-schema-graph\">{\"@context\":\"https:\/\/schema.org\",\"@graph\":[{\"@type\":\"WebPage\",\"@id\":\"https:\/\/vinilozona.lt\/parduotuve\/cd\/naudoti-cd\/shania-twain-up-2cd\/\",\"url\":\"https:\/\/vinilozona.lt\/parduotuve\/cd\/naudoti-cd\/shania-twain-up-2cd\/\",\"name\":\"Shania Twain \u2013 Up! 2CD Vinilin\u0117 Plok\u0161tel\u0117 | Vinilozona.lt\",\"isPartOf\":{\"@id\":\"https:\/\/vinilozona.lt\/#website\"},\"primaryImageOfPage\":{\"@id\":\"https:\/\/vinilozona.lt\/parduotuve\/cd\/naudoti-cd\/shania-twain-up-2cd\/#primaryimage\"},\"image\":{\"@id\":\"https:\/\/vinilozona.lt\/parduotuve\/cd\/naudoti-cd\/shania-twain-up-2cd\/#primaryimage\"},\"thumbnailUrl\":\"https:\/\/vinilozona.lt\/wp-content\/uploads\/2025\/05\/R-7087222-1663430043-4070.jpg\",\"datePublished\":\"2025-05-26T02:10:27+00:00\",\"dateModified\":\"2025-05-26T07:56:39+00:00\",\"breadcrumb\":{\"@id\":\"https:\/\/vinilozona.lt\/parduotuve\/cd\/naudoti-cd\/shania-twain-up-2cd\/#breadcrumb\"},\"inLanguage\":\"en-GB\",\"potentialAction\":[{\"@type\":\"ReadAction\",\"target\":[\"https:\/\/vinilozona.lt\/parduotuve\/cd\/naudoti-cd\/shania-twain-up-2cd\/\"]}]},{\"@type\":\"ImageObject\",\"inLanguage\":\"en-GB\",\"@id\":\"https:\/\/vinilozona.lt\/parduotuve\/cd\/naudoti-cd\/shania-twain-up-2cd\/#primaryimage\",\"url\":\"https:\/\/vinilozona.lt\/wp-content\/uploads\/2025\/05\/R-7087222-1663430043-4070.jpg\",\"contentUrl\":\"https:\/\/vinilozona.lt\/wp-content\/uploads\/2025\/05\/R-7087222-1663430043-4070.jpg\",\"width\":599,\"height\":596},{\"@type\":\"BreadcrumbList\",\"@id\":\"https:\/\/vinilozona.lt\/parduotuve\/cd\/naudoti-cd\/shania-twain-up-2cd\/#breadcrumb\",\"itemListElement\":[{\"@type\":\"ListItem\",\"position\":1,\"name\":\"Home\",\"item\":\"https:\/\/vinilozona.lt\/\"},{\"@type\":\"ListItem\",\"position\":2,\"name\":\"Parduotuv\u0117\",\"item\":\"https:\/\/vinilozona.lt\/parduotuve\/\"},{\"@type\":\"ListItem\",\"position\":3,\"name\":\"Shania Twain \u2013 Up! 2CD\"}]},{\"@type\":\"WebSite\",\"@id\":\"https:\/\/vinilozona.lt\/#website\",\"url\":\"https:\/\/vinilozona.lt\/\",\"name\":\"Vinilo Zona\",\"description\":\"Nup\u016bsk dulkes ir klausyk LP\",\"potentialAction\":[{\"@type\":\"SearchAction\",\"target\":{\"@type\":\"EntryPoint\",\"urlTemplate\":\"https:\/\/vinilozona.lt\/?s={search_term_string}\"},\"query-input\":{\"@type\":\"PropertyValueSpecification\",\"valueRequired\":true,\"valueName\":\"search_term_string\"}}],\"inLanguage\":\"en-GB\"}]}<\/script>\n<!-- \/ Yoast SEO plugin. -->","yoast_head_json":{"title":"Shania Twain \u2013 Up! 2CD Vinilin\u0117 Plok\u0161tel\u0117 | Vinilozona.lt","robots":{"index":"index","follow":"follow","max-snippet":"max-snippet:-1","max-image-preview":"max-image-preview:large","max-video-preview":"max-video-preview:-1"},"canonical":"https:\/\/vinilozona.lt\/en\/parduotuve\/cd\/naudoti-cd\/shania-twain-up-2cd\/","og_locale":"en_GB","og_type":"article","og_title":"Shania Twain \u2013 Up! 2CD Vinilin\u0117 Plok\u0161tel\u0117 | Vinilozona.lt","og_description":"Mercury \u2013 170 344-2 Format: 2 x CD, Album, Stereo Country: Europe Released: Nov 18, 2002","og_url":"https:\/\/vinilozona.lt\/en\/parduotuve\/cd\/naudoti-cd\/shania-twain-up-2cd\/","og_site_name":"Vinilo Zona","article_modified_time":"2025-05-26T07:56:39+00:00","og_image":[{"width":599,"height":596,"url":"https:\/\/vinilozona.lt\/wp-content\/uploads\/2025\/05\/R-7087222-1663430043-4070.jpg","type":"image\/jpeg"}],"twitter_card":"summary_large_image","twitter_misc":{"Estimated reading time":"1 minute"},"schema":{"@context":"https:\/\/schema.org","@graph":[{"@type":"WebPage","@id":"https:\/\/vinilozona.lt\/parduotuve\/cd\/naudoti-cd\/shania-twain-up-2cd\/","url":"https:\/\/vinilozona.lt\/parduotuve\/cd\/naudoti-cd\/shania-twain-up-2cd\/","name":"Shania Twain \u2013 Up! 2CD Vinilin\u0117 Plok\u0161tel\u0117 | Vinilozona.lt","isPartOf":{"@id":"https:\/\/vinilozona.lt\/#website"},"primaryImageOfPage":{"@id":"https:\/\/vinilozona.lt\/parduotuve\/cd\/naudoti-cd\/shania-twain-up-2cd\/#primaryimage"},"image":{"@id":"https:\/\/vinilozona.lt\/parduotuve\/cd\/naudoti-cd\/shania-twain-up-2cd\/#primaryimage"},"thumbnailUrl":"https:\/\/vinilozona.lt\/wp-content\/uploads\/2025\/05\/R-7087222-1663430043-4070.jpg","datePublished":"2025-05-26T02:10:27+00:00","dateModified":"2025-05-26T07:56:39+00:00","breadcrumb":{"@id":"https:\/\/vinilozona.lt\/parduotuve\/cd\/naudoti-cd\/shania-twain-up-2cd\/#breadcrumb"},"inLanguage":"en-GB","potentialAction":[{"@type":"ReadAction","target":["https:\/\/vinilozona.lt\/parduotuve\/cd\/naudoti-cd\/shania-twain-up-2cd\/"]}]},{"@type":"ImageObject","inLanguage":"en-GB","@id":"https:\/\/vinilozona.lt\/parduotuve\/cd\/naudoti-cd\/shania-twain-up-2cd\/#primaryimage","url":"https:\/\/vinilozona.lt\/wp-content\/uploads\/2025\/05\/R-7087222-1663430043-4070.jpg","contentUrl":"https:\/\/vinilozona.lt\/wp-content\/uploads\/2025\/05\/R-7087222-1663430043-4070.jpg","width":599,"height":596},{"@type":"BreadcrumbList","@id":"https:\/\/vinilozona.lt\/parduotuve\/cd\/naudoti-cd\/shania-twain-up-2cd\/#breadcrumb","itemListElement":[{"@type":"ListItem","position":1,"name":"Home","item":"https:\/\/vinilozona.lt\/"},{"@type":"ListItem","position":2,"name":"Parduotuv\u0117","item":"https:\/\/vinilozona.lt\/parduotuve\/"},{"@type":"ListItem","position":3,"name":"Shania Twain \u2013 Up! 2CD"}]},{"@type":"WebSite","@id":"https:\/\/vinilozona.lt\/#website","url":"https:\/\/vinilozona.lt\/","name":"Vinilo Zona","description":"Nup\u016bsk dulkes ir klausyk LP","potentialAction":[{"@type":"SearchAction","target":{"@type":"EntryPoint","urlTemplate":"https:\/\/vinilozona.lt\/?s={search_term_string}"},"query-input":{"@type":"PropertyValueSpecification","valueRequired":true,"valueName":"search_term_string"}}],"inLanguage":"en-GB"}]}},"_links":{"self":[{"href":"https:\/\/vinilozona.lt\/en\/wp-json\/wp\/v2\/product\/28211"}],"collection":[{"href":"https:\/\/vinilozona.lt\/en\/wp-json\/wp\/v2\/product"}],"about":[{"href":"https:\/\/vinilozona.lt\/en\/wp-json\/wp\/v2\/types\/product"}],"wp:featuredmedia":[{"embeddable":true,"href":"https:\/\/vinilozona.lt\/en\/wp-json\/wp\/v2\/media\/28212"}],"wp:attachment":[{"href":"https:\/\/vinilozona.lt\/en\/wp-json\/wp\/v2\/media?parent=28211"}],"wp:term":[{"taxonomy":"product_cat","embeddable":true,"href":"https:\/\/vinilozona.lt\/en\/wp-json\/wp\/v2\/product_cat?post=28211"},{"taxonomy":"product_tag","embeddable":true,"href":"https:\/\/vinilozona.lt\/en\/wp-json\/wp\/v2\/product_tag?post=28211"}],"curies":[{"name":"wp","href":"https:\/\/api.w.org\/{rel}","templated":true}]}}