{"id":28163,"date":"2025-05-20T05:18:33","date_gmt":"2025-05-20T02:18:33","guid":{"rendered":"https:\/\/vinilozona.lt\/?post_type=product&#038;p=28163"},"modified":"2025-05-20T07:20:49","modified_gmt":"2025-05-20T04:20:49","slug":"wishbone-ash-nouveau-calls","status":"publish","type":"product","link":"https:\/\/vinilozona.lt\/en\/parduotuve\/rock-pop\/wishbone-ash-nouveau-calls\/","title":{"rendered":"Wishbone Ash \u200e\u2013 Nouveau calls"},"content":{"rendered":"<p>Tangible Evidence\t4:18<br \/>\nClousseau\t3:38<br \/>\nFlags Of Convenience\t4:27<br \/>\nFrom Soho To Sunset\t3:24<br \/>\nArabesque\t4:24<br \/>\nIn The Skin\t4:48<br \/>\nSomething&#8217;s Happening In Room 602\t3:30<br \/>\nJohnny Left Home Without It\t3:38<br \/>\nThe Spirit Flies Free\t3:41<br \/>\nA Rose Is A Rose\t3:32<br \/>\nReal Guitars Have Wings\t3:10<\/p>","protected":false},"excerpt":{"rendered":"<p>I.R.S. No Speak \u2013 NO SPEAK 002, I.R.S. No Speak \u2013 ILP 460473 1<br \/>\nFormat:<br \/>\nVinyl, LP, Album, Stereo<br \/>\nCountry:<br \/>\nEurope<br \/>\nReleased:<br \/>\n1987<\/p>","protected":false},"featured_media":28164,"template":"","meta":[],"product_cat":[15],"product_tag":[44],"yoast_head":"<!-- This site is optimized with the Yoast SEO plugin v23.5 - https:\/\/yoast.com\/wordpress\/plugins\/seo\/ -->\n<title>Wishbone Ash \u200e\u2013 Nouveau calls Vinilin\u0117 Plok\u0161tel\u0117 | Vinilozona.lt<\/title>\n<meta name=\"robots\" content=\"index, follow, max-snippet:-1, max-image-preview:large, max-video-preview:-1\" \/>\n<link rel=\"canonical\" href=\"https:\/\/vinilozona.lt\/en\/parduotuve\/rock-pop\/wishbone-ash-nouveau-calls\/\" \/>\n<meta property=\"og:locale\" content=\"en_GB\" \/>\n<meta property=\"og:type\" content=\"article\" \/>\n<meta property=\"og:title\" content=\"Wishbone Ash \u200e\u2013 Nouveau calls Vinilin\u0117 Plok\u0161tel\u0117 | Vinilozona.lt\" \/>\n<meta property=\"og:description\" content=\"I.R.S. No Speak \u2013 NO SPEAK 002, I.R.S. No Speak \u2013 ILP 460473 1 Format: Vinyl, LP, Album, Stereo Country: Europe Released: 1987\" \/>\n<meta property=\"og:url\" content=\"https:\/\/vinilozona.lt\/en\/parduotuve\/rock-pop\/wishbone-ash-nouveau-calls\/\" \/>\n<meta property=\"og:site_name\" content=\"Vinilo Zona\" \/>\n<meta property=\"article:modified_time\" content=\"2025-05-20T04:20:49+00:00\" \/>\n<meta property=\"og:image\" content=\"https:\/\/vinilozona.lt\/wp-content\/uploads\/2025\/05\/R-900578-1182116632.jpg\" \/>\n\t<meta property=\"og:image:width\" content=\"600\" \/>\n\t<meta property=\"og:image:height\" content=\"600\" \/>\n\t<meta property=\"og:image:type\" content=\"image\/jpeg\" \/>\n<meta name=\"twitter:card\" content=\"summary_large_image\" \/>\n<meta name=\"twitter:label1\" content=\"Estimated reading time\" \/>\n\t<meta name=\"twitter:data1\" content=\"1 minute\" \/>\n<script type=\"application\/ld+json\" class=\"yoast-schema-graph\">{\"@context\":\"https:\/\/schema.org\",\"@graph\":[{\"@type\":\"WebPage\",\"@id\":\"https:\/\/vinilozona.lt\/parduotuve\/rock-pop\/wishbone-ash-nouveau-calls\/\",\"url\":\"https:\/\/vinilozona.lt\/parduotuve\/rock-pop\/wishbone-ash-nouveau-calls\/\",\"name\":\"Wishbone Ash \u200e\u2013 Nouveau calls Vinilin\u0117 Plok\u0161tel\u0117 | Vinilozona.lt\",\"isPartOf\":{\"@id\":\"https:\/\/vinilozona.lt\/#website\"},\"primaryImageOfPage\":{\"@id\":\"https:\/\/vinilozona.lt\/parduotuve\/rock-pop\/wishbone-ash-nouveau-calls\/#primaryimage\"},\"image\":{\"@id\":\"https:\/\/vinilozona.lt\/parduotuve\/rock-pop\/wishbone-ash-nouveau-calls\/#primaryimage\"},\"thumbnailUrl\":\"https:\/\/vinilozona.lt\/wp-content\/uploads\/2025\/05\/R-900578-1182116632.jpg\",\"datePublished\":\"2025-05-20T02:18:33+00:00\",\"dateModified\":\"2025-05-20T04:20:49+00:00\",\"breadcrumb\":{\"@id\":\"https:\/\/vinilozona.lt\/parduotuve\/rock-pop\/wishbone-ash-nouveau-calls\/#breadcrumb\"},\"inLanguage\":\"en-GB\",\"potentialAction\":[{\"@type\":\"ReadAction\",\"target\":[\"https:\/\/vinilozona.lt\/parduotuve\/rock-pop\/wishbone-ash-nouveau-calls\/\"]}]},{\"@type\":\"ImageObject\",\"inLanguage\":\"en-GB\",\"@id\":\"https:\/\/vinilozona.lt\/parduotuve\/rock-pop\/wishbone-ash-nouveau-calls\/#primaryimage\",\"url\":\"https:\/\/vinilozona.lt\/wp-content\/uploads\/2025\/05\/R-900578-1182116632.jpg\",\"contentUrl\":\"https:\/\/vinilozona.lt\/wp-content\/uploads\/2025\/05\/R-900578-1182116632.jpg\",\"width\":600,\"height\":600},{\"@type\":\"BreadcrumbList\",\"@id\":\"https:\/\/vinilozona.lt\/parduotuve\/rock-pop\/wishbone-ash-nouveau-calls\/#breadcrumb\",\"itemListElement\":[{\"@type\":\"ListItem\",\"position\":1,\"name\":\"Home\",\"item\":\"https:\/\/vinilozona.lt\/\"},{\"@type\":\"ListItem\",\"position\":2,\"name\":\"Parduotuv\u0117\",\"item\":\"https:\/\/vinilozona.lt\/parduotuve\/\"},{\"@type\":\"ListItem\",\"position\":3,\"name\":\"Wishbone Ash \u200e\u2013 Nouveau calls\"}]},{\"@type\":\"WebSite\",\"@id\":\"https:\/\/vinilozona.lt\/#website\",\"url\":\"https:\/\/vinilozona.lt\/\",\"name\":\"Vinilo Zona\",\"description\":\"Nup\u016bsk dulkes ir klausyk LP\",\"potentialAction\":[{\"@type\":\"SearchAction\",\"target\":{\"@type\":\"EntryPoint\",\"urlTemplate\":\"https:\/\/vinilozona.lt\/?s={search_term_string}\"},\"query-input\":{\"@type\":\"PropertyValueSpecification\",\"valueRequired\":true,\"valueName\":\"search_term_string\"}}],\"inLanguage\":\"en-GB\"}]}<\/script>\n<!-- \/ Yoast SEO plugin. -->","yoast_head_json":{"title":"Wishbone Ash \u200e\u2013 Nouveau calls Vinilin\u0117 Plok\u0161tel\u0117 | Vinilozona.lt","robots":{"index":"index","follow":"follow","max-snippet":"max-snippet:-1","max-image-preview":"max-image-preview:large","max-video-preview":"max-video-preview:-1"},"canonical":"https:\/\/vinilozona.lt\/en\/parduotuve\/rock-pop\/wishbone-ash-nouveau-calls\/","og_locale":"en_GB","og_type":"article","og_title":"Wishbone Ash \u200e\u2013 Nouveau calls Vinilin\u0117 Plok\u0161tel\u0117 | Vinilozona.lt","og_description":"I.R.S. No Speak \u2013 NO SPEAK 002, I.R.S. No Speak \u2013 ILP 460473 1 Format: Vinyl, LP, Album, Stereo Country: Europe Released: 1987","og_url":"https:\/\/vinilozona.lt\/en\/parduotuve\/rock-pop\/wishbone-ash-nouveau-calls\/","og_site_name":"Vinilo Zona","article_modified_time":"2025-05-20T04:20:49+00:00","og_image":[{"width":600,"height":600,"url":"https:\/\/vinilozona.lt\/wp-content\/uploads\/2025\/05\/R-900578-1182116632.jpg","type":"image\/jpeg"}],"twitter_card":"summary_large_image","twitter_misc":{"Estimated reading time":"1 minute"},"schema":{"@context":"https:\/\/schema.org","@graph":[{"@type":"WebPage","@id":"https:\/\/vinilozona.lt\/parduotuve\/rock-pop\/wishbone-ash-nouveau-calls\/","url":"https:\/\/vinilozona.lt\/parduotuve\/rock-pop\/wishbone-ash-nouveau-calls\/","name":"Wishbone Ash \u200e\u2013 Nouveau calls Vinilin\u0117 Plok\u0161tel\u0117 | Vinilozona.lt","isPartOf":{"@id":"https:\/\/vinilozona.lt\/#website"},"primaryImageOfPage":{"@id":"https:\/\/vinilozona.lt\/parduotuve\/rock-pop\/wishbone-ash-nouveau-calls\/#primaryimage"},"image":{"@id":"https:\/\/vinilozona.lt\/parduotuve\/rock-pop\/wishbone-ash-nouveau-calls\/#primaryimage"},"thumbnailUrl":"https:\/\/vinilozona.lt\/wp-content\/uploads\/2025\/05\/R-900578-1182116632.jpg","datePublished":"2025-05-20T02:18:33+00:00","dateModified":"2025-05-20T04:20:49+00:00","breadcrumb":{"@id":"https:\/\/vinilozona.lt\/parduotuve\/rock-pop\/wishbone-ash-nouveau-calls\/#breadcrumb"},"inLanguage":"en-GB","potentialAction":[{"@type":"ReadAction","target":["https:\/\/vinilozona.lt\/parduotuve\/rock-pop\/wishbone-ash-nouveau-calls\/"]}]},{"@type":"ImageObject","inLanguage":"en-GB","@id":"https:\/\/vinilozona.lt\/parduotuve\/rock-pop\/wishbone-ash-nouveau-calls\/#primaryimage","url":"https:\/\/vinilozona.lt\/wp-content\/uploads\/2025\/05\/R-900578-1182116632.jpg","contentUrl":"https:\/\/vinilozona.lt\/wp-content\/uploads\/2025\/05\/R-900578-1182116632.jpg","width":600,"height":600},{"@type":"BreadcrumbList","@id":"https:\/\/vinilozona.lt\/parduotuve\/rock-pop\/wishbone-ash-nouveau-calls\/#breadcrumb","itemListElement":[{"@type":"ListItem","position":1,"name":"Home","item":"https:\/\/vinilozona.lt\/"},{"@type":"ListItem","position":2,"name":"Parduotuv\u0117","item":"https:\/\/vinilozona.lt\/parduotuve\/"},{"@type":"ListItem","position":3,"name":"Wishbone Ash \u200e\u2013 Nouveau calls"}]},{"@type":"WebSite","@id":"https:\/\/vinilozona.lt\/#website","url":"https:\/\/vinilozona.lt\/","name":"Vinilo Zona","description":"Nup\u016bsk dulkes ir klausyk LP","potentialAction":[{"@type":"SearchAction","target":{"@type":"EntryPoint","urlTemplate":"https:\/\/vinilozona.lt\/?s={search_term_string}"},"query-input":{"@type":"PropertyValueSpecification","valueRequired":true,"valueName":"search_term_string"}}],"inLanguage":"en-GB"}]}},"_links":{"self":[{"href":"https:\/\/vinilozona.lt\/en\/wp-json\/wp\/v2\/product\/28163"}],"collection":[{"href":"https:\/\/vinilozona.lt\/en\/wp-json\/wp\/v2\/product"}],"about":[{"href":"https:\/\/vinilozona.lt\/en\/wp-json\/wp\/v2\/types\/product"}],"wp:featuredmedia":[{"embeddable":true,"href":"https:\/\/vinilozona.lt\/en\/wp-json\/wp\/v2\/media\/28164"}],"wp:attachment":[{"href":"https:\/\/vinilozona.lt\/en\/wp-json\/wp\/v2\/media?parent=28163"}],"wp:term":[{"taxonomy":"product_cat","embeddable":true,"href":"https:\/\/vinilozona.lt\/en\/wp-json\/wp\/v2\/product_cat?post=28163"},{"taxonomy":"product_tag","embeddable":true,"href":"https:\/\/vinilozona.lt\/en\/wp-json\/wp\/v2\/product_tag?post=28163"}],"curies":[{"name":"wp","href":"https:\/\/api.w.org\/{rel}","templated":true}]}}