{"id":28045,"date":"2025-05-13T05:09:05","date_gmt":"2025-05-13T02:09:05","guid":{"rendered":"https:\/\/vinilozona.lt\/?post_type=product&#038;p=28045"},"modified":"2025-08-12T11:45:40","modified_gmt":"2025-08-12T08:45:40","slug":"skirmantas-sasnauskas-utara-pasikleketavimai-chitter-chatter","status":"publish","type":"product","link":"https:\/\/vinilozona.lt\/en\/parduotuve\/lietuviska\/skirmantas-sasnauskas-utara-pasikleketavimai-chitter-chatter\/","title":{"rendered":"Skirmantas Sasnauskas, \u016atara \u2013 Pasikleketavimai = Chitter-chatter"},"content":{"rendered":"<p>A1\t\t\u012e Kaim\u0105 Braunas Miestas, Tad Vi\u0161tela Karkia = The City Is Creeping Into The Village, So The Little Hen Cackles<br \/>\nA2\t\tDebesin\u0117s Dalijo Karveli\u0173 Burkavim\u0105 = The Cloudy Days Gave Out The Cooing Of Doves<br \/>\nA3\t\tTu Vanageli = Hey, Little Hawk<br \/>\nA4\t\tKaimynai Per Up\u0119, Bet Ka\u017ein K\u0173 \u010ci \u017d\u0173sin\u0117lis Geria? = The Neighbours Are Across The River, But What Is The Goose Drinking Here?<br \/>\nB1\t\tA\u0161 Kalbu, O Bitel\u0117s Skraido = I Speak As The Bees Fly<br \/>\nB2\t\tAntys Vypso, Kaip Kiaul\u0117s Dund\u0173 Dundais Eina = The Ducks Gawk How The Pigs Are Running Loudly<br \/>\nB3\t\tUntynas Vadino Unt\u0117l\u0173 Krauj\u0117lio Tvenkin\u0117lin = The Drake Invited The Duck To The Bloody Pond<br \/>\nB4\t\tKad Priskrido Kuoseli\u0173 Ber\u017eely, O Genys Sve\u010di\u0173 Prisikviet Alaus = Loads Of Jackdaws Landed In The Birch, And The Woodpecker Invited Guests To Drink Beer<\/p>","protected":false},"excerpt":{"rendered":"<p>Label: KiskiuKopustu Records \u2013 &#8211;<br \/>\nFormat:<br \/>\nVinyl, LP, Album, Limited Edition, Numbered, burgundy smoke<br \/>\nCountry: Lithuania<br \/>\nReleased: 2025<br \/>\nGenre:<br \/>\nElectronic, Jazz, Folk, World, &#038; Country<br \/>\nStyle:<br \/>\nExperimental, Folk, Free Improvisation<\/p>","protected":false},"featured_media":28046,"template":"","meta":[],"product_cat":[20,19,23],"product_tag":[44],"yoast_head":"<!-- This site is optimized with the Yoast SEO plugin v23.5 - https:\/\/yoast.com\/wordpress\/plugins\/seo\/ -->\n<title>Skirmantas Sasnauskas, \u016atara \u2013 Pasikleketavimai = Chitter-chatter Vinilin\u0117 Plok\u0161tel\u0117 | Vinilozona.lt<\/title>\n<meta name=\"robots\" content=\"index, follow, max-snippet:-1, max-image-preview:large, max-video-preview:-1\" \/>\n<link rel=\"canonical\" href=\"https:\/\/vinilozona.lt\/en\/parduotuve\/lietuviska\/skirmantas-sasnauskas-utara-pasikleketavimai-chitter-chatter\/\" \/>\n<meta property=\"og:locale\" content=\"en_GB\" \/>\n<meta property=\"og:type\" content=\"article\" \/>\n<meta property=\"og:title\" content=\"Skirmantas Sasnauskas, \u016atara \u2013 Pasikleketavimai = Chitter-chatter Vinilin\u0117 Plok\u0161tel\u0117 | Vinilozona.lt\" \/>\n<meta property=\"og:description\" content=\"Label: KiskiuKopustu Records \u2013 - Format: Vinyl, LP, Album, Limited Edition, Numbered, burgundy smoke Country: Lithuania Released: 2025 Genre: Electronic, Jazz, Folk, World, &amp; Country Style: Experimental, Folk, Free Improvisation\" \/>\n<meta property=\"og:url\" content=\"https:\/\/vinilozona.lt\/en\/parduotuve\/lietuviska\/skirmantas-sasnauskas-utara-pasikleketavimai-chitter-chatter\/\" \/>\n<meta property=\"og:site_name\" content=\"Vinilo Zona\" \/>\n<meta property=\"article:modified_time\" content=\"2025-08-12T08:45:40+00:00\" \/>\n<meta property=\"og:image\" content=\"https:\/\/vinilozona.lt\/wp-content\/uploads\/2025\/05\/R-32956986-1737890539-6750.jpg\" \/>\n\t<meta property=\"og:image:width\" content=\"600\" \/>\n\t<meta property=\"og:image:height\" content=\"600\" \/>\n\t<meta property=\"og:image:type\" content=\"image\/jpeg\" \/>\n<meta name=\"twitter:card\" content=\"summary_large_image\" \/>\n<meta name=\"twitter:label1\" content=\"Estimated reading time\" \/>\n\t<meta name=\"twitter:data1\" content=\"1 minute\" \/>\n<script type=\"application\/ld+json\" class=\"yoast-schema-graph\">{\"@context\":\"https:\/\/schema.org\",\"@graph\":[{\"@type\":\"WebPage\",\"@id\":\"https:\/\/vinilozona.lt\/parduotuve\/lietuviska\/skirmantas-sasnauskas-utara-pasikleketavimai-chitter-chatter\/\",\"url\":\"https:\/\/vinilozona.lt\/parduotuve\/lietuviska\/skirmantas-sasnauskas-utara-pasikleketavimai-chitter-chatter\/\",\"name\":\"Skirmantas Sasnauskas, \u016atara \u2013 Pasikleketavimai = Chitter-chatter Vinilin\u0117 Plok\u0161tel\u0117 | Vinilozona.lt\",\"isPartOf\":{\"@id\":\"https:\/\/vinilozona.lt\/#website\"},\"primaryImageOfPage\":{\"@id\":\"https:\/\/vinilozona.lt\/parduotuve\/lietuviska\/skirmantas-sasnauskas-utara-pasikleketavimai-chitter-chatter\/#primaryimage\"},\"image\":{\"@id\":\"https:\/\/vinilozona.lt\/parduotuve\/lietuviska\/skirmantas-sasnauskas-utara-pasikleketavimai-chitter-chatter\/#primaryimage\"},\"thumbnailUrl\":\"https:\/\/vinilozona.lt\/wp-content\/uploads\/2025\/05\/R-32956986-1737890539-6750.jpg\",\"datePublished\":\"2025-05-13T02:09:05+00:00\",\"dateModified\":\"2025-08-12T08:45:40+00:00\",\"breadcrumb\":{\"@id\":\"https:\/\/vinilozona.lt\/parduotuve\/lietuviska\/skirmantas-sasnauskas-utara-pasikleketavimai-chitter-chatter\/#breadcrumb\"},\"inLanguage\":\"en-GB\",\"potentialAction\":[{\"@type\":\"ReadAction\",\"target\":[\"https:\/\/vinilozona.lt\/parduotuve\/lietuviska\/skirmantas-sasnauskas-utara-pasikleketavimai-chitter-chatter\/\"]}]},{\"@type\":\"ImageObject\",\"inLanguage\":\"en-GB\",\"@id\":\"https:\/\/vinilozona.lt\/parduotuve\/lietuviska\/skirmantas-sasnauskas-utara-pasikleketavimai-chitter-chatter\/#primaryimage\",\"url\":\"https:\/\/vinilozona.lt\/wp-content\/uploads\/2025\/05\/R-32956986-1737890539-6750.jpg\",\"contentUrl\":\"https:\/\/vinilozona.lt\/wp-content\/uploads\/2025\/05\/R-32956986-1737890539-6750.jpg\",\"width\":600,\"height\":600},{\"@type\":\"BreadcrumbList\",\"@id\":\"https:\/\/vinilozona.lt\/parduotuve\/lietuviska\/skirmantas-sasnauskas-utara-pasikleketavimai-chitter-chatter\/#breadcrumb\",\"itemListElement\":[{\"@type\":\"ListItem\",\"position\":1,\"name\":\"Home\",\"item\":\"https:\/\/vinilozona.lt\/\"},{\"@type\":\"ListItem\",\"position\":2,\"name\":\"Parduotuv\u0117\",\"item\":\"https:\/\/vinilozona.lt\/parduotuve\/\"},{\"@type\":\"ListItem\",\"position\":3,\"name\":\"Skirmantas Sasnauskas, \u016atara \u2013 Pasikleketavimai = Chitter-chatter\"}]},{\"@type\":\"WebSite\",\"@id\":\"https:\/\/vinilozona.lt\/#website\",\"url\":\"https:\/\/vinilozona.lt\/\",\"name\":\"Vinilo Zona\",\"description\":\"Nup\u016bsk dulkes ir klausyk LP\",\"potentialAction\":[{\"@type\":\"SearchAction\",\"target\":{\"@type\":\"EntryPoint\",\"urlTemplate\":\"https:\/\/vinilozona.lt\/?s={search_term_string}\"},\"query-input\":{\"@type\":\"PropertyValueSpecification\",\"valueRequired\":true,\"valueName\":\"search_term_string\"}}],\"inLanguage\":\"en-GB\"}]}<\/script>\n<!-- \/ Yoast SEO plugin. -->","yoast_head_json":{"title":"Skirmantas Sasnauskas, \u016atara \u2013 Pasikleketavimai = Chitter-chatter Vinilin\u0117 Plok\u0161tel\u0117 | Vinilozona.lt","robots":{"index":"index","follow":"follow","max-snippet":"max-snippet:-1","max-image-preview":"max-image-preview:large","max-video-preview":"max-video-preview:-1"},"canonical":"https:\/\/vinilozona.lt\/en\/parduotuve\/lietuviska\/skirmantas-sasnauskas-utara-pasikleketavimai-chitter-chatter\/","og_locale":"en_GB","og_type":"article","og_title":"Skirmantas Sasnauskas, \u016atara \u2013 Pasikleketavimai = Chitter-chatter Vinilin\u0117 Plok\u0161tel\u0117 | Vinilozona.lt","og_description":"Label: KiskiuKopustu Records \u2013 - Format: Vinyl, LP, Album, Limited Edition, Numbered, burgundy smoke Country: Lithuania Released: 2025 Genre: Electronic, Jazz, Folk, World, & Country Style: Experimental, Folk, Free Improvisation","og_url":"https:\/\/vinilozona.lt\/en\/parduotuve\/lietuviska\/skirmantas-sasnauskas-utara-pasikleketavimai-chitter-chatter\/","og_site_name":"Vinilo Zona","article_modified_time":"2025-08-12T08:45:40+00:00","og_image":[{"width":600,"height":600,"url":"https:\/\/vinilozona.lt\/wp-content\/uploads\/2025\/05\/R-32956986-1737890539-6750.jpg","type":"image\/jpeg"}],"twitter_card":"summary_large_image","twitter_misc":{"Estimated reading time":"1 minute"},"schema":{"@context":"https:\/\/schema.org","@graph":[{"@type":"WebPage","@id":"https:\/\/vinilozona.lt\/parduotuve\/lietuviska\/skirmantas-sasnauskas-utara-pasikleketavimai-chitter-chatter\/","url":"https:\/\/vinilozona.lt\/parduotuve\/lietuviska\/skirmantas-sasnauskas-utara-pasikleketavimai-chitter-chatter\/","name":"Skirmantas Sasnauskas, \u016atara \u2013 Pasikleketavimai = Chitter-chatter Vinilin\u0117 Plok\u0161tel\u0117 | Vinilozona.lt","isPartOf":{"@id":"https:\/\/vinilozona.lt\/#website"},"primaryImageOfPage":{"@id":"https:\/\/vinilozona.lt\/parduotuve\/lietuviska\/skirmantas-sasnauskas-utara-pasikleketavimai-chitter-chatter\/#primaryimage"},"image":{"@id":"https:\/\/vinilozona.lt\/parduotuve\/lietuviska\/skirmantas-sasnauskas-utara-pasikleketavimai-chitter-chatter\/#primaryimage"},"thumbnailUrl":"https:\/\/vinilozona.lt\/wp-content\/uploads\/2025\/05\/R-32956986-1737890539-6750.jpg","datePublished":"2025-05-13T02:09:05+00:00","dateModified":"2025-08-12T08:45:40+00:00","breadcrumb":{"@id":"https:\/\/vinilozona.lt\/parduotuve\/lietuviska\/skirmantas-sasnauskas-utara-pasikleketavimai-chitter-chatter\/#breadcrumb"},"inLanguage":"en-GB","potentialAction":[{"@type":"ReadAction","target":["https:\/\/vinilozona.lt\/parduotuve\/lietuviska\/skirmantas-sasnauskas-utara-pasikleketavimai-chitter-chatter\/"]}]},{"@type":"ImageObject","inLanguage":"en-GB","@id":"https:\/\/vinilozona.lt\/parduotuve\/lietuviska\/skirmantas-sasnauskas-utara-pasikleketavimai-chitter-chatter\/#primaryimage","url":"https:\/\/vinilozona.lt\/wp-content\/uploads\/2025\/05\/R-32956986-1737890539-6750.jpg","contentUrl":"https:\/\/vinilozona.lt\/wp-content\/uploads\/2025\/05\/R-32956986-1737890539-6750.jpg","width":600,"height":600},{"@type":"BreadcrumbList","@id":"https:\/\/vinilozona.lt\/parduotuve\/lietuviska\/skirmantas-sasnauskas-utara-pasikleketavimai-chitter-chatter\/#breadcrumb","itemListElement":[{"@type":"ListItem","position":1,"name":"Home","item":"https:\/\/vinilozona.lt\/"},{"@type":"ListItem","position":2,"name":"Parduotuv\u0117","item":"https:\/\/vinilozona.lt\/parduotuve\/"},{"@type":"ListItem","position":3,"name":"Skirmantas Sasnauskas, \u016atara \u2013 Pasikleketavimai = Chitter-chatter"}]},{"@type":"WebSite","@id":"https:\/\/vinilozona.lt\/#website","url":"https:\/\/vinilozona.lt\/","name":"Vinilo Zona","description":"Nup\u016bsk dulkes ir klausyk LP","potentialAction":[{"@type":"SearchAction","target":{"@type":"EntryPoint","urlTemplate":"https:\/\/vinilozona.lt\/?s={search_term_string}"},"query-input":{"@type":"PropertyValueSpecification","valueRequired":true,"valueName":"search_term_string"}}],"inLanguage":"en-GB"}]}},"_links":{"self":[{"href":"https:\/\/vinilozona.lt\/en\/wp-json\/wp\/v2\/product\/28045"}],"collection":[{"href":"https:\/\/vinilozona.lt\/en\/wp-json\/wp\/v2\/product"}],"about":[{"href":"https:\/\/vinilozona.lt\/en\/wp-json\/wp\/v2\/types\/product"}],"wp:featuredmedia":[{"embeddable":true,"href":"https:\/\/vinilozona.lt\/en\/wp-json\/wp\/v2\/media\/28046"}],"wp:attachment":[{"href":"https:\/\/vinilozona.lt\/en\/wp-json\/wp\/v2\/media?parent=28045"}],"wp:term":[{"taxonomy":"product_cat","embeddable":true,"href":"https:\/\/vinilozona.lt\/en\/wp-json\/wp\/v2\/product_cat?post=28045"},{"taxonomy":"product_tag","embeddable":true,"href":"https:\/\/vinilozona.lt\/en\/wp-json\/wp\/v2\/product_tag?post=28045"}],"curies":[{"name":"wp","href":"https:\/\/api.w.org\/{rel}","templated":true}]}}