{"id":2801,"date":"2025-05-22T05:08:30","date_gmt":"2025-05-22T02:08:30","guid":{"rendered":"https:\/\/vinylhome.lt\/?post_type=product&#038;p=2801"},"modified":"2025-05-22T06:56:16","modified_gmt":"2025-05-22T03:56:16","slug":"kid-creole-the-coconuts-tropical-gangsters","status":"publish","type":"product","link":"https:\/\/vinilozona.lt\/en\/parduotuve\/rock-pop\/kid-creole-the-coconuts-tropical-gangsters\/","title":{"rendered":"Kid Creole &#038; The Coconuts &#8211; Tropical gangsters"},"content":{"rendered":"<p>Annie, I&#8217;m Not Your Daddy\t6:26<br \/>\nI&#8217;m A Wonderful Thing, Baby\t5:16<br \/>\nImitation\t4:12<br \/>\nI&#8217;m Corrupt\t4:11<br \/>\nLoving You Made A Fool Out Of Me\t4:48<br \/>\nStool Pigeon\t4:59<br \/>\nThe Love We Have\t5:12<br \/>\nNo Fish Today\t4:48<\/p>","protected":false},"excerpt":{"rendered":"<p>ZE Records \u2013 ILPS 7016, Island Records \u2013 ILPS 7016<br \/>\nFormat:<br \/>\nVinyl, LP, Album<br \/>\nCountry:<br \/>\nUK<br \/>\nReleased:<br \/>\n1982<\/p>","protected":false},"featured_media":2802,"template":"","meta":[],"product_cat":[15],"product_tag":[55],"yoast_head":"<!-- This site is optimized with the Yoast SEO plugin v23.5 - https:\/\/yoast.com\/wordpress\/plugins\/seo\/ -->\n<title>Kid Creole &amp; The Coconuts - Tropical gangsters Vinilin\u0117 Plok\u0161tel\u0117 | Vinilozona.lt<\/title>\n<meta name=\"robots\" content=\"index, follow, max-snippet:-1, max-image-preview:large, max-video-preview:-1\" \/>\n<link rel=\"canonical\" href=\"https:\/\/vinilozona.lt\/en\/parduotuve\/rock-pop\/kid-creole-the-coconuts-tropical-gangsters\/\" \/>\n<meta property=\"og:locale\" content=\"en_GB\" \/>\n<meta property=\"og:type\" content=\"article\" \/>\n<meta property=\"og:title\" content=\"Kid Creole &amp; The Coconuts - Tropical gangsters Vinilin\u0117 Plok\u0161tel\u0117 | Vinilozona.lt\" \/>\n<meta property=\"og:description\" content=\"ZE Records \u2013 ILPS 7016, Island Records \u2013 ILPS 7016 Format: Vinyl, LP, Album Country: UK Released: 1982\" \/>\n<meta property=\"og:url\" content=\"https:\/\/vinilozona.lt\/en\/parduotuve\/rock-pop\/kid-creole-the-coconuts-tropical-gangsters\/\" \/>\n<meta property=\"og:site_name\" content=\"Vinilo Zona\" \/>\n<meta property=\"article:modified_time\" content=\"2025-05-22T03:56:16+00:00\" \/>\n<meta property=\"og:image\" content=\"https:\/\/vinilozona.lt\/wp-content\/uploads\/2020\/01\/kid-creole-the-coconuts-tropical-gangsters-1.jpg\" \/>\n\t<meta property=\"og:image:width\" content=\"396\" \/>\n\t<meta property=\"og:image:height\" content=\"297\" \/>\n\t<meta property=\"og:image:type\" content=\"image\/jpeg\" \/>\n<meta name=\"twitter:card\" content=\"summary_large_image\" \/>\n<meta name=\"twitter:label1\" content=\"Estimated reading time\" \/>\n\t<meta name=\"twitter:data1\" content=\"1 minute\" \/>\n<script type=\"application\/ld+json\" class=\"yoast-schema-graph\">{\"@context\":\"https:\/\/schema.org\",\"@graph\":[{\"@type\":\"WebPage\",\"@id\":\"https:\/\/vinilozona.lt\/parduotuve\/rock-pop\/kid-creole-the-coconuts-tropical-gangsters\/\",\"url\":\"https:\/\/vinilozona.lt\/parduotuve\/rock-pop\/kid-creole-the-coconuts-tropical-gangsters\/\",\"name\":\"Kid Creole & The Coconuts - Tropical gangsters Vinilin\u0117 Plok\u0161tel\u0117 | Vinilozona.lt\",\"isPartOf\":{\"@id\":\"https:\/\/vinilozona.lt\/#website\"},\"primaryImageOfPage\":{\"@id\":\"https:\/\/vinilozona.lt\/parduotuve\/rock-pop\/kid-creole-the-coconuts-tropical-gangsters\/#primaryimage\"},\"image\":{\"@id\":\"https:\/\/vinilozona.lt\/parduotuve\/rock-pop\/kid-creole-the-coconuts-tropical-gangsters\/#primaryimage\"},\"thumbnailUrl\":\"https:\/\/vinilozona.lt\/wp-content\/uploads\/2020\/01\/kid-creole-the-coconuts-tropical-gangsters-1.jpg\",\"datePublished\":\"2025-05-22T02:08:30+00:00\",\"dateModified\":\"2025-05-22T03:56:16+00:00\",\"breadcrumb\":{\"@id\":\"https:\/\/vinilozona.lt\/parduotuve\/rock-pop\/kid-creole-the-coconuts-tropical-gangsters\/#breadcrumb\"},\"inLanguage\":\"en-GB\",\"potentialAction\":[{\"@type\":\"ReadAction\",\"target\":[\"https:\/\/vinilozona.lt\/parduotuve\/rock-pop\/kid-creole-the-coconuts-tropical-gangsters\/\"]}]},{\"@type\":\"ImageObject\",\"inLanguage\":\"en-GB\",\"@id\":\"https:\/\/vinilozona.lt\/parduotuve\/rock-pop\/kid-creole-the-coconuts-tropical-gangsters\/#primaryimage\",\"url\":\"https:\/\/vinilozona.lt\/wp-content\/uploads\/2020\/01\/kid-creole-the-coconuts-tropical-gangsters-1.jpg\",\"contentUrl\":\"https:\/\/vinilozona.lt\/wp-content\/uploads\/2020\/01\/kid-creole-the-coconuts-tropical-gangsters-1.jpg\",\"width\":396,\"height\":297},{\"@type\":\"BreadcrumbList\",\"@id\":\"https:\/\/vinilozona.lt\/parduotuve\/rock-pop\/kid-creole-the-coconuts-tropical-gangsters\/#breadcrumb\",\"itemListElement\":[{\"@type\":\"ListItem\",\"position\":1,\"name\":\"Home\",\"item\":\"https:\/\/vinilozona.lt\/\"},{\"@type\":\"ListItem\",\"position\":2,\"name\":\"Parduotuv\u0117\",\"item\":\"https:\/\/vinilozona.lt\/parduotuve\/\"},{\"@type\":\"ListItem\",\"position\":3,\"name\":\"Kid Creole &#038; The Coconuts &#8211; Tropical gangsters\"}]},{\"@type\":\"WebSite\",\"@id\":\"https:\/\/vinilozona.lt\/#website\",\"url\":\"https:\/\/vinilozona.lt\/\",\"name\":\"Vinilo Zona\",\"description\":\"Nup\u016bsk dulkes ir klausyk LP\",\"potentialAction\":[{\"@type\":\"SearchAction\",\"target\":{\"@type\":\"EntryPoint\",\"urlTemplate\":\"https:\/\/vinilozona.lt\/?s={search_term_string}\"},\"query-input\":{\"@type\":\"PropertyValueSpecification\",\"valueRequired\":true,\"valueName\":\"search_term_string\"}}],\"inLanguage\":\"en-GB\"}]}<\/script>\n<!-- \/ Yoast SEO plugin. -->","yoast_head_json":{"title":"Kid Creole & The Coconuts - Tropical gangsters Vinilin\u0117 Plok\u0161tel\u0117 | Vinilozona.lt","robots":{"index":"index","follow":"follow","max-snippet":"max-snippet:-1","max-image-preview":"max-image-preview:large","max-video-preview":"max-video-preview:-1"},"canonical":"https:\/\/vinilozona.lt\/en\/parduotuve\/rock-pop\/kid-creole-the-coconuts-tropical-gangsters\/","og_locale":"en_GB","og_type":"article","og_title":"Kid Creole & The Coconuts - Tropical gangsters Vinilin\u0117 Plok\u0161tel\u0117 | Vinilozona.lt","og_description":"ZE Records \u2013 ILPS 7016, Island Records \u2013 ILPS 7016 Format: Vinyl, LP, Album Country: UK Released: 1982","og_url":"https:\/\/vinilozona.lt\/en\/parduotuve\/rock-pop\/kid-creole-the-coconuts-tropical-gangsters\/","og_site_name":"Vinilo Zona","article_modified_time":"2025-05-22T03:56:16+00:00","og_image":[{"width":396,"height":297,"url":"https:\/\/vinilozona.lt\/wp-content\/uploads\/2020\/01\/kid-creole-the-coconuts-tropical-gangsters-1.jpg","type":"image\/jpeg"}],"twitter_card":"summary_large_image","twitter_misc":{"Estimated reading time":"1 minute"},"schema":{"@context":"https:\/\/schema.org","@graph":[{"@type":"WebPage","@id":"https:\/\/vinilozona.lt\/parduotuve\/rock-pop\/kid-creole-the-coconuts-tropical-gangsters\/","url":"https:\/\/vinilozona.lt\/parduotuve\/rock-pop\/kid-creole-the-coconuts-tropical-gangsters\/","name":"Kid Creole & The Coconuts - Tropical gangsters Vinilin\u0117 Plok\u0161tel\u0117 | Vinilozona.lt","isPartOf":{"@id":"https:\/\/vinilozona.lt\/#website"},"primaryImageOfPage":{"@id":"https:\/\/vinilozona.lt\/parduotuve\/rock-pop\/kid-creole-the-coconuts-tropical-gangsters\/#primaryimage"},"image":{"@id":"https:\/\/vinilozona.lt\/parduotuve\/rock-pop\/kid-creole-the-coconuts-tropical-gangsters\/#primaryimage"},"thumbnailUrl":"https:\/\/vinilozona.lt\/wp-content\/uploads\/2020\/01\/kid-creole-the-coconuts-tropical-gangsters-1.jpg","datePublished":"2025-05-22T02:08:30+00:00","dateModified":"2025-05-22T03:56:16+00:00","breadcrumb":{"@id":"https:\/\/vinilozona.lt\/parduotuve\/rock-pop\/kid-creole-the-coconuts-tropical-gangsters\/#breadcrumb"},"inLanguage":"en-GB","potentialAction":[{"@type":"ReadAction","target":["https:\/\/vinilozona.lt\/parduotuve\/rock-pop\/kid-creole-the-coconuts-tropical-gangsters\/"]}]},{"@type":"ImageObject","inLanguage":"en-GB","@id":"https:\/\/vinilozona.lt\/parduotuve\/rock-pop\/kid-creole-the-coconuts-tropical-gangsters\/#primaryimage","url":"https:\/\/vinilozona.lt\/wp-content\/uploads\/2020\/01\/kid-creole-the-coconuts-tropical-gangsters-1.jpg","contentUrl":"https:\/\/vinilozona.lt\/wp-content\/uploads\/2020\/01\/kid-creole-the-coconuts-tropical-gangsters-1.jpg","width":396,"height":297},{"@type":"BreadcrumbList","@id":"https:\/\/vinilozona.lt\/parduotuve\/rock-pop\/kid-creole-the-coconuts-tropical-gangsters\/#breadcrumb","itemListElement":[{"@type":"ListItem","position":1,"name":"Home","item":"https:\/\/vinilozona.lt\/"},{"@type":"ListItem","position":2,"name":"Parduotuv\u0117","item":"https:\/\/vinilozona.lt\/parduotuve\/"},{"@type":"ListItem","position":3,"name":"Kid Creole &#038; The Coconuts &#8211; Tropical gangsters"}]},{"@type":"WebSite","@id":"https:\/\/vinilozona.lt\/#website","url":"https:\/\/vinilozona.lt\/","name":"Vinilo Zona","description":"Nup\u016bsk dulkes ir klausyk LP","potentialAction":[{"@type":"SearchAction","target":{"@type":"EntryPoint","urlTemplate":"https:\/\/vinilozona.lt\/?s={search_term_string}"},"query-input":{"@type":"PropertyValueSpecification","valueRequired":true,"valueName":"search_term_string"}}],"inLanguage":"en-GB"}]}},"_links":{"self":[{"href":"https:\/\/vinilozona.lt\/en\/wp-json\/wp\/v2\/product\/2801"}],"collection":[{"href":"https:\/\/vinilozona.lt\/en\/wp-json\/wp\/v2\/product"}],"about":[{"href":"https:\/\/vinilozona.lt\/en\/wp-json\/wp\/v2\/types\/product"}],"wp:featuredmedia":[{"embeddable":true,"href":"https:\/\/vinilozona.lt\/en\/wp-json\/wp\/v2\/media\/2802"}],"wp:attachment":[{"href":"https:\/\/vinilozona.lt\/en\/wp-json\/wp\/v2\/media?parent=2801"}],"wp:term":[{"taxonomy":"product_cat","embeddable":true,"href":"https:\/\/vinilozona.lt\/en\/wp-json\/wp\/v2\/product_cat?post=2801"},{"taxonomy":"product_tag","embeddable":true,"href":"https:\/\/vinilozona.lt\/en\/wp-json\/wp\/v2\/product_tag?post=2801"}],"curies":[{"name":"wp","href":"https:\/\/api.w.org\/{rel}","templated":true}]}}