{"id":27972,"date":"2025-04-19T05:08:49","date_gmt":"2025-04-19T02:08:49","guid":{"rendered":"https:\/\/vinilozona.lt\/?post_type=product&#038;p=27972"},"modified":"2026-03-22T12:48:45","modified_gmt":"2026-03-22T10:48:45","slug":"the-mothers-of-invention-frank-zappa-weasels-ripped-my-flesh","status":"publish","type":"product","link":"https:\/\/vinilozona.lt\/en\/parduotuve\/rock-pop\/the-mothers-of-invention-frank-zappa-weasels-ripped-my-flesh\/","title":{"rendered":"The Mothers Of Invention &#8211; Frank Zappa \u2013 Weasels Ripped My Flesh"},"content":{"rendered":"<p>Didja Get Any Onya?\t3:44<br \/>\nDirectly From My Heart To You\t5:17<br \/>\nPrelude To The Afternoon Of A Sexually Aroused Gas Mask\t3:35<br \/>\nToads Of The Short Forest\t4:48<br \/>\nGet A Little\t2:35<br \/>\nThe Eric Dolphy Memorial Barbecue\t6:53<br \/>\nDwarf Nebula Processional March &#038; Dwarf Nebula\t2:12<br \/>\nMy Guitar Wants To Kill Your Mama\t3:35<br \/>\nOh No\t1:46<br \/>\nThe Orange County Lumber Truck\t3:18<br \/>\nWeasels Ripped My Flesh\t2:05<\/p>","protected":false},"excerpt":{"rendered":"<p>Reprise Records \u2013 MS 2028<br \/>\nFormat:<br \/>\nVinyl, LP, Album<br \/>\nCountry:<br \/>\nCanada<br \/>\nReleased:<br \/>\n1970<\/p>","protected":false},"featured_media":27973,"template":"","meta":[],"product_cat":[15],"product_tag":[44],"yoast_head":"<!-- This site is optimized with the Yoast SEO plugin v23.5 - https:\/\/yoast.com\/wordpress\/plugins\/seo\/ -->\n<title>The Mothers Of Invention - Frank Zappa \u2013 Weasels Ripped My Flesh Vinilin\u0117 Plok\u0161tel\u0117 | Vinilozona.lt<\/title>\n<meta name=\"robots\" content=\"index, follow, max-snippet:-1, max-image-preview:large, max-video-preview:-1\" \/>\n<link rel=\"canonical\" href=\"https:\/\/vinilozona.lt\/en\/parduotuve\/rock-pop\/the-mothers-of-invention-frank-zappa-weasels-ripped-my-flesh\/\" \/>\n<meta property=\"og:locale\" content=\"en_GB\" \/>\n<meta property=\"og:type\" content=\"article\" \/>\n<meta property=\"og:title\" content=\"The Mothers Of Invention - Frank Zappa \u2013 Weasels Ripped My Flesh Vinilin\u0117 Plok\u0161tel\u0117 | Vinilozona.lt\" \/>\n<meta property=\"og:description\" content=\"Reprise Records \u2013 MS 2028 Format: Vinyl, LP, Album Country: Canada Released: 1970\" \/>\n<meta property=\"og:url\" content=\"https:\/\/vinilozona.lt\/en\/parduotuve\/rock-pop\/the-mothers-of-invention-frank-zappa-weasels-ripped-my-flesh\/\" \/>\n<meta property=\"og:site_name\" content=\"Vinilo Zona\" \/>\n<meta property=\"article:modified_time\" content=\"2026-03-22T10:48:45+00:00\" \/>\n<meta property=\"og:image\" content=\"https:\/\/vinilozona.lt\/wp-content\/uploads\/2025\/04\/R-546950-1301735420.jpg\" \/>\n\t<meta property=\"og:image:width\" content=\"600\" \/>\n\t<meta property=\"og:image:height\" content=\"600\" \/>\n\t<meta property=\"og:image:type\" content=\"image\/jpeg\" \/>\n<meta name=\"twitter:card\" content=\"summary_large_image\" \/>\n<meta name=\"twitter:label1\" content=\"Estimated reading time\" \/>\n\t<meta name=\"twitter:data1\" content=\"1 minute\" \/>\n<script type=\"application\/ld+json\" class=\"yoast-schema-graph\">{\"@context\":\"https:\/\/schema.org\",\"@graph\":[{\"@type\":\"WebPage\",\"@id\":\"https:\/\/vinilozona.lt\/parduotuve\/rock-pop\/the-mothers-of-invention-frank-zappa-weasels-ripped-my-flesh\/\",\"url\":\"https:\/\/vinilozona.lt\/parduotuve\/rock-pop\/the-mothers-of-invention-frank-zappa-weasels-ripped-my-flesh\/\",\"name\":\"The Mothers Of Invention - Frank Zappa \u2013 Weasels Ripped My Flesh Vinilin\u0117 Plok\u0161tel\u0117 | Vinilozona.lt\",\"isPartOf\":{\"@id\":\"https:\/\/vinilozona.lt\/#website\"},\"primaryImageOfPage\":{\"@id\":\"https:\/\/vinilozona.lt\/parduotuve\/rock-pop\/the-mothers-of-invention-frank-zappa-weasels-ripped-my-flesh\/#primaryimage\"},\"image\":{\"@id\":\"https:\/\/vinilozona.lt\/parduotuve\/rock-pop\/the-mothers-of-invention-frank-zappa-weasels-ripped-my-flesh\/#primaryimage\"},\"thumbnailUrl\":\"https:\/\/vinilozona.lt\/wp-content\/uploads\/2025\/04\/R-546950-1301735420.jpg\",\"datePublished\":\"2025-04-19T02:08:49+00:00\",\"dateModified\":\"2026-03-22T10:48:45+00:00\",\"breadcrumb\":{\"@id\":\"https:\/\/vinilozona.lt\/parduotuve\/rock-pop\/the-mothers-of-invention-frank-zappa-weasels-ripped-my-flesh\/#breadcrumb\"},\"inLanguage\":\"en-GB\",\"potentialAction\":[{\"@type\":\"ReadAction\",\"target\":[\"https:\/\/vinilozona.lt\/parduotuve\/rock-pop\/the-mothers-of-invention-frank-zappa-weasels-ripped-my-flesh\/\"]}]},{\"@type\":\"ImageObject\",\"inLanguage\":\"en-GB\",\"@id\":\"https:\/\/vinilozona.lt\/parduotuve\/rock-pop\/the-mothers-of-invention-frank-zappa-weasels-ripped-my-flesh\/#primaryimage\",\"url\":\"https:\/\/vinilozona.lt\/wp-content\/uploads\/2025\/04\/R-546950-1301735420.jpg\",\"contentUrl\":\"https:\/\/vinilozona.lt\/wp-content\/uploads\/2025\/04\/R-546950-1301735420.jpg\",\"width\":600,\"height\":600},{\"@type\":\"BreadcrumbList\",\"@id\":\"https:\/\/vinilozona.lt\/parduotuve\/rock-pop\/the-mothers-of-invention-frank-zappa-weasels-ripped-my-flesh\/#breadcrumb\",\"itemListElement\":[{\"@type\":\"ListItem\",\"position\":1,\"name\":\"Home\",\"item\":\"https:\/\/vinilozona.lt\/\"},{\"@type\":\"ListItem\",\"position\":2,\"name\":\"Parduotuv\u0117\",\"item\":\"https:\/\/vinilozona.lt\/parduotuve\/\"},{\"@type\":\"ListItem\",\"position\":3,\"name\":\"The Mothers Of Invention &#8211; Frank Zappa \u2013 Weasels Ripped My Flesh\"}]},{\"@type\":\"WebSite\",\"@id\":\"https:\/\/vinilozona.lt\/#website\",\"url\":\"https:\/\/vinilozona.lt\/\",\"name\":\"Vinilo Zona\",\"description\":\"Nup\u016bsk dulkes ir klausyk LP\",\"potentialAction\":[{\"@type\":\"SearchAction\",\"target\":{\"@type\":\"EntryPoint\",\"urlTemplate\":\"https:\/\/vinilozona.lt\/?s={search_term_string}\"},\"query-input\":{\"@type\":\"PropertyValueSpecification\",\"valueRequired\":true,\"valueName\":\"search_term_string\"}}],\"inLanguage\":\"en-GB\"}]}<\/script>\n<!-- \/ Yoast SEO plugin. -->","yoast_head_json":{"title":"The Mothers Of Invention - Frank Zappa \u2013 Weasels Ripped My Flesh Vinilin\u0117 Plok\u0161tel\u0117 | Vinilozona.lt","robots":{"index":"index","follow":"follow","max-snippet":"max-snippet:-1","max-image-preview":"max-image-preview:large","max-video-preview":"max-video-preview:-1"},"canonical":"https:\/\/vinilozona.lt\/en\/parduotuve\/rock-pop\/the-mothers-of-invention-frank-zappa-weasels-ripped-my-flesh\/","og_locale":"en_GB","og_type":"article","og_title":"The Mothers Of Invention - Frank Zappa \u2013 Weasels Ripped My Flesh Vinilin\u0117 Plok\u0161tel\u0117 | Vinilozona.lt","og_description":"Reprise Records \u2013 MS 2028 Format: Vinyl, LP, Album Country: Canada Released: 1970","og_url":"https:\/\/vinilozona.lt\/en\/parduotuve\/rock-pop\/the-mothers-of-invention-frank-zappa-weasels-ripped-my-flesh\/","og_site_name":"Vinilo Zona","article_modified_time":"2026-03-22T10:48:45+00:00","og_image":[{"width":600,"height":600,"url":"https:\/\/vinilozona.lt\/wp-content\/uploads\/2025\/04\/R-546950-1301735420.jpg","type":"image\/jpeg"}],"twitter_card":"summary_large_image","twitter_misc":{"Estimated reading time":"1 minute"},"schema":{"@context":"https:\/\/schema.org","@graph":[{"@type":"WebPage","@id":"https:\/\/vinilozona.lt\/parduotuve\/rock-pop\/the-mothers-of-invention-frank-zappa-weasels-ripped-my-flesh\/","url":"https:\/\/vinilozona.lt\/parduotuve\/rock-pop\/the-mothers-of-invention-frank-zappa-weasels-ripped-my-flesh\/","name":"The Mothers Of Invention - Frank Zappa \u2013 Weasels Ripped My Flesh Vinilin\u0117 Plok\u0161tel\u0117 | Vinilozona.lt","isPartOf":{"@id":"https:\/\/vinilozona.lt\/#website"},"primaryImageOfPage":{"@id":"https:\/\/vinilozona.lt\/parduotuve\/rock-pop\/the-mothers-of-invention-frank-zappa-weasels-ripped-my-flesh\/#primaryimage"},"image":{"@id":"https:\/\/vinilozona.lt\/parduotuve\/rock-pop\/the-mothers-of-invention-frank-zappa-weasels-ripped-my-flesh\/#primaryimage"},"thumbnailUrl":"https:\/\/vinilozona.lt\/wp-content\/uploads\/2025\/04\/R-546950-1301735420.jpg","datePublished":"2025-04-19T02:08:49+00:00","dateModified":"2026-03-22T10:48:45+00:00","breadcrumb":{"@id":"https:\/\/vinilozona.lt\/parduotuve\/rock-pop\/the-mothers-of-invention-frank-zappa-weasels-ripped-my-flesh\/#breadcrumb"},"inLanguage":"en-GB","potentialAction":[{"@type":"ReadAction","target":["https:\/\/vinilozona.lt\/parduotuve\/rock-pop\/the-mothers-of-invention-frank-zappa-weasels-ripped-my-flesh\/"]}]},{"@type":"ImageObject","inLanguage":"en-GB","@id":"https:\/\/vinilozona.lt\/parduotuve\/rock-pop\/the-mothers-of-invention-frank-zappa-weasels-ripped-my-flesh\/#primaryimage","url":"https:\/\/vinilozona.lt\/wp-content\/uploads\/2025\/04\/R-546950-1301735420.jpg","contentUrl":"https:\/\/vinilozona.lt\/wp-content\/uploads\/2025\/04\/R-546950-1301735420.jpg","width":600,"height":600},{"@type":"BreadcrumbList","@id":"https:\/\/vinilozona.lt\/parduotuve\/rock-pop\/the-mothers-of-invention-frank-zappa-weasels-ripped-my-flesh\/#breadcrumb","itemListElement":[{"@type":"ListItem","position":1,"name":"Home","item":"https:\/\/vinilozona.lt\/"},{"@type":"ListItem","position":2,"name":"Parduotuv\u0117","item":"https:\/\/vinilozona.lt\/parduotuve\/"},{"@type":"ListItem","position":3,"name":"The Mothers Of Invention &#8211; Frank Zappa \u2013 Weasels Ripped My Flesh"}]},{"@type":"WebSite","@id":"https:\/\/vinilozona.lt\/#website","url":"https:\/\/vinilozona.lt\/","name":"Vinilo Zona","description":"Nup\u016bsk dulkes ir klausyk LP","potentialAction":[{"@type":"SearchAction","target":{"@type":"EntryPoint","urlTemplate":"https:\/\/vinilozona.lt\/?s={search_term_string}"},"query-input":{"@type":"PropertyValueSpecification","valueRequired":true,"valueName":"search_term_string"}}],"inLanguage":"en-GB"}]}},"_links":{"self":[{"href":"https:\/\/vinilozona.lt\/en\/wp-json\/wp\/v2\/product\/27972"}],"collection":[{"href":"https:\/\/vinilozona.lt\/en\/wp-json\/wp\/v2\/product"}],"about":[{"href":"https:\/\/vinilozona.lt\/en\/wp-json\/wp\/v2\/types\/product"}],"wp:featuredmedia":[{"embeddable":true,"href":"https:\/\/vinilozona.lt\/en\/wp-json\/wp\/v2\/media\/27973"}],"wp:attachment":[{"href":"https:\/\/vinilozona.lt\/en\/wp-json\/wp\/v2\/media?parent=27972"}],"wp:term":[{"taxonomy":"product_cat","embeddable":true,"href":"https:\/\/vinilozona.lt\/en\/wp-json\/wp\/v2\/product_cat?post=27972"},{"taxonomy":"product_tag","embeddable":true,"href":"https:\/\/vinilozona.lt\/en\/wp-json\/wp\/v2\/product_tag?post=27972"}],"curies":[{"name":"wp","href":"https:\/\/api.w.org\/{rel}","templated":true}]}}