{"id":27953,"date":"2025-04-15T05:04:18","date_gmt":"2025-04-15T02:04:18","guid":{"rendered":"https:\/\/vinilozona.lt\/?post_type=product&#038;p=27953"},"modified":"2025-04-24T21:25:14","modified_gmt":"2025-04-24T18:25:14","slug":"mungo-jerry-the-best-of","status":"publish","type":"product","link":"https:\/\/vinilozona.lt\/en\/parduotuve\/rock-pop\/mungo-jerry-the-best-of\/","title":{"rendered":"Mungo Jerry \u2013 The Best of&#8230;"},"content":{"rendered":"<p>Alright, Alright, Alright\t2:45<br \/>\nHave A Whiff On Me\t3:55<br \/>\nMighty Man\t4:45<br \/>\nJohnny B. Badde\t3:01<br \/>\nSomebody Stole My Wife\t2:55<br \/>\nYou Don&#8217;t Have To Be In The Army To Fight In The War\t3:10<br \/>\nLady Rose\t4:15<br \/>\nIn The Summertime\t3:28<br \/>\nBaby Jump\t4:04<br \/>\nMaggie\t4:10<br \/>\nOpen Up\t3:25<br \/>\nSan Francisco Bay Blues\t3:39<br \/>\nShe Rowed\t3:16<br \/>\nWild Love\t3:11<\/p>","protected":false},"excerpt":{"rendered":"<p>Pye Records \u2013 PY. 28.002, Pye Records \u2013 28.002, Pye Records \u2013 PY. 28002<br \/>\nFormat:<br \/>\nVinyl, LP, Compilation<br \/>\nCountry:<br \/>\nFrance<br \/>\nReleased: 1973<\/p>","protected":false},"featured_media":27954,"template":"","meta":[],"product_cat":[15],"product_tag":[44],"yoast_head":"<!-- This site is optimized with the Yoast SEO plugin v23.5 - https:\/\/yoast.com\/wordpress\/plugins\/seo\/ -->\n<title>Mungo Jerry \u2013 The Best of... Vinilin\u0117 Plok\u0161tel\u0117 | Vinilozona.lt<\/title>\n<meta name=\"robots\" content=\"index, follow, max-snippet:-1, max-image-preview:large, max-video-preview:-1\" \/>\n<link rel=\"canonical\" href=\"https:\/\/vinilozona.lt\/en\/parduotuve\/rock-pop\/mungo-jerry-the-best-of\/\" \/>\n<meta property=\"og:locale\" content=\"en_GB\" \/>\n<meta property=\"og:type\" content=\"article\" \/>\n<meta property=\"og:title\" content=\"Mungo Jerry \u2013 The Best of... Vinilin\u0117 Plok\u0161tel\u0117 | Vinilozona.lt\" \/>\n<meta property=\"og:description\" content=\"Pye Records \u2013 PY. 28.002, Pye Records \u2013 28.002, Pye Records \u2013 PY. 28002 Format: Vinyl, LP, Compilation Country: France Released: 1973\" \/>\n<meta property=\"og:url\" content=\"https:\/\/vinilozona.lt\/en\/parduotuve\/rock-pop\/mungo-jerry-the-best-of\/\" \/>\n<meta property=\"og:site_name\" content=\"Vinilo Zona\" \/>\n<meta property=\"article:modified_time\" content=\"2025-04-24T18:25:14+00:00\" \/>\n<meta property=\"og:image\" content=\"https:\/\/vinilozona.lt\/wp-content\/uploads\/2025\/04\/R-6314698-1525504809-8681.jpg\" \/>\n\t<meta property=\"og:image:width\" content=\"592\" \/>\n\t<meta property=\"og:image:height\" content=\"599\" \/>\n\t<meta property=\"og:image:type\" content=\"image\/jpeg\" \/>\n<meta name=\"twitter:card\" content=\"summary_large_image\" \/>\n<meta name=\"twitter:label1\" content=\"Estimated reading time\" \/>\n\t<meta name=\"twitter:data1\" content=\"1 minute\" \/>\n<script type=\"application\/ld+json\" class=\"yoast-schema-graph\">{\"@context\":\"https:\/\/schema.org\",\"@graph\":[{\"@type\":\"WebPage\",\"@id\":\"https:\/\/vinilozona.lt\/parduotuve\/rock-pop\/mungo-jerry-the-best-of\/\",\"url\":\"https:\/\/vinilozona.lt\/parduotuve\/rock-pop\/mungo-jerry-the-best-of\/\",\"name\":\"Mungo Jerry \u2013 The Best of... Vinilin\u0117 Plok\u0161tel\u0117 | Vinilozona.lt\",\"isPartOf\":{\"@id\":\"https:\/\/vinilozona.lt\/#website\"},\"primaryImageOfPage\":{\"@id\":\"https:\/\/vinilozona.lt\/parduotuve\/rock-pop\/mungo-jerry-the-best-of\/#primaryimage\"},\"image\":{\"@id\":\"https:\/\/vinilozona.lt\/parduotuve\/rock-pop\/mungo-jerry-the-best-of\/#primaryimage\"},\"thumbnailUrl\":\"https:\/\/vinilozona.lt\/wp-content\/uploads\/2025\/04\/R-6314698-1525504809-8681.jpg\",\"datePublished\":\"2025-04-15T02:04:18+00:00\",\"dateModified\":\"2025-04-24T18:25:14+00:00\",\"breadcrumb\":{\"@id\":\"https:\/\/vinilozona.lt\/parduotuve\/rock-pop\/mungo-jerry-the-best-of\/#breadcrumb\"},\"inLanguage\":\"en-GB\",\"potentialAction\":[{\"@type\":\"ReadAction\",\"target\":[\"https:\/\/vinilozona.lt\/parduotuve\/rock-pop\/mungo-jerry-the-best-of\/\"]}]},{\"@type\":\"ImageObject\",\"inLanguage\":\"en-GB\",\"@id\":\"https:\/\/vinilozona.lt\/parduotuve\/rock-pop\/mungo-jerry-the-best-of\/#primaryimage\",\"url\":\"https:\/\/vinilozona.lt\/wp-content\/uploads\/2025\/04\/R-6314698-1525504809-8681.jpg\",\"contentUrl\":\"https:\/\/vinilozona.lt\/wp-content\/uploads\/2025\/04\/R-6314698-1525504809-8681.jpg\",\"width\":592,\"height\":599},{\"@type\":\"BreadcrumbList\",\"@id\":\"https:\/\/vinilozona.lt\/parduotuve\/rock-pop\/mungo-jerry-the-best-of\/#breadcrumb\",\"itemListElement\":[{\"@type\":\"ListItem\",\"position\":1,\"name\":\"Home\",\"item\":\"https:\/\/vinilozona.lt\/\"},{\"@type\":\"ListItem\",\"position\":2,\"name\":\"Parduotuv\u0117\",\"item\":\"https:\/\/vinilozona.lt\/parduotuve\/\"},{\"@type\":\"ListItem\",\"position\":3,\"name\":\"Mungo Jerry \u2013 The Best of&#8230;\"}]},{\"@type\":\"WebSite\",\"@id\":\"https:\/\/vinilozona.lt\/#website\",\"url\":\"https:\/\/vinilozona.lt\/\",\"name\":\"Vinilo Zona\",\"description\":\"Nup\u016bsk dulkes ir klausyk LP\",\"potentialAction\":[{\"@type\":\"SearchAction\",\"target\":{\"@type\":\"EntryPoint\",\"urlTemplate\":\"https:\/\/vinilozona.lt\/?s={search_term_string}\"},\"query-input\":{\"@type\":\"PropertyValueSpecification\",\"valueRequired\":true,\"valueName\":\"search_term_string\"}}],\"inLanguage\":\"en-GB\"}]}<\/script>\n<!-- \/ Yoast SEO plugin. -->","yoast_head_json":{"title":"Mungo Jerry \u2013 The Best of... Vinilin\u0117 Plok\u0161tel\u0117 | Vinilozona.lt","robots":{"index":"index","follow":"follow","max-snippet":"max-snippet:-1","max-image-preview":"max-image-preview:large","max-video-preview":"max-video-preview:-1"},"canonical":"https:\/\/vinilozona.lt\/en\/parduotuve\/rock-pop\/mungo-jerry-the-best-of\/","og_locale":"en_GB","og_type":"article","og_title":"Mungo Jerry \u2013 The Best of... Vinilin\u0117 Plok\u0161tel\u0117 | Vinilozona.lt","og_description":"Pye Records \u2013 PY. 28.002, Pye Records \u2013 28.002, Pye Records \u2013 PY. 28002 Format: Vinyl, LP, Compilation Country: France Released: 1973","og_url":"https:\/\/vinilozona.lt\/en\/parduotuve\/rock-pop\/mungo-jerry-the-best-of\/","og_site_name":"Vinilo Zona","article_modified_time":"2025-04-24T18:25:14+00:00","og_image":[{"width":592,"height":599,"url":"https:\/\/vinilozona.lt\/wp-content\/uploads\/2025\/04\/R-6314698-1525504809-8681.jpg","type":"image\/jpeg"}],"twitter_card":"summary_large_image","twitter_misc":{"Estimated reading time":"1 minute"},"schema":{"@context":"https:\/\/schema.org","@graph":[{"@type":"WebPage","@id":"https:\/\/vinilozona.lt\/parduotuve\/rock-pop\/mungo-jerry-the-best-of\/","url":"https:\/\/vinilozona.lt\/parduotuve\/rock-pop\/mungo-jerry-the-best-of\/","name":"Mungo Jerry \u2013 The Best of... Vinilin\u0117 Plok\u0161tel\u0117 | Vinilozona.lt","isPartOf":{"@id":"https:\/\/vinilozona.lt\/#website"},"primaryImageOfPage":{"@id":"https:\/\/vinilozona.lt\/parduotuve\/rock-pop\/mungo-jerry-the-best-of\/#primaryimage"},"image":{"@id":"https:\/\/vinilozona.lt\/parduotuve\/rock-pop\/mungo-jerry-the-best-of\/#primaryimage"},"thumbnailUrl":"https:\/\/vinilozona.lt\/wp-content\/uploads\/2025\/04\/R-6314698-1525504809-8681.jpg","datePublished":"2025-04-15T02:04:18+00:00","dateModified":"2025-04-24T18:25:14+00:00","breadcrumb":{"@id":"https:\/\/vinilozona.lt\/parduotuve\/rock-pop\/mungo-jerry-the-best-of\/#breadcrumb"},"inLanguage":"en-GB","potentialAction":[{"@type":"ReadAction","target":["https:\/\/vinilozona.lt\/parduotuve\/rock-pop\/mungo-jerry-the-best-of\/"]}]},{"@type":"ImageObject","inLanguage":"en-GB","@id":"https:\/\/vinilozona.lt\/parduotuve\/rock-pop\/mungo-jerry-the-best-of\/#primaryimage","url":"https:\/\/vinilozona.lt\/wp-content\/uploads\/2025\/04\/R-6314698-1525504809-8681.jpg","contentUrl":"https:\/\/vinilozona.lt\/wp-content\/uploads\/2025\/04\/R-6314698-1525504809-8681.jpg","width":592,"height":599},{"@type":"BreadcrumbList","@id":"https:\/\/vinilozona.lt\/parduotuve\/rock-pop\/mungo-jerry-the-best-of\/#breadcrumb","itemListElement":[{"@type":"ListItem","position":1,"name":"Home","item":"https:\/\/vinilozona.lt\/"},{"@type":"ListItem","position":2,"name":"Parduotuv\u0117","item":"https:\/\/vinilozona.lt\/parduotuve\/"},{"@type":"ListItem","position":3,"name":"Mungo Jerry \u2013 The Best of&#8230;"}]},{"@type":"WebSite","@id":"https:\/\/vinilozona.lt\/#website","url":"https:\/\/vinilozona.lt\/","name":"Vinilo Zona","description":"Nup\u016bsk dulkes ir klausyk LP","potentialAction":[{"@type":"SearchAction","target":{"@type":"EntryPoint","urlTemplate":"https:\/\/vinilozona.lt\/?s={search_term_string}"},"query-input":{"@type":"PropertyValueSpecification","valueRequired":true,"valueName":"search_term_string"}}],"inLanguage":"en-GB"}]}},"_links":{"self":[{"href":"https:\/\/vinilozona.lt\/en\/wp-json\/wp\/v2\/product\/27953"}],"collection":[{"href":"https:\/\/vinilozona.lt\/en\/wp-json\/wp\/v2\/product"}],"about":[{"href":"https:\/\/vinilozona.lt\/en\/wp-json\/wp\/v2\/types\/product"}],"wp:featuredmedia":[{"embeddable":true,"href":"https:\/\/vinilozona.lt\/en\/wp-json\/wp\/v2\/media\/27954"}],"wp:attachment":[{"href":"https:\/\/vinilozona.lt\/en\/wp-json\/wp\/v2\/media?parent=27953"}],"wp:term":[{"taxonomy":"product_cat","embeddable":true,"href":"https:\/\/vinilozona.lt\/en\/wp-json\/wp\/v2\/product_cat?post=27953"},{"taxonomy":"product_tag","embeddable":true,"href":"https:\/\/vinilozona.lt\/en\/wp-json\/wp\/v2\/product_tag?post=27953"}],"curies":[{"name":"wp","href":"https:\/\/api.w.org\/{rel}","templated":true}]}}