{"id":27940,"date":"2026-04-08T21:01:00","date_gmt":"2026-04-08T18:01:00","guid":{"rendered":"https:\/\/vinilozona.lt\/?post_type=product&#038;p=27940"},"modified":"2026-04-08T21:14:40","modified_gmt":"2026-04-08T18:14:40","slug":"teisutis-makacinas-muzika-kino-filmui-mazasis-princas","status":"publish","type":"product","link":"https:\/\/vinilozona.lt\/en\/parduotuve\/lietuviska\/teisutis-makacinas-muzika-kino-filmui-mazasis-princas\/","title":{"rendered":"Teisutis Maka\u010dinas \u2013 Muzika Kino Filmui &#8222;Ma\u017easis Princas&#8221;"},"content":{"rendered":"<p>A1\t\tL\u0117ktuvas\t4:15<br \/>\nA2\t\tDykuma\t1:00<br \/>\nA3\t\t\u0160ulinys I\t2:07<br \/>\nA4\t\tKepur\u0117\t0:25<br \/>\nA5\t\t\u0160ulinys II\t3:52<br \/>\nA6\t\tL\u0117ktuvo Tema\t3:59<br \/>\nA7\t\tLietus\t0:48<br \/>\nB1\t\tKaraliaus Fanfarai\t0:53<br \/>\nB2.1\t\tRo\u017e\u0117s I.\t2:27<br \/>\nB2.2\t\tRo\u017e\u0117s II.\t2:03<br \/>\nB2.3\t\tRo\u017e\u0117s III.\t2:07<br \/>\nB3\t\t\u0160ulinys III\t3:20<br \/>\nB4\t\tPrinco Mirtis\t1:19<br \/>\nB5\t\tFinalas\t5:51<\/p>","protected":false},"excerpt":{"rendered":"<p>abel:<br \/>\nVinilo Studija \u2013 VS024<br \/>\nSeries:<br \/>\nLietuvos Pop Roko Muzikos Archyvas \u2013 NR 16<br \/>\nFormat:<br \/>\nVinyl, LP, Album<br \/>\nCountry:<br \/>\nLithuania<br \/>\nReleased:<br \/>\n2024<\/p>","protected":false},"featured_media":27941,"template":"","meta":[],"product_cat":[19],"product_tag":[55],"yoast_head":"<!-- This site is optimized with the Yoast SEO plugin v23.5 - https:\/\/yoast.com\/wordpress\/plugins\/seo\/ -->\n<title>Teisutis Maka\u010dinas \u2013 Muzika Kino Filmui &quot;Ma\u017easis Princas&quot; Vinilin\u0117 Plok\u0161tel\u0117 | Vinilozona.lt<\/title>\n<meta name=\"robots\" content=\"index, follow, max-snippet:-1, max-image-preview:large, max-video-preview:-1\" \/>\n<link rel=\"canonical\" href=\"https:\/\/vinilozona.lt\/en\/parduotuve\/lietuviska\/teisutis-makacinas-muzika-kino-filmui-mazasis-princas\/\" \/>\n<meta property=\"og:locale\" content=\"en_GB\" \/>\n<meta property=\"og:type\" content=\"article\" \/>\n<meta property=\"og:title\" content=\"Teisutis Maka\u010dinas \u2013 Muzika Kino Filmui &quot;Ma\u017easis Princas&quot; Vinilin\u0117 Plok\u0161tel\u0117 | Vinilozona.lt\" \/>\n<meta property=\"og:description\" content=\"abel: Vinilo Studija \u2013 VS024 Series: Lietuvos Pop Roko Muzikos Archyvas \u2013 NR 16 Format: Vinyl, LP, Album Country: Lithuania Released: 2024\" \/>\n<meta property=\"og:url\" content=\"https:\/\/vinilozona.lt\/en\/parduotuve\/lietuviska\/teisutis-makacinas-muzika-kino-filmui-mazasis-princas\/\" \/>\n<meta property=\"og:site_name\" content=\"Vinilo Zona\" \/>\n<meta property=\"article:modified_time\" content=\"2026-04-08T18:14:40+00:00\" \/>\n<meta property=\"og:image\" content=\"https:\/\/vinilozona.lt\/wp-content\/uploads\/2025\/04\/R-33608070-1743844725-4249.jpg\" \/>\n\t<meta property=\"og:image:width\" content=\"600\" \/>\n\t<meta property=\"og:image:height\" content=\"600\" \/>\n\t<meta property=\"og:image:type\" content=\"image\/jpeg\" \/>\n<meta name=\"twitter:card\" content=\"summary_large_image\" \/>\n<meta name=\"twitter:label1\" content=\"Estimated reading time\" \/>\n\t<meta name=\"twitter:data1\" content=\"1 minute\" \/>\n<script type=\"application\/ld+json\" class=\"yoast-schema-graph\">{\"@context\":\"https:\/\/schema.org\",\"@graph\":[{\"@type\":\"WebPage\",\"@id\":\"https:\/\/vinilozona.lt\/parduotuve\/lietuviska\/teisutis-makacinas-muzika-kino-filmui-mazasis-princas\/\",\"url\":\"https:\/\/vinilozona.lt\/parduotuve\/lietuviska\/teisutis-makacinas-muzika-kino-filmui-mazasis-princas\/\",\"name\":\"Teisutis Maka\u010dinas \u2013 Muzika Kino Filmui \\\"Ma\u017easis Princas\\\" Vinilin\u0117 Plok\u0161tel\u0117 | Vinilozona.lt\",\"isPartOf\":{\"@id\":\"https:\/\/vinilozona.lt\/#website\"},\"primaryImageOfPage\":{\"@id\":\"https:\/\/vinilozona.lt\/parduotuve\/lietuviska\/teisutis-makacinas-muzika-kino-filmui-mazasis-princas\/#primaryimage\"},\"image\":{\"@id\":\"https:\/\/vinilozona.lt\/parduotuve\/lietuviska\/teisutis-makacinas-muzika-kino-filmui-mazasis-princas\/#primaryimage\"},\"thumbnailUrl\":\"https:\/\/vinilozona.lt\/wp-content\/uploads\/2025\/04\/R-33608070-1743844725-4249.jpg\",\"datePublished\":\"2026-04-08T18:01:00+00:00\",\"dateModified\":\"2026-04-08T18:14:40+00:00\",\"breadcrumb\":{\"@id\":\"https:\/\/vinilozona.lt\/parduotuve\/lietuviska\/teisutis-makacinas-muzika-kino-filmui-mazasis-princas\/#breadcrumb\"},\"inLanguage\":\"en-GB\",\"potentialAction\":[{\"@type\":\"ReadAction\",\"target\":[\"https:\/\/vinilozona.lt\/parduotuve\/lietuviska\/teisutis-makacinas-muzika-kino-filmui-mazasis-princas\/\"]}]},{\"@type\":\"ImageObject\",\"inLanguage\":\"en-GB\",\"@id\":\"https:\/\/vinilozona.lt\/parduotuve\/lietuviska\/teisutis-makacinas-muzika-kino-filmui-mazasis-princas\/#primaryimage\",\"url\":\"https:\/\/vinilozona.lt\/wp-content\/uploads\/2025\/04\/R-33608070-1743844725-4249.jpg\",\"contentUrl\":\"https:\/\/vinilozona.lt\/wp-content\/uploads\/2025\/04\/R-33608070-1743844725-4249.jpg\",\"width\":600,\"height\":600},{\"@type\":\"BreadcrumbList\",\"@id\":\"https:\/\/vinilozona.lt\/parduotuve\/lietuviska\/teisutis-makacinas-muzika-kino-filmui-mazasis-princas\/#breadcrumb\",\"itemListElement\":[{\"@type\":\"ListItem\",\"position\":1,\"name\":\"Home\",\"item\":\"https:\/\/vinilozona.lt\/\"},{\"@type\":\"ListItem\",\"position\":2,\"name\":\"Parduotuv\u0117\",\"item\":\"https:\/\/vinilozona.lt\/parduotuve\/\"},{\"@type\":\"ListItem\",\"position\":3,\"name\":\"Teisutis Maka\u010dinas \u2013 Muzika Kino Filmui &#8220;Ma\u017easis Princas&#8221;\"}]},{\"@type\":\"WebSite\",\"@id\":\"https:\/\/vinilozona.lt\/#website\",\"url\":\"https:\/\/vinilozona.lt\/\",\"name\":\"Vinilo Zona\",\"description\":\"Nup\u016bsk dulkes ir klausyk LP\",\"potentialAction\":[{\"@type\":\"SearchAction\",\"target\":{\"@type\":\"EntryPoint\",\"urlTemplate\":\"https:\/\/vinilozona.lt\/?s={search_term_string}\"},\"query-input\":{\"@type\":\"PropertyValueSpecification\",\"valueRequired\":true,\"valueName\":\"search_term_string\"}}],\"inLanguage\":\"en-GB\"}]}<\/script>\n<!-- \/ Yoast SEO plugin. -->","yoast_head_json":{"title":"Teisutis Maka\u010dinas \u2013 Muzika Kino Filmui \"Ma\u017easis Princas\" Vinilin\u0117 Plok\u0161tel\u0117 | Vinilozona.lt","robots":{"index":"index","follow":"follow","max-snippet":"max-snippet:-1","max-image-preview":"max-image-preview:large","max-video-preview":"max-video-preview:-1"},"canonical":"https:\/\/vinilozona.lt\/en\/parduotuve\/lietuviska\/teisutis-makacinas-muzika-kino-filmui-mazasis-princas\/","og_locale":"en_GB","og_type":"article","og_title":"Teisutis Maka\u010dinas \u2013 Muzika Kino Filmui \"Ma\u017easis Princas\" Vinilin\u0117 Plok\u0161tel\u0117 | Vinilozona.lt","og_description":"abel: Vinilo Studija \u2013 VS024 Series: Lietuvos Pop Roko Muzikos Archyvas \u2013 NR 16 Format: Vinyl, LP, Album Country: Lithuania Released: 2024","og_url":"https:\/\/vinilozona.lt\/en\/parduotuve\/lietuviska\/teisutis-makacinas-muzika-kino-filmui-mazasis-princas\/","og_site_name":"Vinilo Zona","article_modified_time":"2026-04-08T18:14:40+00:00","og_image":[{"width":600,"height":600,"url":"https:\/\/vinilozona.lt\/wp-content\/uploads\/2025\/04\/R-33608070-1743844725-4249.jpg","type":"image\/jpeg"}],"twitter_card":"summary_large_image","twitter_misc":{"Estimated reading time":"1 minute"},"schema":{"@context":"https:\/\/schema.org","@graph":[{"@type":"WebPage","@id":"https:\/\/vinilozona.lt\/parduotuve\/lietuviska\/teisutis-makacinas-muzika-kino-filmui-mazasis-princas\/","url":"https:\/\/vinilozona.lt\/parduotuve\/lietuviska\/teisutis-makacinas-muzika-kino-filmui-mazasis-princas\/","name":"Teisutis Maka\u010dinas \u2013 Muzika Kino Filmui \"Ma\u017easis Princas\" Vinilin\u0117 Plok\u0161tel\u0117 | Vinilozona.lt","isPartOf":{"@id":"https:\/\/vinilozona.lt\/#website"},"primaryImageOfPage":{"@id":"https:\/\/vinilozona.lt\/parduotuve\/lietuviska\/teisutis-makacinas-muzika-kino-filmui-mazasis-princas\/#primaryimage"},"image":{"@id":"https:\/\/vinilozona.lt\/parduotuve\/lietuviska\/teisutis-makacinas-muzika-kino-filmui-mazasis-princas\/#primaryimage"},"thumbnailUrl":"https:\/\/vinilozona.lt\/wp-content\/uploads\/2025\/04\/R-33608070-1743844725-4249.jpg","datePublished":"2026-04-08T18:01:00+00:00","dateModified":"2026-04-08T18:14:40+00:00","breadcrumb":{"@id":"https:\/\/vinilozona.lt\/parduotuve\/lietuviska\/teisutis-makacinas-muzika-kino-filmui-mazasis-princas\/#breadcrumb"},"inLanguage":"en-GB","potentialAction":[{"@type":"ReadAction","target":["https:\/\/vinilozona.lt\/parduotuve\/lietuviska\/teisutis-makacinas-muzika-kino-filmui-mazasis-princas\/"]}]},{"@type":"ImageObject","inLanguage":"en-GB","@id":"https:\/\/vinilozona.lt\/parduotuve\/lietuviska\/teisutis-makacinas-muzika-kino-filmui-mazasis-princas\/#primaryimage","url":"https:\/\/vinilozona.lt\/wp-content\/uploads\/2025\/04\/R-33608070-1743844725-4249.jpg","contentUrl":"https:\/\/vinilozona.lt\/wp-content\/uploads\/2025\/04\/R-33608070-1743844725-4249.jpg","width":600,"height":600},{"@type":"BreadcrumbList","@id":"https:\/\/vinilozona.lt\/parduotuve\/lietuviska\/teisutis-makacinas-muzika-kino-filmui-mazasis-princas\/#breadcrumb","itemListElement":[{"@type":"ListItem","position":1,"name":"Home","item":"https:\/\/vinilozona.lt\/"},{"@type":"ListItem","position":2,"name":"Parduotuv\u0117","item":"https:\/\/vinilozona.lt\/parduotuve\/"},{"@type":"ListItem","position":3,"name":"Teisutis Maka\u010dinas \u2013 Muzika Kino Filmui &#8220;Ma\u017easis Princas&#8221;"}]},{"@type":"WebSite","@id":"https:\/\/vinilozona.lt\/#website","url":"https:\/\/vinilozona.lt\/","name":"Vinilo Zona","description":"Nup\u016bsk dulkes ir klausyk LP","potentialAction":[{"@type":"SearchAction","target":{"@type":"EntryPoint","urlTemplate":"https:\/\/vinilozona.lt\/?s={search_term_string}"},"query-input":{"@type":"PropertyValueSpecification","valueRequired":true,"valueName":"search_term_string"}}],"inLanguage":"en-GB"}]}},"_links":{"self":[{"href":"https:\/\/vinilozona.lt\/en\/wp-json\/wp\/v2\/product\/27940"}],"collection":[{"href":"https:\/\/vinilozona.lt\/en\/wp-json\/wp\/v2\/product"}],"about":[{"href":"https:\/\/vinilozona.lt\/en\/wp-json\/wp\/v2\/types\/product"}],"wp:featuredmedia":[{"embeddable":true,"href":"https:\/\/vinilozona.lt\/en\/wp-json\/wp\/v2\/media\/27941"}],"wp:attachment":[{"href":"https:\/\/vinilozona.lt\/en\/wp-json\/wp\/v2\/media?parent=27940"}],"wp:term":[{"taxonomy":"product_cat","embeddable":true,"href":"https:\/\/vinilozona.lt\/en\/wp-json\/wp\/v2\/product_cat?post=27940"},{"taxonomy":"product_tag","embeddable":true,"href":"https:\/\/vinilozona.lt\/en\/wp-json\/wp\/v2\/product_tag?post=27940"}],"curies":[{"name":"wp","href":"https:\/\/api.w.org\/{rel}","templated":true}]}}