{"id":27934,"date":"2025-04-12T17:30:19","date_gmt":"2025-04-12T14:30:19","guid":{"rendered":"https:\/\/vinilozona.lt\/?post_type=product&#038;p=27934"},"modified":"2025-04-12T17:32:54","modified_gmt":"2025-04-12T14:32:54","slug":"various-snapsounds-3lp","status":"publish","type":"product","link":"https:\/\/vinilozona.lt\/en\/parduotuve\/lietuviska\/various-snapsounds-3lp\/","title":{"rendered":"Various \u200e\u2013 Snapsounds 3LP"},"content":{"rendered":"<p>A1\tMake It Real Project\u2013\tF. I. N.<br \/>\nA2\tDykumos\u2013\tSelfish<br \/>\nA3\tDykumos\u2013\tHolding<br \/>\nA4\tAVaspo\u2013\tNiagara<br \/>\nB1\tInsearch (3)\u2013\tAlarm<br \/>\nB2\tTraffic Trio\u2013\tBroke<br \/>\nB3\tBanda Dzeta\u2013\t\u0160i\u0173 Naktel\u012f<br \/>\nC1\tSpooky Campfire Stories\u2013\tStrawberry Flavour<br \/>\nC2\tSC (4)\u2013\tRoketa<br \/>\nC3\tSC (4)\u2013\tN\u0117 Bybio!<br \/>\nC4\tNo Dog Barking\u2013\tNervous<br \/>\nC5\tDomas Strupinskas\u2013\tNicotine<br \/>\nC6\tThe Dominoes (7)\u2013\tInvisible Man<br \/>\nD1\tSheep Got Waxed\u2013\tHandwriting<br \/>\nD2\tChung Kran\u2013\tHazy Love<br \/>\nD3\t\u0104\u017euoliniai Ber\u017eeliai\u2013\tBalad\u0117<br \/>\nE1\tLapkri\u010dio Dvide\u0161imtosios Orkestras*\u2013\tJuoda Baranka<br \/>\nE2\tPaulius Kilbauskas &#038; Vygintas Kisevi\u010dius\u2013\tNovember 25TH<br \/>\nF1\tDomas Strupinskas Band\u2013\tDrop D<br \/>\nF2\tDomas Strupinskas Band\u2013\tBuster<br \/>\nF3\tDomas Strupinskas\u2013\tNo<\/p>","protected":false},"excerpt":{"rendered":"<p>Label:<br \/>\nNot On Label (Snapsounds Self-released) \u200e\u2013 none<br \/>\nFormat:<br \/>\n3 \u00d7 Vinyl, LP, Compilation<br \/>\nCountry:<br \/>\nLithuania<br \/>\nReleased:<br \/>\n2023<br \/>\nGenre:<br \/>\nElectronic, Jazz, Rock, Folk, World, &#038; Country<br \/>\nStyle:<br \/>\nAcoustic, Trip Hop, Experimental, Avantgarde, Post Rock, Klezmer, Hardcore, Folk, Filk, Indie Rock, Avant-garde Jazz, Jazz-Rock<\/p>","protected":false},"featured_media":27935,"template":"","meta":[],"product_cat":[19,23],"product_tag":[55],"yoast_head":"<!-- This site is optimized with the Yoast SEO plugin v23.5 - https:\/\/yoast.com\/wordpress\/plugins\/seo\/ -->\n<title>Various \u200e\u2013 Snapsounds 3LP Vinilin\u0117 Plok\u0161tel\u0117 | Vinilozona.lt<\/title>\n<meta name=\"robots\" content=\"index, follow, max-snippet:-1, max-image-preview:large, max-video-preview:-1\" \/>\n<link rel=\"canonical\" href=\"https:\/\/vinilozona.lt\/en\/parduotuve\/lietuviska\/various-snapsounds-3lp\/\" \/>\n<meta property=\"og:locale\" content=\"en_GB\" \/>\n<meta property=\"og:type\" content=\"article\" \/>\n<meta property=\"og:title\" content=\"Various \u200e\u2013 Snapsounds 3LP Vinilin\u0117 Plok\u0161tel\u0117 | Vinilozona.lt\" \/>\n<meta property=\"og:description\" content=\"Label: Not On Label (Snapsounds Self-released) \u200e\u2013 none Format: 3 \u00d7 Vinyl, LP, Compilation Country: Lithuania Released: 2023 Genre: Electronic, Jazz, Rock, Folk, World, &amp; Country Style: Acoustic, Trip Hop, Experimental, Avantgarde, Post Rock, Klezmer, Hardcore, Folk, Filk, Indie Rock, Avant-garde Jazz, Jazz-Rock\" \/>\n<meta property=\"og:url\" content=\"https:\/\/vinilozona.lt\/en\/parduotuve\/lietuviska\/various-snapsounds-3lp\/\" \/>\n<meta property=\"og:site_name\" content=\"Vinilo Zona\" \/>\n<meta property=\"article:modified_time\" content=\"2025-04-12T14:32:54+00:00\" \/>\n<meta property=\"og:image\" content=\"https:\/\/vinilozona.lt\/wp-content\/uploads\/2025\/04\/R-29928679-1708971455-7132.jpg\" \/>\n\t<meta property=\"og:image:width\" content=\"600\" \/>\n\t<meta property=\"og:image:height\" content=\"600\" \/>\n\t<meta property=\"og:image:type\" content=\"image\/jpeg\" \/>\n<meta name=\"twitter:card\" content=\"summary_large_image\" \/>\n<meta name=\"twitter:label1\" content=\"Estimated reading time\" \/>\n\t<meta name=\"twitter:data1\" content=\"1 minute\" \/>\n<script type=\"application\/ld+json\" class=\"yoast-schema-graph\">{\"@context\":\"https:\/\/schema.org\",\"@graph\":[{\"@type\":\"WebPage\",\"@id\":\"https:\/\/vinilozona.lt\/parduotuve\/lietuviska\/various-snapsounds-3lp\/\",\"url\":\"https:\/\/vinilozona.lt\/parduotuve\/lietuviska\/various-snapsounds-3lp\/\",\"name\":\"Various \u200e\u2013 Snapsounds 3LP Vinilin\u0117 Plok\u0161tel\u0117 | Vinilozona.lt\",\"isPartOf\":{\"@id\":\"https:\/\/vinilozona.lt\/#website\"},\"primaryImageOfPage\":{\"@id\":\"https:\/\/vinilozona.lt\/parduotuve\/lietuviska\/various-snapsounds-3lp\/#primaryimage\"},\"image\":{\"@id\":\"https:\/\/vinilozona.lt\/parduotuve\/lietuviska\/various-snapsounds-3lp\/#primaryimage\"},\"thumbnailUrl\":\"https:\/\/vinilozona.lt\/wp-content\/uploads\/2025\/04\/R-29928679-1708971455-7132.jpg\",\"datePublished\":\"2025-04-12T14:30:19+00:00\",\"dateModified\":\"2025-04-12T14:32:54+00:00\",\"breadcrumb\":{\"@id\":\"https:\/\/vinilozona.lt\/parduotuve\/lietuviska\/various-snapsounds-3lp\/#breadcrumb\"},\"inLanguage\":\"en-GB\",\"potentialAction\":[{\"@type\":\"ReadAction\",\"target\":[\"https:\/\/vinilozona.lt\/parduotuve\/lietuviska\/various-snapsounds-3lp\/\"]}]},{\"@type\":\"ImageObject\",\"inLanguage\":\"en-GB\",\"@id\":\"https:\/\/vinilozona.lt\/parduotuve\/lietuviska\/various-snapsounds-3lp\/#primaryimage\",\"url\":\"https:\/\/vinilozona.lt\/wp-content\/uploads\/2025\/04\/R-29928679-1708971455-7132.jpg\",\"contentUrl\":\"https:\/\/vinilozona.lt\/wp-content\/uploads\/2025\/04\/R-29928679-1708971455-7132.jpg\",\"width\":600,\"height\":600},{\"@type\":\"BreadcrumbList\",\"@id\":\"https:\/\/vinilozona.lt\/parduotuve\/lietuviska\/various-snapsounds-3lp\/#breadcrumb\",\"itemListElement\":[{\"@type\":\"ListItem\",\"position\":1,\"name\":\"Home\",\"item\":\"https:\/\/vinilozona.lt\/\"},{\"@type\":\"ListItem\",\"position\":2,\"name\":\"Parduotuv\u0117\",\"item\":\"https:\/\/vinilozona.lt\/parduotuve\/\"},{\"@type\":\"ListItem\",\"position\":3,\"name\":\"Various \u200e\u2013 Snapsounds 3LP\"}]},{\"@type\":\"WebSite\",\"@id\":\"https:\/\/vinilozona.lt\/#website\",\"url\":\"https:\/\/vinilozona.lt\/\",\"name\":\"Vinilo Zona\",\"description\":\"Nup\u016bsk dulkes ir klausyk LP\",\"potentialAction\":[{\"@type\":\"SearchAction\",\"target\":{\"@type\":\"EntryPoint\",\"urlTemplate\":\"https:\/\/vinilozona.lt\/?s={search_term_string}\"},\"query-input\":{\"@type\":\"PropertyValueSpecification\",\"valueRequired\":true,\"valueName\":\"search_term_string\"}}],\"inLanguage\":\"en-GB\"}]}<\/script>\n<!-- \/ Yoast SEO plugin. -->","yoast_head_json":{"title":"Various \u200e\u2013 Snapsounds 3LP Vinilin\u0117 Plok\u0161tel\u0117 | Vinilozona.lt","robots":{"index":"index","follow":"follow","max-snippet":"max-snippet:-1","max-image-preview":"max-image-preview:large","max-video-preview":"max-video-preview:-1"},"canonical":"https:\/\/vinilozona.lt\/en\/parduotuve\/lietuviska\/various-snapsounds-3lp\/","og_locale":"en_GB","og_type":"article","og_title":"Various \u200e\u2013 Snapsounds 3LP Vinilin\u0117 Plok\u0161tel\u0117 | Vinilozona.lt","og_description":"Label: Not On Label (Snapsounds Self-released) \u200e\u2013 none Format: 3 \u00d7 Vinyl, LP, Compilation Country: Lithuania Released: 2023 Genre: Electronic, Jazz, Rock, Folk, World, & Country Style: Acoustic, Trip Hop, Experimental, Avantgarde, Post Rock, Klezmer, Hardcore, Folk, Filk, Indie Rock, Avant-garde Jazz, Jazz-Rock","og_url":"https:\/\/vinilozona.lt\/en\/parduotuve\/lietuviska\/various-snapsounds-3lp\/","og_site_name":"Vinilo Zona","article_modified_time":"2025-04-12T14:32:54+00:00","og_image":[{"width":600,"height":600,"url":"https:\/\/vinilozona.lt\/wp-content\/uploads\/2025\/04\/R-29928679-1708971455-7132.jpg","type":"image\/jpeg"}],"twitter_card":"summary_large_image","twitter_misc":{"Estimated reading time":"1 minute"},"schema":{"@context":"https:\/\/schema.org","@graph":[{"@type":"WebPage","@id":"https:\/\/vinilozona.lt\/parduotuve\/lietuviska\/various-snapsounds-3lp\/","url":"https:\/\/vinilozona.lt\/parduotuve\/lietuviska\/various-snapsounds-3lp\/","name":"Various \u200e\u2013 Snapsounds 3LP Vinilin\u0117 Plok\u0161tel\u0117 | Vinilozona.lt","isPartOf":{"@id":"https:\/\/vinilozona.lt\/#website"},"primaryImageOfPage":{"@id":"https:\/\/vinilozona.lt\/parduotuve\/lietuviska\/various-snapsounds-3lp\/#primaryimage"},"image":{"@id":"https:\/\/vinilozona.lt\/parduotuve\/lietuviska\/various-snapsounds-3lp\/#primaryimage"},"thumbnailUrl":"https:\/\/vinilozona.lt\/wp-content\/uploads\/2025\/04\/R-29928679-1708971455-7132.jpg","datePublished":"2025-04-12T14:30:19+00:00","dateModified":"2025-04-12T14:32:54+00:00","breadcrumb":{"@id":"https:\/\/vinilozona.lt\/parduotuve\/lietuviska\/various-snapsounds-3lp\/#breadcrumb"},"inLanguage":"en-GB","potentialAction":[{"@type":"ReadAction","target":["https:\/\/vinilozona.lt\/parduotuve\/lietuviska\/various-snapsounds-3lp\/"]}]},{"@type":"ImageObject","inLanguage":"en-GB","@id":"https:\/\/vinilozona.lt\/parduotuve\/lietuviska\/various-snapsounds-3lp\/#primaryimage","url":"https:\/\/vinilozona.lt\/wp-content\/uploads\/2025\/04\/R-29928679-1708971455-7132.jpg","contentUrl":"https:\/\/vinilozona.lt\/wp-content\/uploads\/2025\/04\/R-29928679-1708971455-7132.jpg","width":600,"height":600},{"@type":"BreadcrumbList","@id":"https:\/\/vinilozona.lt\/parduotuve\/lietuviska\/various-snapsounds-3lp\/#breadcrumb","itemListElement":[{"@type":"ListItem","position":1,"name":"Home","item":"https:\/\/vinilozona.lt\/"},{"@type":"ListItem","position":2,"name":"Parduotuv\u0117","item":"https:\/\/vinilozona.lt\/parduotuve\/"},{"@type":"ListItem","position":3,"name":"Various \u200e\u2013 Snapsounds 3LP"}]},{"@type":"WebSite","@id":"https:\/\/vinilozona.lt\/#website","url":"https:\/\/vinilozona.lt\/","name":"Vinilo Zona","description":"Nup\u016bsk dulkes ir klausyk LP","potentialAction":[{"@type":"SearchAction","target":{"@type":"EntryPoint","urlTemplate":"https:\/\/vinilozona.lt\/?s={search_term_string}"},"query-input":{"@type":"PropertyValueSpecification","valueRequired":true,"valueName":"search_term_string"}}],"inLanguage":"en-GB"}]}},"_links":{"self":[{"href":"https:\/\/vinilozona.lt\/en\/wp-json\/wp\/v2\/product\/27934"}],"collection":[{"href":"https:\/\/vinilozona.lt\/en\/wp-json\/wp\/v2\/product"}],"about":[{"href":"https:\/\/vinilozona.lt\/en\/wp-json\/wp\/v2\/types\/product"}],"wp:featuredmedia":[{"embeddable":true,"href":"https:\/\/vinilozona.lt\/en\/wp-json\/wp\/v2\/media\/27935"}],"wp:attachment":[{"href":"https:\/\/vinilozona.lt\/en\/wp-json\/wp\/v2\/media?parent=27934"}],"wp:term":[{"taxonomy":"product_cat","embeddable":true,"href":"https:\/\/vinilozona.lt\/en\/wp-json\/wp\/v2\/product_cat?post=27934"},{"taxonomy":"product_tag","embeddable":true,"href":"https:\/\/vinilozona.lt\/en\/wp-json\/wp\/v2\/product_tag?post=27934"}],"curies":[{"name":"wp","href":"https:\/\/api.w.org\/{rel}","templated":true}]}}