{"id":27824,"date":"2025-04-03T05:01:16","date_gmt":"2025-04-03T02:01:16","guid":{"rendered":"https:\/\/vinilozona.lt\/?post_type=product&#038;p=27824"},"modified":"2025-04-06T11:09:59","modified_gmt":"2025-04-06T08:09:59","slug":"johnny-cash-starportrait-2lp","status":"publish","type":"product","link":"https:\/\/vinilozona.lt\/en\/parduotuve\/rock-pop\/johnny-cash-starportrait-2lp\/","title":{"rendered":"Johnny Cash \u2013 Starportrait 2LP"},"content":{"rendered":"<p>A Boy Named Sue\t3:41<br \/>\nOrange Blossom Special\t3:06<br \/>\nWildwood Flower\t2:12<br \/>\nUnderstand Your Man\t2:43<br \/>\nDaddy Sang Bass\t2:23<br \/>\nWreck Of The Old &#8217;97\t2:41<br \/>\nRing Of Fire\t2:37<br \/>\nBonanza\t2:19<br \/>\nIn Them Old Cottonfields Back Home\t2:33<br \/>\nIf I Were A Carpenter\t3:00<br \/>\nThe Long Black Veil\t3:05<br \/>\nForty Shades Of Green\t2:53<br \/>\nFolsom Prison Blues\t2:45<br \/>\nLong-Legged Guitar Pickin&#8217; Man\t2:34<br \/>\nFive Feet High &#038; Rising\t1:48<br \/>\nBig River\t2:18<br \/>\nDon&#8217;t Take Your Guns To Town\t3:00<br \/>\nSunday Morning Coming Down\t4:08<br \/>\nI Walk The Line\t2:33<br \/>\nWabash Cannon Ball\t2:37<br \/>\nTennessee Flat-Top Box\t2:58<br \/>\nWhat Is Truth\t2:37<br \/>\nMan In Black\t2:55<\/p>","protected":false},"excerpt":{"rendered":"<p>CBS \u2013 S 67201<br \/>\nFormat:<br \/>\n2 x Vinyl, LP, Compilation, Stereo, Gatefold<br \/>\nCountry:<br \/>\nGermany<br \/>\nReleased:<br \/>\n1971<\/p>","protected":false},"featured_media":27825,"template":"","meta":[],"product_cat":[15],"product_tag":[44],"yoast_head":"<!-- This site is optimized with the Yoast SEO plugin v23.5 - https:\/\/yoast.com\/wordpress\/plugins\/seo\/ -->\n<title>Johnny Cash \u2013 Starportrait 2LP Vinilin\u0117 Plok\u0161tel\u0117 | Vinilozona.lt<\/title>\n<meta name=\"robots\" content=\"index, follow, max-snippet:-1, max-image-preview:large, max-video-preview:-1\" \/>\n<link rel=\"canonical\" href=\"https:\/\/vinilozona.lt\/en\/parduotuve\/rock-pop\/johnny-cash-starportrait-2lp\/\" \/>\n<meta property=\"og:locale\" content=\"en_GB\" \/>\n<meta property=\"og:type\" content=\"article\" \/>\n<meta property=\"og:title\" content=\"Johnny Cash \u2013 Starportrait 2LP Vinilin\u0117 Plok\u0161tel\u0117 | Vinilozona.lt\" \/>\n<meta property=\"og:description\" content=\"CBS \u2013 S 67201 Format: 2 x Vinyl, LP, Compilation, Stereo, Gatefold Country: Germany Released: 1971\" \/>\n<meta property=\"og:url\" content=\"https:\/\/vinilozona.lt\/en\/parduotuve\/rock-pop\/johnny-cash-starportrait-2lp\/\" \/>\n<meta property=\"og:site_name\" content=\"Vinilo Zona\" \/>\n<meta property=\"article:modified_time\" content=\"2025-04-06T08:09:59+00:00\" \/>\n<meta property=\"og:image\" content=\"https:\/\/vinilozona.lt\/wp-content\/uploads\/2025\/04\/R-8017666-1453568477-4673.jpg\" \/>\n\t<meta property=\"og:image:width\" content=\"600\" \/>\n\t<meta property=\"og:image:height\" content=\"587\" \/>\n\t<meta property=\"og:image:type\" content=\"image\/jpeg\" \/>\n<meta name=\"twitter:card\" content=\"summary_large_image\" \/>\n<meta name=\"twitter:label1\" content=\"Estimated reading time\" \/>\n\t<meta name=\"twitter:data1\" content=\"1 minute\" \/>\n<script type=\"application\/ld+json\" class=\"yoast-schema-graph\">{\"@context\":\"https:\/\/schema.org\",\"@graph\":[{\"@type\":\"WebPage\",\"@id\":\"https:\/\/vinilozona.lt\/parduotuve\/rock-pop\/johnny-cash-starportrait-2lp\/\",\"url\":\"https:\/\/vinilozona.lt\/parduotuve\/rock-pop\/johnny-cash-starportrait-2lp\/\",\"name\":\"Johnny Cash \u2013 Starportrait 2LP Vinilin\u0117 Plok\u0161tel\u0117 | Vinilozona.lt\",\"isPartOf\":{\"@id\":\"https:\/\/vinilozona.lt\/#website\"},\"primaryImageOfPage\":{\"@id\":\"https:\/\/vinilozona.lt\/parduotuve\/rock-pop\/johnny-cash-starportrait-2lp\/#primaryimage\"},\"image\":{\"@id\":\"https:\/\/vinilozona.lt\/parduotuve\/rock-pop\/johnny-cash-starportrait-2lp\/#primaryimage\"},\"thumbnailUrl\":\"https:\/\/vinilozona.lt\/wp-content\/uploads\/2025\/04\/R-8017666-1453568477-4673.jpg\",\"datePublished\":\"2025-04-03T02:01:16+00:00\",\"dateModified\":\"2025-04-06T08:09:59+00:00\",\"breadcrumb\":{\"@id\":\"https:\/\/vinilozona.lt\/parduotuve\/rock-pop\/johnny-cash-starportrait-2lp\/#breadcrumb\"},\"inLanguage\":\"en-GB\",\"potentialAction\":[{\"@type\":\"ReadAction\",\"target\":[\"https:\/\/vinilozona.lt\/parduotuve\/rock-pop\/johnny-cash-starportrait-2lp\/\"]}]},{\"@type\":\"ImageObject\",\"inLanguage\":\"en-GB\",\"@id\":\"https:\/\/vinilozona.lt\/parduotuve\/rock-pop\/johnny-cash-starportrait-2lp\/#primaryimage\",\"url\":\"https:\/\/vinilozona.lt\/wp-content\/uploads\/2025\/04\/R-8017666-1453568477-4673.jpg\",\"contentUrl\":\"https:\/\/vinilozona.lt\/wp-content\/uploads\/2025\/04\/R-8017666-1453568477-4673.jpg\",\"width\":600,\"height\":587},{\"@type\":\"BreadcrumbList\",\"@id\":\"https:\/\/vinilozona.lt\/parduotuve\/rock-pop\/johnny-cash-starportrait-2lp\/#breadcrumb\",\"itemListElement\":[{\"@type\":\"ListItem\",\"position\":1,\"name\":\"Home\",\"item\":\"https:\/\/vinilozona.lt\/\"},{\"@type\":\"ListItem\",\"position\":2,\"name\":\"Parduotuv\u0117\",\"item\":\"https:\/\/vinilozona.lt\/parduotuve\/\"},{\"@type\":\"ListItem\",\"position\":3,\"name\":\"Johnny Cash \u2013 Starportrait 2LP\"}]},{\"@type\":\"WebSite\",\"@id\":\"https:\/\/vinilozona.lt\/#website\",\"url\":\"https:\/\/vinilozona.lt\/\",\"name\":\"Vinilo Zona\",\"description\":\"Nup\u016bsk dulkes ir klausyk LP\",\"potentialAction\":[{\"@type\":\"SearchAction\",\"target\":{\"@type\":\"EntryPoint\",\"urlTemplate\":\"https:\/\/vinilozona.lt\/?s={search_term_string}\"},\"query-input\":{\"@type\":\"PropertyValueSpecification\",\"valueRequired\":true,\"valueName\":\"search_term_string\"}}],\"inLanguage\":\"en-GB\"}]}<\/script>\n<!-- \/ Yoast SEO plugin. -->","yoast_head_json":{"title":"Johnny Cash \u2013 Starportrait 2LP Vinilin\u0117 Plok\u0161tel\u0117 | Vinilozona.lt","robots":{"index":"index","follow":"follow","max-snippet":"max-snippet:-1","max-image-preview":"max-image-preview:large","max-video-preview":"max-video-preview:-1"},"canonical":"https:\/\/vinilozona.lt\/en\/parduotuve\/rock-pop\/johnny-cash-starportrait-2lp\/","og_locale":"en_GB","og_type":"article","og_title":"Johnny Cash \u2013 Starportrait 2LP Vinilin\u0117 Plok\u0161tel\u0117 | Vinilozona.lt","og_description":"CBS \u2013 S 67201 Format: 2 x Vinyl, LP, Compilation, Stereo, Gatefold Country: Germany Released: 1971","og_url":"https:\/\/vinilozona.lt\/en\/parduotuve\/rock-pop\/johnny-cash-starportrait-2lp\/","og_site_name":"Vinilo Zona","article_modified_time":"2025-04-06T08:09:59+00:00","og_image":[{"width":600,"height":587,"url":"https:\/\/vinilozona.lt\/wp-content\/uploads\/2025\/04\/R-8017666-1453568477-4673.jpg","type":"image\/jpeg"}],"twitter_card":"summary_large_image","twitter_misc":{"Estimated reading time":"1 minute"},"schema":{"@context":"https:\/\/schema.org","@graph":[{"@type":"WebPage","@id":"https:\/\/vinilozona.lt\/parduotuve\/rock-pop\/johnny-cash-starportrait-2lp\/","url":"https:\/\/vinilozona.lt\/parduotuve\/rock-pop\/johnny-cash-starportrait-2lp\/","name":"Johnny Cash \u2013 Starportrait 2LP Vinilin\u0117 Plok\u0161tel\u0117 | Vinilozona.lt","isPartOf":{"@id":"https:\/\/vinilozona.lt\/#website"},"primaryImageOfPage":{"@id":"https:\/\/vinilozona.lt\/parduotuve\/rock-pop\/johnny-cash-starportrait-2lp\/#primaryimage"},"image":{"@id":"https:\/\/vinilozona.lt\/parduotuve\/rock-pop\/johnny-cash-starportrait-2lp\/#primaryimage"},"thumbnailUrl":"https:\/\/vinilozona.lt\/wp-content\/uploads\/2025\/04\/R-8017666-1453568477-4673.jpg","datePublished":"2025-04-03T02:01:16+00:00","dateModified":"2025-04-06T08:09:59+00:00","breadcrumb":{"@id":"https:\/\/vinilozona.lt\/parduotuve\/rock-pop\/johnny-cash-starportrait-2lp\/#breadcrumb"},"inLanguage":"en-GB","potentialAction":[{"@type":"ReadAction","target":["https:\/\/vinilozona.lt\/parduotuve\/rock-pop\/johnny-cash-starportrait-2lp\/"]}]},{"@type":"ImageObject","inLanguage":"en-GB","@id":"https:\/\/vinilozona.lt\/parduotuve\/rock-pop\/johnny-cash-starportrait-2lp\/#primaryimage","url":"https:\/\/vinilozona.lt\/wp-content\/uploads\/2025\/04\/R-8017666-1453568477-4673.jpg","contentUrl":"https:\/\/vinilozona.lt\/wp-content\/uploads\/2025\/04\/R-8017666-1453568477-4673.jpg","width":600,"height":587},{"@type":"BreadcrumbList","@id":"https:\/\/vinilozona.lt\/parduotuve\/rock-pop\/johnny-cash-starportrait-2lp\/#breadcrumb","itemListElement":[{"@type":"ListItem","position":1,"name":"Home","item":"https:\/\/vinilozona.lt\/"},{"@type":"ListItem","position":2,"name":"Parduotuv\u0117","item":"https:\/\/vinilozona.lt\/parduotuve\/"},{"@type":"ListItem","position":3,"name":"Johnny Cash \u2013 Starportrait 2LP"}]},{"@type":"WebSite","@id":"https:\/\/vinilozona.lt\/#website","url":"https:\/\/vinilozona.lt\/","name":"Vinilo Zona","description":"Nup\u016bsk dulkes ir klausyk LP","potentialAction":[{"@type":"SearchAction","target":{"@type":"EntryPoint","urlTemplate":"https:\/\/vinilozona.lt\/?s={search_term_string}"},"query-input":{"@type":"PropertyValueSpecification","valueRequired":true,"valueName":"search_term_string"}}],"inLanguage":"en-GB"}]}},"_links":{"self":[{"href":"https:\/\/vinilozona.lt\/en\/wp-json\/wp\/v2\/product\/27824"}],"collection":[{"href":"https:\/\/vinilozona.lt\/en\/wp-json\/wp\/v2\/product"}],"about":[{"href":"https:\/\/vinilozona.lt\/en\/wp-json\/wp\/v2\/types\/product"}],"wp:featuredmedia":[{"embeddable":true,"href":"https:\/\/vinilozona.lt\/en\/wp-json\/wp\/v2\/media\/27825"}],"wp:attachment":[{"href":"https:\/\/vinilozona.lt\/en\/wp-json\/wp\/v2\/media?parent=27824"}],"wp:term":[{"taxonomy":"product_cat","embeddable":true,"href":"https:\/\/vinilozona.lt\/en\/wp-json\/wp\/v2\/product_cat?post=27824"},{"taxonomy":"product_tag","embeddable":true,"href":"https:\/\/vinilozona.lt\/en\/wp-json\/wp\/v2\/product_tag?post=27824"}],"curies":[{"name":"wp","href":"https:\/\/api.w.org\/{rel}","templated":true}]}}