{"id":27805,"date":"2025-03-29T05:03:25","date_gmt":"2025-03-29T03:03:25","guid":{"rendered":"https:\/\/vinilozona.lt\/?post_type=product&#038;p=27805"},"modified":"2026-03-22T20:57:38","modified_gmt":"2026-03-22T18:57:38","slug":"the-ornette-coleman-trio-at-the-golden-circle-stockholm-volume-one-cd","status":"publish","type":"product","link":"https:\/\/vinilozona.lt\/en\/parduotuve\/cd\/naudoti-cd\/the-ornette-coleman-trio-at-the-golden-circle-stockholm-volume-one-cd\/","title":{"rendered":"The Ornette Coleman Trio \u2013 At The &#8222;Golden Circle&#8221; Stockholm &#8211; Volume One  CD"},"content":{"rendered":"<p>1\t\tFaces And Places\t12:31<br \/>\n2\t\tEuropean Echoes\t7:55<br \/>\n3\t\tDee Dee\t10:21<br \/>\n4\t\tDawn\t8:16<\/p>","protected":false},"excerpt":{"rendered":"<p>Blue Note \u2013 TOCJ-4224, Blue Note \u2013 BNST-84224<br \/>\nSeries:<br \/>\nThe BN Works 4200 Series<br \/>\nFormat:<br \/>\nCD, Album, Reissue, Remastered, Stereo<br \/>\nCountry:<br \/>\nJapan<br \/>\nReleased:<br \/>\nFeb 25, 1998<\/p>","protected":false},"featured_media":27806,"template":"","meta":[],"product_cat":[24,946],"product_tag":[44],"yoast_head":"<!-- This site is optimized with the Yoast SEO plugin v23.5 - https:\/\/yoast.com\/wordpress\/plugins\/seo\/ -->\n<title>The Ornette Coleman Trio \u2013 At The &quot;Golden Circle&quot; Stockholm - Volume One CD Vinilin\u0117 Plok\u0161tel\u0117 | Vinilozona.lt<\/title>\n<meta name=\"robots\" content=\"index, follow, max-snippet:-1, max-image-preview:large, max-video-preview:-1\" \/>\n<link rel=\"canonical\" href=\"https:\/\/vinilozona.lt\/en\/parduotuve\/cd\/naudoti-cd\/the-ornette-coleman-trio-at-the-golden-circle-stockholm-volume-one-cd\/\" \/>\n<meta property=\"og:locale\" content=\"en_GB\" \/>\n<meta property=\"og:type\" content=\"article\" \/>\n<meta property=\"og:title\" content=\"The Ornette Coleman Trio \u2013 At The &quot;Golden Circle&quot; Stockholm - Volume One CD Vinilin\u0117 Plok\u0161tel\u0117 | Vinilozona.lt\" \/>\n<meta property=\"og:description\" content=\"Blue Note \u2013 TOCJ-4224, Blue Note \u2013 BNST-84224 Series: The BN Works 4200 Series Format: CD, Album, Reissue, Remastered, Stereo Country: Japan Released: Feb 25, 1998\" \/>\n<meta property=\"og:url\" content=\"https:\/\/vinilozona.lt\/en\/parduotuve\/cd\/naudoti-cd\/the-ornette-coleman-trio-at-the-golden-circle-stockholm-volume-one-cd\/\" \/>\n<meta property=\"og:site_name\" content=\"Vinilo Zona\" \/>\n<meta property=\"article:modified_time\" content=\"2026-03-22T18:57:38+00:00\" \/>\n<meta property=\"og:image\" content=\"https:\/\/vinilozona.lt\/wp-content\/uploads\/2025\/03\/R-1878367-1585647751-8120.jpg\" \/>\n\t<meta property=\"og:image:width\" content=\"600\" \/>\n\t<meta property=\"og:image:height\" content=\"529\" \/>\n\t<meta property=\"og:image:type\" content=\"image\/jpeg\" \/>\n<meta name=\"twitter:card\" content=\"summary_large_image\" \/>\n<meta name=\"twitter:label1\" content=\"Estimated reading time\" \/>\n\t<meta name=\"twitter:data1\" content=\"1 minute\" \/>\n<script type=\"application\/ld+json\" class=\"yoast-schema-graph\">{\"@context\":\"https:\/\/schema.org\",\"@graph\":[{\"@type\":\"WebPage\",\"@id\":\"https:\/\/vinilozona.lt\/parduotuve\/cd\/naudoti-cd\/the-ornette-coleman-trio-at-the-golden-circle-stockholm-volume-one-cd\/\",\"url\":\"https:\/\/vinilozona.lt\/parduotuve\/cd\/naudoti-cd\/the-ornette-coleman-trio-at-the-golden-circle-stockholm-volume-one-cd\/\",\"name\":\"The Ornette Coleman Trio \u2013 At The \\\"Golden Circle\\\" Stockholm - Volume One CD Vinilin\u0117 Plok\u0161tel\u0117 | Vinilozona.lt\",\"isPartOf\":{\"@id\":\"https:\/\/vinilozona.lt\/#website\"},\"primaryImageOfPage\":{\"@id\":\"https:\/\/vinilozona.lt\/parduotuve\/cd\/naudoti-cd\/the-ornette-coleman-trio-at-the-golden-circle-stockholm-volume-one-cd\/#primaryimage\"},\"image\":{\"@id\":\"https:\/\/vinilozona.lt\/parduotuve\/cd\/naudoti-cd\/the-ornette-coleman-trio-at-the-golden-circle-stockholm-volume-one-cd\/#primaryimage\"},\"thumbnailUrl\":\"https:\/\/vinilozona.lt\/wp-content\/uploads\/2025\/03\/R-1878367-1585647751-8120.jpg\",\"datePublished\":\"2025-03-29T03:03:25+00:00\",\"dateModified\":\"2026-03-22T18:57:38+00:00\",\"breadcrumb\":{\"@id\":\"https:\/\/vinilozona.lt\/parduotuve\/cd\/naudoti-cd\/the-ornette-coleman-trio-at-the-golden-circle-stockholm-volume-one-cd\/#breadcrumb\"},\"inLanguage\":\"en-GB\",\"potentialAction\":[{\"@type\":\"ReadAction\",\"target\":[\"https:\/\/vinilozona.lt\/parduotuve\/cd\/naudoti-cd\/the-ornette-coleman-trio-at-the-golden-circle-stockholm-volume-one-cd\/\"]}]},{\"@type\":\"ImageObject\",\"inLanguage\":\"en-GB\",\"@id\":\"https:\/\/vinilozona.lt\/parduotuve\/cd\/naudoti-cd\/the-ornette-coleman-trio-at-the-golden-circle-stockholm-volume-one-cd\/#primaryimage\",\"url\":\"https:\/\/vinilozona.lt\/wp-content\/uploads\/2025\/03\/R-1878367-1585647751-8120.jpg\",\"contentUrl\":\"https:\/\/vinilozona.lt\/wp-content\/uploads\/2025\/03\/R-1878367-1585647751-8120.jpg\",\"width\":600,\"height\":529},{\"@type\":\"BreadcrumbList\",\"@id\":\"https:\/\/vinilozona.lt\/parduotuve\/cd\/naudoti-cd\/the-ornette-coleman-trio-at-the-golden-circle-stockholm-volume-one-cd\/#breadcrumb\",\"itemListElement\":[{\"@type\":\"ListItem\",\"position\":1,\"name\":\"Home\",\"item\":\"https:\/\/vinilozona.lt\/\"},{\"@type\":\"ListItem\",\"position\":2,\"name\":\"Parduotuv\u0117\",\"item\":\"https:\/\/vinilozona.lt\/parduotuve\/\"},{\"@type\":\"ListItem\",\"position\":3,\"name\":\"The Ornette Coleman Trio \u2013 At The &#8220;Golden Circle&#8221; Stockholm &#8211; Volume One CD\"}]},{\"@type\":\"WebSite\",\"@id\":\"https:\/\/vinilozona.lt\/#website\",\"url\":\"https:\/\/vinilozona.lt\/\",\"name\":\"Vinilo Zona\",\"description\":\"Nup\u016bsk dulkes ir klausyk LP\",\"potentialAction\":[{\"@type\":\"SearchAction\",\"target\":{\"@type\":\"EntryPoint\",\"urlTemplate\":\"https:\/\/vinilozona.lt\/?s={search_term_string}\"},\"query-input\":{\"@type\":\"PropertyValueSpecification\",\"valueRequired\":true,\"valueName\":\"search_term_string\"}}],\"inLanguage\":\"en-GB\"}]}<\/script>\n<!-- \/ Yoast SEO plugin. -->","yoast_head_json":{"title":"The Ornette Coleman Trio \u2013 At The \"Golden Circle\" Stockholm - Volume One CD Vinilin\u0117 Plok\u0161tel\u0117 | Vinilozona.lt","robots":{"index":"index","follow":"follow","max-snippet":"max-snippet:-1","max-image-preview":"max-image-preview:large","max-video-preview":"max-video-preview:-1"},"canonical":"https:\/\/vinilozona.lt\/en\/parduotuve\/cd\/naudoti-cd\/the-ornette-coleman-trio-at-the-golden-circle-stockholm-volume-one-cd\/","og_locale":"en_GB","og_type":"article","og_title":"The Ornette Coleman Trio \u2013 At The \"Golden Circle\" Stockholm - Volume One CD Vinilin\u0117 Plok\u0161tel\u0117 | Vinilozona.lt","og_description":"Blue Note \u2013 TOCJ-4224, Blue Note \u2013 BNST-84224 Series: The BN Works 4200 Series Format: CD, Album, Reissue, Remastered, Stereo Country: Japan Released: Feb 25, 1998","og_url":"https:\/\/vinilozona.lt\/en\/parduotuve\/cd\/naudoti-cd\/the-ornette-coleman-trio-at-the-golden-circle-stockholm-volume-one-cd\/","og_site_name":"Vinilo Zona","article_modified_time":"2026-03-22T18:57:38+00:00","og_image":[{"width":600,"height":529,"url":"https:\/\/vinilozona.lt\/wp-content\/uploads\/2025\/03\/R-1878367-1585647751-8120.jpg","type":"image\/jpeg"}],"twitter_card":"summary_large_image","twitter_misc":{"Estimated reading time":"1 minute"},"schema":{"@context":"https:\/\/schema.org","@graph":[{"@type":"WebPage","@id":"https:\/\/vinilozona.lt\/parduotuve\/cd\/naudoti-cd\/the-ornette-coleman-trio-at-the-golden-circle-stockholm-volume-one-cd\/","url":"https:\/\/vinilozona.lt\/parduotuve\/cd\/naudoti-cd\/the-ornette-coleman-trio-at-the-golden-circle-stockholm-volume-one-cd\/","name":"The Ornette Coleman Trio \u2013 At The \"Golden Circle\" Stockholm - Volume One CD Vinilin\u0117 Plok\u0161tel\u0117 | Vinilozona.lt","isPartOf":{"@id":"https:\/\/vinilozona.lt\/#website"},"primaryImageOfPage":{"@id":"https:\/\/vinilozona.lt\/parduotuve\/cd\/naudoti-cd\/the-ornette-coleman-trio-at-the-golden-circle-stockholm-volume-one-cd\/#primaryimage"},"image":{"@id":"https:\/\/vinilozona.lt\/parduotuve\/cd\/naudoti-cd\/the-ornette-coleman-trio-at-the-golden-circle-stockholm-volume-one-cd\/#primaryimage"},"thumbnailUrl":"https:\/\/vinilozona.lt\/wp-content\/uploads\/2025\/03\/R-1878367-1585647751-8120.jpg","datePublished":"2025-03-29T03:03:25+00:00","dateModified":"2026-03-22T18:57:38+00:00","breadcrumb":{"@id":"https:\/\/vinilozona.lt\/parduotuve\/cd\/naudoti-cd\/the-ornette-coleman-trio-at-the-golden-circle-stockholm-volume-one-cd\/#breadcrumb"},"inLanguage":"en-GB","potentialAction":[{"@type":"ReadAction","target":["https:\/\/vinilozona.lt\/parduotuve\/cd\/naudoti-cd\/the-ornette-coleman-trio-at-the-golden-circle-stockholm-volume-one-cd\/"]}]},{"@type":"ImageObject","inLanguage":"en-GB","@id":"https:\/\/vinilozona.lt\/parduotuve\/cd\/naudoti-cd\/the-ornette-coleman-trio-at-the-golden-circle-stockholm-volume-one-cd\/#primaryimage","url":"https:\/\/vinilozona.lt\/wp-content\/uploads\/2025\/03\/R-1878367-1585647751-8120.jpg","contentUrl":"https:\/\/vinilozona.lt\/wp-content\/uploads\/2025\/03\/R-1878367-1585647751-8120.jpg","width":600,"height":529},{"@type":"BreadcrumbList","@id":"https:\/\/vinilozona.lt\/parduotuve\/cd\/naudoti-cd\/the-ornette-coleman-trio-at-the-golden-circle-stockholm-volume-one-cd\/#breadcrumb","itemListElement":[{"@type":"ListItem","position":1,"name":"Home","item":"https:\/\/vinilozona.lt\/"},{"@type":"ListItem","position":2,"name":"Parduotuv\u0117","item":"https:\/\/vinilozona.lt\/parduotuve\/"},{"@type":"ListItem","position":3,"name":"The Ornette Coleman Trio \u2013 At The &#8220;Golden Circle&#8221; Stockholm &#8211; Volume One CD"}]},{"@type":"WebSite","@id":"https:\/\/vinilozona.lt\/#website","url":"https:\/\/vinilozona.lt\/","name":"Vinilo Zona","description":"Nup\u016bsk dulkes ir klausyk LP","potentialAction":[{"@type":"SearchAction","target":{"@type":"EntryPoint","urlTemplate":"https:\/\/vinilozona.lt\/?s={search_term_string}"},"query-input":{"@type":"PropertyValueSpecification","valueRequired":true,"valueName":"search_term_string"}}],"inLanguage":"en-GB"}]}},"_links":{"self":[{"href":"https:\/\/vinilozona.lt\/en\/wp-json\/wp\/v2\/product\/27805"}],"collection":[{"href":"https:\/\/vinilozona.lt\/en\/wp-json\/wp\/v2\/product"}],"about":[{"href":"https:\/\/vinilozona.lt\/en\/wp-json\/wp\/v2\/types\/product"}],"wp:featuredmedia":[{"embeddable":true,"href":"https:\/\/vinilozona.lt\/en\/wp-json\/wp\/v2\/media\/27806"}],"wp:attachment":[{"href":"https:\/\/vinilozona.lt\/en\/wp-json\/wp\/v2\/media?parent=27805"}],"wp:term":[{"taxonomy":"product_cat","embeddable":true,"href":"https:\/\/vinilozona.lt\/en\/wp-json\/wp\/v2\/product_cat?post=27805"},{"taxonomy":"product_tag","embeddable":true,"href":"https:\/\/vinilozona.lt\/en\/wp-json\/wp\/v2\/product_tag?post=27805"}],"curies":[{"name":"wp","href":"https:\/\/api.w.org\/{rel}","templated":true}]}}