{"id":27771,"date":"2025-03-21T05:11:39","date_gmt":"2025-03-21T03:11:39","guid":{"rendered":"https:\/\/vinilozona.lt\/?post_type=product&#038;p=27771"},"modified":"2025-03-22T21:57:04","modified_gmt":"2025-03-22T19:57:04","slug":"john-mayall-with-eric-clapton-john-mayall-the-bluesbreakers-blues-breakers-a-hard-road-2lp","status":"publish","type":"product","link":"https:\/\/vinilozona.lt\/en\/parduotuve\/rock-pop\/john-mayall-with-eric-clapton-john-mayall-the-bluesbreakers-blues-breakers-a-hard-road-2lp\/","title":{"rendered":"John Mayall With Eric Clapton \/ John Mayall &#038; The Bluesbreakers \u2013 Blues Breakers \/ A Hard Road 2LP"},"content":{"rendered":"<p>Bluesbreakers<br \/>\nJohn Mayall With Eric Clapton\u2013\tAll Your Love<br \/>\nJohn Mayall With Eric Clapton\u2013\tHideaway<br \/>\nJohn Mayall With Eric Clapton\u2013\tLittle Girl<br \/>\nJohn Mayall With Eric Clapton\u2013\tAnother Man<br \/>\nJohn Mayall With Eric Clapton\u2013\tDouble Crossing Time<br \/>\nJohn Mayall With Eric Clapton\u2013\tWhat&#8217;d I Say<br \/>\nJohn Mayall With Eric Clapton\u2013\tKey To Love<br \/>\nJohn Mayall With Eric Clapton\u2013\tParchnan Farm<br \/>\nJohn Mayall With Eric Clapton\u2013\tHave You Heard<br \/>\nJohn Mayall With Eric Clapton\u2013\tRamblin&#8217; On My Mind<br \/>\nJohn Mayall With Eric Clapton\u2013\tSteppin&#8217; Out<br \/>\nJohn Mayall With Eric Clapton\u2013\tIt Ain&#8217;t Right<br \/>\nA Hard Road<br \/>\nJohn Mayall And The Blues Breakers*\u2013\tA Hard Road<br \/>\nJohn Mayall And The Blues Breakers*\u2013\tIt&#8217; Over<br \/>\nJohn Mayall And The Blues Breakers*\u2013\tYou Don&#8217;t Love Me<br \/>\nJohn Mayall And The Blues Breakers*\u2013\tThe Stumble<br \/>\nJohn Mayall And The Blues Breakers*\u2013\tAnother Kinda Love<br \/>\nJohn Mayall And The Blues Breakers*\u2013\tHit The Highway<br \/>\nJohn Mayall And The Blues Breakers*\u2013\tLeaping Christine<br \/>\nJohn Mayall And The Blues Breakers*\u2013\tDust My Blues<br \/>\nJohn Mayall And The Blues Breakers*\u2013\tThere&#8217;s Always Work<br \/>\nJohn Mayall And The Blues Breakers*\u2013\tThe Same Way<br \/>\nJohn Mayall And The Blues Breakers*\u2013\tThe Supernatural<br \/>\nJohn Mayall And The Blues Breakers*\u2013\tTop Of The Hill<br \/>\nJohn Mayall And The Blues Breakers*\u2013\tSomeday After A While (You&#8217;ll Be Sorry)<br \/>\nJohn Mayall And The Blues Breakers*\u2013\tLiving Alone<\/p>","protected":false},"excerpt":{"rendered":"<p>Decca \u2013 6645 401<br \/>\nSeries:<br \/>\n2 LP&#8217;s In Original Covers<br \/>\nFormat:<br \/>\nVinyl, LP, Album, Reissue, Stereo<br \/>\nVinyl, LP, Album, Reissue, Stereo<br \/>\nAll Media, Compilation<br \/>\nCountry:<br \/>\nNetherlands<\/p>","protected":false},"featured_media":27772,"template":"","meta":[],"product_cat":[15],"product_tag":[44],"yoast_head":"<!-- This site is optimized with the Yoast SEO plugin v23.5 - https:\/\/yoast.com\/wordpress\/plugins\/seo\/ -->\n<title>John Mayall With Eric Clapton \/ John Mayall &amp; The Bluesbreakers \u2013 Blues Breakers \/ A Hard Road 2LP Vinilin\u0117 Plok\u0161tel\u0117 | Vinilozona.lt<\/title>\n<meta name=\"robots\" content=\"index, follow, max-snippet:-1, max-image-preview:large, max-video-preview:-1\" \/>\n<link rel=\"canonical\" href=\"https:\/\/vinilozona.lt\/en\/parduotuve\/rock-pop\/john-mayall-with-eric-clapton-john-mayall-the-bluesbreakers-blues-breakers-a-hard-road-2lp\/\" \/>\n<meta property=\"og:locale\" content=\"en_GB\" \/>\n<meta property=\"og:type\" content=\"article\" \/>\n<meta property=\"og:title\" content=\"John Mayall With Eric Clapton \/ John Mayall &amp; The Bluesbreakers \u2013 Blues Breakers \/ A Hard Road 2LP Vinilin\u0117 Plok\u0161tel\u0117 | Vinilozona.lt\" \/>\n<meta property=\"og:description\" content=\"Decca \u2013 6645 401 Series: 2 LP&#039;s In Original Covers Format: Vinyl, LP, Album, Reissue, Stereo Vinyl, LP, Album, Reissue, Stereo All Media, Compilation Country: Netherlands\" \/>\n<meta property=\"og:url\" content=\"https:\/\/vinilozona.lt\/en\/parduotuve\/rock-pop\/john-mayall-with-eric-clapton-john-mayall-the-bluesbreakers-blues-breakers-a-hard-road-2lp\/\" \/>\n<meta property=\"og:site_name\" content=\"Vinilo Zona\" \/>\n<meta property=\"article:modified_time\" content=\"2025-03-22T19:57:04+00:00\" \/>\n<meta property=\"og:image\" content=\"https:\/\/vinilozona.lt\/wp-content\/uploads\/2025\/03\/R-4691316-1373208856-2083.jpg\" \/>\n\t<meta property=\"og:image:width\" content=\"500\" \/>\n\t<meta property=\"og:image:height\" content=\"491\" \/>\n\t<meta property=\"og:image:type\" content=\"image\/jpeg\" \/>\n<meta name=\"twitter:card\" content=\"summary_large_image\" \/>\n<meta name=\"twitter:label1\" content=\"Estimated reading time\" \/>\n\t<meta name=\"twitter:data1\" content=\"1 minute\" \/>\n<script type=\"application\/ld+json\" class=\"yoast-schema-graph\">{\"@context\":\"https:\/\/schema.org\",\"@graph\":[{\"@type\":\"WebPage\",\"@id\":\"https:\/\/vinilozona.lt\/parduotuve\/rock-pop\/john-mayall-with-eric-clapton-john-mayall-the-bluesbreakers-blues-breakers-a-hard-road-2lp\/\",\"url\":\"https:\/\/vinilozona.lt\/parduotuve\/rock-pop\/john-mayall-with-eric-clapton-john-mayall-the-bluesbreakers-blues-breakers-a-hard-road-2lp\/\",\"name\":\"John Mayall With Eric Clapton \/ John Mayall & The Bluesbreakers \u2013 Blues Breakers \/ A Hard Road 2LP Vinilin\u0117 Plok\u0161tel\u0117 | Vinilozona.lt\",\"isPartOf\":{\"@id\":\"https:\/\/vinilozona.lt\/#website\"},\"primaryImageOfPage\":{\"@id\":\"https:\/\/vinilozona.lt\/parduotuve\/rock-pop\/john-mayall-with-eric-clapton-john-mayall-the-bluesbreakers-blues-breakers-a-hard-road-2lp\/#primaryimage\"},\"image\":{\"@id\":\"https:\/\/vinilozona.lt\/parduotuve\/rock-pop\/john-mayall-with-eric-clapton-john-mayall-the-bluesbreakers-blues-breakers-a-hard-road-2lp\/#primaryimage\"},\"thumbnailUrl\":\"https:\/\/vinilozona.lt\/wp-content\/uploads\/2025\/03\/R-4691316-1373208856-2083.jpg\",\"datePublished\":\"2025-03-21T03:11:39+00:00\",\"dateModified\":\"2025-03-22T19:57:04+00:00\",\"breadcrumb\":{\"@id\":\"https:\/\/vinilozona.lt\/parduotuve\/rock-pop\/john-mayall-with-eric-clapton-john-mayall-the-bluesbreakers-blues-breakers-a-hard-road-2lp\/#breadcrumb\"},\"inLanguage\":\"en-GB\",\"potentialAction\":[{\"@type\":\"ReadAction\",\"target\":[\"https:\/\/vinilozona.lt\/parduotuve\/rock-pop\/john-mayall-with-eric-clapton-john-mayall-the-bluesbreakers-blues-breakers-a-hard-road-2lp\/\"]}]},{\"@type\":\"ImageObject\",\"inLanguage\":\"en-GB\",\"@id\":\"https:\/\/vinilozona.lt\/parduotuve\/rock-pop\/john-mayall-with-eric-clapton-john-mayall-the-bluesbreakers-blues-breakers-a-hard-road-2lp\/#primaryimage\",\"url\":\"https:\/\/vinilozona.lt\/wp-content\/uploads\/2025\/03\/R-4691316-1373208856-2083.jpg\",\"contentUrl\":\"https:\/\/vinilozona.lt\/wp-content\/uploads\/2025\/03\/R-4691316-1373208856-2083.jpg\",\"width\":500,\"height\":491},{\"@type\":\"BreadcrumbList\",\"@id\":\"https:\/\/vinilozona.lt\/parduotuve\/rock-pop\/john-mayall-with-eric-clapton-john-mayall-the-bluesbreakers-blues-breakers-a-hard-road-2lp\/#breadcrumb\",\"itemListElement\":[{\"@type\":\"ListItem\",\"position\":1,\"name\":\"Home\",\"item\":\"https:\/\/vinilozona.lt\/\"},{\"@type\":\"ListItem\",\"position\":2,\"name\":\"Parduotuv\u0117\",\"item\":\"https:\/\/vinilozona.lt\/parduotuve\/\"},{\"@type\":\"ListItem\",\"position\":3,\"name\":\"John Mayall With Eric Clapton \/ John Mayall &#038; The Bluesbreakers \u2013 Blues Breakers \/ A Hard Road 2LP\"}]},{\"@type\":\"WebSite\",\"@id\":\"https:\/\/vinilozona.lt\/#website\",\"url\":\"https:\/\/vinilozona.lt\/\",\"name\":\"Vinilo Zona\",\"description\":\"Nup\u016bsk dulkes ir klausyk LP\",\"potentialAction\":[{\"@type\":\"SearchAction\",\"target\":{\"@type\":\"EntryPoint\",\"urlTemplate\":\"https:\/\/vinilozona.lt\/?s={search_term_string}\"},\"query-input\":{\"@type\":\"PropertyValueSpecification\",\"valueRequired\":true,\"valueName\":\"search_term_string\"}}],\"inLanguage\":\"en-GB\"}]}<\/script>\n<!-- \/ Yoast SEO plugin. -->","yoast_head_json":{"title":"John Mayall With Eric Clapton \/ John Mayall & The Bluesbreakers \u2013 Blues Breakers \/ A Hard Road 2LP Vinilin\u0117 Plok\u0161tel\u0117 | Vinilozona.lt","robots":{"index":"index","follow":"follow","max-snippet":"max-snippet:-1","max-image-preview":"max-image-preview:large","max-video-preview":"max-video-preview:-1"},"canonical":"https:\/\/vinilozona.lt\/en\/parduotuve\/rock-pop\/john-mayall-with-eric-clapton-john-mayall-the-bluesbreakers-blues-breakers-a-hard-road-2lp\/","og_locale":"en_GB","og_type":"article","og_title":"John Mayall With Eric Clapton \/ John Mayall & The Bluesbreakers \u2013 Blues Breakers \/ A Hard Road 2LP Vinilin\u0117 Plok\u0161tel\u0117 | Vinilozona.lt","og_description":"Decca \u2013 6645 401 Series: 2 LP's In Original Covers Format: Vinyl, LP, Album, Reissue, Stereo Vinyl, LP, Album, Reissue, Stereo All Media, Compilation Country: Netherlands","og_url":"https:\/\/vinilozona.lt\/en\/parduotuve\/rock-pop\/john-mayall-with-eric-clapton-john-mayall-the-bluesbreakers-blues-breakers-a-hard-road-2lp\/","og_site_name":"Vinilo Zona","article_modified_time":"2025-03-22T19:57:04+00:00","og_image":[{"width":500,"height":491,"url":"https:\/\/vinilozona.lt\/wp-content\/uploads\/2025\/03\/R-4691316-1373208856-2083.jpg","type":"image\/jpeg"}],"twitter_card":"summary_large_image","twitter_misc":{"Estimated reading time":"1 minute"},"schema":{"@context":"https:\/\/schema.org","@graph":[{"@type":"WebPage","@id":"https:\/\/vinilozona.lt\/parduotuve\/rock-pop\/john-mayall-with-eric-clapton-john-mayall-the-bluesbreakers-blues-breakers-a-hard-road-2lp\/","url":"https:\/\/vinilozona.lt\/parduotuve\/rock-pop\/john-mayall-with-eric-clapton-john-mayall-the-bluesbreakers-blues-breakers-a-hard-road-2lp\/","name":"John Mayall With Eric Clapton \/ John Mayall & The Bluesbreakers \u2013 Blues Breakers \/ A Hard Road 2LP Vinilin\u0117 Plok\u0161tel\u0117 | Vinilozona.lt","isPartOf":{"@id":"https:\/\/vinilozona.lt\/#website"},"primaryImageOfPage":{"@id":"https:\/\/vinilozona.lt\/parduotuve\/rock-pop\/john-mayall-with-eric-clapton-john-mayall-the-bluesbreakers-blues-breakers-a-hard-road-2lp\/#primaryimage"},"image":{"@id":"https:\/\/vinilozona.lt\/parduotuve\/rock-pop\/john-mayall-with-eric-clapton-john-mayall-the-bluesbreakers-blues-breakers-a-hard-road-2lp\/#primaryimage"},"thumbnailUrl":"https:\/\/vinilozona.lt\/wp-content\/uploads\/2025\/03\/R-4691316-1373208856-2083.jpg","datePublished":"2025-03-21T03:11:39+00:00","dateModified":"2025-03-22T19:57:04+00:00","breadcrumb":{"@id":"https:\/\/vinilozona.lt\/parduotuve\/rock-pop\/john-mayall-with-eric-clapton-john-mayall-the-bluesbreakers-blues-breakers-a-hard-road-2lp\/#breadcrumb"},"inLanguage":"en-GB","potentialAction":[{"@type":"ReadAction","target":["https:\/\/vinilozona.lt\/parduotuve\/rock-pop\/john-mayall-with-eric-clapton-john-mayall-the-bluesbreakers-blues-breakers-a-hard-road-2lp\/"]}]},{"@type":"ImageObject","inLanguage":"en-GB","@id":"https:\/\/vinilozona.lt\/parduotuve\/rock-pop\/john-mayall-with-eric-clapton-john-mayall-the-bluesbreakers-blues-breakers-a-hard-road-2lp\/#primaryimage","url":"https:\/\/vinilozona.lt\/wp-content\/uploads\/2025\/03\/R-4691316-1373208856-2083.jpg","contentUrl":"https:\/\/vinilozona.lt\/wp-content\/uploads\/2025\/03\/R-4691316-1373208856-2083.jpg","width":500,"height":491},{"@type":"BreadcrumbList","@id":"https:\/\/vinilozona.lt\/parduotuve\/rock-pop\/john-mayall-with-eric-clapton-john-mayall-the-bluesbreakers-blues-breakers-a-hard-road-2lp\/#breadcrumb","itemListElement":[{"@type":"ListItem","position":1,"name":"Home","item":"https:\/\/vinilozona.lt\/"},{"@type":"ListItem","position":2,"name":"Parduotuv\u0117","item":"https:\/\/vinilozona.lt\/parduotuve\/"},{"@type":"ListItem","position":3,"name":"John Mayall With Eric Clapton \/ John Mayall &#038; The Bluesbreakers \u2013 Blues Breakers \/ A Hard Road 2LP"}]},{"@type":"WebSite","@id":"https:\/\/vinilozona.lt\/#website","url":"https:\/\/vinilozona.lt\/","name":"Vinilo Zona","description":"Nup\u016bsk dulkes ir klausyk LP","potentialAction":[{"@type":"SearchAction","target":{"@type":"EntryPoint","urlTemplate":"https:\/\/vinilozona.lt\/?s={search_term_string}"},"query-input":{"@type":"PropertyValueSpecification","valueRequired":true,"valueName":"search_term_string"}}],"inLanguage":"en-GB"}]}},"_links":{"self":[{"href":"https:\/\/vinilozona.lt\/en\/wp-json\/wp\/v2\/product\/27771"}],"collection":[{"href":"https:\/\/vinilozona.lt\/en\/wp-json\/wp\/v2\/product"}],"about":[{"href":"https:\/\/vinilozona.lt\/en\/wp-json\/wp\/v2\/types\/product"}],"wp:featuredmedia":[{"embeddable":true,"href":"https:\/\/vinilozona.lt\/en\/wp-json\/wp\/v2\/media\/27772"}],"wp:attachment":[{"href":"https:\/\/vinilozona.lt\/en\/wp-json\/wp\/v2\/media?parent=27771"}],"wp:term":[{"taxonomy":"product_cat","embeddable":true,"href":"https:\/\/vinilozona.lt\/en\/wp-json\/wp\/v2\/product_cat?post=27771"},{"taxonomy":"product_tag","embeddable":true,"href":"https:\/\/vinilozona.lt\/en\/wp-json\/wp\/v2\/product_tag?post=27771"}],"curies":[{"name":"wp","href":"https:\/\/api.w.org\/{rel}","templated":true}]}}