{"id":27717,"date":"2025-03-13T05:09:00","date_gmt":"2025-03-13T03:09:00","guid":{"rendered":"https:\/\/vinilozona.lt\/?post_type=product&#038;p=27717"},"modified":"2025-03-13T07:07:11","modified_gmt":"2025-03-13T05:07:11","slug":"bloodhound-gang-hooray-for-boobies-cd","status":"publish","type":"product","link":"https:\/\/vinilozona.lt\/en\/parduotuve\/cd\/naudoti-cd\/bloodhound-gang-hooray-for-boobies-cd\/","title":{"rendered":"Bloodhound Gang \u2013 Hooray For Boobies  CD"},"content":{"rendered":"<p>I Hope You Die\t3:39<br \/>\nThe Inevitable Return Of The Great White Dope\t4:02<br \/>\nMama&#8217;s Boy\t0:34<br \/>\nThree Point One Four\t3:55<br \/>\nMope\t4:36<br \/>\nYummy Down On This\t3:48<br \/>\nThe Ballad Of Chasey Lain\t2:21<br \/>\nR.S.V.P.\t0:15<br \/>\nMagna Cum Nada\t4:00<br \/>\nThe Bad Touch\t4:20<br \/>\nThat Cough Came With A Prize\t0:14<br \/>\nHell Yeah\t5:02<br \/>\nThis Is Stupid\t0:10<br \/>\nA Lap Dance Is So Much Better When The Stripper Is Crying\t5:37<br \/>\nThe Ten Coolest Things About New Jersey\t0:10<br \/>\nAlong Comes Mary\t3:20<br \/>\nUntitled\t0:04<\/p>","protected":false},"excerpt":{"rendered":"<p>Geffen Records \u2013 490 457-2, Republic Records \u2013 490 457-2, Jimmy Franks Recording Company \u2013 490 457-2<br \/>\nFormat:<br \/>\nCD, Album, HDCD<br \/>\nCountry:<br \/>\nEurope<br \/>\nReleased:<br \/>\n1999<\/p>","protected":false},"featured_media":27718,"template":"","meta":[],"product_cat":[24,946],"product_tag":[44],"yoast_head":"<!-- This site is optimized with the Yoast SEO plugin v23.5 - https:\/\/yoast.com\/wordpress\/plugins\/seo\/ -->\n<title>Bloodhound Gang \u2013 Hooray For Boobies CD Vinilin\u0117 Plok\u0161tel\u0117 | Vinilozona.lt<\/title>\n<meta name=\"robots\" content=\"index, follow, max-snippet:-1, max-image-preview:large, max-video-preview:-1\" \/>\n<link rel=\"canonical\" href=\"https:\/\/vinilozona.lt\/en\/parduotuve\/cd\/naudoti-cd\/bloodhound-gang-hooray-for-boobies-cd\/\" \/>\n<meta property=\"og:locale\" content=\"en_GB\" \/>\n<meta property=\"og:type\" content=\"article\" \/>\n<meta property=\"og:title\" content=\"Bloodhound Gang \u2013 Hooray For Boobies CD Vinilin\u0117 Plok\u0161tel\u0117 | Vinilozona.lt\" \/>\n<meta property=\"og:description\" content=\"Geffen Records \u2013 490 457-2, Republic Records \u2013 490 457-2, Jimmy Franks Recording Company \u2013 490 457-2 Format: CD, Album, HDCD Country: Europe Released: 1999\" \/>\n<meta property=\"og:url\" content=\"https:\/\/vinilozona.lt\/en\/parduotuve\/cd\/naudoti-cd\/bloodhound-gang-hooray-for-boobies-cd\/\" \/>\n<meta property=\"og:site_name\" content=\"Vinilo Zona\" \/>\n<meta property=\"article:modified_time\" content=\"2025-03-13T05:07:11+00:00\" \/>\n<meta property=\"og:image\" content=\"https:\/\/vinilozona.lt\/wp-content\/uploads\/2025\/03\/R-3429232-1347559301-7245.jpg\" \/>\n\t<meta property=\"og:image:width\" content=\"600\" \/>\n\t<meta property=\"og:image:height\" content=\"578\" \/>\n\t<meta property=\"og:image:type\" content=\"image\/jpeg\" \/>\n<meta name=\"twitter:card\" content=\"summary_large_image\" \/>\n<meta name=\"twitter:label1\" content=\"Estimated reading time\" \/>\n\t<meta name=\"twitter:data1\" content=\"1 minute\" \/>\n<script type=\"application\/ld+json\" class=\"yoast-schema-graph\">{\"@context\":\"https:\/\/schema.org\",\"@graph\":[{\"@type\":\"WebPage\",\"@id\":\"https:\/\/vinilozona.lt\/parduotuve\/cd\/naudoti-cd\/bloodhound-gang-hooray-for-boobies-cd\/\",\"url\":\"https:\/\/vinilozona.lt\/parduotuve\/cd\/naudoti-cd\/bloodhound-gang-hooray-for-boobies-cd\/\",\"name\":\"Bloodhound Gang \u2013 Hooray For Boobies CD Vinilin\u0117 Plok\u0161tel\u0117 | Vinilozona.lt\",\"isPartOf\":{\"@id\":\"https:\/\/vinilozona.lt\/#website\"},\"primaryImageOfPage\":{\"@id\":\"https:\/\/vinilozona.lt\/parduotuve\/cd\/naudoti-cd\/bloodhound-gang-hooray-for-boobies-cd\/#primaryimage\"},\"image\":{\"@id\":\"https:\/\/vinilozona.lt\/parduotuve\/cd\/naudoti-cd\/bloodhound-gang-hooray-for-boobies-cd\/#primaryimage\"},\"thumbnailUrl\":\"https:\/\/vinilozona.lt\/wp-content\/uploads\/2025\/03\/R-3429232-1347559301-7245.jpg\",\"datePublished\":\"2025-03-13T03:09:00+00:00\",\"dateModified\":\"2025-03-13T05:07:11+00:00\",\"breadcrumb\":{\"@id\":\"https:\/\/vinilozona.lt\/parduotuve\/cd\/naudoti-cd\/bloodhound-gang-hooray-for-boobies-cd\/#breadcrumb\"},\"inLanguage\":\"en-GB\",\"potentialAction\":[{\"@type\":\"ReadAction\",\"target\":[\"https:\/\/vinilozona.lt\/parduotuve\/cd\/naudoti-cd\/bloodhound-gang-hooray-for-boobies-cd\/\"]}]},{\"@type\":\"ImageObject\",\"inLanguage\":\"en-GB\",\"@id\":\"https:\/\/vinilozona.lt\/parduotuve\/cd\/naudoti-cd\/bloodhound-gang-hooray-for-boobies-cd\/#primaryimage\",\"url\":\"https:\/\/vinilozona.lt\/wp-content\/uploads\/2025\/03\/R-3429232-1347559301-7245.jpg\",\"contentUrl\":\"https:\/\/vinilozona.lt\/wp-content\/uploads\/2025\/03\/R-3429232-1347559301-7245.jpg\",\"width\":600,\"height\":578},{\"@type\":\"BreadcrumbList\",\"@id\":\"https:\/\/vinilozona.lt\/parduotuve\/cd\/naudoti-cd\/bloodhound-gang-hooray-for-boobies-cd\/#breadcrumb\",\"itemListElement\":[{\"@type\":\"ListItem\",\"position\":1,\"name\":\"Home\",\"item\":\"https:\/\/vinilozona.lt\/\"},{\"@type\":\"ListItem\",\"position\":2,\"name\":\"Parduotuv\u0117\",\"item\":\"https:\/\/vinilozona.lt\/parduotuve\/\"},{\"@type\":\"ListItem\",\"position\":3,\"name\":\"Bloodhound Gang \u2013 Hooray For Boobies CD\"}]},{\"@type\":\"WebSite\",\"@id\":\"https:\/\/vinilozona.lt\/#website\",\"url\":\"https:\/\/vinilozona.lt\/\",\"name\":\"Vinilo Zona\",\"description\":\"Nup\u016bsk dulkes ir klausyk LP\",\"potentialAction\":[{\"@type\":\"SearchAction\",\"target\":{\"@type\":\"EntryPoint\",\"urlTemplate\":\"https:\/\/vinilozona.lt\/?s={search_term_string}\"},\"query-input\":{\"@type\":\"PropertyValueSpecification\",\"valueRequired\":true,\"valueName\":\"search_term_string\"}}],\"inLanguage\":\"en-GB\"}]}<\/script>\n<!-- \/ Yoast SEO plugin. -->","yoast_head_json":{"title":"Bloodhound Gang \u2013 Hooray For Boobies CD Vinilin\u0117 Plok\u0161tel\u0117 | Vinilozona.lt","robots":{"index":"index","follow":"follow","max-snippet":"max-snippet:-1","max-image-preview":"max-image-preview:large","max-video-preview":"max-video-preview:-1"},"canonical":"https:\/\/vinilozona.lt\/en\/parduotuve\/cd\/naudoti-cd\/bloodhound-gang-hooray-for-boobies-cd\/","og_locale":"en_GB","og_type":"article","og_title":"Bloodhound Gang \u2013 Hooray For Boobies CD Vinilin\u0117 Plok\u0161tel\u0117 | Vinilozona.lt","og_description":"Geffen Records \u2013 490 457-2, Republic Records \u2013 490 457-2, Jimmy Franks Recording Company \u2013 490 457-2 Format: CD, Album, HDCD Country: Europe Released: 1999","og_url":"https:\/\/vinilozona.lt\/en\/parduotuve\/cd\/naudoti-cd\/bloodhound-gang-hooray-for-boobies-cd\/","og_site_name":"Vinilo Zona","article_modified_time":"2025-03-13T05:07:11+00:00","og_image":[{"width":600,"height":578,"url":"https:\/\/vinilozona.lt\/wp-content\/uploads\/2025\/03\/R-3429232-1347559301-7245.jpg","type":"image\/jpeg"}],"twitter_card":"summary_large_image","twitter_misc":{"Estimated reading time":"1 minute"},"schema":{"@context":"https:\/\/schema.org","@graph":[{"@type":"WebPage","@id":"https:\/\/vinilozona.lt\/parduotuve\/cd\/naudoti-cd\/bloodhound-gang-hooray-for-boobies-cd\/","url":"https:\/\/vinilozona.lt\/parduotuve\/cd\/naudoti-cd\/bloodhound-gang-hooray-for-boobies-cd\/","name":"Bloodhound Gang \u2013 Hooray For Boobies CD Vinilin\u0117 Plok\u0161tel\u0117 | Vinilozona.lt","isPartOf":{"@id":"https:\/\/vinilozona.lt\/#website"},"primaryImageOfPage":{"@id":"https:\/\/vinilozona.lt\/parduotuve\/cd\/naudoti-cd\/bloodhound-gang-hooray-for-boobies-cd\/#primaryimage"},"image":{"@id":"https:\/\/vinilozona.lt\/parduotuve\/cd\/naudoti-cd\/bloodhound-gang-hooray-for-boobies-cd\/#primaryimage"},"thumbnailUrl":"https:\/\/vinilozona.lt\/wp-content\/uploads\/2025\/03\/R-3429232-1347559301-7245.jpg","datePublished":"2025-03-13T03:09:00+00:00","dateModified":"2025-03-13T05:07:11+00:00","breadcrumb":{"@id":"https:\/\/vinilozona.lt\/parduotuve\/cd\/naudoti-cd\/bloodhound-gang-hooray-for-boobies-cd\/#breadcrumb"},"inLanguage":"en-GB","potentialAction":[{"@type":"ReadAction","target":["https:\/\/vinilozona.lt\/parduotuve\/cd\/naudoti-cd\/bloodhound-gang-hooray-for-boobies-cd\/"]}]},{"@type":"ImageObject","inLanguage":"en-GB","@id":"https:\/\/vinilozona.lt\/parduotuve\/cd\/naudoti-cd\/bloodhound-gang-hooray-for-boobies-cd\/#primaryimage","url":"https:\/\/vinilozona.lt\/wp-content\/uploads\/2025\/03\/R-3429232-1347559301-7245.jpg","contentUrl":"https:\/\/vinilozona.lt\/wp-content\/uploads\/2025\/03\/R-3429232-1347559301-7245.jpg","width":600,"height":578},{"@type":"BreadcrumbList","@id":"https:\/\/vinilozona.lt\/parduotuve\/cd\/naudoti-cd\/bloodhound-gang-hooray-for-boobies-cd\/#breadcrumb","itemListElement":[{"@type":"ListItem","position":1,"name":"Home","item":"https:\/\/vinilozona.lt\/"},{"@type":"ListItem","position":2,"name":"Parduotuv\u0117","item":"https:\/\/vinilozona.lt\/parduotuve\/"},{"@type":"ListItem","position":3,"name":"Bloodhound Gang \u2013 Hooray For Boobies CD"}]},{"@type":"WebSite","@id":"https:\/\/vinilozona.lt\/#website","url":"https:\/\/vinilozona.lt\/","name":"Vinilo Zona","description":"Nup\u016bsk dulkes ir klausyk LP","potentialAction":[{"@type":"SearchAction","target":{"@type":"EntryPoint","urlTemplate":"https:\/\/vinilozona.lt\/?s={search_term_string}"},"query-input":{"@type":"PropertyValueSpecification","valueRequired":true,"valueName":"search_term_string"}}],"inLanguage":"en-GB"}]}},"_links":{"self":[{"href":"https:\/\/vinilozona.lt\/en\/wp-json\/wp\/v2\/product\/27717"}],"collection":[{"href":"https:\/\/vinilozona.lt\/en\/wp-json\/wp\/v2\/product"}],"about":[{"href":"https:\/\/vinilozona.lt\/en\/wp-json\/wp\/v2\/types\/product"}],"wp:featuredmedia":[{"embeddable":true,"href":"https:\/\/vinilozona.lt\/en\/wp-json\/wp\/v2\/media\/27718"}],"wp:attachment":[{"href":"https:\/\/vinilozona.lt\/en\/wp-json\/wp\/v2\/media?parent=27717"}],"wp:term":[{"taxonomy":"product_cat","embeddable":true,"href":"https:\/\/vinilozona.lt\/en\/wp-json\/wp\/v2\/product_cat?post=27717"},{"taxonomy":"product_tag","embeddable":true,"href":"https:\/\/vinilozona.lt\/en\/wp-json\/wp\/v2\/product_tag?post=27717"}],"curies":[{"name":"wp","href":"https:\/\/api.w.org\/{rel}","templated":true}]}}