{"id":27711,"date":"2025-03-13T05:02:31","date_gmt":"2025-03-13T03:02:31","guid":{"rendered":"https:\/\/vinilozona.lt\/?post_type=product&#038;p=27711"},"modified":"2025-03-20T13:48:02","modified_gmt":"2025-03-20T11:48:02","slug":"chicago-the-chicago-story-complete-greatest-hits-2cd","status":"publish","type":"product","link":"https:\/\/vinilozona.lt\/en\/parduotuve\/cd\/naudoti-cd\/chicago-the-chicago-story-complete-greatest-hits-2cd\/","title":{"rendered":"Chicago \u2013 The Chicago Story: Complete Greatest Hits  2CD"},"content":{"rendered":"<p>If You Leave Me Now\t3:57<br \/>\nHard To Say I&#8217;m Sorry (Single Version)\t3:52<br \/>\nYou&#8217;re The Inspiration\t3:50<br \/>\nHard Habit To Break\t4:45<br \/>\nWill You Still Love Me? (Single Version)\t4:13<br \/>\nBaby, What A Big Surprise\t3:06<br \/>\nLook Away (Single Version)\t4:01<br \/>\nWhat Kind Of Man Would I Be? (Single Version)\t4:15<br \/>\nI Don&#8217;t Wanna Live Without Your Love\t3:57<br \/>\nLove Me Tomorrow (Single Version)\t3:58<br \/>\nJust You &#8216;n&#8217; Me\t3:42<br \/>\nHappy Man (GH2 Edit)\t3:16<br \/>\nYou&#8217;re Not Alone (Single Version)\t4:00<br \/>\nChasin&#8217; The Wind\t4:18<br \/>\nWishing You Were Here\t4:36<br \/>\nNo Tell Lover\t4:14<br \/>\n(I&#8217;ve Been) Searchin&#8217; So Long\t4:29<br \/>\nColour My World\t3:02<br \/>\nYou Come To My Senses\t3:48<br \/>\nWe Can Last Forever (Single Version)\t3:44<br \/>\n25 Or 6 To 4\t4:50<br \/>\nSaturday In The Park\t3:55<br \/>\nQuestions 67 And 68\t4:53<br \/>\nI&#8217;m A Man (New Edit)\t5:43<br \/>\nStay The Night\t3:50<br \/>\nOnly You\t3:54<br \/>\nDialogue (Part I &#038; II) (Single Version)\t5:01<br \/>\nOld Days\t3:31<br \/>\nBeginnings (GH Edit)\t6:27<br \/>\nLowdown\t3:35<br \/>\nAnother Rainy Day In New York City\t3:01<br \/>\nCall On Me\t4:02<br \/>\nFeelin&#8217; Stronger Every Day\t4:15<br \/>\nTake Me Back To Chicago (Single Version)\t2:58<br \/>\nSing, Sing, Sing\t3:21<br \/>\nAlong Comes A Woman (Single Version)\t3:49<br \/>\nDoes Anybody Really Know What Time It Is? (New Edit)\t3:20<br \/>\nMake Me Smile (New Edit)\t4:26<br \/>\nStreet Player (Single Version)\t4:23<\/p>","protected":false},"excerpt":{"rendered":"<p>Rhino Records \u2013 8122 73606 2, Warner Strategic Marketing \u2013 8122 73606 2, Rhino Records  \u2013 8122-73606-2, Warner Strategic Marketing \u2013 8122-73606-2<br \/>\nFormat:<br \/>\n2 x CD, Compilation, Remastered<br \/>\nCountry:<br \/>\nEurope<br \/>\nReleased:<br \/>\n2002<\/p>","protected":false},"featured_media":27712,"template":"","meta":[],"product_cat":[24,946],"product_tag":[44],"yoast_head":"<!-- This site is optimized with the Yoast SEO plugin v23.5 - https:\/\/yoast.com\/wordpress\/plugins\/seo\/ -->\n<title>Chicago \u2013 The Chicago Story: Complete Greatest Hits 2CD Vinilin\u0117 Plok\u0161tel\u0117 | Vinilozona.lt<\/title>\n<meta name=\"robots\" content=\"index, follow, max-snippet:-1, max-image-preview:large, max-video-preview:-1\" \/>\n<link rel=\"canonical\" href=\"https:\/\/vinilozona.lt\/en\/parduotuve\/cd\/naudoti-cd\/chicago-the-chicago-story-complete-greatest-hits-2cd\/\" \/>\n<meta property=\"og:locale\" content=\"en_GB\" \/>\n<meta property=\"og:type\" content=\"article\" \/>\n<meta property=\"og:title\" content=\"Chicago \u2013 The Chicago Story: Complete Greatest Hits 2CD Vinilin\u0117 Plok\u0161tel\u0117 | Vinilozona.lt\" \/>\n<meta property=\"og:description\" content=\"Rhino Records \u2013 8122 73606 2, Warner Strategic Marketing \u2013 8122 73606 2, Rhino Records \u2013 8122-73606-2, Warner Strategic Marketing \u2013 8122-73606-2 Format: 2 x CD, Compilation, Remastered Country: Europe Released: 2002\" \/>\n<meta property=\"og:url\" content=\"https:\/\/vinilozona.lt\/en\/parduotuve\/cd\/naudoti-cd\/chicago-the-chicago-story-complete-greatest-hits-2cd\/\" \/>\n<meta property=\"og:site_name\" content=\"Vinilo Zona\" \/>\n<meta property=\"article:modified_time\" content=\"2025-03-20T11:48:02+00:00\" \/>\n<meta property=\"og:image\" content=\"https:\/\/vinilozona.lt\/wp-content\/uploads\/2025\/03\/R-783727-1240681178.jpg\" \/>\n\t<meta property=\"og:image:width\" content=\"600\" \/>\n\t<meta property=\"og:image:height\" content=\"599\" \/>\n\t<meta property=\"og:image:type\" content=\"image\/jpeg\" \/>\n<meta name=\"twitter:card\" content=\"summary_large_image\" \/>\n<meta name=\"twitter:label1\" content=\"Estimated reading time\" \/>\n\t<meta name=\"twitter:data1\" content=\"1 minute\" \/>\n<script type=\"application\/ld+json\" class=\"yoast-schema-graph\">{\"@context\":\"https:\/\/schema.org\",\"@graph\":[{\"@type\":\"WebPage\",\"@id\":\"https:\/\/vinilozona.lt\/parduotuve\/cd\/naudoti-cd\/chicago-the-chicago-story-complete-greatest-hits-2cd\/\",\"url\":\"https:\/\/vinilozona.lt\/parduotuve\/cd\/naudoti-cd\/chicago-the-chicago-story-complete-greatest-hits-2cd\/\",\"name\":\"Chicago \u2013 The Chicago Story: Complete Greatest Hits 2CD Vinilin\u0117 Plok\u0161tel\u0117 | Vinilozona.lt\",\"isPartOf\":{\"@id\":\"https:\/\/vinilozona.lt\/#website\"},\"primaryImageOfPage\":{\"@id\":\"https:\/\/vinilozona.lt\/parduotuve\/cd\/naudoti-cd\/chicago-the-chicago-story-complete-greatest-hits-2cd\/#primaryimage\"},\"image\":{\"@id\":\"https:\/\/vinilozona.lt\/parduotuve\/cd\/naudoti-cd\/chicago-the-chicago-story-complete-greatest-hits-2cd\/#primaryimage\"},\"thumbnailUrl\":\"https:\/\/vinilozona.lt\/wp-content\/uploads\/2025\/03\/R-783727-1240681178.jpg\",\"datePublished\":\"2025-03-13T03:02:31+00:00\",\"dateModified\":\"2025-03-20T11:48:02+00:00\",\"breadcrumb\":{\"@id\":\"https:\/\/vinilozona.lt\/parduotuve\/cd\/naudoti-cd\/chicago-the-chicago-story-complete-greatest-hits-2cd\/#breadcrumb\"},\"inLanguage\":\"en-GB\",\"potentialAction\":[{\"@type\":\"ReadAction\",\"target\":[\"https:\/\/vinilozona.lt\/parduotuve\/cd\/naudoti-cd\/chicago-the-chicago-story-complete-greatest-hits-2cd\/\"]}]},{\"@type\":\"ImageObject\",\"inLanguage\":\"en-GB\",\"@id\":\"https:\/\/vinilozona.lt\/parduotuve\/cd\/naudoti-cd\/chicago-the-chicago-story-complete-greatest-hits-2cd\/#primaryimage\",\"url\":\"https:\/\/vinilozona.lt\/wp-content\/uploads\/2025\/03\/R-783727-1240681178.jpg\",\"contentUrl\":\"https:\/\/vinilozona.lt\/wp-content\/uploads\/2025\/03\/R-783727-1240681178.jpg\",\"width\":600,\"height\":599},{\"@type\":\"BreadcrumbList\",\"@id\":\"https:\/\/vinilozona.lt\/parduotuve\/cd\/naudoti-cd\/chicago-the-chicago-story-complete-greatest-hits-2cd\/#breadcrumb\",\"itemListElement\":[{\"@type\":\"ListItem\",\"position\":1,\"name\":\"Home\",\"item\":\"https:\/\/vinilozona.lt\/\"},{\"@type\":\"ListItem\",\"position\":2,\"name\":\"Parduotuv\u0117\",\"item\":\"https:\/\/vinilozona.lt\/parduotuve\/\"},{\"@type\":\"ListItem\",\"position\":3,\"name\":\"Chicago \u2013 The Chicago Story: Complete Greatest Hits 2CD\"}]},{\"@type\":\"WebSite\",\"@id\":\"https:\/\/vinilozona.lt\/#website\",\"url\":\"https:\/\/vinilozona.lt\/\",\"name\":\"Vinilo Zona\",\"description\":\"Nup\u016bsk dulkes ir klausyk LP\",\"potentialAction\":[{\"@type\":\"SearchAction\",\"target\":{\"@type\":\"EntryPoint\",\"urlTemplate\":\"https:\/\/vinilozona.lt\/?s={search_term_string}\"},\"query-input\":{\"@type\":\"PropertyValueSpecification\",\"valueRequired\":true,\"valueName\":\"search_term_string\"}}],\"inLanguage\":\"en-GB\"}]}<\/script>\n<!-- \/ Yoast SEO plugin. -->","yoast_head_json":{"title":"Chicago \u2013 The Chicago Story: Complete Greatest Hits 2CD Vinilin\u0117 Plok\u0161tel\u0117 | Vinilozona.lt","robots":{"index":"index","follow":"follow","max-snippet":"max-snippet:-1","max-image-preview":"max-image-preview:large","max-video-preview":"max-video-preview:-1"},"canonical":"https:\/\/vinilozona.lt\/en\/parduotuve\/cd\/naudoti-cd\/chicago-the-chicago-story-complete-greatest-hits-2cd\/","og_locale":"en_GB","og_type":"article","og_title":"Chicago \u2013 The Chicago Story: Complete Greatest Hits 2CD Vinilin\u0117 Plok\u0161tel\u0117 | Vinilozona.lt","og_description":"Rhino Records \u2013 8122 73606 2, Warner Strategic Marketing \u2013 8122 73606 2, Rhino Records \u2013 8122-73606-2, Warner Strategic Marketing \u2013 8122-73606-2 Format: 2 x CD, Compilation, Remastered Country: Europe Released: 2002","og_url":"https:\/\/vinilozona.lt\/en\/parduotuve\/cd\/naudoti-cd\/chicago-the-chicago-story-complete-greatest-hits-2cd\/","og_site_name":"Vinilo Zona","article_modified_time":"2025-03-20T11:48:02+00:00","og_image":[{"width":600,"height":599,"url":"https:\/\/vinilozona.lt\/wp-content\/uploads\/2025\/03\/R-783727-1240681178.jpg","type":"image\/jpeg"}],"twitter_card":"summary_large_image","twitter_misc":{"Estimated reading time":"1 minute"},"schema":{"@context":"https:\/\/schema.org","@graph":[{"@type":"WebPage","@id":"https:\/\/vinilozona.lt\/parduotuve\/cd\/naudoti-cd\/chicago-the-chicago-story-complete-greatest-hits-2cd\/","url":"https:\/\/vinilozona.lt\/parduotuve\/cd\/naudoti-cd\/chicago-the-chicago-story-complete-greatest-hits-2cd\/","name":"Chicago \u2013 The Chicago Story: Complete Greatest Hits 2CD Vinilin\u0117 Plok\u0161tel\u0117 | Vinilozona.lt","isPartOf":{"@id":"https:\/\/vinilozona.lt\/#website"},"primaryImageOfPage":{"@id":"https:\/\/vinilozona.lt\/parduotuve\/cd\/naudoti-cd\/chicago-the-chicago-story-complete-greatest-hits-2cd\/#primaryimage"},"image":{"@id":"https:\/\/vinilozona.lt\/parduotuve\/cd\/naudoti-cd\/chicago-the-chicago-story-complete-greatest-hits-2cd\/#primaryimage"},"thumbnailUrl":"https:\/\/vinilozona.lt\/wp-content\/uploads\/2025\/03\/R-783727-1240681178.jpg","datePublished":"2025-03-13T03:02:31+00:00","dateModified":"2025-03-20T11:48:02+00:00","breadcrumb":{"@id":"https:\/\/vinilozona.lt\/parduotuve\/cd\/naudoti-cd\/chicago-the-chicago-story-complete-greatest-hits-2cd\/#breadcrumb"},"inLanguage":"en-GB","potentialAction":[{"@type":"ReadAction","target":["https:\/\/vinilozona.lt\/parduotuve\/cd\/naudoti-cd\/chicago-the-chicago-story-complete-greatest-hits-2cd\/"]}]},{"@type":"ImageObject","inLanguage":"en-GB","@id":"https:\/\/vinilozona.lt\/parduotuve\/cd\/naudoti-cd\/chicago-the-chicago-story-complete-greatest-hits-2cd\/#primaryimage","url":"https:\/\/vinilozona.lt\/wp-content\/uploads\/2025\/03\/R-783727-1240681178.jpg","contentUrl":"https:\/\/vinilozona.lt\/wp-content\/uploads\/2025\/03\/R-783727-1240681178.jpg","width":600,"height":599},{"@type":"BreadcrumbList","@id":"https:\/\/vinilozona.lt\/parduotuve\/cd\/naudoti-cd\/chicago-the-chicago-story-complete-greatest-hits-2cd\/#breadcrumb","itemListElement":[{"@type":"ListItem","position":1,"name":"Home","item":"https:\/\/vinilozona.lt\/"},{"@type":"ListItem","position":2,"name":"Parduotuv\u0117","item":"https:\/\/vinilozona.lt\/parduotuve\/"},{"@type":"ListItem","position":3,"name":"Chicago \u2013 The Chicago Story: Complete Greatest Hits 2CD"}]},{"@type":"WebSite","@id":"https:\/\/vinilozona.lt\/#website","url":"https:\/\/vinilozona.lt\/","name":"Vinilo Zona","description":"Nup\u016bsk dulkes ir klausyk LP","potentialAction":[{"@type":"SearchAction","target":{"@type":"EntryPoint","urlTemplate":"https:\/\/vinilozona.lt\/?s={search_term_string}"},"query-input":{"@type":"PropertyValueSpecification","valueRequired":true,"valueName":"search_term_string"}}],"inLanguage":"en-GB"}]}},"_links":{"self":[{"href":"https:\/\/vinilozona.lt\/en\/wp-json\/wp\/v2\/product\/27711"}],"collection":[{"href":"https:\/\/vinilozona.lt\/en\/wp-json\/wp\/v2\/product"}],"about":[{"href":"https:\/\/vinilozona.lt\/en\/wp-json\/wp\/v2\/types\/product"}],"wp:featuredmedia":[{"embeddable":true,"href":"https:\/\/vinilozona.lt\/en\/wp-json\/wp\/v2\/media\/27712"}],"wp:attachment":[{"href":"https:\/\/vinilozona.lt\/en\/wp-json\/wp\/v2\/media?parent=27711"}],"wp:term":[{"taxonomy":"product_cat","embeddable":true,"href":"https:\/\/vinilozona.lt\/en\/wp-json\/wp\/v2\/product_cat?post=27711"},{"taxonomy":"product_tag","embeddable":true,"href":"https:\/\/vinilozona.lt\/en\/wp-json\/wp\/v2\/product_tag?post=27711"}],"curies":[{"name":"wp","href":"https:\/\/api.w.org\/{rel}","templated":true}]}}