{"id":27700,"date":"2025-03-12T05:09:00","date_gmt":"2025-03-12T03:09:00","guid":{"rendered":"https:\/\/vinilozona.lt\/?post_type=product&#038;p=27700"},"modified":"2025-08-08T13:24:09","modified_gmt":"2025-08-08T10:24:09","slug":"barry-white-barry-whites-greatest-hits","status":"publish","type":"product","link":"https:\/\/vinilozona.lt\/en\/parduotuve\/rock-pop\/barry-white-barry-whites-greatest-hits\/","title":{"rendered":"Barry White \u2013 Barry White&#8217;s Greatest Hits"},"content":{"rendered":"<p>A1\t\tWhat I&#8217;m Gonna Do With You\t3:39<br \/>\nA2\t\tYou&#8217;re The First, The Last, My Everything<br \/>\nWritten-By \u2013 P.S. Radcliffe*, T. Sepe*<br \/>\n3:20<br \/>\nA3\t\tCan&#8217;t Get Enough Of Your Love, Babe\t4:05<br \/>\nA4\t\tHoney Please, Can&#8217;t Ya See\t3:12<br \/>\nA5\t\tLove Serenade\t7:04<br \/>\nB1\t\tNever, Never Gonna Give Ya Up\t4:00<br \/>\nB2\t\tI&#8217;m Gonna Love You Just A Little More Baby\t3:55<br \/>\nB3\t\tI&#8217;ve Found Someone\t3:38<br \/>\nB4\t\tI&#8217;ve Got So Much To Give\t3:06<br \/>\nB5\t\tStanding In The Shadows Of Love<br \/>\nWritten-By \u2013 B. Holland\/L. Dozier\/E. Holland*<br \/>\n5:20<\/p>","protected":false},"excerpt":{"rendered":"<p>Philips \u2013 6370 232<br \/>\nFormat:<br \/>\nVinyl, LP, Compilation, Stereo, Gatefold<br \/>\nCountry:<br \/>\nNetherlands<br \/>\nReleased:<br \/>\n1975<\/p>","protected":false},"featured_media":27701,"template":"","meta":[],"product_cat":[15],"product_tag":[44],"yoast_head":"<!-- This site is optimized with the Yoast SEO plugin v23.5 - https:\/\/yoast.com\/wordpress\/plugins\/seo\/ -->\n<title>Barry White \u2013 Barry White&#039;s Greatest Hits Vinilin\u0117 Plok\u0161tel\u0117 | Vinilozona.lt<\/title>\n<meta name=\"robots\" content=\"index, follow, max-snippet:-1, max-image-preview:large, max-video-preview:-1\" \/>\n<link rel=\"canonical\" href=\"https:\/\/vinilozona.lt\/en\/parduotuve\/rock-pop\/barry-white-barry-whites-greatest-hits\/\" \/>\n<meta property=\"og:locale\" content=\"en_GB\" \/>\n<meta property=\"og:type\" content=\"article\" \/>\n<meta property=\"og:title\" content=\"Barry White \u2013 Barry White&#039;s Greatest Hits Vinilin\u0117 Plok\u0161tel\u0117 | Vinilozona.lt\" \/>\n<meta property=\"og:description\" content=\"Philips \u2013 6370 232 Format: Vinyl, LP, Compilation, Stereo, Gatefold Country: Netherlands Released: 1975\" \/>\n<meta property=\"og:url\" content=\"https:\/\/vinilozona.lt\/en\/parduotuve\/rock-pop\/barry-white-barry-whites-greatest-hits\/\" \/>\n<meta property=\"og:site_name\" content=\"Vinilo Zona\" \/>\n<meta property=\"article:modified_time\" content=\"2025-08-08T10:24:09+00:00\" \/>\n<meta property=\"og:image\" content=\"https:\/\/vinilozona.lt\/wp-content\/uploads\/2025\/03\/R-552972-1305024457.jpg\" \/>\n\t<meta property=\"og:image:width\" content=\"600\" \/>\n\t<meta property=\"og:image:height\" content=\"592\" \/>\n\t<meta property=\"og:image:type\" content=\"image\/jpeg\" \/>\n<meta name=\"twitter:card\" content=\"summary_large_image\" \/>\n<meta name=\"twitter:label1\" content=\"Estimated reading time\" \/>\n\t<meta name=\"twitter:data1\" content=\"1 minute\" \/>\n<script type=\"application\/ld+json\" class=\"yoast-schema-graph\">{\"@context\":\"https:\/\/schema.org\",\"@graph\":[{\"@type\":\"WebPage\",\"@id\":\"https:\/\/vinilozona.lt\/parduotuve\/rock-pop\/barry-white-barry-whites-greatest-hits\/\",\"url\":\"https:\/\/vinilozona.lt\/parduotuve\/rock-pop\/barry-white-barry-whites-greatest-hits\/\",\"name\":\"Barry White \u2013 Barry White's Greatest Hits Vinilin\u0117 Plok\u0161tel\u0117 | Vinilozona.lt\",\"isPartOf\":{\"@id\":\"https:\/\/vinilozona.lt\/#website\"},\"primaryImageOfPage\":{\"@id\":\"https:\/\/vinilozona.lt\/parduotuve\/rock-pop\/barry-white-barry-whites-greatest-hits\/#primaryimage\"},\"image\":{\"@id\":\"https:\/\/vinilozona.lt\/parduotuve\/rock-pop\/barry-white-barry-whites-greatest-hits\/#primaryimage\"},\"thumbnailUrl\":\"https:\/\/vinilozona.lt\/wp-content\/uploads\/2025\/03\/R-552972-1305024457.jpg\",\"datePublished\":\"2025-03-12T03:09:00+00:00\",\"dateModified\":\"2025-08-08T10:24:09+00:00\",\"breadcrumb\":{\"@id\":\"https:\/\/vinilozona.lt\/parduotuve\/rock-pop\/barry-white-barry-whites-greatest-hits\/#breadcrumb\"},\"inLanguage\":\"en-GB\",\"potentialAction\":[{\"@type\":\"ReadAction\",\"target\":[\"https:\/\/vinilozona.lt\/parduotuve\/rock-pop\/barry-white-barry-whites-greatest-hits\/\"]}]},{\"@type\":\"ImageObject\",\"inLanguage\":\"en-GB\",\"@id\":\"https:\/\/vinilozona.lt\/parduotuve\/rock-pop\/barry-white-barry-whites-greatest-hits\/#primaryimage\",\"url\":\"https:\/\/vinilozona.lt\/wp-content\/uploads\/2025\/03\/R-552972-1305024457.jpg\",\"contentUrl\":\"https:\/\/vinilozona.lt\/wp-content\/uploads\/2025\/03\/R-552972-1305024457.jpg\",\"width\":600,\"height\":592},{\"@type\":\"BreadcrumbList\",\"@id\":\"https:\/\/vinilozona.lt\/parduotuve\/rock-pop\/barry-white-barry-whites-greatest-hits\/#breadcrumb\",\"itemListElement\":[{\"@type\":\"ListItem\",\"position\":1,\"name\":\"Home\",\"item\":\"https:\/\/vinilozona.lt\/\"},{\"@type\":\"ListItem\",\"position\":2,\"name\":\"Parduotuv\u0117\",\"item\":\"https:\/\/vinilozona.lt\/parduotuve\/\"},{\"@type\":\"ListItem\",\"position\":3,\"name\":\"Barry White \u2013 Barry White&#8217;s Greatest Hits\"}]},{\"@type\":\"WebSite\",\"@id\":\"https:\/\/vinilozona.lt\/#website\",\"url\":\"https:\/\/vinilozona.lt\/\",\"name\":\"Vinilo Zona\",\"description\":\"Nup\u016bsk dulkes ir klausyk LP\",\"potentialAction\":[{\"@type\":\"SearchAction\",\"target\":{\"@type\":\"EntryPoint\",\"urlTemplate\":\"https:\/\/vinilozona.lt\/?s={search_term_string}\"},\"query-input\":{\"@type\":\"PropertyValueSpecification\",\"valueRequired\":true,\"valueName\":\"search_term_string\"}}],\"inLanguage\":\"en-GB\"}]}<\/script>\n<!-- \/ Yoast SEO plugin. -->","yoast_head_json":{"title":"Barry White \u2013 Barry White's Greatest Hits Vinilin\u0117 Plok\u0161tel\u0117 | Vinilozona.lt","robots":{"index":"index","follow":"follow","max-snippet":"max-snippet:-1","max-image-preview":"max-image-preview:large","max-video-preview":"max-video-preview:-1"},"canonical":"https:\/\/vinilozona.lt\/en\/parduotuve\/rock-pop\/barry-white-barry-whites-greatest-hits\/","og_locale":"en_GB","og_type":"article","og_title":"Barry White \u2013 Barry White's Greatest Hits Vinilin\u0117 Plok\u0161tel\u0117 | Vinilozona.lt","og_description":"Philips \u2013 6370 232 Format: Vinyl, LP, Compilation, Stereo, Gatefold Country: Netherlands Released: 1975","og_url":"https:\/\/vinilozona.lt\/en\/parduotuve\/rock-pop\/barry-white-barry-whites-greatest-hits\/","og_site_name":"Vinilo Zona","article_modified_time":"2025-08-08T10:24:09+00:00","og_image":[{"width":600,"height":592,"url":"https:\/\/vinilozona.lt\/wp-content\/uploads\/2025\/03\/R-552972-1305024457.jpg","type":"image\/jpeg"}],"twitter_card":"summary_large_image","twitter_misc":{"Estimated reading time":"1 minute"},"schema":{"@context":"https:\/\/schema.org","@graph":[{"@type":"WebPage","@id":"https:\/\/vinilozona.lt\/parduotuve\/rock-pop\/barry-white-barry-whites-greatest-hits\/","url":"https:\/\/vinilozona.lt\/parduotuve\/rock-pop\/barry-white-barry-whites-greatest-hits\/","name":"Barry White \u2013 Barry White's Greatest Hits Vinilin\u0117 Plok\u0161tel\u0117 | Vinilozona.lt","isPartOf":{"@id":"https:\/\/vinilozona.lt\/#website"},"primaryImageOfPage":{"@id":"https:\/\/vinilozona.lt\/parduotuve\/rock-pop\/barry-white-barry-whites-greatest-hits\/#primaryimage"},"image":{"@id":"https:\/\/vinilozona.lt\/parduotuve\/rock-pop\/barry-white-barry-whites-greatest-hits\/#primaryimage"},"thumbnailUrl":"https:\/\/vinilozona.lt\/wp-content\/uploads\/2025\/03\/R-552972-1305024457.jpg","datePublished":"2025-03-12T03:09:00+00:00","dateModified":"2025-08-08T10:24:09+00:00","breadcrumb":{"@id":"https:\/\/vinilozona.lt\/parduotuve\/rock-pop\/barry-white-barry-whites-greatest-hits\/#breadcrumb"},"inLanguage":"en-GB","potentialAction":[{"@type":"ReadAction","target":["https:\/\/vinilozona.lt\/parduotuve\/rock-pop\/barry-white-barry-whites-greatest-hits\/"]}]},{"@type":"ImageObject","inLanguage":"en-GB","@id":"https:\/\/vinilozona.lt\/parduotuve\/rock-pop\/barry-white-barry-whites-greatest-hits\/#primaryimage","url":"https:\/\/vinilozona.lt\/wp-content\/uploads\/2025\/03\/R-552972-1305024457.jpg","contentUrl":"https:\/\/vinilozona.lt\/wp-content\/uploads\/2025\/03\/R-552972-1305024457.jpg","width":600,"height":592},{"@type":"BreadcrumbList","@id":"https:\/\/vinilozona.lt\/parduotuve\/rock-pop\/barry-white-barry-whites-greatest-hits\/#breadcrumb","itemListElement":[{"@type":"ListItem","position":1,"name":"Home","item":"https:\/\/vinilozona.lt\/"},{"@type":"ListItem","position":2,"name":"Parduotuv\u0117","item":"https:\/\/vinilozona.lt\/parduotuve\/"},{"@type":"ListItem","position":3,"name":"Barry White \u2013 Barry White&#8217;s Greatest Hits"}]},{"@type":"WebSite","@id":"https:\/\/vinilozona.lt\/#website","url":"https:\/\/vinilozona.lt\/","name":"Vinilo Zona","description":"Nup\u016bsk dulkes ir klausyk LP","potentialAction":[{"@type":"SearchAction","target":{"@type":"EntryPoint","urlTemplate":"https:\/\/vinilozona.lt\/?s={search_term_string}"},"query-input":{"@type":"PropertyValueSpecification","valueRequired":true,"valueName":"search_term_string"}}],"inLanguage":"en-GB"}]}},"_links":{"self":[{"href":"https:\/\/vinilozona.lt\/en\/wp-json\/wp\/v2\/product\/27700"}],"collection":[{"href":"https:\/\/vinilozona.lt\/en\/wp-json\/wp\/v2\/product"}],"about":[{"href":"https:\/\/vinilozona.lt\/en\/wp-json\/wp\/v2\/types\/product"}],"wp:featuredmedia":[{"embeddable":true,"href":"https:\/\/vinilozona.lt\/en\/wp-json\/wp\/v2\/media\/27701"}],"wp:attachment":[{"href":"https:\/\/vinilozona.lt\/en\/wp-json\/wp\/v2\/media?parent=27700"}],"wp:term":[{"taxonomy":"product_cat","embeddable":true,"href":"https:\/\/vinilozona.lt\/en\/wp-json\/wp\/v2\/product_cat?post=27700"},{"taxonomy":"product_tag","embeddable":true,"href":"https:\/\/vinilozona.lt\/en\/wp-json\/wp\/v2\/product_tag?post=27700"}],"curies":[{"name":"wp","href":"https:\/\/api.w.org\/{rel}","templated":true}]}}