{"id":27693,"date":"2025-03-12T05:06:20","date_gmt":"2025-03-12T03:06:20","guid":{"rendered":"https:\/\/vinilozona.lt\/?post_type=product&#038;p=27693"},"modified":"2025-03-12T06:56:08","modified_gmt":"2025-03-12T04:56:08","slug":"natalie-cole-unforgettable-with-love-2lp","status":"publish","type":"product","link":"https:\/\/vinilozona.lt\/en\/parduotuve\/rock-pop\/natalie-cole-unforgettable-with-love-2lp\/","title":{"rendered":"Natalie Cole \u2013 Unforgettable With Love  2LP"},"content":{"rendered":"<p>A1\t\tThe Very Thought Of You\t4:15<br \/>\nA2\t\tPaper Moon\t3:24<br \/>\nA3\t\tRoute 66\t3:00<br \/>\nA4\t\tMona Lisa\t3:45<br \/>\nA5\t\tL-o-v-e\t2:32<br \/>\nA6\t\tThis Can&#8217;t Be Love\t2:13<br \/>\nB1\t\tSmile\t3:37<br \/>\nB2\t\tLush Life\t4:20<br \/>\nB3\t\tThat Sunday That Summer\t3:31<br \/>\nB4\t\tOrange Colored Sky\t2:26<br \/>\nB5\t\tA Medley Of: For Sentimental Reasons, Tenderly &#038; Autumn Leaves\t7:26<br \/>\nC1\t\tStraighten Up And Fly Right\t2:40<br \/>\nC2\t\tAvalon\t1:51<br \/>\nC3\t\tDon&#8217;t Get Around Much Anymore\t2:34<br \/>\nC4\t\tToo Young\t4:32<br \/>\nC5\t\tNature Boy\t3:23<br \/>\nC6\t\tDarling, Je Vous Aime Beaucoup\t3:24<br \/>\nD1\t\tAlmost Like Being In Love\t2:11<br \/>\nD2\t\tThou Swel\t1:50<br \/>\nD3\t\tNon Dimenticar\t2:56<br \/>\nD4\t\tOur Love Is Here To Stay\t3:28<br \/>\nD5\t\tUnforgettable<br \/>\nVocals \u2013 Nat King Cole<br \/>\n3:29<\/p>","protected":false},"excerpt":{"rendered":"<p>Elektra \u2013 7559-61049-1, Elektra \u2013 EKT 91<br \/>\nFormat:<br \/>\n2 x Vinyl, LP, Album, Stereo<br \/>\nCountry:<br \/>\nEurope<br \/>\nReleased:<br \/>\n1991<\/p>","protected":false},"featured_media":27694,"template":"","meta":[],"product_cat":[15,20],"product_tag":[44],"yoast_head":"<!-- This site is optimized with the Yoast SEO plugin v23.5 - https:\/\/yoast.com\/wordpress\/plugins\/seo\/ -->\n<title>Natalie Cole \u2013 Unforgettable With Love 2LP Vinilin\u0117 Plok\u0161tel\u0117 | Vinilozona.lt<\/title>\n<meta name=\"robots\" content=\"index, follow, max-snippet:-1, max-image-preview:large, max-video-preview:-1\" \/>\n<link rel=\"canonical\" href=\"https:\/\/vinilozona.lt\/en\/parduotuve\/rock-pop\/natalie-cole-unforgettable-with-love-2lp\/\" \/>\n<meta property=\"og:locale\" content=\"en_GB\" \/>\n<meta property=\"og:type\" content=\"article\" \/>\n<meta property=\"og:title\" content=\"Natalie Cole \u2013 Unforgettable With Love 2LP Vinilin\u0117 Plok\u0161tel\u0117 | Vinilozona.lt\" \/>\n<meta property=\"og:description\" content=\"Elektra \u2013 7559-61049-1, Elektra \u2013 EKT 91 Format: 2 x Vinyl, LP, Album, Stereo Country: Europe Released: 1991\" \/>\n<meta property=\"og:url\" content=\"https:\/\/vinilozona.lt\/en\/parduotuve\/rock-pop\/natalie-cole-unforgettable-with-love-2lp\/\" \/>\n<meta property=\"og:site_name\" content=\"Vinilo Zona\" \/>\n<meta property=\"article:modified_time\" content=\"2025-03-12T04:56:08+00:00\" \/>\n<meta property=\"og:image\" content=\"https:\/\/vinilozona.lt\/wp-content\/uploads\/2025\/03\/R-1215307-1451383233-7258.jpg\" \/>\n\t<meta property=\"og:image:width\" content=\"600\" \/>\n\t<meta property=\"og:image:height\" content=\"600\" \/>\n\t<meta property=\"og:image:type\" content=\"image\/jpeg\" \/>\n<meta name=\"twitter:card\" content=\"summary_large_image\" \/>\n<meta name=\"twitter:label1\" content=\"Estimated reading time\" \/>\n\t<meta name=\"twitter:data1\" content=\"1 minute\" \/>\n<script type=\"application\/ld+json\" class=\"yoast-schema-graph\">{\"@context\":\"https:\/\/schema.org\",\"@graph\":[{\"@type\":\"WebPage\",\"@id\":\"https:\/\/vinilozona.lt\/parduotuve\/rock-pop\/natalie-cole-unforgettable-with-love-2lp\/\",\"url\":\"https:\/\/vinilozona.lt\/parduotuve\/rock-pop\/natalie-cole-unforgettable-with-love-2lp\/\",\"name\":\"Natalie Cole \u2013 Unforgettable With Love 2LP Vinilin\u0117 Plok\u0161tel\u0117 | Vinilozona.lt\",\"isPartOf\":{\"@id\":\"https:\/\/vinilozona.lt\/#website\"},\"primaryImageOfPage\":{\"@id\":\"https:\/\/vinilozona.lt\/parduotuve\/rock-pop\/natalie-cole-unforgettable-with-love-2lp\/#primaryimage\"},\"image\":{\"@id\":\"https:\/\/vinilozona.lt\/parduotuve\/rock-pop\/natalie-cole-unforgettable-with-love-2lp\/#primaryimage\"},\"thumbnailUrl\":\"https:\/\/vinilozona.lt\/wp-content\/uploads\/2025\/03\/R-1215307-1451383233-7258.jpg\",\"datePublished\":\"2025-03-12T03:06:20+00:00\",\"dateModified\":\"2025-03-12T04:56:08+00:00\",\"breadcrumb\":{\"@id\":\"https:\/\/vinilozona.lt\/parduotuve\/rock-pop\/natalie-cole-unforgettable-with-love-2lp\/#breadcrumb\"},\"inLanguage\":\"en-GB\",\"potentialAction\":[{\"@type\":\"ReadAction\",\"target\":[\"https:\/\/vinilozona.lt\/parduotuve\/rock-pop\/natalie-cole-unforgettable-with-love-2lp\/\"]}]},{\"@type\":\"ImageObject\",\"inLanguage\":\"en-GB\",\"@id\":\"https:\/\/vinilozona.lt\/parduotuve\/rock-pop\/natalie-cole-unforgettable-with-love-2lp\/#primaryimage\",\"url\":\"https:\/\/vinilozona.lt\/wp-content\/uploads\/2025\/03\/R-1215307-1451383233-7258.jpg\",\"contentUrl\":\"https:\/\/vinilozona.lt\/wp-content\/uploads\/2025\/03\/R-1215307-1451383233-7258.jpg\",\"width\":600,\"height\":600},{\"@type\":\"BreadcrumbList\",\"@id\":\"https:\/\/vinilozona.lt\/parduotuve\/rock-pop\/natalie-cole-unforgettable-with-love-2lp\/#breadcrumb\",\"itemListElement\":[{\"@type\":\"ListItem\",\"position\":1,\"name\":\"Home\",\"item\":\"https:\/\/vinilozona.lt\/\"},{\"@type\":\"ListItem\",\"position\":2,\"name\":\"Parduotuv\u0117\",\"item\":\"https:\/\/vinilozona.lt\/parduotuve\/\"},{\"@type\":\"ListItem\",\"position\":3,\"name\":\"Natalie Cole \u2013 Unforgettable With Love 2LP\"}]},{\"@type\":\"WebSite\",\"@id\":\"https:\/\/vinilozona.lt\/#website\",\"url\":\"https:\/\/vinilozona.lt\/\",\"name\":\"Vinilo Zona\",\"description\":\"Nup\u016bsk dulkes ir klausyk LP\",\"potentialAction\":[{\"@type\":\"SearchAction\",\"target\":{\"@type\":\"EntryPoint\",\"urlTemplate\":\"https:\/\/vinilozona.lt\/?s={search_term_string}\"},\"query-input\":{\"@type\":\"PropertyValueSpecification\",\"valueRequired\":true,\"valueName\":\"search_term_string\"}}],\"inLanguage\":\"en-GB\"}]}<\/script>\n<!-- \/ Yoast SEO plugin. -->","yoast_head_json":{"title":"Natalie Cole \u2013 Unforgettable With Love 2LP Vinilin\u0117 Plok\u0161tel\u0117 | Vinilozona.lt","robots":{"index":"index","follow":"follow","max-snippet":"max-snippet:-1","max-image-preview":"max-image-preview:large","max-video-preview":"max-video-preview:-1"},"canonical":"https:\/\/vinilozona.lt\/en\/parduotuve\/rock-pop\/natalie-cole-unforgettable-with-love-2lp\/","og_locale":"en_GB","og_type":"article","og_title":"Natalie Cole \u2013 Unforgettable With Love 2LP Vinilin\u0117 Plok\u0161tel\u0117 | Vinilozona.lt","og_description":"Elektra \u2013 7559-61049-1, Elektra \u2013 EKT 91 Format: 2 x Vinyl, LP, Album, Stereo Country: Europe Released: 1991","og_url":"https:\/\/vinilozona.lt\/en\/parduotuve\/rock-pop\/natalie-cole-unforgettable-with-love-2lp\/","og_site_name":"Vinilo Zona","article_modified_time":"2025-03-12T04:56:08+00:00","og_image":[{"width":600,"height":600,"url":"https:\/\/vinilozona.lt\/wp-content\/uploads\/2025\/03\/R-1215307-1451383233-7258.jpg","type":"image\/jpeg"}],"twitter_card":"summary_large_image","twitter_misc":{"Estimated reading time":"1 minute"},"schema":{"@context":"https:\/\/schema.org","@graph":[{"@type":"WebPage","@id":"https:\/\/vinilozona.lt\/parduotuve\/rock-pop\/natalie-cole-unforgettable-with-love-2lp\/","url":"https:\/\/vinilozona.lt\/parduotuve\/rock-pop\/natalie-cole-unforgettable-with-love-2lp\/","name":"Natalie Cole \u2013 Unforgettable With Love 2LP Vinilin\u0117 Plok\u0161tel\u0117 | Vinilozona.lt","isPartOf":{"@id":"https:\/\/vinilozona.lt\/#website"},"primaryImageOfPage":{"@id":"https:\/\/vinilozona.lt\/parduotuve\/rock-pop\/natalie-cole-unforgettable-with-love-2lp\/#primaryimage"},"image":{"@id":"https:\/\/vinilozona.lt\/parduotuve\/rock-pop\/natalie-cole-unforgettable-with-love-2lp\/#primaryimage"},"thumbnailUrl":"https:\/\/vinilozona.lt\/wp-content\/uploads\/2025\/03\/R-1215307-1451383233-7258.jpg","datePublished":"2025-03-12T03:06:20+00:00","dateModified":"2025-03-12T04:56:08+00:00","breadcrumb":{"@id":"https:\/\/vinilozona.lt\/parduotuve\/rock-pop\/natalie-cole-unforgettable-with-love-2lp\/#breadcrumb"},"inLanguage":"en-GB","potentialAction":[{"@type":"ReadAction","target":["https:\/\/vinilozona.lt\/parduotuve\/rock-pop\/natalie-cole-unforgettable-with-love-2lp\/"]}]},{"@type":"ImageObject","inLanguage":"en-GB","@id":"https:\/\/vinilozona.lt\/parduotuve\/rock-pop\/natalie-cole-unforgettable-with-love-2lp\/#primaryimage","url":"https:\/\/vinilozona.lt\/wp-content\/uploads\/2025\/03\/R-1215307-1451383233-7258.jpg","contentUrl":"https:\/\/vinilozona.lt\/wp-content\/uploads\/2025\/03\/R-1215307-1451383233-7258.jpg","width":600,"height":600},{"@type":"BreadcrumbList","@id":"https:\/\/vinilozona.lt\/parduotuve\/rock-pop\/natalie-cole-unforgettable-with-love-2lp\/#breadcrumb","itemListElement":[{"@type":"ListItem","position":1,"name":"Home","item":"https:\/\/vinilozona.lt\/"},{"@type":"ListItem","position":2,"name":"Parduotuv\u0117","item":"https:\/\/vinilozona.lt\/parduotuve\/"},{"@type":"ListItem","position":3,"name":"Natalie Cole \u2013 Unforgettable With Love 2LP"}]},{"@type":"WebSite","@id":"https:\/\/vinilozona.lt\/#website","url":"https:\/\/vinilozona.lt\/","name":"Vinilo Zona","description":"Nup\u016bsk dulkes ir klausyk LP","potentialAction":[{"@type":"SearchAction","target":{"@type":"EntryPoint","urlTemplate":"https:\/\/vinilozona.lt\/?s={search_term_string}"},"query-input":{"@type":"PropertyValueSpecification","valueRequired":true,"valueName":"search_term_string"}}],"inLanguage":"en-GB"}]}},"_links":{"self":[{"href":"https:\/\/vinilozona.lt\/en\/wp-json\/wp\/v2\/product\/27693"}],"collection":[{"href":"https:\/\/vinilozona.lt\/en\/wp-json\/wp\/v2\/product"}],"about":[{"href":"https:\/\/vinilozona.lt\/en\/wp-json\/wp\/v2\/types\/product"}],"wp:featuredmedia":[{"embeddable":true,"href":"https:\/\/vinilozona.lt\/en\/wp-json\/wp\/v2\/media\/27694"}],"wp:attachment":[{"href":"https:\/\/vinilozona.lt\/en\/wp-json\/wp\/v2\/media?parent=27693"}],"wp:term":[{"taxonomy":"product_cat","embeddable":true,"href":"https:\/\/vinilozona.lt\/en\/wp-json\/wp\/v2\/product_cat?post=27693"},{"taxonomy":"product_tag","embeddable":true,"href":"https:\/\/vinilozona.lt\/en\/wp-json\/wp\/v2\/product_tag?post=27693"}],"curies":[{"name":"wp","href":"https:\/\/api.w.org\/{rel}","templated":true}]}}