{"id":27691,"date":"2025-03-12T05:05:47","date_gmt":"2025-03-12T03:05:47","guid":{"rendered":"https:\/\/vinilozona.lt\/?post_type=product&#038;p=27691"},"modified":"2025-03-12T06:50:43","modified_gmt":"2025-03-12T04:50:43","slug":"count-basie-big-band-farmers-market-barbecue","status":"publish","type":"product","link":"https:\/\/vinilozona.lt\/en\/parduotuve\/jazz\/count-basie-big-band-farmers-market-barbecue\/","title":{"rendered":"Count Basie Big Band \u2013 Farmers Market Barbecue"},"content":{"rendered":"<p>A1\t\tWay Out Basie\t4:19<br \/>\nA2\t\tSt. Louis Blues\t7:13<br \/>\nA3\t\tBeaver Junction\t4:43<br \/>\nA4\t\tLester Leaps In\t4:57<br \/>\nB1\t\tBlues For The Barbecue\t10:27<br \/>\nB2\t\tI Don&#8217;t Know Yet\t4:10<br \/>\nB3\t\tAin&#8217;t That Something\t4:20<br \/>\nB4\t\tJumpin&#8217; At The Woodside\t3:20<\/p>","protected":false},"excerpt":{"rendered":"<p>Pablo Records \u2013 2310-874<br \/>\nFormat:<br \/>\nVinyl, LP, Album<br \/>\nCountry:  Germany<br \/>\nReleased:<br \/>\n1982<\/p>","protected":false},"featured_media":27692,"template":"","meta":[],"product_cat":[20],"product_tag":[44],"yoast_head":"<!-- This site is optimized with the Yoast SEO plugin v23.5 - https:\/\/yoast.com\/wordpress\/plugins\/seo\/ -->\n<title>Count Basie Big Band \u2013 Farmers Market Barbecue Vinilin\u0117 Plok\u0161tel\u0117 | Vinilozona.lt<\/title>\n<meta name=\"robots\" content=\"index, follow, max-snippet:-1, max-image-preview:large, max-video-preview:-1\" \/>\n<link rel=\"canonical\" href=\"https:\/\/vinilozona.lt\/en\/parduotuve\/jazz\/count-basie-big-band-farmers-market-barbecue\/\" \/>\n<meta property=\"og:locale\" content=\"en_GB\" \/>\n<meta property=\"og:type\" content=\"article\" \/>\n<meta property=\"og:title\" content=\"Count Basie Big Band \u2013 Farmers Market Barbecue Vinilin\u0117 Plok\u0161tel\u0117 | Vinilozona.lt\" \/>\n<meta property=\"og:description\" content=\"Pablo Records \u2013 2310-874 Format: Vinyl, LP, Album Country: Germany Released: 1982\" \/>\n<meta property=\"og:url\" content=\"https:\/\/vinilozona.lt\/en\/parduotuve\/jazz\/count-basie-big-band-farmers-market-barbecue\/\" \/>\n<meta property=\"og:site_name\" content=\"Vinilo Zona\" \/>\n<meta property=\"article:modified_time\" content=\"2025-03-12T04:50:43+00:00\" \/>\n<meta property=\"og:image\" content=\"https:\/\/vinilozona.lt\/wp-content\/uploads\/2025\/03\/R-4789216-1379304227-3463.jpg\" \/>\n\t<meta property=\"og:image:width\" content=\"466\" \/>\n\t<meta property=\"og:image:height\" content=\"462\" \/>\n\t<meta property=\"og:image:type\" content=\"image\/jpeg\" \/>\n<meta name=\"twitter:card\" content=\"summary_large_image\" \/>\n<meta name=\"twitter:label1\" content=\"Estimated reading time\" \/>\n\t<meta name=\"twitter:data1\" content=\"1 minute\" \/>\n<script type=\"application\/ld+json\" class=\"yoast-schema-graph\">{\"@context\":\"https:\/\/schema.org\",\"@graph\":[{\"@type\":\"WebPage\",\"@id\":\"https:\/\/vinilozona.lt\/parduotuve\/jazz\/count-basie-big-band-farmers-market-barbecue\/\",\"url\":\"https:\/\/vinilozona.lt\/parduotuve\/jazz\/count-basie-big-band-farmers-market-barbecue\/\",\"name\":\"Count Basie Big Band \u2013 Farmers Market Barbecue Vinilin\u0117 Plok\u0161tel\u0117 | Vinilozona.lt\",\"isPartOf\":{\"@id\":\"https:\/\/vinilozona.lt\/#website\"},\"primaryImageOfPage\":{\"@id\":\"https:\/\/vinilozona.lt\/parduotuve\/jazz\/count-basie-big-band-farmers-market-barbecue\/#primaryimage\"},\"image\":{\"@id\":\"https:\/\/vinilozona.lt\/parduotuve\/jazz\/count-basie-big-band-farmers-market-barbecue\/#primaryimage\"},\"thumbnailUrl\":\"https:\/\/vinilozona.lt\/wp-content\/uploads\/2025\/03\/R-4789216-1379304227-3463.jpg\",\"datePublished\":\"2025-03-12T03:05:47+00:00\",\"dateModified\":\"2025-03-12T04:50:43+00:00\",\"breadcrumb\":{\"@id\":\"https:\/\/vinilozona.lt\/parduotuve\/jazz\/count-basie-big-band-farmers-market-barbecue\/#breadcrumb\"},\"inLanguage\":\"en-GB\",\"potentialAction\":[{\"@type\":\"ReadAction\",\"target\":[\"https:\/\/vinilozona.lt\/parduotuve\/jazz\/count-basie-big-band-farmers-market-barbecue\/\"]}]},{\"@type\":\"ImageObject\",\"inLanguage\":\"en-GB\",\"@id\":\"https:\/\/vinilozona.lt\/parduotuve\/jazz\/count-basie-big-band-farmers-market-barbecue\/#primaryimage\",\"url\":\"https:\/\/vinilozona.lt\/wp-content\/uploads\/2025\/03\/R-4789216-1379304227-3463.jpg\",\"contentUrl\":\"https:\/\/vinilozona.lt\/wp-content\/uploads\/2025\/03\/R-4789216-1379304227-3463.jpg\",\"width\":466,\"height\":462},{\"@type\":\"BreadcrumbList\",\"@id\":\"https:\/\/vinilozona.lt\/parduotuve\/jazz\/count-basie-big-band-farmers-market-barbecue\/#breadcrumb\",\"itemListElement\":[{\"@type\":\"ListItem\",\"position\":1,\"name\":\"Home\",\"item\":\"https:\/\/vinilozona.lt\/\"},{\"@type\":\"ListItem\",\"position\":2,\"name\":\"Parduotuv\u0117\",\"item\":\"https:\/\/vinilozona.lt\/parduotuve\/\"},{\"@type\":\"ListItem\",\"position\":3,\"name\":\"Count Basie Big Band \u2013 Farmers Market Barbecue\"}]},{\"@type\":\"WebSite\",\"@id\":\"https:\/\/vinilozona.lt\/#website\",\"url\":\"https:\/\/vinilozona.lt\/\",\"name\":\"Vinilo Zona\",\"description\":\"Nup\u016bsk dulkes ir klausyk LP\",\"potentialAction\":[{\"@type\":\"SearchAction\",\"target\":{\"@type\":\"EntryPoint\",\"urlTemplate\":\"https:\/\/vinilozona.lt\/?s={search_term_string}\"},\"query-input\":{\"@type\":\"PropertyValueSpecification\",\"valueRequired\":true,\"valueName\":\"search_term_string\"}}],\"inLanguage\":\"en-GB\"}]}<\/script>\n<!-- \/ Yoast SEO plugin. -->","yoast_head_json":{"title":"Count Basie Big Band \u2013 Farmers Market Barbecue Vinilin\u0117 Plok\u0161tel\u0117 | Vinilozona.lt","robots":{"index":"index","follow":"follow","max-snippet":"max-snippet:-1","max-image-preview":"max-image-preview:large","max-video-preview":"max-video-preview:-1"},"canonical":"https:\/\/vinilozona.lt\/en\/parduotuve\/jazz\/count-basie-big-band-farmers-market-barbecue\/","og_locale":"en_GB","og_type":"article","og_title":"Count Basie Big Band \u2013 Farmers Market Barbecue Vinilin\u0117 Plok\u0161tel\u0117 | Vinilozona.lt","og_description":"Pablo Records \u2013 2310-874 Format: Vinyl, LP, Album Country: Germany Released: 1982","og_url":"https:\/\/vinilozona.lt\/en\/parduotuve\/jazz\/count-basie-big-band-farmers-market-barbecue\/","og_site_name":"Vinilo Zona","article_modified_time":"2025-03-12T04:50:43+00:00","og_image":[{"width":466,"height":462,"url":"https:\/\/vinilozona.lt\/wp-content\/uploads\/2025\/03\/R-4789216-1379304227-3463.jpg","type":"image\/jpeg"}],"twitter_card":"summary_large_image","twitter_misc":{"Estimated reading time":"1 minute"},"schema":{"@context":"https:\/\/schema.org","@graph":[{"@type":"WebPage","@id":"https:\/\/vinilozona.lt\/parduotuve\/jazz\/count-basie-big-band-farmers-market-barbecue\/","url":"https:\/\/vinilozona.lt\/parduotuve\/jazz\/count-basie-big-band-farmers-market-barbecue\/","name":"Count Basie Big Band \u2013 Farmers Market Barbecue Vinilin\u0117 Plok\u0161tel\u0117 | Vinilozona.lt","isPartOf":{"@id":"https:\/\/vinilozona.lt\/#website"},"primaryImageOfPage":{"@id":"https:\/\/vinilozona.lt\/parduotuve\/jazz\/count-basie-big-band-farmers-market-barbecue\/#primaryimage"},"image":{"@id":"https:\/\/vinilozona.lt\/parduotuve\/jazz\/count-basie-big-band-farmers-market-barbecue\/#primaryimage"},"thumbnailUrl":"https:\/\/vinilozona.lt\/wp-content\/uploads\/2025\/03\/R-4789216-1379304227-3463.jpg","datePublished":"2025-03-12T03:05:47+00:00","dateModified":"2025-03-12T04:50:43+00:00","breadcrumb":{"@id":"https:\/\/vinilozona.lt\/parduotuve\/jazz\/count-basie-big-band-farmers-market-barbecue\/#breadcrumb"},"inLanguage":"en-GB","potentialAction":[{"@type":"ReadAction","target":["https:\/\/vinilozona.lt\/parduotuve\/jazz\/count-basie-big-band-farmers-market-barbecue\/"]}]},{"@type":"ImageObject","inLanguage":"en-GB","@id":"https:\/\/vinilozona.lt\/parduotuve\/jazz\/count-basie-big-band-farmers-market-barbecue\/#primaryimage","url":"https:\/\/vinilozona.lt\/wp-content\/uploads\/2025\/03\/R-4789216-1379304227-3463.jpg","contentUrl":"https:\/\/vinilozona.lt\/wp-content\/uploads\/2025\/03\/R-4789216-1379304227-3463.jpg","width":466,"height":462},{"@type":"BreadcrumbList","@id":"https:\/\/vinilozona.lt\/parduotuve\/jazz\/count-basie-big-band-farmers-market-barbecue\/#breadcrumb","itemListElement":[{"@type":"ListItem","position":1,"name":"Home","item":"https:\/\/vinilozona.lt\/"},{"@type":"ListItem","position":2,"name":"Parduotuv\u0117","item":"https:\/\/vinilozona.lt\/parduotuve\/"},{"@type":"ListItem","position":3,"name":"Count Basie Big Band \u2013 Farmers Market Barbecue"}]},{"@type":"WebSite","@id":"https:\/\/vinilozona.lt\/#website","url":"https:\/\/vinilozona.lt\/","name":"Vinilo Zona","description":"Nup\u016bsk dulkes ir klausyk LP","potentialAction":[{"@type":"SearchAction","target":{"@type":"EntryPoint","urlTemplate":"https:\/\/vinilozona.lt\/?s={search_term_string}"},"query-input":{"@type":"PropertyValueSpecification","valueRequired":true,"valueName":"search_term_string"}}],"inLanguage":"en-GB"}]}},"_links":{"self":[{"href":"https:\/\/vinilozona.lt\/en\/wp-json\/wp\/v2\/product\/27691"}],"collection":[{"href":"https:\/\/vinilozona.lt\/en\/wp-json\/wp\/v2\/product"}],"about":[{"href":"https:\/\/vinilozona.lt\/en\/wp-json\/wp\/v2\/types\/product"}],"wp:featuredmedia":[{"embeddable":true,"href":"https:\/\/vinilozona.lt\/en\/wp-json\/wp\/v2\/media\/27692"}],"wp:attachment":[{"href":"https:\/\/vinilozona.lt\/en\/wp-json\/wp\/v2\/media?parent=27691"}],"wp:term":[{"taxonomy":"product_cat","embeddable":true,"href":"https:\/\/vinilozona.lt\/en\/wp-json\/wp\/v2\/product_cat?post=27691"},{"taxonomy":"product_tag","embeddable":true,"href":"https:\/\/vinilozona.lt\/en\/wp-json\/wp\/v2\/product_tag?post=27691"}],"curies":[{"name":"wp","href":"https:\/\/api.w.org\/{rel}","templated":true}]}}